{"id":3394,"date":"2025-10-13T09:14:54","date_gmt":"2025-10-13T09:14:54","guid":{"rendered":"https:\/\/shaliteink.com\/?post_type=product&#038;p=3394"},"modified":"2025-12-10T11:29:31","modified_gmt":"2025-12-10T11:29:31","slug":"tinta-roja-cmyk-tinta-plastisol-sin-pvc-compre-ahora","status":"publish","type":"product","link":"https:\/\/shaliteink.com\/es\/producto\/tinta-roja-cmyk-tinta-plastisol-sin-pvc-compre-ahora\/","title":{"rendered":"Tinta roja CMYK sin PVC | Tinta plastisol \u2013 \u00a1Compra ahora!"},"content":{"rendered":"<p>Dale vida a tus dise\u00f1os vibrantes con nuestro <strong>Tinta plastisol sin PVC CMYK <\/strong>Rojo: una opci\u00f3n premium para creadores con conciencia ambiental. Ya sea que imprimas camisetas de edici\u00f3n limitada en casa o gestiones una marca de ropa de producci\u00f3n limitada, este <a href=\"https:\/\/shaliteink.com\/es\/screen-printing-ink\/\"><strong>tinta de serigraf\u00eda<\/strong><\/a> Ofrece tonos rojos ricos y consistentes con la capacidad de impresi\u00f3n suave que necesita.<\/p>\n<p><img decoding=\"async\" class=\"alignnone wp-image-3401\" src=\"https:\/\/shaliteink.com\/wp-content\/uploads\/2025\/08\/PVC-Free-CMYK-plastisol-Ink-Red-227x300.jpeg\" alt=\"Tinta plastisol CMYK sin PVC roja\" width=\"205\" height=\"271\" srcset=\"https:\/\/shaliteink.com\/wp-content\/uploads\/2025\/08\/PVC-Free-CMYK-plastisol-Ink-Red-227x300.jpeg 227w, https:\/\/shaliteink.com\/wp-content\/uploads\/2025\/08\/PVC-Free-CMYK-plastisol-Ink-Red-774x1024.jpeg 774w, https:\/\/shaliteink.com\/wp-content\/uploads\/2025\/08\/PVC-Free-CMYK-plastisol-Ink-Red-768x1016.jpeg 768w, https:\/\/shaliteink.com\/wp-content\/uploads\/2025\/08\/PVC-Free-CMYK-plastisol-Ink-Red-1161x1536.jpeg 1161w, https:\/\/shaliteink.com\/wp-content\/uploads\/2025\/08\/PVC-Free-CMYK-plastisol-Ink-Red-1548x2048.jpeg 1548w, https:\/\/shaliteink.com\/wp-content\/uploads\/2025\/08\/PVC-Free-CMYK-plastisol-Ink-Red-9x12.jpeg 9w, https:\/\/shaliteink.com\/wp-content\/uploads\/2025\/08\/PVC-Free-CMYK-plastisol-Ink-Red-1200x1587.jpeg 1200w, https:\/\/shaliteink.com\/wp-content\/uploads\/2025\/08\/PVC-Free-CMYK-plastisol-Ink-Red-150x198.jpeg 150w, https:\/\/shaliteink.com\/wp-content\/uploads\/2025\/08\/PVC-Free-CMYK-plastisol-Ink-Red-scaled.jpeg 1936w\" sizes=\"(max-width: 205px) 100vw, 205px\" \/><\/p>\n<h1>\u00a0Ecol\u00f3gico y seguro para cualquier espacio de trabajo<\/h1>\n<p>Elaborada sin PVC ni ftalatos da\u00f1inos, esta tinta es perfecta para escuelas, estudios caseros o espacios creativos donde la seguridad y el bajo olor son cruciales. Cumple con los est\u00e1ndares OEKO-TEX\u00ae e ideal para proyectos donde la responsabilidad ambiental es fundamental.<\/p>\n<h1>Caracter\u00edsticas principales:<\/h1>\n<ul>\n<li>Pigmento rojo CMYK vibrante con fuerte opacidad y cobertura suave.<\/li>\n<li><strong>Tinta plastisol sin PVC<\/strong> Para una impresi\u00f3n segura y no t\u00f3xica<\/li>\n<li>Curado a baja temperatura: se solidifica a solo 270 \u00b0F\u2013300 \u00b0F (132 \u00b0C\u2013149 \u00b0C), ideal para usar con pistolas de calor dom\u00e9sticas o peque\u00f1os secadores transportadores<\/li>\n<li>Consistencia cremosa que se carga f\u00e1cilmente en la pantalla.<\/li>\n<li>No necesita premezcla: listo para usar nada m\u00e1s sacarlo del frasco<\/li>\n<li>Larga vida \u00fatil con un almacenamiento adecuado.<\/li>\n<\/ul>\n<p><img decoding=\"async\" class=\"alignnone size-medium wp-image-3402\" src=\"https:\/\/shaliteink.com\/wp-content\/uploads\/2025\/08\/PVC-Free-CMYK-plastisol-Ink-Red-300x259.jpg\" alt=\"Tinta plastisol CMYK sin PVC roja\" width=\"300\" height=\"259\" srcset=\"https:\/\/shaliteink.com\/wp-content\/uploads\/2025\/08\/PVC-Free-CMYK-plastisol-Ink-Red-300x259.jpg 300w, https:\/\/shaliteink.com\/wp-content\/uploads\/2025\/08\/PVC-Free-CMYK-plastisol-Ink-Red-1024x883.jpg 1024w, https:\/\/shaliteink.com\/wp-content\/uploads\/2025\/08\/PVC-Free-CMYK-plastisol-Ink-Red-768x662.jpg 768w, https:\/\/shaliteink.com\/wp-content\/uploads\/2025\/08\/PVC-Free-CMYK-plastisol-Ink-Red-1536x1324.jpg 1536w, https:\/\/shaliteink.com\/wp-content\/uploads\/2025\/08\/PVC-Free-CMYK-plastisol-Ink-Red-2048x1765.jpg 2048w, https:\/\/shaliteink.com\/wp-content\/uploads\/2025\/08\/PVC-Free-CMYK-plastisol-Ink-Red-14x12.jpg 14w, https:\/\/shaliteink.com\/wp-content\/uploads\/2025\/08\/PVC-Free-CMYK-plastisol-Ink-Red-1200x1034.jpg 1200w, https:\/\/shaliteink.com\/wp-content\/uploads\/2025\/08\/PVC-Free-CMYK-plastisol-Ink-Red-150x129.jpg 150w\" sizes=\"(max-width: 300px) 100vw, 300px\" \/><\/p>\n<h1>Ideal para:<\/h1>\n<ul>\n<li>Artesanos que crean camisetas, bolsos y decoraci\u00f3n personalizados<\/li>\n<li>Vendedores de Etsy y Shopify que requieren consistencia en lotes peque\u00f1os<\/li>\n<li>Educadores de arte y laboratorios de creaci\u00f3n que utilizan la serigraf\u00eda para proyectos grupales<\/li>\n<li>Marcas de ropa independientes que necesitan una impresi\u00f3n con separaci\u00f3n CMYK confiable<\/li>\n<\/ul>\n<h1>Instrucciones de curado<\/h1>\n<p>Cure esta tinta a una temperatura de 132 \u00b0C a 149 \u00b0C (270 \u00b0F a 300 \u00b0F) para una mayor durabilidad y resistencia al lavado. Compatible con secadoras instant\u00e1neas, pistolas de calor dom\u00e9sticas u hornos peque\u00f1os. Las temperaturas de curado m\u00e1s bajas reducen el quemado de la tela y el consumo de energ\u00eda, ideal para aficionados.<\/p>","protected":false},"excerpt":{"rendered":"<p>Tinta plastisol roja brillante CMYK sin PVC para serigraf\u00eda. Secado a baja temperatura, no t\u00f3xica, ideal para proyectos DIY, tiendas en Etsy y escuelas. Compra ahora tinta premium para serigraf\u00eda.<\/p>","protected":false},"featured_media":3403,"comment_status":"open","ping_status":"closed","template":"","meta":[],"product_brand":[],"product_cat":[63,45],"product_tag":[],"class_list":{"0":"post-3394","1":"product","2":"type-product","3":"status-publish","4":"has-post-thumbnail","6":"product_cat-plastisol-cmyk-ink","7":"product_cat-pvc-free-plastisol-ink","9":"first","10":"instock","11":"shipping-taxable","12":"purchasable","13":"product-type-variable"},"tiered_pricing_type":"fixed","tiered_pricing_fixed_rules":[],"tiered_pricing_product_settings":{"layout":"default","base_unit_name":{"singular":null,"plural":null},"default_variation":null},"tiered_pricing_minimum_quantity":null,"tiered_pricing_roles_data":[],"tiered_pricing_percentage_rules":[],"tiered_pricing_maximum_quantity":null,"tiered_pricing_quantity_step":null,"_links":{"self":[{"href":"https:\/\/shaliteink.com\/es\/wp-json\/wp\/v2\/product\/3394","targetHints":{"allow":["GET"]}}],"collection":[{"href":"https:\/\/shaliteink.com\/es\/wp-json\/wp\/v2\/product"}],"about":[{"href":"https:\/\/shaliteink.com\/es\/wp-json\/wp\/v2\/types\/product"}],"replies":[{"embeddable":true,"href":"https:\/\/shaliteink.com\/es\/wp-json\/wp\/v2\/comments?post=3394"}],"version-history":[{"count":0,"href":"https:\/\/shaliteink.com\/es\/wp-json\/wp\/v2\/product\/3394\/revisions"}],"wp:featuredmedia":[{"embeddable":true,"href":"https:\/\/shaliteink.com\/es\/wp-json\/wp\/v2\/media\/3403"}],"wp:attachment":[{"href":"https:\/\/shaliteink.com\/es\/wp-json\/wp\/v2\/media?parent=3394"}],"wp:term":[{"taxonomy":"product_brand","embeddable":true,"href":"https:\/\/shaliteink.com\/es\/wp-json\/wp\/v2\/product_brand?post=3394"},{"taxonomy":"product_cat","embeddable":true,"href":"https:\/\/shaliteink.com\/es\/wp-json\/wp\/v2\/product_cat?post=3394"},{"taxonomy":"product_tag","embeddable":true,"href":"https:\/\/shaliteink.com\/es\/wp-json\/wp\/v2\/product_tag?post=3394"}],"curies":[{"name":"wp","href":"https:\/\/api.w.org\/{rel}","templated":true}]}}