{"id":3373,"date":"2025-08-07T08:43:36","date_gmt":"2025-08-07T08:43:36","guid":{"rendered":"https:\/\/shaliteink.com\/?post_type=product&#038;p=3373"},"modified":"2025-12-10T11:32:07","modified_gmt":"2025-12-10T11:32:07","slug":"comprar-tinta-plastisol-cmyk-negra-sin-pvc-anadir-al-carrito","status":"publish","type":"product","link":"https:\/\/shaliteink.com\/es\/producto\/comprar-tinta-plastisol-cmyk-negra-sin-pvc-anadir-al-carrito\/","title":{"rendered":"Comprar Tinta plastisol CMYK negra sin PVC \u2013 A\u00f1adir al carrito"},"content":{"rendered":"<p>Consiga impresiones n\u00edtidas y llamativas con nuestra <strong>Tinta plastisol negra sin PVC<\/strong>, Desarrollada especialmente para creadores que buscan una alternativa no t\u00f3xica y respetuosa con el medio ambiente sin sacrificar la calidad de impresi\u00f3n. Tanto si eres un artesano que personaliza camisetas en casa como si eres una marca de ropa de Shopify que ampl\u00eda su producci\u00f3n, esta tinta ofrece resultados negros intensos con una opacidad uniforme y un acabado suave.<\/p>\n<p>Dise\u00f1ado tanto para serigraf\u00eda manual como autom\u00e1tica, este <strong>Tinta plastisol sin PVC<\/strong> es una opci\u00f3n confiable para gr\u00e1ficos de alto detalle, aplicaciones base y como parte de un <a href=\"https:\/\/shaliteink.com\/es\/categoria-producto\/tinta-plastisol-cmyk\/\"><strong>proceso de color CMYK<\/strong><\/a> Sistema. Ofrece una fuerte adhesi\u00f3n sobre algod\u00f3n, mezclas de algod\u00f3n y otros tejidos est\u00e1ndar listos para imprimir.<\/p>\n<p>En <a href=\"https:\/\/shaliteink.com\/es\/\">Shaliteink<\/a>, Hemos optimizado esta tinta para una producci\u00f3n r\u00e1pida, una limpieza sencilla y una excelente durabilidad al lavado, respaldada por dos d\u00e9cadas de innovaci\u00f3n en tintas propias. Es el complemento perfecto para cualquier serigrafista.<\/p>\n<p><img decoding=\"async\" class=\"alignnone size-medium wp-image-3385\" src=\"https:\/\/shaliteink.com\/wp-content\/uploads\/2025\/08\/PVC-Free-CMYK-plastisol-Ink-Black-278x300.jpg\" alt=\"Tinta plastisol CMYK sin PVC negra\" width=\"278\" height=\"300\" srcset=\"https:\/\/shaliteink.com\/wp-content\/uploads\/2025\/08\/PVC-Free-CMYK-plastisol-Ink-Black-278x300.jpg 278w, https:\/\/shaliteink.com\/wp-content\/uploads\/2025\/08\/PVC-Free-CMYK-plastisol-Ink-Black-949x1024.jpg 949w, https:\/\/shaliteink.com\/wp-content\/uploads\/2025\/08\/PVC-Free-CMYK-plastisol-Ink-Black-768x828.jpg 768w, https:\/\/shaliteink.com\/wp-content\/uploads\/2025\/08\/PVC-Free-CMYK-plastisol-Ink-Black-1424x1536.jpg 1424w, https:\/\/shaliteink.com\/wp-content\/uploads\/2025\/08\/PVC-Free-CMYK-plastisol-Ink-Black-1899x2048.jpg 1899w, https:\/\/shaliteink.com\/wp-content\/uploads\/2025\/08\/PVC-Free-CMYK-plastisol-Ink-Black-11x12.jpg 11w, https:\/\/shaliteink.com\/wp-content\/uploads\/2025\/08\/PVC-Free-CMYK-plastisol-Ink-Black-1200x1294.jpg 1200w, https:\/\/shaliteink.com\/wp-content\/uploads\/2025\/08\/PVC-Free-CMYK-plastisol-Ink-Black-150x162.jpg 150w\" sizes=\"(max-width: 278px) 100vw, 278px\" \/><\/p>\n<h1>Caracter\u00edsticas principales<\/h1>\n<ul>\n<li>F\u00f3rmula sin PVC: Elaborada sin el da\u00f1ino cloruro de polivinilo, nuestra tinta promueve espacios de trabajo m\u00e1s seguros e impresiones m\u00e1s sostenibles. Ideal para estudios en casa, aulas y marcas con conciencia ecol\u00f3gica.<\/li>\n<li>Negro CMYK intenso: Negro intenso y profundo para contornos n\u00edtidos y contrastes marcados. Ideal para impresiones CMYK detalladas, bases o dise\u00f1os negros independientes.<\/li>\n<li>Bajo olor y no t\u00f3xico: perfecto para uso en interiores, seguro para hogares con ni\u00f1os y mascotas o departamentos de arte escolares.<\/li>\n<li>Imprimibilidad suave: Viscosidad media para una excelente fluidez en la pantalla y un secado m\u00ednimo. Apto para mallas de 110 a 160.<\/li>\n<li>Curado al aire o a baja temperatura: Cura a 132\u2013160 \u00b0C (270\u2013320 \u00b0F). Compatible con pistolas de calor dom\u00e9sticas, secadores instant\u00e1neos o secadoras dom\u00e9sticas; no requiere cinta transportadora.<\/li>\n<li>Sensaci\u00f3n suave al tacto: una vez curada, la tinta proporciona un acabado suave y flexible que no se agrieta ni se pela, incluso despu\u00e9s de varios lavados.<\/li>\n<\/ul>\n<p><img decoding=\"async\" class=\"alignnone size-medium wp-image-3387\" src=\"https:\/\/shaliteink.com\/wp-content\/uploads\/2025\/08\/PVC-Free-CMYK-plastisol-Ink-Black-267x300.jpeg\" alt=\"Tinta plastisol CMYK sin PVC negra\" width=\"267\" height=\"300\" srcset=\"https:\/\/shaliteink.com\/wp-content\/uploads\/2025\/08\/PVC-Free-CMYK-plastisol-Ink-Black-267x300.jpeg 267w, https:\/\/shaliteink.com\/wp-content\/uploads\/2025\/08\/PVC-Free-CMYK-plastisol-Ink-Black-912x1024.jpeg 912w, https:\/\/shaliteink.com\/wp-content\/uploads\/2025\/08\/PVC-Free-CMYK-plastisol-Ink-Black-768x863.jpeg 768w, https:\/\/shaliteink.com\/wp-content\/uploads\/2025\/08\/PVC-Free-CMYK-plastisol-Ink-Black-1368x1536.jpeg 1368w, https:\/\/shaliteink.com\/wp-content\/uploads\/2025\/08\/PVC-Free-CMYK-plastisol-Ink-Black-1823x2048.jpeg 1823w, https:\/\/shaliteink.com\/wp-content\/uploads\/2025\/08\/PVC-Free-CMYK-plastisol-Ink-Black-11x12.jpeg 11w, https:\/\/shaliteink.com\/wp-content\/uploads\/2025\/08\/PVC-Free-CMYK-plastisol-Ink-Black-1200x1348.jpeg 1200w, https:\/\/shaliteink.com\/wp-content\/uploads\/2025\/08\/PVC-Free-CMYK-plastisol-Ink-Black-150x168.jpeg 150w\" sizes=\"(max-width: 267px) 100vw, 267px\" \/><\/p>\n<h1>Limpieza y compatibilidad<\/h1>\n<p>Este <a href=\"https:\/\/shaliteink.com\/es\/screen-printing-ink\/\"><strong>tinta de serigraf\u00eda<\/strong><\/a> Es f\u00e1cil de limpiar con removedores de tinta de plastisol est\u00e1ndar. Para un flujo de trabajo totalmente ecol\u00f3gico, comb\u00ednelo con nuestro limpiador de tinta biodegradable. Compatible con algod\u00f3n, mezclas de algod\u00f3n y ciertos sint\u00e9ticos (se recomienda realizar una prueba previa).<\/p>","protected":false},"excerpt":{"rendered":"<p>Tinta plastisol negra sin PVC para serigraf\u00eda. De bajo olor, tacto suave y f\u00f3rmula de secado al aire, ideal para aficionados a las manualidades y marcas de ropa. C\u00f3mprala ahora en Shaliteink.<\/p>","protected":false},"featured_media":3386,"comment_status":"open","ping_status":"closed","template":"","meta":[],"product_brand":[],"product_cat":[63,45],"product_tag":[],"class_list":{"0":"post-3373","1":"product","2":"type-product","3":"status-publish","4":"has-post-thumbnail","6":"product_cat-plastisol-cmyk-ink","7":"product_cat-pvc-free-plastisol-ink","9":"first","10":"instock","11":"shipping-taxable","12":"purchasable","13":"product-type-variable"},"tiered_pricing_type":"fixed","tiered_pricing_fixed_rules":[],"tiered_pricing_product_settings":{"layout":"default","base_unit_name":{"singular":null,"plural":null},"default_variation":null},"tiered_pricing_minimum_quantity":null,"tiered_pricing_roles_data":[],"tiered_pricing_percentage_rules":[],"tiered_pricing_maximum_quantity":null,"tiered_pricing_quantity_step":null,"_links":{"self":[{"href":"https:\/\/shaliteink.com\/es\/wp-json\/wp\/v2\/product\/3373","targetHints":{"allow":["GET"]}}],"collection":[{"href":"https:\/\/shaliteink.com\/es\/wp-json\/wp\/v2\/product"}],"about":[{"href":"https:\/\/shaliteink.com\/es\/wp-json\/wp\/v2\/types\/product"}],"replies":[{"embeddable":true,"href":"https:\/\/shaliteink.com\/es\/wp-json\/wp\/v2\/comments?post=3373"}],"version-history":[{"count":0,"href":"https:\/\/shaliteink.com\/es\/wp-json\/wp\/v2\/product\/3373\/revisions"}],"wp:featuredmedia":[{"embeddable":true,"href":"https:\/\/shaliteink.com\/es\/wp-json\/wp\/v2\/media\/3386"}],"wp:attachment":[{"href":"https:\/\/shaliteink.com\/es\/wp-json\/wp\/v2\/media?parent=3373"}],"wp:term":[{"taxonomy":"product_brand","embeddable":true,"href":"https:\/\/shaliteink.com\/es\/wp-json\/wp\/v2\/product_brand?post=3373"},{"taxonomy":"product_cat","embeddable":true,"href":"https:\/\/shaliteink.com\/es\/wp-json\/wp\/v2\/product_cat?post=3373"},{"taxonomy":"product_tag","embeddable":true,"href":"https:\/\/shaliteink.com\/es\/wp-json\/wp\/v2\/product_tag?post=3373"}],"curies":[{"name":"wp","href":"https:\/\/api.w.org\/{rel}","templated":true}]}}