{"id":3364,"date":"2025-10-13T08:59:00","date_gmt":"2025-10-13T08:59:00","guid":{"rendered":"https:\/\/shaliteink.com\/?post_type=product&#038;p=3364"},"modified":"2025-12-10T11:30:31","modified_gmt":"2025-12-10T11:30:31","slug":"tinta-plastisol-cmyk-amarilla-sin-pvc-comprar-online","status":"publish","type":"product","link":"https:\/\/shaliteink.com\/es\/producto\/tinta-plastisol-cmyk-amarilla-sin-pvc-comprar-online\/","title":{"rendered":"Tinta plastisol amarilla CMYK sin PVC \u2013 Comprar online"},"content":{"rendered":"<p>Ilumine sus impresiones con nuestros productos de primera clase., <a href=\"https:\/\/shaliteink.com\/es\/categoria-producto\/tinta-plastisol-sin-pvc\/\"><strong>Tinta plastisol sin PVC CMYK Amarillo<\/strong><\/a> Ideal para creadores con conciencia ecol\u00f3gica. Tanto si eres un artesano que trabaja desde su estudio en casa como si tienes una peque\u00f1a empresa que imprime ropa personalizada para generar ingresos en l\u00ednea, esta tinta plastisol sin PVC ofrece colores vibrantes, una consistencia suave y un manejo suave, todo ello sin comprometer la protecci\u00f3n ni la calidad de impresi\u00f3n.<\/p>\n<p>A diferencia de las f\u00f3rmulas convencionales de plastisol, este Amarillo CMYK est\u00e1 completamente libre de PVC y ftalatos, lo que lo convierte en una excelente opci\u00f3n para quienes priorizan la tinta ecol\u00f3gica para impresi\u00f3n de pantallas. Con certificaci\u00f3n OEKO-TEX, es seguro para su uso en aulas, proyectos dom\u00e9sticos y fabricaci\u00f3n profesional.<\/p>\n<p><img decoding=\"async\" class=\"alignnone wp-image-3368\" src=\"https:\/\/shaliteink.com\/wp-content\/uploads\/2025\/08\/PVC-Free-CMYK-plastisol-Ink-Yellow-300x280.jpeg\" alt=\"Tinta plastisol CMYK sin PVC amarilla\" width=\"269\" height=\"251\" srcset=\"https:\/\/shaliteink.com\/wp-content\/uploads\/2025\/08\/PVC-Free-CMYK-plastisol-Ink-Yellow-300x280.jpeg 300w, https:\/\/shaliteink.com\/wp-content\/uploads\/2025\/08\/PVC-Free-CMYK-plastisol-Ink-Yellow-1024x955.jpeg 1024w, https:\/\/shaliteink.com\/wp-content\/uploads\/2025\/08\/PVC-Free-CMYK-plastisol-Ink-Yellow-768x716.jpeg 768w, https:\/\/shaliteink.com\/wp-content\/uploads\/2025\/08\/PVC-Free-CMYK-plastisol-Ink-Yellow-1536x1432.jpeg 1536w, https:\/\/shaliteink.com\/wp-content\/uploads\/2025\/08\/PVC-Free-CMYK-plastisol-Ink-Yellow-2048x1910.jpeg 2048w, https:\/\/shaliteink.com\/wp-content\/uploads\/2025\/08\/PVC-Free-CMYK-plastisol-Ink-Yellow-13x12.jpeg 13w, https:\/\/shaliteink.com\/wp-content\/uploads\/2025\/08\/PVC-Free-CMYK-plastisol-Ink-Yellow-1200x1119.jpeg 1200w, https:\/\/shaliteink.com\/wp-content\/uploads\/2025\/08\/PVC-Free-CMYK-plastisol-Ink-Yellow-150x140.jpeg 150w\" sizes=\"(max-width: 269px) 100vw, 269px\" \/><\/p>\n<h1>Caracter\u00edsticas principales:<\/h1>\n<ul>\n<li>Sin PVC y ecol\u00f3gico: perfecto para usuarios conscientes del medio ambiente, escuelas y aficionados.<\/li>\n<li>Base CMYK amarillo vibrante: optimizada para impresiones de alta opacidad, incluso en prendas oscuras.<\/li>\n<li>F\u00f3rmula de bajo olor y no t\u00f3xica: ideal para uso dom\u00e9stico, aulas o estudios peque\u00f1os.<\/li>\n<li>Consistencia suave y cremosa: f\u00e1cil de trabajar, ya seas principiante o profesional.<\/li>\n<li>Curado a baja temperatura: cura a 270 \u00b0F \u2013 320 \u00b0F (132 \u00b0C \u2013 160 \u00b0C) para una entrega m\u00e1s r\u00e1pida y ahorro de energ\u00eda.<\/li>\n<li>Compatible con secado al aire para lotes peque\u00f1os: funciona con pistolas de calor o secadoras dom\u00e9sticas.<\/li>\n<\/ul>\n<p><img decoding=\"async\" class=\"alignnone size-medium wp-image-3370\" src=\"https:\/\/shaliteink.com\/wp-content\/uploads\/2025\/08\/PVC-Free-CMYK-plastisol-Ink-Yellow-2-271x300.jpeg\" alt=\"Tinta plastisol CMYK sin PVC amarilla\" width=\"271\" height=\"300\" srcset=\"https:\/\/shaliteink.com\/wp-content\/uploads\/2025\/08\/PVC-Free-CMYK-plastisol-Ink-Yellow-2-271x300.jpeg 271w, https:\/\/shaliteink.com\/wp-content\/uploads\/2025\/08\/PVC-Free-CMYK-plastisol-Ink-Yellow-2-925x1024.jpeg 925w, https:\/\/shaliteink.com\/wp-content\/uploads\/2025\/08\/PVC-Free-CMYK-plastisol-Ink-Yellow-2-768x851.jpeg 768w, https:\/\/shaliteink.com\/wp-content\/uploads\/2025\/08\/PVC-Free-CMYK-plastisol-Ink-Yellow-2-1387x1536.jpeg 1387w, https:\/\/shaliteink.com\/wp-content\/uploads\/2025\/08\/PVC-Free-CMYK-plastisol-Ink-Yellow-2-1849x2048.jpeg 1849w, https:\/\/shaliteink.com\/wp-content\/uploads\/2025\/08\/PVC-Free-CMYK-plastisol-Ink-Yellow-2-11x12.jpeg 11w, https:\/\/shaliteink.com\/wp-content\/uploads\/2025\/08\/PVC-Free-CMYK-plastisol-Ink-Yellow-2-1200x1329.jpeg 1200w, https:\/\/shaliteink.com\/wp-content\/uploads\/2025\/08\/PVC-Free-CMYK-plastisol-Ink-Yellow-2-150x166.jpeg 150w\" sizes=\"(max-width: 271px) 100vw, 271px\" \/><\/p>\n<h1>Por qu\u00e9 a los usuarios les encanta:<\/h1>\n<ul>\n<li>Los aficionados a las manualidades aprecian la f\u00e1cil limpieza con nuestro limpiador de tinta a base de agua y la sensaci\u00f3n suave que deja esta tinta plastisol amarilla en camisetas y bolsas de mano.<\/li>\n<li>Los vendedores de Etsy y Shopify se benefician de un color uniforme en impresiones de lotes peque\u00f1os y les encanta lo bien que esta tinta retiene los detalles en las separaciones CMYK.<\/li>\n<li>Las escuelas y los espacios de creaci\u00f3n conf\u00edan en nuestra f\u00f3rmula segura y de baja toxicidad, sabiendo que sus estudiantes pueden experimentar sin exponerse a productos qu\u00edmicos agresivos.<\/li>\n<li>Los organizadores de eventos y las marcas de ropa independientes valoran el tiempo de curado r\u00e1pido y la estabilidad del color que reduce el tiempo de producci\u00f3n y los errores de impresi\u00f3n.<\/li>\n<\/ul>\n<p>Buscando comprar <strong><a href=\"https:\/\/shaliteink.com\/es\/\">Tienda online de tintas plastisol<\/a><\/strong> que cumple con las exigencias actuales de seguridad, rendimiento y sostenibilidad? Agregue el <a href=\"https:\/\/shaliteink.com\/es\/categoria-producto\/tinta-plastisol-cmyk\/\"><strong>Tinta plastisol CMYK<\/strong><\/a> A\u00f1ade tu carrito hoy mismo y descubre la diferencia que la tinta de calidad puede marcar en tus impresiones. Obt\u00e9n env\u00edos r\u00e1pidos, soporte experto y la confiabilidad que caracteriza a Shaliteink.<\/p>","protected":false},"excerpt":{"rendered":"<p>Tinta plastisol ecol\u00f3gica sin PVC en un vibrante amarillo CMYK. Tinta de serigraf\u00eda segura y de bajo olor, ideal para uso dom\u00e9stico y profesional. Compre en l\u00ednea ahora esta tinta de secado r\u00e1pido.<\/p>","protected":false},"featured_media":3369,"comment_status":"open","ping_status":"closed","template":"","meta":[],"product_brand":[],"product_cat":[63,45],"product_tag":[],"class_list":{"0":"post-3364","1":"product","2":"type-product","3":"status-publish","4":"has-post-thumbnail","6":"product_cat-plastisol-cmyk-ink","7":"product_cat-pvc-free-plastisol-ink","9":"first","10":"instock","11":"shipping-taxable","12":"purchasable","13":"product-type-variable"},"tiered_pricing_type":"fixed","tiered_pricing_fixed_rules":[],"tiered_pricing_product_settings":{"layout":"default","base_unit_name":{"singular":null,"plural":null},"default_variation":null},"tiered_pricing_minimum_quantity":null,"tiered_pricing_roles_data":[],"tiered_pricing_percentage_rules":[],"tiered_pricing_maximum_quantity":null,"tiered_pricing_quantity_step":null,"_links":{"self":[{"href":"https:\/\/shaliteink.com\/es\/wp-json\/wp\/v2\/product\/3364","targetHints":{"allow":["GET"]}}],"collection":[{"href":"https:\/\/shaliteink.com\/es\/wp-json\/wp\/v2\/product"}],"about":[{"href":"https:\/\/shaliteink.com\/es\/wp-json\/wp\/v2\/types\/product"}],"replies":[{"embeddable":true,"href":"https:\/\/shaliteink.com\/es\/wp-json\/wp\/v2\/comments?post=3364"}],"version-history":[{"count":0,"href":"https:\/\/shaliteink.com\/es\/wp-json\/wp\/v2\/product\/3364\/revisions"}],"wp:featuredmedia":[{"embeddable":true,"href":"https:\/\/shaliteink.com\/es\/wp-json\/wp\/v2\/media\/3369"}],"wp:attachment":[{"href":"https:\/\/shaliteink.com\/es\/wp-json\/wp\/v2\/media?parent=3364"}],"wp:term":[{"taxonomy":"product_brand","embeddable":true,"href":"https:\/\/shaliteink.com\/es\/wp-json\/wp\/v2\/product_brand?post=3364"},{"taxonomy":"product_cat","embeddable":true,"href":"https:\/\/shaliteink.com\/es\/wp-json\/wp\/v2\/product_cat?post=3364"},{"taxonomy":"product_tag","embeddable":true,"href":"https:\/\/shaliteink.com\/es\/wp-json\/wp\/v2\/product_tag?post=3364"}],"curies":[{"name":"wp","href":"https:\/\/api.w.org\/{rel}","templated":true}]}}