{"id":3094,"date":"2025-10-15T08:14:05","date_gmt":"2025-10-15T08:14:05","guid":{"rendered":"https:\/\/shaliteink.com\/?post_type=product&#038;p=3094"},"modified":"2025-12-10T11:31:48","modified_gmt":"2025-12-10T11:31:48","slug":"tinta-plastisol-amarilla-sin-pvc-para-serigrafia","status":"publish","type":"product","link":"https:\/\/shaliteink.com\/es\/producto\/tinta-plastisol-amarilla-sin-pvc-para-serigrafia\/","title":{"rendered":"Tinta plastisol amarilla sin PVC para serigraf\u00eda"},"content":{"rendered":"<p>Ilumine cada proyecto de impresi\u00f3n con Shaliteink <strong>Tinta plastisol sin PVC<\/strong> <strong>Proceso Amarillo<\/strong>, Una opci\u00f3n de primera para creadores que buscan colores vibrantes, seguridad ambiental y facilidad de uso. Con m\u00e1s de 20 a\u00f1os de experiencia en la producci\u00f3n y la confianza de fabricantes globales, Shaliteink ofrece tintas de serigraf\u00eda fiables directamente desde nuestra f\u00e1brica a su espacio de trabajo, garantizando resultados profesionales a un precio inmejorable.<\/p>\n<p><img decoding=\"async\" class=\"alignnone wp-image-3100\" src=\"https:\/\/shaliteink.com\/wp-content\/uploads\/2025\/08\/PVC-Free-Plastisol-Ink-Process-Yellow-2-238x300.jpeg\" alt=\"Tinta plastisol amarilla sin PVC\" width=\"213\" height=\"268\" srcset=\"https:\/\/shaliteink.com\/wp-content\/uploads\/2025\/08\/PVC-Free-Plastisol-Ink-Process-Yellow-2-238x300.jpeg 238w, https:\/\/shaliteink.com\/wp-content\/uploads\/2025\/08\/PVC-Free-Plastisol-Ink-Process-Yellow-2-812x1024.jpeg 812w, https:\/\/shaliteink.com\/wp-content\/uploads\/2025\/08\/PVC-Free-Plastisol-Ink-Process-Yellow-2-768x969.jpeg 768w, https:\/\/shaliteink.com\/wp-content\/uploads\/2025\/08\/PVC-Free-Plastisol-Ink-Process-Yellow-2-1218x1536.jpeg 1218w, https:\/\/shaliteink.com\/wp-content\/uploads\/2025\/08\/PVC-Free-Plastisol-Ink-Process-Yellow-2-1624x2048.jpeg 1624w, https:\/\/shaliteink.com\/wp-content\/uploads\/2025\/08\/PVC-Free-Plastisol-Ink-Process-Yellow-2-10x12.jpeg 10w, https:\/\/shaliteink.com\/wp-content\/uploads\/2025\/08\/PVC-Free-Plastisol-Ink-Process-Yellow-2-1200x1513.jpeg 1200w, https:\/\/shaliteink.com\/wp-content\/uploads\/2025\/08\/PVC-Free-Plastisol-Ink-Process-Yellow-2-150x189.jpeg 150w, https:\/\/shaliteink.com\/wp-content\/uploads\/2025\/08\/PVC-Free-Plastisol-Ink-Process-Yellow-2-scaled.jpeg 2030w\" sizes=\"(max-width: 213px) 100vw, 213px\" \/><\/p>\n<h1>Descripci\u00f3n del Producto<\/h1>\n<p>Nuestra tinta plastisol sin PVC en Amarillo Proceso est\u00e1 meticulosamente formulada para lograr un efecto vibrante y una gran practicidad en el d\u00eda a d\u00eda. El color Amarillo Proceso ofrece un brillo y una opacidad excepcionales, dise\u00f1ados para resaltar en telas blancas, de color y oscuras. Ya seas un aficionado al bricolaje, un vendedor emergente de Etsy o Shopify, un dise\u00f1ador independiente o un artista de arte escolar, esta tinta de serigraf\u00eda permite obtener detalles n\u00edtidos y colores din\u00e1micos en cada impresi\u00f3n.<\/p>\n<p>Entendemos que las impresoras modernas no solo se preocupan por el color, sino tambi\u00e9n por la eficiencia, la protecci\u00f3n y la eficacia. Por eso, nuestra tinta plastisol suelta de PVC est\u00e1 libre de PVC y ftalatos peligrosos, lo que ofrece una impresi\u00f3n m\u00e1s segura y responsable para manualidades pr\u00e1cticas, entornos de estudio o estudios profesionales.<\/p>\n<p><img decoding=\"async\" class=\"alignnone size-medium wp-image-3540\" src=\"https:\/\/shaliteink.com\/wp-content\/uploads\/2025\/08\/Plastisol-Ink-Process-Yellow-for-Screen-Printing-280x300.jpeg\" alt=\"Tinta Plastisol Amarilla para Serigraf\u00eda\" width=\"280\" height=\"300\" srcset=\"https:\/\/shaliteink.com\/wp-content\/uploads\/2025\/08\/Plastisol-Ink-Process-Yellow-for-Screen-Printing-280x300.jpeg 280w, https:\/\/shaliteink.com\/wp-content\/uploads\/2025\/08\/Plastisol-Ink-Process-Yellow-for-Screen-Printing-956x1024.jpeg 956w, https:\/\/shaliteink.com\/wp-content\/uploads\/2025\/08\/Plastisol-Ink-Process-Yellow-for-Screen-Printing-768x822.jpeg 768w, https:\/\/shaliteink.com\/wp-content\/uploads\/2025\/08\/Plastisol-Ink-Process-Yellow-for-Screen-Printing-1435x1536.jpeg 1435w, https:\/\/shaliteink.com\/wp-content\/uploads\/2025\/08\/Plastisol-Ink-Process-Yellow-for-Screen-Printing-11x12.jpeg 11w, https:\/\/shaliteink.com\/wp-content\/uploads\/2025\/08\/Plastisol-Ink-Process-Yellow-for-Screen-Printing-1200x1285.jpeg 1200w, https:\/\/shaliteink.com\/wp-content\/uploads\/2025\/08\/Plastisol-Ink-Process-Yellow-for-Screen-Printing-150x161.jpeg 150w, https:\/\/shaliteink.com\/wp-content\/uploads\/2025\/08\/Plastisol-Ink-Process-Yellow-for-Screen-Printing.jpeg 1640w\" sizes=\"(max-width: 280px) 100vw, 280px\" \/><\/p>\n<h1>Caracter\u00edsticas principales:<\/h1>\n<ul>\n<li>Amarillo intenso y confiable: el pigmento amarillo de proceso ofrece alta opacidad y excelente capacidad de mezcla, lo que lo hace esencial para la serigraf\u00eda en colores directos y CMYK.<\/li>\n<li>Libre de PVC y no t\u00f3xico: dedicada a la producci\u00f3n ecol\u00f3gica, esta tinta no contiene ftalatos, tiene poco olor y no es t\u00f3xica, perfecta para usar cerca de ni\u00f1os, mascotas o espacios dom\u00e9sticos sensibles.<\/li>\n<li>F\u00e1cil aplicaci\u00f3n: Esta tinta de serigraf\u00eda tiene una textura suave y cremosa para una cobertura uniforme y potente. Es f\u00e1cil de usar tanto para principiantes como para expertos.<\/li>\n<li>Compatibilidad superior con telas: se imprime maravillosamente en algod\u00f3n, mezclas de algod\u00f3n y poli\u00e9ster; ideal para camisetas, sudaderas con capucha, bolsos de mano, decoraci\u00f3n del hogar y m\u00e1s.<\/li>\n<li>Resultados consistentes: desarrollado tanto para artistas como para impresores de producci\u00f3n, disfrutar\u00e1 de un color predecible con cada impresi\u00f3n y cada lote.<\/li>\n<\/ul>\n<h1>\u00bfPor qu\u00e9 elegir Shaliteink?<\/h1>\n<p>Con Shaliteink, no solo compras tinta, sino que te unes a una comunidad creativa equipada con recursos de expertos, gu\u00edas paso a paso, tarjetas de colores, atenci\u00f3n al cliente receptiva y todo lo que necesitas para lograr resultados de nivel profesional. <a href=\"https:\/\/shaliteink.com\/es\/categoria-producto\/tinta-plastisol-sin-pvc\/\"><strong>Tinta plastisol sin PVC<\/strong><\/a> Est\u00e1 disponible en tama\u00f1os de muestra y est\u00e1ndar, lo que hace que sea f\u00e1cil comenzar con tama\u00f1os peque\u00f1os o grandes.<\/p>\n<p><strong><a href=\"https:\/\/shaliteink.com\/es\/\">Comprar tinta plastisol sin PVC<\/a> ahora<\/strong> y d\u00e9 vida a su visi\u00f3n con un amarillo brillante y ecol\u00f3gico: \u00a1vea por qu\u00e9 tantos creadores y marcas eligen Shaliteink para todas sus necesidades de tinta para serigraf\u00eda!<\/p>","protected":false},"excerpt":{"rendered":"<p>Tinta plastisol sin PVC, tinta de serigraf\u00eda, tinta amarilla de proceso, tinta de serigraf\u00eda ecol\u00f3gica, tinta plastisol de curado a baja temperatura, tinta plastisol no t\u00f3xica, tinta de impresi\u00f3n de proceso.<\/p>","protected":false},"featured_media":3102,"comment_status":"open","ping_status":"closed","template":"","meta":[],"product_brand":[],"product_cat":[45],"product_tag":[],"class_list":{"0":"post-3094","1":"product","2":"type-product","3":"status-publish","4":"has-post-thumbnail","6":"product_cat-pvc-free-plastisol-ink","8":"first","9":"instock","10":"shipping-taxable","11":"purchasable","12":"product-type-variable"},"tiered_pricing_type":"fixed","tiered_pricing_fixed_rules":[],"tiered_pricing_product_settings":{"layout":"default","base_unit_name":{"singular":null,"plural":null},"default_variation":null},"tiered_pricing_minimum_quantity":null,"tiered_pricing_roles_data":[],"tiered_pricing_percentage_rules":[],"tiered_pricing_maximum_quantity":null,"tiered_pricing_quantity_step":null,"_links":{"self":[{"href":"https:\/\/shaliteink.com\/es\/wp-json\/wp\/v2\/product\/3094","targetHints":{"allow":["GET"]}}],"collection":[{"href":"https:\/\/shaliteink.com\/es\/wp-json\/wp\/v2\/product"}],"about":[{"href":"https:\/\/shaliteink.com\/es\/wp-json\/wp\/v2\/types\/product"}],"replies":[{"embeddable":true,"href":"https:\/\/shaliteink.com\/es\/wp-json\/wp\/v2\/comments?post=3094"}],"version-history":[{"count":0,"href":"https:\/\/shaliteink.com\/es\/wp-json\/wp\/v2\/product\/3094\/revisions"}],"wp:featuredmedia":[{"embeddable":true,"href":"https:\/\/shaliteink.com\/es\/wp-json\/wp\/v2\/media\/3102"}],"wp:attachment":[{"href":"https:\/\/shaliteink.com\/es\/wp-json\/wp\/v2\/media?parent=3094"}],"wp:term":[{"taxonomy":"product_brand","embeddable":true,"href":"https:\/\/shaliteink.com\/es\/wp-json\/wp\/v2\/product_brand?post=3094"},{"taxonomy":"product_cat","embeddable":true,"href":"https:\/\/shaliteink.com\/es\/wp-json\/wp\/v2\/product_cat?post=3094"},{"taxonomy":"product_tag","embeddable":true,"href":"https:\/\/shaliteink.com\/es\/wp-json\/wp\/v2\/product_tag?post=3094"}],"curies":[{"name":"wp","href":"https:\/\/api.w.org\/{rel}","templated":true}]}}