{"id":3088,"date":"2025-10-15T08:11:26","date_gmt":"2025-10-15T08:11:26","guid":{"rendered":"https:\/\/shaliteink.com\/?post_type=product&#038;p=3088"},"modified":"2025-12-10T11:31:51","modified_gmt":"2025-12-10T11:31:51","slug":"tinta-plastisol-negra-sin-pvc-para-impresion-segura","status":"publish","type":"product","link":"https:\/\/shaliteink.com\/es\/producto\/tinta-plastisol-negra-sin-pvc-para-impresion-segura\/","title":{"rendered":"Tinta plastisol negra sin PVC para impresi\u00f3n segura"},"content":{"rendered":"<p>Consigue impresiones negras profundas e imponentes con nuestra <strong>Tinta plastisol sin PVC<\/strong> <strong>Proceso Negro<\/strong>, Dise\u00f1ada por expertos para una serigraf\u00eda segura, colorida y ecol\u00f3gica. Ideal para aficionados al bricolaje, vendedores de Etsy, universidades y fabricantes de ropa independientes, esta tinta ofrece resultados profesionales sin ser t\u00f3xica, libre de ftalatos y de f\u00e1cil manipulaci\u00f3n.<\/p>\n<p>Formulados para cada gu\u00eda y configuraci\u00f3n de serigraf\u00eda autom\u00e1tica, nuestros <a href=\"https:\/\/shaliteink.com\/es\/categoria-producto\/tinta-plastisol-sin-pvc\/\"><strong>tinta plastisol sin PVC<\/strong><\/a> Garantiza una opacidad intensa y uniforme tanto en prendas claras como oscuras. Ya sea para personalizar camisetas, bolsas de tela o textiles para el hogar, esta tinta de impresi\u00f3n para serigraf\u00eda mantiene la profundidad del color con una m\u00ednima acumulaci\u00f3n, incluso en tejidos de alta densidad.<\/p>\n<p><img decoding=\"async\" class=\"alignnone wp-image-3543\" src=\"https:\/\/shaliteink.com\/wp-content\/uploads\/2025\/08\/Plastisol-Ink-Process-Black-1-300x287.jpeg\" alt=\"Proceso de tinta plastisol negra\" width=\"224\" height=\"214\" srcset=\"https:\/\/shaliteink.com\/wp-content\/uploads\/2025\/08\/Plastisol-Ink-Process-Black-1-300x287.jpeg 300w, https:\/\/shaliteink.com\/wp-content\/uploads\/2025\/08\/Plastisol-Ink-Process-Black-1-1024x978.jpeg 1024w, https:\/\/shaliteink.com\/wp-content\/uploads\/2025\/08\/Plastisol-Ink-Process-Black-1-768x734.jpeg 768w, https:\/\/shaliteink.com\/wp-content\/uploads\/2025\/08\/Plastisol-Ink-Process-Black-1-1536x1468.jpeg 1536w, https:\/\/shaliteink.com\/wp-content\/uploads\/2025\/08\/Plastisol-Ink-Process-Black-1-2048x1957.jpeg 2048w, https:\/\/shaliteink.com\/wp-content\/uploads\/2025\/08\/Plastisol-Ink-Process-Black-1-13x12.jpeg 13w, https:\/\/shaliteink.com\/wp-content\/uploads\/2025\/08\/Plastisol-Ink-Process-Black-1-1200x1147.jpeg 1200w, https:\/\/shaliteink.com\/wp-content\/uploads\/2025\/08\/Plastisol-Ink-Process-Black-1-150x143.jpeg 150w\" sizes=\"(max-width: 224px) 100vw, 224px\" \/><\/p>\n<h1>Caracter\u00edsticas principales:<\/h1>\n<ul>\n<li>Ecol\u00f3gica y segura: La tinta plastisol sin PVC de Shaliteink est\u00e1 formulada para ser m\u00e1s segura para el medio ambiente, ofreciendo una alternativa sostenible a las tintas plastisol est\u00e1ndar.<\/li>\n<li>Impresiones vibrantes y duraderas: Esta tinta para serigraf\u00eda proporciona colores intensos que se mantienen n\u00edtidos, vivos y uniformes, lo que garantiza resultados excepcionales en diversos tipos de tela.<\/li>\n<li>F\u00e1cil de usar: Ideal tanto para principiantes como para expertos, esta tinta ofrece una aplicaci\u00f3n sencilla y una durabilidad excepcional. Es perfecta para proyectos de bricolaje o la fabricaci\u00f3n de prendas de vestir en peque\u00f1as cantidades.<\/li>\n<li>Poco olor y no t\u00f3xico: Sus componentes de bajo olor garantizan un espacio de trabajo m\u00e1s seguro, lo que lo hace adecuado para artesanos dom\u00e9sticos, facultades y peque\u00f1as empresas.<\/li>\n<li>Tacto suave: Nuestra tinta deja un acabado suave en las prendas, lo que la hace ideal para crear ropa c\u00f3moda e incre\u00edble que a los clientes les encantar\u00e1 usar.<\/li>\n<li>Compatibilidad con equipos dom\u00e9sticos: Esta tinta funciona correctamente con pistolas de calor dom\u00e9sticas y peque\u00f1os sistemas de secado, lo que garantiza que pueda curar sus impresiones sin esfuerzo y sin necesidad de sofisticados aparatos comerciales.<\/li>\n<\/ul>\n<h1>Instrucciones de curado:<\/h1>\n<p>Curando tus impresiones con <a href=\"https:\/\/shaliteink.com\/es\/\"><strong>Shaliteink<\/strong><\/a> \u00a1La tinta plastisol suelta para PVC es muy f\u00e1cil de usar! Calienta las impresiones a 160 \u00b0C (320 \u00b0F) durante 1-2 minutos para asegurar un curado adecuado. Una vez curada, la tinta ser\u00e1 duradera y resistente al desgaste, incluso despu\u00e9s de varios lavados.<\/p>\n<p><img decoding=\"async\" class=\"alignnone size-medium wp-image-3542\" src=\"https:\/\/shaliteink.com\/wp-content\/uploads\/2025\/08\/Plastisol-Ink-Process-Black-300x279.jpeg\" alt=\"Proceso de tinta plastisol negra\" width=\"300\" height=\"279\" srcset=\"https:\/\/shaliteink.com\/wp-content\/uploads\/2025\/08\/Plastisol-Ink-Process-Black-300x279.jpeg 300w, https:\/\/shaliteink.com\/wp-content\/uploads\/2025\/08\/Plastisol-Ink-Process-Black-1024x952.jpeg 1024w, https:\/\/shaliteink.com\/wp-content\/uploads\/2025\/08\/Plastisol-Ink-Process-Black-768x714.jpeg 768w, https:\/\/shaliteink.com\/wp-content\/uploads\/2025\/08\/Plastisol-Ink-Process-Black-1536x1429.jpeg 1536w, https:\/\/shaliteink.com\/wp-content\/uploads\/2025\/08\/Plastisol-Ink-Process-Black-2048x1905.jpeg 2048w, https:\/\/shaliteink.com\/wp-content\/uploads\/2025\/08\/Plastisol-Ink-Process-Black-13x12.jpeg 13w, https:\/\/shaliteink.com\/wp-content\/uploads\/2025\/08\/Plastisol-Ink-Process-Black-1200x1116.jpeg 1200w, https:\/\/shaliteink.com\/wp-content\/uploads\/2025\/08\/Plastisol-Ink-Process-Black-150x140.jpeg 150w\" sizes=\"(max-width: 300px) 100vw, 300px\" \/><\/p>\n<h1>\u00bfPor qu\u00e9 elegir la tinta plastisol sin PVC de Shaliteink?<\/h1>\n<ul>\n<li>Segura y respetuosa con el medio ambiente: Con certificaciones como OEKO-TEX, nuestra tinta cumple con estrictos est\u00e1ndares ambientales y de seguridad. Es perfecta para clientes que priorizan las alternativas ecol\u00f3gicas.<\/li>\n<li>Asequible y de alta calidad: Tanto si desarrolla camisetas personalizadas, accesorios o art\u00edculos de decoraci\u00f3n para el hogar, nuestra tinta puede proporcionar resultados de nivel profesional sin arruinar a la instituci\u00f3n financiera.<\/li>\n<li>Soporte y recursos para clientes: Ofrecemos tutoriales detallados, consejos y ayuda en l\u00ednea para que perfecciones tu t\u00e9cnica de impresi\u00f3n. Tanto si eres principiante como experto, Shaliteink te acompa\u00f1a en cada paso del proceso.<\/li>\n<\/ul>\n<p>Ya sea que est\u00e9 confeccionando ropa personalizada para su peque\u00f1a empresa o desarrollando proyectos de bricolaje en casa, <a href=\"https:\/\/shaliteink.com\/es\/\">Tinta plastisol libre de PVC Shaliteink<\/a> garantiza que cada impresi\u00f3n sea colorida, duradera y ecol\u00f3gica.<\/p>","protected":false},"excerpt":{"rendered":"<p>Comprar <strong data-start=\"3170\" data-end=\"3196\">Tinta plastisol sin PVC<\/strong> Negro de proceso de Shaliteink. Ideal para <strong data-start=\"3238\" data-end=\"3261\">tinta de serigraf\u00eda<\/strong> Se necesitan impresiones vibrantes y duraderas, ecol\u00f3gicas y seguras para peque\u00f1as empresas y aficionados al bricolaje.<\/p>","protected":false},"featured_media":3092,"comment_status":"open","ping_status":"closed","template":"","meta":[],"product_brand":[],"product_cat":[45,50,63],"product_tag":[],"class_list":{"0":"post-3088","1":"product","2":"type-product","3":"status-publish","4":"has-post-thumbnail","6":"product_cat-pvc-free-plastisol-ink","7":"product_cat-black-screen-printing-ink-plastisol","8":"product_cat-plastisol-cmyk-ink","10":"first","11":"instock","12":"shipping-taxable","13":"purchasable","14":"product-type-variable"},"tiered_pricing_type":"fixed","tiered_pricing_fixed_rules":[],"tiered_pricing_product_settings":{"layout":"default","base_unit_name":{"singular":null,"plural":null},"default_variation":null},"tiered_pricing_minimum_quantity":null,"tiered_pricing_roles_data":[],"tiered_pricing_percentage_rules":[],"tiered_pricing_maximum_quantity":null,"tiered_pricing_quantity_step":null,"_links":{"self":[{"href":"https:\/\/shaliteink.com\/es\/wp-json\/wp\/v2\/product\/3088","targetHints":{"allow":["GET"]}}],"collection":[{"href":"https:\/\/shaliteink.com\/es\/wp-json\/wp\/v2\/product"}],"about":[{"href":"https:\/\/shaliteink.com\/es\/wp-json\/wp\/v2\/types\/product"}],"replies":[{"embeddable":true,"href":"https:\/\/shaliteink.com\/es\/wp-json\/wp\/v2\/comments?post=3088"}],"version-history":[{"count":0,"href":"https:\/\/shaliteink.com\/es\/wp-json\/wp\/v2\/product\/3088\/revisions"}],"wp:featuredmedia":[{"embeddable":true,"href":"https:\/\/shaliteink.com\/es\/wp-json\/wp\/v2\/media\/3092"}],"wp:attachment":[{"href":"https:\/\/shaliteink.com\/es\/wp-json\/wp\/v2\/media?parent=3088"}],"wp:term":[{"taxonomy":"product_brand","embeddable":true,"href":"https:\/\/shaliteink.com\/es\/wp-json\/wp\/v2\/product_brand?post=3088"},{"taxonomy":"product_cat","embeddable":true,"href":"https:\/\/shaliteink.com\/es\/wp-json\/wp\/v2\/product_cat?post=3088"},{"taxonomy":"product_tag","embeddable":true,"href":"https:\/\/shaliteink.com\/es\/wp-json\/wp\/v2\/product_tag?post=3088"}],"curies":[{"name":"wp","href":"https:\/\/api.w.org\/{rel}","templated":true}]}}