{"id":3082,"date":"2025-10-15T08:09:31","date_gmt":"2025-10-15T08:09:31","guid":{"rendered":"https:\/\/shaliteink.com\/?post_type=product&#038;p=3082"},"modified":"2025-12-10T11:26:06","modified_gmt":"2025-12-10T11:26:06","slug":"tinta-plastisol-roja-sin-pvc-para-impresion-duradera-en-camisetas","status":"publish","type":"product","link":"https:\/\/shaliteink.com\/es\/producto\/tinta-plastisol-roja-sin-pvc-para-impresion-duradera-en-camisetas\/","title":{"rendered":"Tinta plastisol roja sin PVC para una impresi\u00f3n duradera en camisetas."},"content":{"rendered":"<p>\u00bfEst\u00e1 buscando una soluci\u00f3n de impresi\u00f3n de exhibici\u00f3n segura, vibrante y f\u00e1cil de usar para sus dise\u00f1os de camisetas y telas personalizadas? <strong>Shaliteink<\/strong> <strong>Tinta plastisol sin PVC<\/strong> <strong>Proceso Rojo<\/strong> Proporciona el rendimiento de color intenso del plastisol tradicional, pero con una f\u00f3rmula m\u00e1s ecol\u00f3gica, ideal tanto para principiantes como para creadores expertos.<\/p>\n<p>Ya seas un artesano que trabaja desde casa, due\u00f1o de una tienda Etsy o parte de una escuela o \u00e1rea de creaci\u00f3n, esta tinta rosa sin PVC ofrece una opacidad, durabilidad y suavidad excepcionales sin comprometer la seguridad ni la usabilidad. Gracias a su consistencia suave y su imprimibilidad limpia, es ideal tanto para serigraf\u00eda manual como automatizada.<\/p>\n<p><img decoding=\"async\" class=\"alignnone size-medium wp-image-3547\" src=\"https:\/\/shaliteink.com\/wp-content\/uploads\/2025\/08\/Plastisol-Ink-Process-Red-2-300x285.jpeg\" alt=\"\" width=\"300\" height=\"285\" srcset=\"https:\/\/shaliteink.com\/wp-content\/uploads\/2025\/08\/Plastisol-Ink-Process-Red-2-300x285.jpeg 300w, https:\/\/shaliteink.com\/wp-content\/uploads\/2025\/08\/Plastisol-Ink-Process-Red-2-1024x972.jpeg 1024w, https:\/\/shaliteink.com\/wp-content\/uploads\/2025\/08\/Plastisol-Ink-Process-Red-2-768x729.jpeg 768w, https:\/\/shaliteink.com\/wp-content\/uploads\/2025\/08\/Plastisol-Ink-Process-Red-2-1536x1459.jpeg 1536w, https:\/\/shaliteink.com\/wp-content\/uploads\/2025\/08\/Plastisol-Ink-Process-Red-2-2048x1945.jpeg 2048w, https:\/\/shaliteink.com\/wp-content\/uploads\/2025\/08\/Plastisol-Ink-Process-Red-2-13x12.jpeg 13w, https:\/\/shaliteink.com\/wp-content\/uploads\/2025\/08\/Plastisol-Ink-Process-Red-2-1200x1140.jpeg 1200w, https:\/\/shaliteink.com\/wp-content\/uploads\/2025\/08\/Plastisol-Ink-Process-Red-2-150x142.jpeg 150w\" sizes=\"(max-width: 300px) 100vw, 300px\" \/><\/p>\n<h1>Caracter\u00edsticas principales:<\/h1>\n<ul>\n<li>F\u00f3rmula de tinta plastisol sin PVC: m\u00e1s segura para los usuarios y el entorno.<\/li>\n<li>Tono rojo de proceso intenso con tremenda precisi\u00f3n de color y saturaci\u00f3n<\/li>\n<li>Textura suave y cremosa para una f\u00e1cil utilizaci\u00f3n en prensas manuales o autom\u00e1ticas.<\/li>\n<li>Impresiones duraderas a prueba de grietas y decoloraci\u00f3n.<\/li>\n<li>Compatible con algod\u00f3n, poli\u00e9ster y mezclas.<\/li>\n<\/ul>\n<p><img decoding=\"async\" class=\"alignnone size-medium wp-image-3546\" src=\"https:\/\/shaliteink.com\/wp-content\/uploads\/2025\/08\/Plastisol-Ink-Process-Red-1-274x300.jpeg\" alt=\"Proceso de tinta plastisol roja\" width=\"274\" height=\"300\" srcset=\"https:\/\/shaliteink.com\/wp-content\/uploads\/2025\/08\/Plastisol-Ink-Process-Red-1-274x300.jpeg 274w, https:\/\/shaliteink.com\/wp-content\/uploads\/2025\/08\/Plastisol-Ink-Process-Red-1-934x1024.jpeg 934w, https:\/\/shaliteink.com\/wp-content\/uploads\/2025\/08\/Plastisol-Ink-Process-Red-1-768x842.jpeg 768w, https:\/\/shaliteink.com\/wp-content\/uploads\/2025\/08\/Plastisol-Ink-Process-Red-1-1400x1536.jpeg 1400w, https:\/\/shaliteink.com\/wp-content\/uploads\/2025\/08\/Plastisol-Ink-Process-Red-1-1867x2048.jpeg 1867w, https:\/\/shaliteink.com\/wp-content\/uploads\/2025\/08\/Plastisol-Ink-Process-Red-1-11x12.jpeg 11w, https:\/\/shaliteink.com\/wp-content\/uploads\/2025\/08\/Plastisol-Ink-Process-Red-1-1200x1316.jpeg 1200w, https:\/\/shaliteink.com\/wp-content\/uploads\/2025\/08\/Plastisol-Ink-Process-Red-1-150x165.jpeg 150w\" sizes=\"(max-width: 274px) 100vw, 274px\" \/><\/p>\n<h1>Instrucciones de curado:<\/h1>\n<p>Para obtener resultados excepcionales, cure a 137 \u00b0C\u2013160 \u00b0C con un pa\u00f1o y un dispositivo. Nuestra funci\u00f3n de curado a baja temperatura reduce el consumo de energ\u00eda y permite proteger materiales sensibles al calor, lo que la hace ideal para entornos dom\u00e9sticos que utilizan pistolas de calor o peque\u00f1os secadores de cinta transportadora.<\/p>\n<h1>\u00bfPor qu\u00e9 elegir esta tinta?<\/h1>\n<p>Ya sea que est\u00e9 generando dise\u00f1os de edici\u00f3n limitada, lanzando un peque\u00f1o logotipo de ropa o dirigiendo talleres escolares, esta tinta ofrece el equilibrio perfecto entre rendimiento, protecci\u00f3n y facilidad de uso. <a href=\"https:\/\/shaliteink.com\/es\/categoria-producto\/tinta-plastisol-sin-pvc\/\"><strong>Tinta plastisol sin PVC<\/strong><\/a>\u00a0Cumple con estrictos est\u00e1ndares de protecci\u00f3n y medio ambiente, garantizando tranquilidad y ofreciendo resultados de nivel profesional.<\/p>","protected":false},"excerpt":{"rendered":"<p data-start=\"2675\" data-end=\"2828\">Ecol\u00f3gico <strong data-start=\"2688\" data-end=\"2714\">Tinta plastisol sin PVC<\/strong> en negrita Proceso Rojo. Perfecto <strong data-start=\"2744\" data-end=\"2767\">Tinta de serigraf\u00eda<\/strong> Para camisas duraderas y vibrantes. Curado a baja temperatura y f\u00e1cil limpieza.<\/p>","protected":false},"featured_media":3545,"comment_status":"open","ping_status":"closed","template":"","meta":[],"product_brand":[],"product_cat":[45],"product_tag":[],"class_list":{"0":"post-3082","1":"product","2":"type-product","3":"status-publish","4":"has-post-thumbnail","6":"product_cat-pvc-free-plastisol-ink","8":"first","9":"instock","10":"shipping-taxable","11":"purchasable","12":"product-type-variable"},"tiered_pricing_type":"fixed","tiered_pricing_fixed_rules":[],"tiered_pricing_product_settings":{"layout":"default","base_unit_name":{"singular":null,"plural":null},"default_variation":null},"tiered_pricing_minimum_quantity":null,"tiered_pricing_roles_data":[],"tiered_pricing_percentage_rules":[],"tiered_pricing_maximum_quantity":null,"tiered_pricing_quantity_step":null,"_links":{"self":[{"href":"https:\/\/shaliteink.com\/es\/wp-json\/wp\/v2\/product\/3082","targetHints":{"allow":["GET"]}}],"collection":[{"href":"https:\/\/shaliteink.com\/es\/wp-json\/wp\/v2\/product"}],"about":[{"href":"https:\/\/shaliteink.com\/es\/wp-json\/wp\/v2\/types\/product"}],"replies":[{"embeddable":true,"href":"https:\/\/shaliteink.com\/es\/wp-json\/wp\/v2\/comments?post=3082"}],"version-history":[{"count":0,"href":"https:\/\/shaliteink.com\/es\/wp-json\/wp\/v2\/product\/3082\/revisions"}],"wp:featuredmedia":[{"embeddable":true,"href":"https:\/\/shaliteink.com\/es\/wp-json\/wp\/v2\/media\/3545"}],"wp:attachment":[{"href":"https:\/\/shaliteink.com\/es\/wp-json\/wp\/v2\/media?parent=3082"}],"wp:term":[{"taxonomy":"product_brand","embeddable":true,"href":"https:\/\/shaliteink.com\/es\/wp-json\/wp\/v2\/product_brand?post=3082"},{"taxonomy":"product_cat","embeddable":true,"href":"https:\/\/shaliteink.com\/es\/wp-json\/wp\/v2\/product_cat?post=3082"},{"taxonomy":"product_tag","embeddable":true,"href":"https:\/\/shaliteink.com\/es\/wp-json\/wp\/v2\/product_tag?post=3082"}],"curies":[{"name":"wp","href":"https:\/\/api.w.org\/{rel}","templated":true}]}}