{"id":3075,"date":"2025-10-15T08:07:20","date_gmt":"2025-10-15T08:07:20","guid":{"rendered":"https:\/\/shaliteink.com\/?post_type=product&#038;p=3075"},"modified":"2025-12-10T11:26:55","modified_gmt":"2025-12-10T11:26:55","slug":"tinta-plastisol-azul-sin-pvc-proceso-de-tinta-entrega-rapida","status":"publish","type":"product","link":"https:\/\/shaliteink.com\/es\/producto\/tinta-plastisol-azul-sin-pvc-proceso-de-tinta-entrega-rapida\/","title":{"rendered":"Tinta plastisol azul sin PVC para proceso \u2013 Entrega r\u00e1pida"},"content":{"rendered":"<p>Descubra el rendimiento superior, satisfactorio y ecol\u00f3gico de <strong>Tinta plastisol sin PVC<\/strong> <strong>Proceso Azul<\/strong> de <a href=\"https:\/\/shaliteink.com\/es\/\"><strong>Shaliteink<\/strong><\/a>, su distribuidor mundial de confianza de tintas de serigraf\u00eda de primera calidad. Dise\u00f1ada para expertos innovadores, peque\u00f1os estudios y aficionados al bricolaje, esta vibrante tinta plastisol azul proporciona impresiones v\u00edvidas y duraderas con la facilidad de un... <strong>tinta plastisol sin PVC <\/strong>componentes que priorizan la protecci\u00f3n del usuario y el deber ambiental.<\/p>\n<p>Shaliteink cuenta con m\u00e1s de veinte a\u00f1os de experiencia en fabricaci\u00f3n y suministro directo a f\u00e1brica, lo que garantiza una entrega consistente, satisfactoria y fiable. Nuestra tinta plastisol sin PVC es ideal para imprimir en una gran variedad de tejidos, como algod\u00f3n, poli\u00e9ster y tejidos combinados, y resulta ideal para la producci\u00f3n de camisetas, bolsas y art\u00edculos promocionales personalizados. Su composici\u00f3n, sin olor y no t\u00f3xica, es ideal para quienes requieren un espacio de trabajo m\u00e1s seguro, como escuelas, talleres y aficionados dom\u00e9sticos.<\/p>\n<p><img decoding=\"async\" class=\"alignnone size-medium wp-image-3549\" src=\"https:\/\/shaliteink.com\/wp-content\/uploads\/2025\/08\/Plastisol-Ink-Process-Blue-284x300.jpeg\" alt=\"Proceso de tinta plastisol azul\" width=\"284\" height=\"300\" srcset=\"https:\/\/shaliteink.com\/wp-content\/uploads\/2025\/08\/Plastisol-Ink-Process-Blue-284x300.jpeg 284w, https:\/\/shaliteink.com\/wp-content\/uploads\/2025\/08\/Plastisol-Ink-Process-Blue-970x1024.jpeg 970w, https:\/\/shaliteink.com\/wp-content\/uploads\/2025\/08\/Plastisol-Ink-Process-Blue-768x811.jpeg 768w, https:\/\/shaliteink.com\/wp-content\/uploads\/2025\/08\/Plastisol-Ink-Process-Blue-1455x1536.jpeg 1455w, https:\/\/shaliteink.com\/wp-content\/uploads\/2025\/08\/Plastisol-Ink-Process-Blue-11x12.jpeg 11w, https:\/\/shaliteink.com\/wp-content\/uploads\/2025\/08\/Plastisol-Ink-Process-Blue-1200x1267.jpeg 1200w, https:\/\/shaliteink.com\/wp-content\/uploads\/2025\/08\/Plastisol-Ink-Process-Blue-150x158.jpeg 150w, https:\/\/shaliteink.com\/wp-content\/uploads\/2025\/08\/Plastisol-Ink-Process-Blue.jpeg 1656w\" sizes=\"(max-width: 284px) 100vw, 284px\" \/><\/p>\n<h1>Caracter\u00edsticas principales:<\/h1>\n<ul>\n<li>Ecol\u00f3gico y libre de PVC: nuestra tinta azul de proceso no contiene PVC, lo que reduce los qu\u00edmicos da\u00f1inos y hace que la limpieza sea m\u00e1s segura y sencilla.<\/li>\n<li>Color vibrante y duradero: logra impresiones brillantes y opacas con excelente resistencia al lavado y al desgaste, manteniendo la integridad del color a lo largo del tiempo.<\/li>\n<li>Aplicaci\u00f3n f\u00e1cil de usar: Su viscosidad suave se adapta a configuraciones de serigraf\u00eda manuales y autom\u00e1ticas; compatible con pistolas de calor de uso dom\u00e9stico y secadoras comerciales.<\/li>\n<li>Curado r\u00e1pido: optimizado para un curado r\u00e1pido a 320 \u00b0F (160 \u00b0C) con tiempos de secado t\u00edpicos de alrededor de 15 a 20 segundos, lo que permite una producci\u00f3n m\u00e1s r\u00e1pida.<\/li>\n<li>F\u00e1cil limpieza: requiere solo limpiadores de pantalla de plastisol est\u00e1ndar, lo que reduce el tiempo de inactividad y extiende la vida \u00fatil de la pantalla.<\/li>\n<\/ul>\n<p><img decoding=\"async\" class=\"alignnone size-medium wp-image-3550\" src=\"https:\/\/shaliteink.com\/wp-content\/uploads\/2025\/08\/Plastisol-Ink-Process-Blue-1-300x276.jpeg\" alt=\"Proceso de tinta plastisol azul\" width=\"300\" height=\"276\" srcset=\"https:\/\/shaliteink.com\/wp-content\/uploads\/2025\/08\/Plastisol-Ink-Process-Blue-1-300x276.jpeg 300w, https:\/\/shaliteink.com\/wp-content\/uploads\/2025\/08\/Plastisol-Ink-Process-Blue-1-1024x943.jpeg 1024w, https:\/\/shaliteink.com\/wp-content\/uploads\/2025\/08\/Plastisol-Ink-Process-Blue-1-768x707.jpeg 768w, https:\/\/shaliteink.com\/wp-content\/uploads\/2025\/08\/Plastisol-Ink-Process-Blue-1-1536x1414.jpeg 1536w, https:\/\/shaliteink.com\/wp-content\/uploads\/2025\/08\/Plastisol-Ink-Process-Blue-1-2048x1886.jpeg 2048w, https:\/\/shaliteink.com\/wp-content\/uploads\/2025\/08\/Plastisol-Ink-Process-Blue-1-13x12.jpeg 13w, https:\/\/shaliteink.com\/wp-content\/uploads\/2025\/08\/Plastisol-Ink-Process-Blue-1-1200x1105.jpeg 1200w, https:\/\/shaliteink.com\/wp-content\/uploads\/2025\/08\/Plastisol-Ink-Process-Blue-1-150x138.jpeg 150w\" sizes=\"(max-width: 300px) 100vw, 300px\" \/><\/p>","protected":false},"excerpt":{"rendered":"<p>Comercio <strong data-start=\"3608\" data-end=\"3634\">Tinta plastisol sin PVC<\/strong> Azul de proceso en Shaliteink. Vibrante y duradero. <strong data-start=\"3680\" data-end=\"3703\">tinta de serigraf\u00eda<\/strong> Con curado r\u00e1pido y f\u00e1cil limpieza. \u00a1Perfecto para impresoras con conciencia ecol\u00f3gica!<\/p>","protected":false},"featured_media":3551,"comment_status":"open","ping_status":"closed","template":"","meta":[],"product_brand":[],"product_cat":[45],"product_tag":[],"class_list":{"0":"post-3075","1":"product","2":"type-product","3":"status-publish","4":"has-post-thumbnail","6":"product_cat-pvc-free-plastisol-ink","8":"first","9":"instock","10":"shipping-taxable","11":"purchasable","12":"product-type-variable"},"tiered_pricing_type":"fixed","tiered_pricing_fixed_rules":[],"tiered_pricing_product_settings":{"layout":"default","base_unit_name":{"singular":null,"plural":null},"default_variation":null},"tiered_pricing_minimum_quantity":null,"tiered_pricing_roles_data":[],"tiered_pricing_percentage_rules":[],"tiered_pricing_maximum_quantity":null,"tiered_pricing_quantity_step":null,"_links":{"self":[{"href":"https:\/\/shaliteink.com\/es\/wp-json\/wp\/v2\/product\/3075","targetHints":{"allow":["GET"]}}],"collection":[{"href":"https:\/\/shaliteink.com\/es\/wp-json\/wp\/v2\/product"}],"about":[{"href":"https:\/\/shaliteink.com\/es\/wp-json\/wp\/v2\/types\/product"}],"replies":[{"embeddable":true,"href":"https:\/\/shaliteink.com\/es\/wp-json\/wp\/v2\/comments?post=3075"}],"version-history":[{"count":0,"href":"https:\/\/shaliteink.com\/es\/wp-json\/wp\/v2\/product\/3075\/revisions"}],"wp:featuredmedia":[{"embeddable":true,"href":"https:\/\/shaliteink.com\/es\/wp-json\/wp\/v2\/media\/3551"}],"wp:attachment":[{"href":"https:\/\/shaliteink.com\/es\/wp-json\/wp\/v2\/media?parent=3075"}],"wp:term":[{"taxonomy":"product_brand","embeddable":true,"href":"https:\/\/shaliteink.com\/es\/wp-json\/wp\/v2\/product_brand?post=3075"},{"taxonomy":"product_cat","embeddable":true,"href":"https:\/\/shaliteink.com\/es\/wp-json\/wp\/v2\/product_cat?post=3075"},{"taxonomy":"product_tag","embeddable":true,"href":"https:\/\/shaliteink.com\/es\/wp-json\/wp\/v2\/product_tag?post=3075"}],"curies":[{"name":"wp","href":"https:\/\/api.w.org\/{rel}","templated":true}]}}