{"id":3069,"date":"2025-10-15T08:03:56","date_gmt":"2025-10-15T08:03:56","guid":{"rendered":"https:\/\/shaliteink.com\/?post_type=product&#038;p=3069"},"modified":"2025-12-10T11:30:07","modified_gmt":"2025-12-10T11:30:07","slug":"comprar-tinta-plastisol-violeta-fluorescente-sin-pvc-online","status":"publish","type":"product","link":"https:\/\/shaliteink.com\/es\/producto\/comprar-tinta-plastisol-violeta-fluorescente-sin-pvc-online\/","title":{"rendered":"Compra tinta plastisol fluorescente violeta sin PVC online"},"content":{"rendered":"<p>Descubre el colorido mundo de la impresi\u00f3n textil ecol\u00f3gica con nuestra <strong>Tinta plastisol sin PVC<\/strong> <strong>Violeta fluorescente<\/strong>, Especialmente formulada para lograr una brillantez de color excepcional y una aplicaci\u00f3n segura. Como una de las tintas de impresi\u00f3n preferidas por aficionados al bricolaje, peque\u00f1as marcas de ropa e imprentas profesionales, esta tinta combina tonos fluorescentes vibrantes con una f\u00f3rmula no t\u00f3xica y respetuosa con el medio ambiente.<\/p>\n<p>Nuestro <a href=\"https:\/\/shaliteink.com\/es\/categoria-producto\/tinta-plastisol-sin-pvc\/\"><strong>Tinta plastisol sin PVC<\/strong><\/a> Satisface la creciente demanda de materiales de impresi\u00f3n m\u00e1s seguros y sostenibles sin sacrificar el rendimiento general. Es ideal para imprimir en una gran variedad de tejidos, incluyendo algod\u00f3n, poli\u00e9ster y mezclas, logrando impresiones v\u00edvidas y duraderas que resisten el agrietamiento, la decoloraci\u00f3n y el desgaste por lavado.<\/p>\n<p><img decoding=\"async\" class=\"alignnone size-medium wp-image-3555\" src=\"https:\/\/shaliteink.com\/wp-content\/uploads\/2025\/08\/Plastisol-Ink-Fluorescent-Violet-2-300x260.jpeg\" alt=\"Tinta plastisol violeta fluorescente \" width=\"300\" height=\"260\" srcset=\"https:\/\/shaliteink.com\/wp-content\/uploads\/2025\/08\/Plastisol-Ink-Fluorescent-Violet-2-300x260.jpeg 300w, https:\/\/shaliteink.com\/wp-content\/uploads\/2025\/08\/Plastisol-Ink-Fluorescent-Violet-2-1024x886.jpeg 1024w, https:\/\/shaliteink.com\/wp-content\/uploads\/2025\/08\/Plastisol-Ink-Fluorescent-Violet-2-768x665.jpeg 768w, https:\/\/shaliteink.com\/wp-content\/uploads\/2025\/08\/Plastisol-Ink-Fluorescent-Violet-2-1536x1329.jpeg 1536w, https:\/\/shaliteink.com\/wp-content\/uploads\/2025\/08\/Plastisol-Ink-Fluorescent-Violet-2-2048x1772.jpeg 2048w, https:\/\/shaliteink.com\/wp-content\/uploads\/2025\/08\/Plastisol-Ink-Fluorescent-Violet-2-14x12.jpeg 14w, https:\/\/shaliteink.com\/wp-content\/uploads\/2025\/08\/Plastisol-Ink-Fluorescent-Violet-2-1200x1039.jpeg 1200w, https:\/\/shaliteink.com\/wp-content\/uploads\/2025\/08\/Plastisol-Ink-Fluorescent-Violet-2-150x130.jpeg 150w\" sizes=\"(max-width: 300px) 100vw, 300px\" \/><\/p>\n<h1>Caracter\u00edsticas principales:<\/h1>\n<ul>\n<li>Ecol\u00f3gico y libre de PVC: Fabricado sin PVC peligroso, lo que garantiza un manejo m\u00e1s seguro y el cumplimiento de est\u00e1ndares ambientales como OEKO-TEX.<\/li>\n<li>Color violeta fluorescente: Ofrece un atractivo brillo ne\u00f3n que destaca incluso bajo la luz diurna y la luz ultravioleta.<\/li>\n<li>Excelente opacidad y cobertura: Proporciona estampados s\u00f3lidos y vibrantes tanto en prendas claras como oscuras.<\/li>\n<li>Consistencia uniforme: F\u00e1cil de usar con un control espec\u00edfico para dise\u00f1os detallados y resultados regulares.<\/li>\n<li>Poco olor y no t\u00f3xico: Perfecto para estudios dom\u00e9sticos, colegios y talleres donde la calidad del aire y la protecci\u00f3n son prioritarias.<\/li>\n<li>Compatible con diversos grosores de malla: Adecuado para configuraciones de serigraf\u00eda excepcionales, desde aficionados hasta operaciones profesionales.<\/li>\n<\/ul>\n<h1>Curado y rendimiento:<\/h1>\n<p>Nuestras opciones de tratamiento con tinta plastisol sin fijaci\u00f3n para PVC funcionan eficazmente a una temperatura de entre 160 \u00b0C y 165 \u00b0C (320 \u00b0F y 330 \u00b0F) durante 1 a 2 minutos, lo que garantiza una fijaci\u00f3n r\u00e1pida y un acabado duradero. La tinta curada mantiene una flexibilidad excepcional, resistiendo el agrietamiento y el desprendimiento incluso despu\u00e9s de varios lavados. Esto la convierte en una opci\u00f3n fiable para prendas de vestir, art\u00edculos promocionales y proyectos de decoraci\u00f3n del hogar que requieren tanto impacto visual como resistencia.<\/p>\n<p><img decoding=\"async\" class=\"alignnone size-medium wp-image-3554\" src=\"https:\/\/shaliteink.com\/wp-content\/uploads\/2025\/08\/Plastisol-Ink-Fluorescent-Violet-1-300x263.jpeg\" alt=\"Tinta plastisol violeta fluorescente \" width=\"300\" height=\"263\" srcset=\"https:\/\/shaliteink.com\/wp-content\/uploads\/2025\/08\/Plastisol-Ink-Fluorescent-Violet-1-300x263.jpeg 300w, https:\/\/shaliteink.com\/wp-content\/uploads\/2025\/08\/Plastisol-Ink-Fluorescent-Violet-1-1024x896.jpeg 1024w, https:\/\/shaliteink.com\/wp-content\/uploads\/2025\/08\/Plastisol-Ink-Fluorescent-Violet-1-768x672.jpeg 768w, https:\/\/shaliteink.com\/wp-content\/uploads\/2025\/08\/Plastisol-Ink-Fluorescent-Violet-1-1536x1345.jpeg 1536w, https:\/\/shaliteink.com\/wp-content\/uploads\/2025\/08\/Plastisol-Ink-Fluorescent-Violet-1-2048x1793.jpeg 2048w, https:\/\/shaliteink.com\/wp-content\/uploads\/2025\/08\/Plastisol-Ink-Fluorescent-Violet-1-14x12.jpeg 14w, https:\/\/shaliteink.com\/wp-content\/uploads\/2025\/08\/Plastisol-Ink-Fluorescent-Violet-1-1200x1051.jpeg 1200w, https:\/\/shaliteink.com\/wp-content\/uploads\/2025\/08\/Plastisol-Ink-Fluorescent-Violet-1-150x131.jpeg 150w\" sizes=\"(max-width: 300px) 100vw, 300px\" \/><\/p>\n<h1>\u00bfPor qu\u00e9 elegir nuestra tinta plastisol sin PVC?<\/h1>\n<p>En <a href=\"https:\/\/shaliteink.com\/es\/\"><strong>Shaliteink<\/strong><\/a>, Combinamos m\u00e1s de 20 a\u00f1os de experiencia en producci\u00f3n con precios directos de f\u00e1brica, garantizando resultados satisfactorios y precios competitivos en sus proyectos de impresi\u00f3n. Ya sea que sea un aficionado al bricolaje que busca kits de tinta para impresi\u00f3n f\u00e1ciles de usar, un dise\u00f1ador de ropa independiente que necesita una reproducci\u00f3n de color precisa o un centro educativo que busca tintas seguras y f\u00e1ciles de manipular, nuestra empresa tiene la soluci\u00f3n. <a href=\"https:\/\/shaliteink.com\/es\/\"><strong>Tinta plastisol sin PVC<\/strong><\/a>\u00a0El violeta fluorescente satisface tus deseos.<\/p>\n<p>Nuestro servicio de atenci\u00f3n al cliente especializado incluye asesoramiento t\u00e9cnico y recursos para ayudarte a conseguir impresiones de primera calidad con el m\u00ednimo esfuerzo. Aprovecha la oportunidad de comprar paquetes de patrones peque\u00f1os y disfruta de env\u00edos r\u00e1pidos y disponibilidad garantizada.<\/p>","protected":false},"excerpt":{"rendered":"<p>Compra vibrante <strong data-start=\"3239\" data-end=\"3265\">Tinta plastisol sin PVC<\/strong> Violeta fluorescente para una impresi\u00f3n textil segura y brillante. Perfecto <strong data-start=\"3328\" data-end=\"3351\">tinta de serigraf\u00eda<\/strong> Para bricolaje, marcas de ropa y escuelas. \u00a1Compra ya!<\/p>","protected":false},"featured_media":3553,"comment_status":"open","ping_status":"closed","template":"","meta":[],"product_brand":[],"product_cat":[45],"product_tag":[],"class_list":{"0":"post-3069","1":"product","2":"type-product","3":"status-publish","4":"has-post-thumbnail","6":"product_cat-pvc-free-plastisol-ink","8":"first","9":"instock","10":"shipping-taxable","11":"purchasable","12":"product-type-variable"},"tiered_pricing_type":"fixed","tiered_pricing_fixed_rules":[],"tiered_pricing_product_settings":{"layout":"default","base_unit_name":{"singular":null,"plural":null},"default_variation":null},"tiered_pricing_minimum_quantity":null,"tiered_pricing_roles_data":[],"tiered_pricing_percentage_rules":[],"tiered_pricing_maximum_quantity":null,"tiered_pricing_quantity_step":null,"_links":{"self":[{"href":"https:\/\/shaliteink.com\/es\/wp-json\/wp\/v2\/product\/3069","targetHints":{"allow":["GET"]}}],"collection":[{"href":"https:\/\/shaliteink.com\/es\/wp-json\/wp\/v2\/product"}],"about":[{"href":"https:\/\/shaliteink.com\/es\/wp-json\/wp\/v2\/types\/product"}],"replies":[{"embeddable":true,"href":"https:\/\/shaliteink.com\/es\/wp-json\/wp\/v2\/comments?post=3069"}],"version-history":[{"count":0,"href":"https:\/\/shaliteink.com\/es\/wp-json\/wp\/v2\/product\/3069\/revisions"}],"wp:featuredmedia":[{"embeddable":true,"href":"https:\/\/shaliteink.com\/es\/wp-json\/wp\/v2\/media\/3553"}],"wp:attachment":[{"href":"https:\/\/shaliteink.com\/es\/wp-json\/wp\/v2\/media?parent=3069"}],"wp:term":[{"taxonomy":"product_brand","embeddable":true,"href":"https:\/\/shaliteink.com\/es\/wp-json\/wp\/v2\/product_brand?post=3069"},{"taxonomy":"product_cat","embeddable":true,"href":"https:\/\/shaliteink.com\/es\/wp-json\/wp\/v2\/product_cat?post=3069"},{"taxonomy":"product_tag","embeddable":true,"href":"https:\/\/shaliteink.com\/es\/wp-json\/wp\/v2\/product_tag?post=3069"}],"curies":[{"name":"wp","href":"https:\/\/api.w.org\/{rel}","templated":true}]}}