{"id":3061,"date":"2025-10-15T08:00:47","date_gmt":"2025-10-15T08:00:47","guid":{"rendered":"https:\/\/shaliteink.com\/?post_type=product&#038;p=3061"},"modified":"2025-12-10T11:29:42","modified_gmt":"2025-12-10T11:29:42","slug":"tinta-plastisol-sin-pvc-fluorescente-rosa-roja-comprar-online","status":"publish","type":"product","link":"https:\/\/shaliteink.com\/es\/producto\/tinta-plastisol-sin-pvc-fluorescente-rosa-roja-comprar-online\/","title":{"rendered":"Tinta plastisol sin PVC, rojo rosa fluorescente \u2013 Comprar online"},"content":{"rendered":"<p>Descubra el poder vibrante de nuestra <strong>tinta plastisol sin PVC<\/strong> <strong>Rosa fluorescente roja<\/strong>, Dise\u00f1ado espec\u00edficamente para programas de tintas de serigraf\u00eda de alta calidad y respetuosos con el medio ambiente. Como opci\u00f3n confiable tanto para aficionados al bricolaje, propietarios de peque\u00f1as empresas e impresores profesionales, este... <a href=\"https:\/\/shaliteink.com\/es\/categoria-producto\/tinta-plastisol-sin-pvc\/\"><strong>Tinta plastisol sin PVC<\/strong><\/a>\u00a0Proporciona una coloraci\u00f3n s\u00faper fluorescente con una durabilidad incre\u00edble, ideal para desarrollar prendas y textiles atractivos y personalizados.<\/p>\n<p>Nuestra tinta plastisol sin PVC est\u00e1 espec\u00edficamente formulada para estar libre de compuestos peligrosos de PVC, lo que ofrece una opci\u00f3n m\u00e1s segura y ecol\u00f3gica sin comprometer el rendimiento de la impresi\u00f3n. Su tono rojo rosa fluorescente proporciona un brillo y una visibilidad excepcionales, ideal para art\u00edculos promocionales, moda e iniciativas innovadoras que requieren colores vibrantes y duraderos.<\/p>\n<p><img decoding=\"async\" class=\"alignnone size-medium wp-image-3559\" src=\"https:\/\/shaliteink.com\/wp-content\/uploads\/2025\/08\/Fluorescent-Rose-Red-2-288x300.jpeg\" alt=\" Rosa fluorescente roja\" width=\"288\" height=\"300\" srcset=\"https:\/\/shaliteink.com\/wp-content\/uploads\/2025\/08\/Fluorescent-Rose-Red-2-288x300.jpeg 288w, https:\/\/shaliteink.com\/wp-content\/uploads\/2025\/08\/Fluorescent-Rose-Red-2-983x1024.jpeg 983w, https:\/\/shaliteink.com\/wp-content\/uploads\/2025\/08\/Fluorescent-Rose-Red-2-768x800.jpeg 768w, https:\/\/shaliteink.com\/wp-content\/uploads\/2025\/08\/Fluorescent-Rose-Red-2-1475x1536.jpeg 1475w, https:\/\/shaliteink.com\/wp-content\/uploads\/2025\/08\/Fluorescent-Rose-Red-2-12x12.jpeg 12w, https:\/\/shaliteink.com\/wp-content\/uploads\/2025\/08\/Fluorescent-Rose-Red-2-1200x1250.jpeg 1200w, https:\/\/shaliteink.com\/wp-content\/uploads\/2025\/08\/Fluorescent-Rose-Red-2-150x156.jpeg 150w, https:\/\/shaliteink.com\/wp-content\/uploads\/2025\/08\/Fluorescent-Rose-Red-2.jpeg 1632w\" sizes=\"(max-width: 288px) 100vw, 288px\" \/><\/p>\n<h1>Caracter\u00edsticas principales:<\/h1>\n<ul>\n<li>Pigmentaci\u00f3n fluorescente v\u00edvida: El tono rojo rosa ofrece alta opacidad y un acabado de alta calidad. Sus impresiones conservan la intensidad de su colorido lavado tras lavado.<\/li>\n<li>Ecol\u00f3gico y seguro: libre de PVC y productos qu\u00edmicos da\u00f1inos, esta tinta no es t\u00f3xica y tiene un olor ocasional, ideal para uso seguro cerca de ni\u00f1os, mascotas y entornos escolares.<\/li>\n<li>Aplicaci\u00f3n f\u00e1cil de usar: La consistencia cremosa y limpia lo hace adecuado incluso para principiantes, mientras que los talleres de impresi\u00f3n expertos aprecian una configuraci\u00f3n y limpieza sin tensi\u00f3n.<\/li>\n<li>Compatible con todo tipo de telas: Dise\u00f1ado para telas de algod\u00f3n, mezclas y poli\u00e9ster. Ideal para ropa, art\u00edculos de merchandising, accesorios y proyectos especiales.<\/li>\n<li>Perfecto para lotes peque\u00f1os y grandes: Disponible en tama\u00f1os de patr\u00f3n y envases grandes. Pruebe nuevos colores o aumente la producci\u00f3n para tiradas con una continuidad de color fiable.<\/li>\n<\/ul>\n<h1>Instrucciones de curado:<\/h1>\n<p>Para obtener los mejores resultados, trate la tinta a 160 \u00b0C (320 \u00b0F) durante 1 a 1,5 minutos o hasta que se adhiera completamente al material. Un curado adecuado garantiza impresiones duraderas con excelente resistencia al lavado y una retenci\u00f3n de color vibrante.<\/p>\n<p><img decoding=\"async\" class=\"alignnone size-medium wp-image-3558\" src=\"https:\/\/shaliteink.com\/wp-content\/uploads\/2025\/08\/Fluorescent-Rose-Red-1-283x300.jpeg\" alt=\" Rosa fluorescente roja\" width=\"283\" height=\"300\" srcset=\"https:\/\/shaliteink.com\/wp-content\/uploads\/2025\/08\/Fluorescent-Rose-Red-1-283x300.jpeg 283w, https:\/\/shaliteink.com\/wp-content\/uploads\/2025\/08\/Fluorescent-Rose-Red-1-966x1024.jpeg 966w, https:\/\/shaliteink.com\/wp-content\/uploads\/2025\/08\/Fluorescent-Rose-Red-1-768x814.jpeg 768w, https:\/\/shaliteink.com\/wp-content\/uploads\/2025\/08\/Fluorescent-Rose-Red-1-1449x1536.jpeg 1449w, https:\/\/shaliteink.com\/wp-content\/uploads\/2025\/08\/Fluorescent-Rose-Red-1-11x12.jpeg 11w, https:\/\/shaliteink.com\/wp-content\/uploads\/2025\/08\/Fluorescent-Rose-Red-1-1200x1272.jpeg 1200w, https:\/\/shaliteink.com\/wp-content\/uploads\/2025\/08\/Fluorescent-Rose-Red-1-150x159.jpeg 150w, https:\/\/shaliteink.com\/wp-content\/uploads\/2025\/08\/Fluorescent-Rose-Red-1.jpeg 1664w\" sizes=\"(max-width: 283px) 100vw, 283px\" \/><\/p>","protected":false},"excerpt":{"rendered":"<p>Compre productos vibrantes y ecol\u00f3gicos <strong data-start=\"3573\" data-end=\"3599\">Tinta plastisol sin PVC<\/strong> En rojo rosa fluorescente. Perfecto para bricolaje, ropa e impresi\u00f3n promocional. Compre productos de alta calidad. <strong data-start=\"3688\" data-end=\"3711\">tinta de serigraf\u00eda<\/strong> \u00a1En l\u00ednea ahora!<\/p>","protected":false},"featured_media":3557,"comment_status":"open","ping_status":"closed","template":"","meta":[],"product_brand":[],"product_cat":[45],"product_tag":[],"class_list":{"0":"post-3061","1":"product","2":"type-product","3":"status-publish","4":"has-post-thumbnail","6":"product_cat-pvc-free-plastisol-ink","8":"first","9":"instock","10":"shipping-taxable","11":"purchasable","12":"product-type-variable"},"tiered_pricing_type":"fixed","tiered_pricing_fixed_rules":[],"tiered_pricing_product_settings":{"layout":"default","base_unit_name":{"singular":null,"plural":null},"default_variation":null},"tiered_pricing_minimum_quantity":null,"tiered_pricing_roles_data":[],"tiered_pricing_percentage_rules":[],"tiered_pricing_maximum_quantity":null,"tiered_pricing_quantity_step":null,"_links":{"self":[{"href":"https:\/\/shaliteink.com\/es\/wp-json\/wp\/v2\/product\/3061","targetHints":{"allow":["GET"]}}],"collection":[{"href":"https:\/\/shaliteink.com\/es\/wp-json\/wp\/v2\/product"}],"about":[{"href":"https:\/\/shaliteink.com\/es\/wp-json\/wp\/v2\/types\/product"}],"replies":[{"embeddable":true,"href":"https:\/\/shaliteink.com\/es\/wp-json\/wp\/v2\/comments?post=3061"}],"version-history":[{"count":1,"href":"https:\/\/shaliteink.com\/es\/wp-json\/wp\/v2\/product\/3061\/revisions"}],"predecessor-version":[{"id":4557,"href":"https:\/\/shaliteink.com\/es\/wp-json\/wp\/v2\/product\/3061\/revisions\/4557"}],"wp:featuredmedia":[{"embeddable":true,"href":"https:\/\/shaliteink.com\/es\/wp-json\/wp\/v2\/media\/3557"}],"wp:attachment":[{"href":"https:\/\/shaliteink.com\/es\/wp-json\/wp\/v2\/media?parent=3061"}],"wp:term":[{"taxonomy":"product_brand","embeddable":true,"href":"https:\/\/shaliteink.com\/es\/wp-json\/wp\/v2\/product_brand?post=3061"},{"taxonomy":"product_cat","embeddable":true,"href":"https:\/\/shaliteink.com\/es\/wp-json\/wp\/v2\/product_cat?post=3061"},{"taxonomy":"product_tag","embeddable":true,"href":"https:\/\/shaliteink.com\/es\/wp-json\/wp\/v2\/product_tag?post=3061"}],"curies":[{"name":"wp","href":"https:\/\/api.w.org\/{rel}","templated":true}]}}