{"id":3055,"date":"2025-10-15T07:58:12","date_gmt":"2025-10-15T07:58:12","guid":{"rendered":"https:\/\/shaliteink.com\/?post_type=product&#038;p=3055"},"modified":"2025-12-10T11:31:26","modified_gmt":"2025-12-10T11:31:26","slug":"tinta-plastisol-sin-pvc-rosa-fluorescente-compra-tinta-aqui","status":"publish","type":"product","link":"https:\/\/shaliteink.com\/es\/producto\/tinta-plastisol-sin-pvc-rosa-fluorescente-compra-tinta-aqui\/","title":{"rendered":"Tinta plastisol sin PVC \u2013 Rosa fluorescente \u2013 Compre la tinta aqu\u00ed"},"content":{"rendered":"<p>Descubra la vibrante electricidad de nuestra <strong><a href=\"https:\/\/shaliteink.com\/es\/categoria-producto\/tinta-plastisol-sin-pvc\/\">Tinta plastisol sin PVC<\/a><\/strong> En color carmes\u00ed fluorescente, dise\u00f1ada para proyectos de serigraf\u00eda de alto impacto que requieren protecci\u00f3n, durabilidad y un rendimiento de color brillante. Fabricada con m\u00e1s de veinte a\u00f1os de experiencia en Shaliteink, esta tinta ecol\u00f3gica para serigraf\u00eda ofrece una alternativa premium para creadores que priorizan la salud y el respeto al medio ambiente sin comprometer la calidad.<\/p>\n<p>Ideal para artesanos, fabricantes de ropa independientes y tiendas de impresi\u00f3n especializadas, esta tinta garantiza impresiones excelentes y duraderas en algod\u00f3n, poli\u00e9ster y telas combinadas. Su tono carmes\u00ed fluorescente proporciona un brillo llamativo, ideal para crear dise\u00f1os impactantes en camisetas personalizadas, equipaje y productos promocionales.<\/p>\n<p>Como l\u00edder mundial en tintas para impresi\u00f3n de displays, Shaliteink cuenta con m\u00e1s de 20 a\u00f1os de experiencia en la producci\u00f3n de tintas de primera calidad, reconocidas mundialmente. <strong><a href=\"https:\/\/shaliteink.com\/es\/\">Tienda online de tintas plastisol sin PVC<\/a><\/strong> ofrece lo mejor de ambos mundos: durabilidad profesional y compromiso con un planeta y un espacio de trabajo m\u00e1s adecuados.<\/p>\n<p><img decoding=\"async\" class=\"alignnone size-medium wp-image-3562\" src=\"https:\/\/shaliteink.com\/wp-content\/uploads\/2025\/08\/Plastisol-Ink-\u2013-Fluorescent-Pink-252x300.jpeg\" alt=\"Tinta Plastisol \u2013 Rosa Fluorescente\" width=\"252\" height=\"300\" srcset=\"https:\/\/shaliteink.com\/wp-content\/uploads\/2025\/08\/Plastisol-Ink-\u2013-Fluorescent-Pink-252x300.jpeg 252w, https:\/\/shaliteink.com\/wp-content\/uploads\/2025\/08\/Plastisol-Ink-\u2013-Fluorescent-Pink-860x1024.jpeg 860w, https:\/\/shaliteink.com\/wp-content\/uploads\/2025\/08\/Plastisol-Ink-\u2013-Fluorescent-Pink-768x915.jpeg 768w, https:\/\/shaliteink.com\/wp-content\/uploads\/2025\/08\/Plastisol-Ink-\u2013-Fluorescent-Pink-1289x1536.jpeg 1289w, https:\/\/shaliteink.com\/wp-content\/uploads\/2025\/08\/Plastisol-Ink-\u2013-Fluorescent-Pink-10x12.jpeg 10w, https:\/\/shaliteink.com\/wp-content\/uploads\/2025\/08\/Plastisol-Ink-\u2013-Fluorescent-Pink-1200x1429.jpeg 1200w, https:\/\/shaliteink.com\/wp-content\/uploads\/2025\/08\/Plastisol-Ink-\u2013-Fluorescent-Pink-150x179.jpeg 150w, https:\/\/shaliteink.com\/wp-content\/uploads\/2025\/08\/Plastisol-Ink-\u2013-Fluorescent-Pink.jpeg 1632w\" sizes=\"(max-width: 252px) 100vw, 252px\" \/><\/p>\n<h1>Caracter\u00edsticas principales:<\/h1>\n<ul>\n<li>Color vivo: el rosa fluorescente est\u00e1 formulado para lograr un brillo m\u00e1ximo y una cobertura confiable: su ropa personalizada, sus bolsos y sus proyectos de decoraci\u00f3n irradiar\u00e1n un color en\u00e9rgico y resistente a la decoloraci\u00f3n.<\/li>\n<li>Ecol\u00f3gico y seguro: este <strong>Tinta plastisol sin PVC<\/strong> Elimina los ftalatos y el cloruro de polivinilo peligrosos, lo que lo hace perfecto para aficionados al bricolaje, escuelas y entornos familiares preocupados por la seguridad. Es inodoro y no t\u00f3xico, lo que ofrece tranquilidad para estudios en casa y espacios educativos.<\/li>\n<li>Compatibilidad universal: Dise\u00f1ada para usar en algod\u00f3n, mezclas y muchos tejidos sint\u00e9ticos, esta tinta es ideal tanto para proyectos personales como para la producci\u00f3n profesional en tiendas. Perfecta para marcas de ropa independientes y vendedores de Etsy y Shopify que exigen consistencia en cada tirada.<\/li>\n<li>F\u00e1cil de usar: Con una textura suave y cremosa, esta tinta de serigraf\u00eda se desliza sobre cualquier grosor de malla est\u00e1ndar. Es f\u00e1cil de manipular para principiantes y, a la vez, ofrece el acabado profesional que esperan los talleres de impresi\u00f3n avanzados.<\/li>\n<\/ul>\n<p><img decoding=\"async\" class=\"alignnone size-medium wp-image-3563\" src=\"https:\/\/shaliteink.com\/wp-content\/uploads\/2025\/08\/Plastisol-Ink-\u2013-Fluorescent-Pink-1-273x300.jpeg\" alt=\"Tinta Plastisol \u2013 Rosa Fluorescente\" width=\"273\" height=\"300\" srcset=\"https:\/\/shaliteink.com\/wp-content\/uploads\/2025\/08\/Plastisol-Ink-\u2013-Fluorescent-Pink-1-273x300.jpeg 273w, https:\/\/shaliteink.com\/wp-content\/uploads\/2025\/08\/Plastisol-Ink-\u2013-Fluorescent-Pink-1-933x1024.jpeg 933w, https:\/\/shaliteink.com\/wp-content\/uploads\/2025\/08\/Plastisol-Ink-\u2013-Fluorescent-Pink-1-768x843.jpeg 768w, https:\/\/shaliteink.com\/wp-content\/uploads\/2025\/08\/Plastisol-Ink-\u2013-Fluorescent-Pink-1-1400x1536.jpeg 1400w, https:\/\/shaliteink.com\/wp-content\/uploads\/2025\/08\/Plastisol-Ink-\u2013-Fluorescent-Pink-1-1867x2048.jpeg 1867w, https:\/\/shaliteink.com\/wp-content\/uploads\/2025\/08\/Plastisol-Ink-\u2013-Fluorescent-Pink-1-11x12.jpeg 11w, https:\/\/shaliteink.com\/wp-content\/uploads\/2025\/08\/Plastisol-Ink-\u2013-Fluorescent-Pink-1-1200x1317.jpeg 1200w, https:\/\/shaliteink.com\/wp-content\/uploads\/2025\/08\/Plastisol-Ink-\u2013-Fluorescent-Pink-1-150x165.jpeg 150w\" sizes=\"(max-width: 273px) 100vw, 273px\" \/><\/p>\n<h1>Instrucciones de curado:<\/h1>\n<p>Un curado adecuado es fundamental para la durabilidad y la resistencia al lavado. Cure la tinta a 160 \u00b0C (320 \u00b0F) durante 1 a 1,5 minutos, o hasta que la tinta se adhiera completamente al material. Para quienes prefieren el bricolaje, una prensa t\u00e9rmica dom\u00e9stica o una pistola de calor con la temperatura adecuada puede lograr resultados excelentes. Un curado r\u00e1pido y eficaz ayuda a prevenir el agrietamiento y la decoloraci\u00f3n en las impresiones terminadas.<\/p>","protected":false},"excerpt":{"rendered":"<p>Compra productos vibrantes y ecol\u00f3gicos <strong data-start=\"3124\" data-end=\"3150\">Tinta plastisol sin PVC<\/strong> En rosa fluorescente. Ideal para proyectos de bricolaje, marcas de ropa y escuelas. Segura, duradera y f\u00e1cil de secar. \u00a1Compra la tinta aqu\u00ed hoy mismo!<\/p>","protected":false},"featured_media":3564,"comment_status":"open","ping_status":"closed","template":"","meta":[],"product_brand":[],"product_cat":[45],"product_tag":[],"class_list":{"0":"post-3055","1":"product","2":"type-product","3":"status-publish","4":"has-post-thumbnail","6":"product_cat-pvc-free-plastisol-ink","8":"first","9":"instock","10":"shipping-taxable","11":"purchasable","12":"product-type-variable"},"tiered_pricing_type":"fixed","tiered_pricing_fixed_rules":[],"tiered_pricing_product_settings":{"layout":"default","base_unit_name":{"singular":null,"plural":null},"default_variation":null},"tiered_pricing_minimum_quantity":null,"tiered_pricing_roles_data":[],"tiered_pricing_percentage_rules":[],"tiered_pricing_maximum_quantity":null,"tiered_pricing_quantity_step":null,"_links":{"self":[{"href":"https:\/\/shaliteink.com\/es\/wp-json\/wp\/v2\/product\/3055","targetHints":{"allow":["GET"]}}],"collection":[{"href":"https:\/\/shaliteink.com\/es\/wp-json\/wp\/v2\/product"}],"about":[{"href":"https:\/\/shaliteink.com\/es\/wp-json\/wp\/v2\/types\/product"}],"replies":[{"embeddable":true,"href":"https:\/\/shaliteink.com\/es\/wp-json\/wp\/v2\/comments?post=3055"}],"version-history":[{"count":0,"href":"https:\/\/shaliteink.com\/es\/wp-json\/wp\/v2\/product\/3055\/revisions"}],"wp:featuredmedia":[{"embeddable":true,"href":"https:\/\/shaliteink.com\/es\/wp-json\/wp\/v2\/media\/3564"}],"wp:attachment":[{"href":"https:\/\/shaliteink.com\/es\/wp-json\/wp\/v2\/media?parent=3055"}],"wp:term":[{"taxonomy":"product_brand","embeddable":true,"href":"https:\/\/shaliteink.com\/es\/wp-json\/wp\/v2\/product_brand?post=3055"},{"taxonomy":"product_cat","embeddable":true,"href":"https:\/\/shaliteink.com\/es\/wp-json\/wp\/v2\/product_cat?post=3055"},{"taxonomy":"product_tag","embeddable":true,"href":"https:\/\/shaliteink.com\/es\/wp-json\/wp\/v2\/product_tag?post=3055"}],"curies":[{"name":"wp","href":"https:\/\/api.w.org\/{rel}","templated":true}]}}