{"id":3052,"date":"2025-10-15T07:53:47","date_gmt":"2025-10-15T07:53:47","guid":{"rendered":"https:\/\/shaliteink.com\/?post_type=product&#038;p=3052"},"modified":"2025-12-10T11:28:40","modified_gmt":"2025-12-10T11:28:40","slug":"tinta-plastisol-sin-pvc-tinta-fluorescente-rosa-de-calidad-comercial","status":"publish","type":"product","link":"https:\/\/shaliteink.com\/es\/producto\/tinta-plastisol-sin-pvc-tinta-fluorescente-rosa-de-calidad-comercial\/","title":{"rendered":"Tinta plastisol sin PVC rosa fluorescente \u2013 Compre tinta de calidad"},"content":{"rendered":"<p>Presentando <strong>Tinta plastisol sin PVC rosa fluorescente<\/strong>, Tinta plastisol premium sin PVC, dise\u00f1ada para ofrecer impresiones coloridas y llamativas con una durabilidad excepcional. Especialmente formulada para... <a href=\"https:\/\/shaliteink.com\/es\/screen-printing-ink\/\"><strong>tinta de serigraf\u00eda<\/strong><\/a> Aplicaciones: esta tinta violeta fluorescente es ideal para artesanos creativos, vendedores de peque\u00f1as empresas e impresores profesionales que buscan una soluci\u00f3n segura, ecol\u00f3gica y de alto rendimiento.<\/p>\n<p><img decoding=\"async\" class=\"alignnone size-medium wp-image-3566\" src=\"https:\/\/shaliteink.com\/wp-content\/uploads\/2025\/08\/Plastisol-Ink-Fluorescent-Pink-300x266.jpeg\" alt=\"Tinta plastisol rosa fluorescente\" width=\"300\" height=\"266\" srcset=\"https:\/\/shaliteink.com\/wp-content\/uploads\/2025\/08\/Plastisol-Ink-Fluorescent-Pink-300x266.jpeg 300w, https:\/\/shaliteink.com\/wp-content\/uploads\/2025\/08\/Plastisol-Ink-Fluorescent-Pink-1024x907.jpeg 1024w, https:\/\/shaliteink.com\/wp-content\/uploads\/2025\/08\/Plastisol-Ink-Fluorescent-Pink-768x680.jpeg 768w, https:\/\/shaliteink.com\/wp-content\/uploads\/2025\/08\/Plastisol-Ink-Fluorescent-Pink-14x12.jpeg 14w, https:\/\/shaliteink.com\/wp-content\/uploads\/2025\/08\/Plastisol-Ink-Fluorescent-Pink-150x133.jpeg 150w, https:\/\/shaliteink.com\/wp-content\/uploads\/2025\/08\/Plastisol-Ink-Fluorescent-Pink.jpeg 1192w\" sizes=\"(max-width: 300px) 100vw, 300px\" \/><\/p>\n<p>Nuestro <a href=\"https:\/\/shaliteink.com\/es\/categoria-producto\/tinta-plastisol-sin-pvc\/\"><strong>tinta plastisol sin PVC <\/strong><\/a>Cumple con los m\u00e1s altos est\u00e1ndares ambientales sin comprometer la calidad de impresi\u00f3n. Perfecta para imprimir en algod\u00f3n, poli\u00e9ster y telas combinadas, produce vibrantes tonos fluorescentes que resaltan en cualquier condici\u00f3n de iluminaci\u00f3n, haciendo que tus camisetas, maletas y art\u00edculos promocionales personalizados destaquen. Tanto si eres un aficionado que trabaja desde casa como si eres una marca de ropa independiente que ampl\u00eda su producci\u00f3n, esta tinta garantiza resultados consistentes en todo momento.<\/p>\n<h1>Caracter\u00edsticas principales:<\/h1>\n<ul>\n<li>Incre\u00edble rosa fluorescente: Disfruta de un color intenso y de alta opacidad con una resistencia excepcional al lavado y a la decoloraci\u00f3n. Destaca con impresiones que realmente brillan.<\/li>\n<li>Ecol\u00f3gico y seguro: esta tinta plastisol sin PVC no es t\u00f3xica, no contiene ftalatos y tiene poco olor: es segura para estudios familiares, aulas y espacios que admiten mascotas.<\/li>\n<li>Aplicaci\u00f3n suave: formulado para una textura suave y mantecosa, fluye f\u00e1cilmente a trav\u00e9s de la pantalla para lograr una cobertura uniforme y detalles n\u00edtidos, incluso para principiantes.<\/li>\n<li>Rendimiento vers\u00e1til en tejidos: ofrece resultados uniformes en algod\u00f3n, mezclas, poli\u00e9steres y m\u00e1s; perfecto para prendas de vestir, art\u00edculos promocionales y decoraci\u00f3n.<\/li>\n<li>Disponible en varios tama\u00f1os: comience con una muestra, abast\u00e9zcase para tiradas a granel o cree efectos especializados con confianza.<\/li>\n<\/ul>\n<p><img decoding=\"async\" class=\"alignnone size-medium wp-image-3567\" src=\"https:\/\/shaliteink.com\/wp-content\/uploads\/2025\/08\/Plastisol-Ink-Fluorescent-Pink-1-264x300.jpeg\" alt=\"Tinta plastisol rosa fluorescente\" width=\"264\" height=\"300\" srcset=\"https:\/\/shaliteink.com\/wp-content\/uploads\/2025\/08\/Plastisol-Ink-Fluorescent-Pink-1-264x300.jpeg 264w, https:\/\/shaliteink.com\/wp-content\/uploads\/2025\/08\/Plastisol-Ink-Fluorescent-Pink-1-900x1024.jpeg 900w, https:\/\/shaliteink.com\/wp-content\/uploads\/2025\/08\/Plastisol-Ink-Fluorescent-Pink-1-768x874.jpeg 768w, https:\/\/shaliteink.com\/wp-content\/uploads\/2025\/08\/Plastisol-Ink-Fluorescent-Pink-1-1350x1536.jpeg 1350w, https:\/\/shaliteink.com\/wp-content\/uploads\/2025\/08\/Plastisol-Ink-Fluorescent-Pink-1-11x12.jpeg 11w, https:\/\/shaliteink.com\/wp-content\/uploads\/2025\/08\/Plastisol-Ink-Fluorescent-Pink-1-1200x1365.jpeg 1200w, https:\/\/shaliteink.com\/wp-content\/uploads\/2025\/08\/Plastisol-Ink-Fluorescent-Pink-1-150x171.jpeg 150w, https:\/\/shaliteink.com\/wp-content\/uploads\/2025\/08\/Plastisol-Ink-Fluorescent-Pink-1.jpeg 1568w\" sizes=\"(max-width: 264px) 100vw, 264px\" \/><\/p>\n<p>&nbsp;<\/p>","protected":false},"excerpt":{"rendered":"<p>Tienda premium <strong data-start=\"3588\" data-end=\"3614\">Tinta plastisol sin PVC<\/strong> En rosa fluorescente para un uso seguro y vibrante. <strong data-start=\"3653\" data-end=\"3676\">tinta de serigraf\u00eda<\/strong> Proyectos. Perfecto para proyectos de bricolaje, lotes peque\u00f1os y necesidades de impresi\u00f3n ecol\u00f3gica.<\/p>","protected":false},"featured_media":3111,"comment_status":"open","ping_status":"closed","template":"","meta":[],"product_brand":[],"product_cat":[45],"product_tag":[],"class_list":{"0":"post-3052","1":"product","2":"type-product","3":"status-publish","4":"has-post-thumbnail","6":"product_cat-pvc-free-plastisol-ink","8":"first","9":"instock","10":"shipping-taxable","11":"purchasable","12":"product-type-variable"},"tiered_pricing_type":"fixed","tiered_pricing_fixed_rules":[],"tiered_pricing_product_settings":{"layout":"default","base_unit_name":{"singular":null,"plural":null},"default_variation":null},"tiered_pricing_minimum_quantity":null,"tiered_pricing_roles_data":[],"tiered_pricing_percentage_rules":[],"tiered_pricing_maximum_quantity":null,"tiered_pricing_quantity_step":null,"_links":{"self":[{"href":"https:\/\/shaliteink.com\/es\/wp-json\/wp\/v2\/product\/3052","targetHints":{"allow":["GET"]}}],"collection":[{"href":"https:\/\/shaliteink.com\/es\/wp-json\/wp\/v2\/product"}],"about":[{"href":"https:\/\/shaliteink.com\/es\/wp-json\/wp\/v2\/types\/product"}],"replies":[{"embeddable":true,"href":"https:\/\/shaliteink.com\/es\/wp-json\/wp\/v2\/comments?post=3052"}],"version-history":[{"count":0,"href":"https:\/\/shaliteink.com\/es\/wp-json\/wp\/v2\/product\/3052\/revisions"}],"wp:featuredmedia":[{"embeddable":true,"href":"https:\/\/shaliteink.com\/es\/wp-json\/wp\/v2\/media\/3111"}],"wp:attachment":[{"href":"https:\/\/shaliteink.com\/es\/wp-json\/wp\/v2\/media?parent=3052"}],"wp:term":[{"taxonomy":"product_brand","embeddable":true,"href":"https:\/\/shaliteink.com\/es\/wp-json\/wp\/v2\/product_brand?post=3052"},{"taxonomy":"product_cat","embeddable":true,"href":"https:\/\/shaliteink.com\/es\/wp-json\/wp\/v2\/product_cat?post=3052"},{"taxonomy":"product_tag","embeddable":true,"href":"https:\/\/shaliteink.com\/es\/wp-json\/wp\/v2\/product_tag?post=3052"}],"curies":[{"name":"wp","href":"https:\/\/api.w.org\/{rel}","templated":true}]}}