{"id":3046,"date":"2025-10-15T07:26:07","date_gmt":"2025-10-15T07:26:07","guid":{"rendered":"https:\/\/shaliteink.com\/?post_type=product&#038;p=3046"},"modified":"2025-12-10T11:31:43","modified_gmt":"2025-12-10T11:31:43","slug":"tinta-plastisol-sin-pvc-color-rojo-fluorescente-envio-rapido","status":"publish","type":"product","link":"https:\/\/shaliteink.com\/es\/producto\/tinta-plastisol-sin-pvc-color-rojo-fluorescente-envio-rapido\/","title":{"rendered":"Tinta plastisol sin PVC, roja fluorescente \u2013 Env\u00edo r\u00e1pido"},"content":{"rendered":"<p>Obtenga impresiones coloridas y atractivas sin comprometer la protecci\u00f3n ni el rendimiento general. Nuestras <strong><a href=\"https:\/\/shaliteink.com\/es\/categoria-producto\/tinta-plastisol-sin-pvc\/\">tinta plastisol sin PVC<\/a><\/strong> En Rojo Fluorescente, est\u00e1 dise\u00f1ada para creadores que buscan colores impactantes, materiales ecol\u00f3gicos y resultados consistentes. Ya sea que personalices camisetas para una tienda de Etsy, dirijas un sal\u00f3n de impresi\u00f3n para exhibiciones escolares o desarrolles una marca de estilo independiente, esta tinta te brindar\u00e1 el brillo y la confiabilidad que necesitas, \u00a1r\u00e1pidamente!.<\/p>\n<p><img decoding=\"async\" class=\"alignnone size-medium wp-image-3047\" src=\"https:\/\/shaliteink.com\/wp-content\/uploads\/2025\/08\/PVC-Free-Plastisol-Ink-Fluorescent-Red-241x300.jpeg\" alt=\"Tinta plastisol sin PVC roja fluorescente\" width=\"241\" height=\"300\" srcset=\"https:\/\/shaliteink.com\/wp-content\/uploads\/2025\/08\/PVC-Free-Plastisol-Ink-Fluorescent-Red-241x300.jpeg 241w, https:\/\/shaliteink.com\/wp-content\/uploads\/2025\/08\/PVC-Free-Plastisol-Ink-Fluorescent-Red-821x1024.jpeg 821w, https:\/\/shaliteink.com\/wp-content\/uploads\/2025\/08\/PVC-Free-Plastisol-Ink-Fluorescent-Red-768x957.jpeg 768w, https:\/\/shaliteink.com\/wp-content\/uploads\/2025\/08\/PVC-Free-Plastisol-Ink-Fluorescent-Red-1232x1536.jpeg 1232w, https:\/\/shaliteink.com\/wp-content\/uploads\/2025\/08\/PVC-Free-Plastisol-Ink-Fluorescent-Red-1643x2048.jpeg 1643w, https:\/\/shaliteink.com\/wp-content\/uploads\/2025\/08\/PVC-Free-Plastisol-Ink-Fluorescent-Red-10x12.jpeg 10w, https:\/\/shaliteink.com\/wp-content\/uploads\/2025\/08\/PVC-Free-Plastisol-Ink-Fluorescent-Red-1200x1496.jpeg 1200w, https:\/\/shaliteink.com\/wp-content\/uploads\/2025\/08\/PVC-Free-Plastisol-Ink-Fluorescent-Red-150x187.jpeg 150w\" sizes=\"(max-width: 241px) 100vw, 241px\" \/><\/p>\n<h1>Descripci\u00f3n del Producto<\/h1>\n<p>Este carmes\u00ed fluorescente <a href=\"https:\/\/shaliteink.com\/es\/categoria-producto\/tinta-plastisol\/\"><strong>tinta plastisol<\/strong><\/a> es parte del avance ecol\u00f3gico de Shaliteink <strong>tinta plastisol sin PVC<\/strong>\u00a0Serie. Est\u00e1 especialmente dise\u00f1ado para usarse en telas de algod\u00f3n y mezclas de algod\u00f3n, proporcionando una sensaci\u00f3n suave al tacto y un brillo ne\u00f3n de alta opacidad que resalta incluso en prendas oscuras. El sistema seca a bajas temperaturas (de 130 \u00b0C a 137 \u00b0C), lo que lo hace compatible con pistolas de calor dom\u00e9sticas y secadoras de baja potencia, ideal para estudios peque\u00f1os o instalaciones de bricolaje.<\/p>\n<p><a href=\"https:\/\/shaliteink.com\/es\/\"><strong>Shaliteink<\/strong><\/a> La tinta de serigraf\u00eda se fabrica directamente en nuestras instalaciones y cuenta con la certificaci\u00f3n OEKO-TEX, lo que garantiza una baja toxicidad y un olor m\u00ednimo. Es ideal para quienes buscan una tinta de serigraf\u00eda segura y de calidad profesional.<\/p>\n<p><img decoding=\"async\" class=\"alignnone size-medium wp-image-3570\" src=\"https:\/\/shaliteink.com\/wp-content\/uploads\/2025\/08\/Plastisol-Ink-Fluorescent-Red-1-278x300.jpeg\" alt=\" Tinta plastisol roja fluorescente \" width=\"278\" height=\"300\" srcset=\"https:\/\/shaliteink.com\/wp-content\/uploads\/2025\/08\/Plastisol-Ink-Fluorescent-Red-1-278x300.jpeg 278w, https:\/\/shaliteink.com\/wp-content\/uploads\/2025\/08\/Plastisol-Ink-Fluorescent-Red-1-949x1024.jpeg 949w, https:\/\/shaliteink.com\/wp-content\/uploads\/2025\/08\/Plastisol-Ink-Fluorescent-Red-1-768x829.jpeg 768w, https:\/\/shaliteink.com\/wp-content\/uploads\/2025\/08\/Plastisol-Ink-Fluorescent-Red-1-1424x1536.jpeg 1424w, https:\/\/shaliteink.com\/wp-content\/uploads\/2025\/08\/Plastisol-Ink-Fluorescent-Red-1-11x12.jpeg 11w, https:\/\/shaliteink.com\/wp-content\/uploads\/2025\/08\/Plastisol-Ink-Fluorescent-Red-1-1200x1295.jpeg 1200w, https:\/\/shaliteink.com\/wp-content\/uploads\/2025\/08\/Plastisol-Ink-Fluorescent-Red-1-150x162.jpeg 150w, https:\/\/shaliteink.com\/wp-content\/uploads\/2025\/08\/Plastisol-Ink-Fluorescent-Red-1.jpeg 1620w\" sizes=\"(max-width: 278px) 100vw, 278px\" \/><\/p>\n<h1>Caracter\u00edsticas principales:<\/h1>\n<ul>\n<li>F\u00f3rmula sin PVC: m\u00e1s segura para los usuarios, las prendas y el medio ambiente.<\/li>\n<li>Acabado rojo fluorescente brillante: alta visibilidad y vibrante intensidad.<\/li>\n<li>Bajo olor y no t\u00f3xico: adecuado para aulas, estudios en casa y espacios de trabajo cerrados.<\/li>\n<li>Sensaci\u00f3n suave: mantiene la comodidad de la tela despu\u00e9s del curado.<\/li>\n<li>Apto para tiradas cortas y grandes vol\u00famenes: funciona igual de bien para lotes peque\u00f1os de bricolaje o producci\u00f3n comercial<\/li>\n<\/ul>\n<h1>Instrucciones de curado:<\/h1>\n<p>Este <strong>Tinta plastisol sin PVC<\/strong> Cura r\u00e1pidamente a 135 \u00b0C\u2013149 \u00b0C (275 \u00b0F\u2013300 \u00b0F), lo que reduce significativamente los costos de energ\u00eda y el tiempo de producci\u00f3n. Compatible con unidades de curado instant\u00e1neo, secadoras de cinta transportadora e incluso fuentes de calor dom\u00e9sticas como prensas t\u00e9rmicas u hornos dom\u00e9sticos (con ventilaci\u00f3n adecuada). Pruebe siempre en el sustrato para confirmar resultados \u00f3ptimos.<\/p>","protected":false},"excerpt":{"rendered":"<p>Rojo fluorescente vibrante <strong data-start=\"3464\" data-end=\"3490\">Tinta plastisol sin PVC<\/strong> Para impresiones llamativas y ecol\u00f3gicas. Seguras y de secado r\u00e1pido. <strong data-start=\"3540\" data-end=\"3563\">Tinta de serigraf\u00eda<\/strong>. Ideal para ropa, bricolaje y merchandising.<\/p>","protected":false},"featured_media":3569,"comment_status":"open","ping_status":"closed","template":"","meta":[],"product_brand":[],"product_cat":[45],"product_tag":[],"class_list":{"0":"post-3046","1":"product","2":"type-product","3":"status-publish","4":"has-post-thumbnail","6":"product_cat-pvc-free-plastisol-ink","8":"first","9":"instock","10":"shipping-taxable","11":"purchasable","12":"product-type-variable"},"tiered_pricing_type":"fixed","tiered_pricing_fixed_rules":[],"tiered_pricing_product_settings":{"layout":"default","base_unit_name":{"singular":null,"plural":null},"default_variation":null},"tiered_pricing_minimum_quantity":null,"tiered_pricing_roles_data":[],"tiered_pricing_percentage_rules":[],"tiered_pricing_maximum_quantity":null,"tiered_pricing_quantity_step":null,"_links":{"self":[{"href":"https:\/\/shaliteink.com\/es\/wp-json\/wp\/v2\/product\/3046","targetHints":{"allow":["GET"]}}],"collection":[{"href":"https:\/\/shaliteink.com\/es\/wp-json\/wp\/v2\/product"}],"about":[{"href":"https:\/\/shaliteink.com\/es\/wp-json\/wp\/v2\/types\/product"}],"replies":[{"embeddable":true,"href":"https:\/\/shaliteink.com\/es\/wp-json\/wp\/v2\/comments?post=3046"}],"version-history":[{"count":0,"href":"https:\/\/shaliteink.com\/es\/wp-json\/wp\/v2\/product\/3046\/revisions"}],"wp:featuredmedia":[{"embeddable":true,"href":"https:\/\/shaliteink.com\/es\/wp-json\/wp\/v2\/media\/3569"}],"wp:attachment":[{"href":"https:\/\/shaliteink.com\/es\/wp-json\/wp\/v2\/media?parent=3046"}],"wp:term":[{"taxonomy":"product_brand","embeddable":true,"href":"https:\/\/shaliteink.com\/es\/wp-json\/wp\/v2\/product_brand?post=3046"},{"taxonomy":"product_cat","embeddable":true,"href":"https:\/\/shaliteink.com\/es\/wp-json\/wp\/v2\/product_cat?post=3046"},{"taxonomy":"product_tag","embeddable":true,"href":"https:\/\/shaliteink.com\/es\/wp-json\/wp\/v2\/product_tag?post=3046"}],"curies":[{"name":"wp","href":"https:\/\/api.w.org\/{rel}","templated":true}]}}