{"id":3040,"date":"2025-10-13T09:24:09","date_gmt":"2025-10-13T09:24:09","guid":{"rendered":"https:\/\/shaliteink.com\/?post_type=product&#038;p=3040"},"modified":"2025-12-10T11:32:01","modified_gmt":"2025-12-10T11:32:01","slug":"tinta-plastisol-sin-pvc-naranja-fluorescente-para-serigrafia","status":"publish","type":"product","link":"https:\/\/shaliteink.com\/es\/producto\/tinta-plastisol-sin-pvc-naranja-fluorescente-para-serigrafia\/","title":{"rendered":"Tinta plastisol sin PVC naranja fluorescente para serigraf\u00eda"},"content":{"rendered":"<p>Dale vida a tus dise\u00f1os con nuestro <strong>Tinta plastisol sin PVC<\/strong> Naranja Fluorescente: una soluci\u00f3n colorida y ecol\u00f3gica, ideal para los artistas de serigraf\u00eda de hoy. Tanto si personaliza camisetas en un peque\u00f1o estudio como si produce productos promocionales al por mayor, esta tinta plastisol suelta de PVC ofrece una coloraci\u00f3n de primera calidad y un rendimiento fiable sin comprometer la protecci\u00f3n ni la sostenibilidad.<\/p>\n<p><a href=\"https:\/\/shaliteink.com\/es\/\"><strong>Shaliteink<\/strong><\/a> El naranja fluorescente es parte de nuestro verde <a href=\"https:\/\/shaliteink.com\/es\/categoria-producto\/tinta-plastisol-sin-pvc\/\"><strong>tinta plastisol sin PVC<\/strong><\/a>, Desarrollado espec\u00edficamente para creadores que se preocupan por el planeta y sus impresiones. Libre de PVC y ftalatos peligrosos, es perfecto para escuelas, espacios de creaci\u00f3n, vendedores de Etsy, startups independientes de ropa y amantes de la impresi\u00f3n desde casa.<\/p>\n<p><img decoding=\"async\" class=\"alignnone wp-image-3042\" src=\"https:\/\/shaliteink.com\/wp-content\/uploads\/2025\/08\/PVC-Free-Plastisol-Ink-Fluorescent-Orange-1-256x300.jpeg\" alt=\"Tinta plastisol sin PVC naranja fluorescente\" width=\"218\" height=\"255\" srcset=\"https:\/\/shaliteink.com\/wp-content\/uploads\/2025\/08\/PVC-Free-Plastisol-Ink-Fluorescent-Orange-1-256x300.jpeg 256w, https:\/\/shaliteink.com\/wp-content\/uploads\/2025\/08\/PVC-Free-Plastisol-Ink-Fluorescent-Orange-1-874x1024.jpeg 874w, https:\/\/shaliteink.com\/wp-content\/uploads\/2025\/08\/PVC-Free-Plastisol-Ink-Fluorescent-Orange-1-768x900.jpeg 768w, https:\/\/shaliteink.com\/wp-content\/uploads\/2025\/08\/PVC-Free-Plastisol-Ink-Fluorescent-Orange-1-1311x1536.jpeg 1311w, https:\/\/shaliteink.com\/wp-content\/uploads\/2025\/08\/PVC-Free-Plastisol-Ink-Fluorescent-Orange-1-1748x2048.jpeg 1748w, https:\/\/shaliteink.com\/wp-content\/uploads\/2025\/08\/PVC-Free-Plastisol-Ink-Fluorescent-Orange-1-10x12.jpeg 10w, https:\/\/shaliteink.com\/wp-content\/uploads\/2025\/08\/PVC-Free-Plastisol-Ink-Fluorescent-Orange-1-1200x1406.jpeg 1200w, https:\/\/shaliteink.com\/wp-content\/uploads\/2025\/08\/PVC-Free-Plastisol-Ink-Fluorescent-Orange-1-150x176.jpeg 150w, https:\/\/shaliteink.com\/wp-content\/uploads\/2025\/08\/PVC-Free-Plastisol-Ink-Fluorescent-Orange-1.jpeg 1960w\" sizes=\"(max-width: 218px) 100vw, 218px\" \/><\/p>\n<h1>Caracter\u00edsticas principales:<\/h1>\n<ul>\n<li>F\u00f3rmula Eco-Consciente: Nuestro PVC libre <strong>tinta plastisol<\/strong> Est\u00e1 formulado sin PVC ni ftalatos, lo que lo hace seguro para aulas, entornos familiares y marcas ecol\u00f3gicas. Cumple con los est\u00e1ndares OEKO-TEX para su tranquilidad.<\/li>\n<li>Brillo fluorescente: este vibrante color naranja fluorescente brinda m\u00e1xima visibilidad e impacto, perfecto para retratos formidables, ropa infantil, ropa deportiva o piezas promocionales.<\/li>\n<li>Estampados suaves y flexibles: Producen una sensaci\u00f3n de suavidad sin sacrificar la firmeza ni la elasticidad. Ideal para tejidos de algod\u00f3n, mezclas de poli\u00e9ster y fibras mixtas.<\/li>\n<li>Listo para bricolaje y tiradas peque\u00f1as: disponible en tama\u00f1os como 4\u00d7100 ml, ideal para uso de prueba, impresi\u00f3n amateur o pedidos comerciales de tiradas cortas.<\/li>\n<\/ul>\n<p><img decoding=\"async\" class=\"alignnone size-medium wp-image-3572\" src=\"https:\/\/shaliteink.com\/wp-content\/uploads\/2025\/08\/Plastisol-Ink-Fluorescent-Orange-276x300.jpeg\" alt=\"Tinta plastisol naranja fluorescente\" width=\"276\" height=\"300\" srcset=\"https:\/\/shaliteink.com\/wp-content\/uploads\/2025\/08\/Plastisol-Ink-Fluorescent-Orange-276x300.jpeg 276w, https:\/\/shaliteink.com\/wp-content\/uploads\/2025\/08\/Plastisol-Ink-Fluorescent-Orange-941x1024.jpeg 941w, https:\/\/shaliteink.com\/wp-content\/uploads\/2025\/08\/Plastisol-Ink-Fluorescent-Orange-768x836.jpeg 768w, https:\/\/shaliteink.com\/wp-content\/uploads\/2025\/08\/Plastisol-Ink-Fluorescent-Orange-1411x1536.jpeg 1411w, https:\/\/shaliteink.com\/wp-content\/uploads\/2025\/08\/Plastisol-Ink-Fluorescent-Orange-11x12.jpeg 11w, https:\/\/shaliteink.com\/wp-content\/uploads\/2025\/08\/Plastisol-Ink-Fluorescent-Orange-1200x1306.jpeg 1200w, https:\/\/shaliteink.com\/wp-content\/uploads\/2025\/08\/Plastisol-Ink-Fluorescent-Orange-150x163.jpeg 150w, https:\/\/shaliteink.com\/wp-content\/uploads\/2025\/08\/Plastisol-Ink-Fluorescent-Orange.jpeg 1584w\" sizes=\"(max-width: 276px) 100vw, 276px\" \/><\/p>\n<h1>Instrucciones de curado:<\/h1>\n<p>Esta pantalla <a href=\"https:\/\/shaliteink.com\/es\/screen-printing-ink\/\"><strong>tinta de serigraf\u00eda<\/strong><\/a> Las opciones de tratamiento var\u00edan entre 135 \u00b0C y 149 \u00b0C (275 \u00b0F y 300 \u00b0F), lo que lo hace compatible con la mayor\u00eda de las pistolas de calor dom\u00e9sticas y secadores de cinta transportadora. Las temperaturas de curado m\u00e1s bajas ayudan a reducir el consumo de energ\u00eda y a limitar la contracci\u00f3n del material, una ventaja clave para clientes de bricolaje y peque\u00f1os comercios.<\/p>\n<p><strong>Para obtener resultados de primera clase:<\/strong><\/p>\n<ul>\n<li>Aseg\u00farese de realizar un tratamiento completo para evitar el lavado o el agrietamiento.<\/li>\n<li>Realice una prueba de estiramiento despu\u00e9s del enfriamiento para confirmar la adhesi\u00f3n adecuada.<\/li>\n<\/ul>","protected":false},"excerpt":{"rendered":"<p>Eco-seguro <strong data-start=\"3474\" data-end=\"3500\">Tinta plastisol sin PVC<\/strong> En un vibrante naranja fluorescente. Impresiones suaves, secado a baja temperatura y f\u00e1cil limpieza. Ideal para bricolaje, escuelas y marcas de ropa. \u00a1Compra ya!<\/p>","protected":false},"featured_media":3573,"comment_status":"open","ping_status":"closed","template":"","meta":[],"product_brand":[],"product_cat":[45],"product_tag":[],"class_list":{"0":"post-3040","1":"product","2":"type-product","3":"status-publish","4":"has-post-thumbnail","6":"product_cat-pvc-free-plastisol-ink","8":"first","9":"instock","10":"shipping-taxable","11":"purchasable","12":"product-type-variable"},"tiered_pricing_type":"fixed","tiered_pricing_fixed_rules":[],"tiered_pricing_product_settings":{"layout":"default","base_unit_name":{"singular":null,"plural":null},"default_variation":null},"tiered_pricing_minimum_quantity":null,"tiered_pricing_roles_data":[],"tiered_pricing_percentage_rules":[],"tiered_pricing_maximum_quantity":null,"tiered_pricing_quantity_step":null,"_links":{"self":[{"href":"https:\/\/shaliteink.com\/es\/wp-json\/wp\/v2\/product\/3040","targetHints":{"allow":["GET"]}}],"collection":[{"href":"https:\/\/shaliteink.com\/es\/wp-json\/wp\/v2\/product"}],"about":[{"href":"https:\/\/shaliteink.com\/es\/wp-json\/wp\/v2\/types\/product"}],"replies":[{"embeddable":true,"href":"https:\/\/shaliteink.com\/es\/wp-json\/wp\/v2\/comments?post=3040"}],"version-history":[{"count":0,"href":"https:\/\/shaliteink.com\/es\/wp-json\/wp\/v2\/product\/3040\/revisions"}],"wp:featuredmedia":[{"embeddable":true,"href":"https:\/\/shaliteink.com\/es\/wp-json\/wp\/v2\/media\/3573"}],"wp:attachment":[{"href":"https:\/\/shaliteink.com\/es\/wp-json\/wp\/v2\/media?parent=3040"}],"wp:term":[{"taxonomy":"product_brand","embeddable":true,"href":"https:\/\/shaliteink.com\/es\/wp-json\/wp\/v2\/product_brand?post=3040"},{"taxonomy":"product_cat","embeddable":true,"href":"https:\/\/shaliteink.com\/es\/wp-json\/wp\/v2\/product_cat?post=3040"},{"taxonomy":"product_tag","embeddable":true,"href":"https:\/\/shaliteink.com\/es\/wp-json\/wp\/v2\/product_tag?post=3040"}],"curies":[{"name":"wp","href":"https:\/\/api.w.org\/{rel}","templated":true}]}}