{"id":3034,"date":"2025-10-08T09:32:56","date_gmt":"2025-10-08T09:32:56","guid":{"rendered":"https:\/\/shaliteink.com\/?post_type=product&#038;p=3034"},"modified":"2025-12-10T11:31:42","modified_gmt":"2025-12-10T11:31:42","slug":"tinta-plastisol-sin-pvc-amarilla-fluorescente-perfecta-para-tela","status":"publish","type":"product","link":"https:\/\/shaliteink.com\/es\/producto\/tinta-plastisol-sin-pvc-amarilla-fluorescente-perfecta-para-tela\/","title":{"rendered":"Tinta plastisol sin PVC amarilla fluorescente: perfecta para telas"},"content":{"rendered":"<p>Brillante, audaz y ecol\u00f3gico: el <strong><a href=\"https:\/\/shaliteink.com\/es\/categoria-producto\/tinta-plastisol-sin-pvc\/\">Tinta plastisol sin PVC<\/a><\/strong> Amarillo fluorescente con la ayuda de <strong>Shaliteink<\/strong> Est\u00e1 dise\u00f1ada para creadores que exigen colores vibrantes e impresiones limpias sin comprometer la protecci\u00f3n ni la calidad. Esta tinta ofrece la misma durabilidad y facilidad de uso que la tinta plastisol tradicional, pero con un sistema sin PVC que satisface la creciente demanda de soluciones de impresi\u00f3n m\u00e1s seguras y ecol\u00f3gicas.<\/p>\n<p>Ya sea que sea un artesano de bricolaje que trabaja en camisetas personalizadas, un vendedor de Etsy que administra la fabricaci\u00f3n por lotes o un educador que busca materiales seguros para su clase, esta tinta de impresi\u00f3n de exhibici\u00f3n promete resultados consistentes, bajo olor y f\u00e1cil limpieza: paquete inteligente multifunci\u00f3n.<\/p>\n<p><img decoding=\"async\" class=\"alignnone size-medium wp-image-3577\" src=\"https:\/\/shaliteink.com\/wp-content\/uploads\/2025\/08\/Plastisol-Ink-Fluorescent-Yellow-2-294x300.jpeg\" alt=\"Tinta plastisol amarilla fluorescente\" width=\"294\" height=\"300\" srcset=\"https:\/\/shaliteink.com\/wp-content\/uploads\/2025\/08\/Plastisol-Ink-Fluorescent-Yellow-2-294x300.jpeg 294w, https:\/\/shaliteink.com\/wp-content\/uploads\/2025\/08\/Plastisol-Ink-Fluorescent-Yellow-2-1002x1024.jpeg 1002w, https:\/\/shaliteink.com\/wp-content\/uploads\/2025\/08\/Plastisol-Ink-Fluorescent-Yellow-2-768x785.jpeg 768w, https:\/\/shaliteink.com\/wp-content\/uploads\/2025\/08\/Plastisol-Ink-Fluorescent-Yellow-2-1503x1536.jpeg 1503w, https:\/\/shaliteink.com\/wp-content\/uploads\/2025\/08\/Plastisol-Ink-Fluorescent-Yellow-2-12x12.jpeg 12w, https:\/\/shaliteink.com\/wp-content\/uploads\/2025\/08\/Plastisol-Ink-Fluorescent-Yellow-2-1200x1227.jpeg 1200w, https:\/\/shaliteink.com\/wp-content\/uploads\/2025\/08\/Plastisol-Ink-Fluorescent-Yellow-2-150x153.jpeg 150w, https:\/\/shaliteink.com\/wp-content\/uploads\/2025\/08\/Plastisol-Ink-Fluorescent-Yellow-2.jpeg 1808w\" sizes=\"(max-width: 294px) 100vw, 294px\" \/><\/p>\n<h1>Caracter\u00edsticas del producto:<\/h1>\n<ul>\n<li>Color amarillo fluorescente: extremo llamativo de alta opacidad para dise\u00f1os destacados tanto en telas claras como oscuras.<\/li>\n<li>F\u00f3rmula ecol\u00f3gica: tinta plastisol sin PVC elaborada sin ftalatos ni aditivos peligrosos; m\u00e1s segura para la piel, los estudiantes y el uso dom\u00e9stico.<\/li>\n<li>Aplicaci\u00f3n suave: La consistencia cremosa se desliza sin dificultad a trav\u00e9s de las mallas sin secarse a mitad de la aplicaci\u00f3n.<\/li>\n<li>Compatibilidad con m\u00faltiples superficies: ideal para algod\u00f3n, mezclas de poli\u00e9ster y algod\u00f3n, lona y m\u00e1s.<\/li>\n<\/ul>\n<h1>Instrucciones de curado:<\/h1>\n<p>Este tratamiento de tinta funciona a baja temperatura, de 132 \u00b0C a 160 \u00b0C (270 \u00b0F a 320 \u00b0F), lo que lo hace ideal para estudios peque\u00f1os y entornos dom\u00e9sticos que utilizan pistolas de calor o secadoras dom\u00e9sticas. La baja temperatura de curado ayuda a evitar que la prenda se caliente y reduce el consumo de energ\u00eda, lo que beneficia la eficiencia y la seguridad.<\/p>\n<p><img decoding=\"async\" class=\"alignnone size-medium wp-image-3576\" src=\"https:\/\/shaliteink.com\/wp-content\/uploads\/2025\/08\/Plastisol-Ink-Fluorescent-Yellow-1-300x254.jpeg\" alt=\"Tinta plastisol amarilla fluorescente\" width=\"300\" height=\"254\" srcset=\"https:\/\/shaliteink.com\/wp-content\/uploads\/2025\/08\/Plastisol-Ink-Fluorescent-Yellow-1-300x254.jpeg 300w, https:\/\/shaliteink.com\/wp-content\/uploads\/2025\/08\/Plastisol-Ink-Fluorescent-Yellow-1-1024x868.jpeg 1024w, https:\/\/shaliteink.com\/wp-content\/uploads\/2025\/08\/Plastisol-Ink-Fluorescent-Yellow-1-768x651.jpeg 768w, https:\/\/shaliteink.com\/wp-content\/uploads\/2025\/08\/Plastisol-Ink-Fluorescent-Yellow-1-1536x1301.jpeg 1536w, https:\/\/shaliteink.com\/wp-content\/uploads\/2025\/08\/Plastisol-Ink-Fluorescent-Yellow-1-2048x1735.jpeg 2048w, https:\/\/shaliteink.com\/wp-content\/uploads\/2025\/08\/Plastisol-Ink-Fluorescent-Yellow-1-14x12.jpeg 14w, https:\/\/shaliteink.com\/wp-content\/uploads\/2025\/08\/Plastisol-Ink-Fluorescent-Yellow-1-1200x1017.jpeg 1200w, https:\/\/shaliteink.com\/wp-content\/uploads\/2025\/08\/Plastisol-Ink-Fluorescent-Yellow-1-150x127.jpeg 150w\" sizes=\"(max-width: 300px) 100vw, 300px\" \/><\/p>\n<h3 data-start=\"2621\" data-end=\"2651\"><strong data-start=\"2625\" data-end=\"2651\">\u00bfPor qu\u00e9 elegir Shaliteink?<\/strong><\/h3>\n<p data-start=\"2652\" data-end=\"2948\">Con m\u00e1s de 20 a\u00f1os de experiencia en fabricaci\u00f3n y alianzas globales, Shaliteink ofrece tintas de serigraf\u00eda de calidad profesional directamente de f\u00e1brica. <a href=\"https:\/\/shaliteink.com\/es\/\"><strong data-start=\"2818\" data-end=\"2844\">Tienda online de tinta plastisol sin PVC<\/strong><\/a>\u00a0Est\u00e1 dise\u00f1ado para brindar rendimiento, est\u00e1 certificado para garantizar la seguridad y cuenta con la confianza de miles de creadores en todo el mundo.<\/p>","protected":false},"excerpt":{"rendered":"<p>Compra tinta plastisol amarilla fluorescente sin PVC: tinta de serigraf\u00eda ecol\u00f3gica, de bajo olor y colores vibrantes. F\u00e1cil de curar y limpiar. Ideal para bricolaje y uso profesional.<\/p>","protected":false},"featured_media":3575,"comment_status":"open","ping_status":"closed","template":"","meta":[],"product_brand":[],"product_cat":[45],"product_tag":[],"class_list":{"0":"post-3034","1":"product","2":"type-product","3":"status-publish","4":"has-post-thumbnail","6":"product_cat-pvc-free-plastisol-ink","8":"first","9":"instock","10":"shipping-taxable","11":"purchasable","12":"product-type-variable"},"tiered_pricing_type":"fixed","tiered_pricing_fixed_rules":[],"tiered_pricing_product_settings":{"layout":"default","base_unit_name":{"singular":null,"plural":null},"default_variation":null},"tiered_pricing_minimum_quantity":null,"tiered_pricing_roles_data":[],"tiered_pricing_percentage_rules":[],"tiered_pricing_maximum_quantity":null,"tiered_pricing_quantity_step":null,"_links":{"self":[{"href":"https:\/\/shaliteink.com\/es\/wp-json\/wp\/v2\/product\/3034","targetHints":{"allow":["GET"]}}],"collection":[{"href":"https:\/\/shaliteink.com\/es\/wp-json\/wp\/v2\/product"}],"about":[{"href":"https:\/\/shaliteink.com\/es\/wp-json\/wp\/v2\/types\/product"}],"replies":[{"embeddable":true,"href":"https:\/\/shaliteink.com\/es\/wp-json\/wp\/v2\/comments?post=3034"}],"version-history":[{"count":0,"href":"https:\/\/shaliteink.com\/es\/wp-json\/wp\/v2\/product\/3034\/revisions"}],"wp:featuredmedia":[{"embeddable":true,"href":"https:\/\/shaliteink.com\/es\/wp-json\/wp\/v2\/media\/3575"}],"wp:attachment":[{"href":"https:\/\/shaliteink.com\/es\/wp-json\/wp\/v2\/media?parent=3034"}],"wp:term":[{"taxonomy":"product_brand","embeddable":true,"href":"https:\/\/shaliteink.com\/es\/wp-json\/wp\/v2\/product_brand?post=3034"},{"taxonomy":"product_cat","embeddable":true,"href":"https:\/\/shaliteink.com\/es\/wp-json\/wp\/v2\/product_cat?post=3034"},{"taxonomy":"product_tag","embeddable":true,"href":"https:\/\/shaliteink.com\/es\/wp-json\/wp\/v2\/product_tag?post=3034"}],"curies":[{"name":"wp","href":"https:\/\/api.w.org\/{rel}","templated":true}]}}