{"id":3027,"date":"2025-10-08T09:10:45","date_gmt":"2025-10-08T09:10:45","guid":{"rendered":"https:\/\/shaliteink.com\/?post_type=product&#038;p=3027"},"modified":"2025-12-10T11:31:29","modified_gmt":"2025-12-10T11:31:29","slug":"tinta-plastisol-azul-fluorescente-sin-pvc-pidala-hoy","status":"publish","type":"product","link":"https:\/\/shaliteink.com\/es\/producto\/tinta-plastisol-azul-fluorescente-sin-pvc-pidala-hoy\/","title":{"rendered":"Tinta plastisol azul fluorescente sin PVC \u2013 \u00a1P\u00eddela hoy!"},"content":{"rendered":"<p>Dale vida a tus impresiones con la v\u00edvida vitalidad de nuestro <strong><a href=\"https:\/\/shaliteink.com\/es\/categoria-producto\/tinta-plastisol-sin-pvc\/\">Tinta plastisol sin PVC<\/a><\/strong> En azul fluorescente. Especialmente formulado para profesionales y aficionados al bricolaje. <strong>serigraf\u00eda<\/strong> Esta tinta ofrece un acabado brillante y de alta opacidad, cumpliendo con estrictos est\u00e1ndares ambientales. Tanto si eres un experto en tintas para serigraf\u00eda como si eres un escritor principiante.<span class=\"wrapper\">, el<\/span>Su f\u00f3rmula ecol\u00f3gica garantiza que sus dise\u00f1os resalten en cualquier tejido.<\/p>\n<p><img decoding=\"async\" class=\"alignnone size-medium wp-image-3581\" src=\"https:\/\/shaliteink.com\/wp-content\/uploads\/2025\/08\/Plastisol-Ink-Fluorescent-Blue-2-300x292.jpeg\" alt=\"Tinta plastisol azul fluorescente\" width=\"300\" height=\"292\" srcset=\"https:\/\/shaliteink.com\/wp-content\/uploads\/2025\/08\/Plastisol-Ink-Fluorescent-Blue-2-300x292.jpeg 300w, https:\/\/shaliteink.com\/wp-content\/uploads\/2025\/08\/Plastisol-Ink-Fluorescent-Blue-2-1024x995.jpeg 1024w, https:\/\/shaliteink.com\/wp-content\/uploads\/2025\/08\/Plastisol-Ink-Fluorescent-Blue-2-768x747.jpeg 768w, https:\/\/shaliteink.com\/wp-content\/uploads\/2025\/08\/Plastisol-Ink-Fluorescent-Blue-2-1536x1493.jpeg 1536w, https:\/\/shaliteink.com\/wp-content\/uploads\/2025\/08\/Plastisol-Ink-Fluorescent-Blue-2-2048x1991.jpeg 2048w, https:\/\/shaliteink.com\/wp-content\/uploads\/2025\/08\/Plastisol-Ink-Fluorescent-Blue-2-12x12.jpeg 12w, https:\/\/shaliteink.com\/wp-content\/uploads\/2025\/08\/Plastisol-Ink-Fluorescent-Blue-2-1200x1167.jpeg 1200w, https:\/\/shaliteink.com\/wp-content\/uploads\/2025\/08\/Plastisol-Ink-Fluorescent-Blue-2-150x146.jpeg 150w\" sizes=\"(max-width: 300px) 100vw, 300px\" \/><\/p>\n<h1>Descripci\u00f3n del Producto<\/h1>\n<p>Nuestro <a href=\"https:\/\/shaliteink.com\/es\/\"><strong>Tienda online de tinta plastisol sin PVC<\/strong><\/a> Ofrece tonos azules intensos y fluorescentes que resaltan tanto en prendas claras como oscuras. Dise\u00f1ado sin <span class=\"wrapper\">PVC o <\/span>Sin ftalatos, es m\u00e1s seguro para usted, su espacio de trabajo y el entorno, lo que lo convierte en una opci\u00f3n predilecta para escuelas, espacios de creaci\u00f3n y marcas de ropa ecol\u00f3gicas. Su consistencia cremosa permite una f\u00e1cil aplicaci\u00f3n a trav\u00e9s de mallas finas o gruesas, brindando informaci\u00f3n n\u00edtida y definida en cada impresi\u00f3n.<\/p>\n<h1>Caracter\u00edsticas principales:<\/h1>\n<ul>\n<li><span class=\"wrapper\">Sin PVC<\/span> &amp; Ecol\u00f3gico: cumple con los est\u00e1ndares de seguridad OEKO-TEX\u00ae y CPSIA.<\/li>\n<li>Color azul fluorescente brillante: alta opacidad para impresiones vibrantes en una variedad de telas.<\/li>\n<li>Rendimiento de impresi\u00f3n suave: funciona con prensas manuales y autom\u00e1ticas.<\/li>\n<li>F\u00f3rmula de bajo olor: ideal para estudios en casa y aulas.<\/li>\n<li>Uso vers\u00e1til: perfecto para camisetas, bolsos, sudaderas con capucha, decoraci\u00f3n del hogar y m\u00e1s.<\/li>\n<\/ul>\n<p><img decoding=\"async\" class=\"alignnone size-medium wp-image-3580\" src=\"https:\/\/shaliteink.com\/wp-content\/uploads\/2025\/08\/Plastisol-Ink-Fluorescent-Blue-1-284x300.jpeg\" alt=\"Tinta plastisol azul fluorescente\" width=\"284\" height=\"300\" srcset=\"https:\/\/shaliteink.com\/wp-content\/uploads\/2025\/08\/Plastisol-Ink-Fluorescent-Blue-1-284x300.jpeg 284w, https:\/\/shaliteink.com\/wp-content\/uploads\/2025\/08\/Plastisol-Ink-Fluorescent-Blue-1-968x1024.jpeg 968w, https:\/\/shaliteink.com\/wp-content\/uploads\/2025\/08\/Plastisol-Ink-Fluorescent-Blue-1-768x813.jpeg 768w, https:\/\/shaliteink.com\/wp-content\/uploads\/2025\/08\/Plastisol-Ink-Fluorescent-Blue-1-1452x1536.jpeg 1452w, https:\/\/shaliteink.com\/wp-content\/uploads\/2025\/08\/Plastisol-Ink-Fluorescent-Blue-1-11x12.jpeg 11w, https:\/\/shaliteink.com\/wp-content\/uploads\/2025\/08\/Plastisol-Ink-Fluorescent-Blue-1-1200x1270.jpeg 1200w, https:\/\/shaliteink.com\/wp-content\/uploads\/2025\/08\/Plastisol-Ink-Fluorescent-Blue-1-150x159.jpeg 150w, https:\/\/shaliteink.com\/wp-content\/uploads\/2025\/08\/Plastisol-Ink-Fluorescent-Blue-1.jpeg 1656w\" sizes=\"(max-width: 284px) 100vw, 284px\" \/><\/p>\n<h1>Instrucciones de curado:<\/h1>\n<p>Esta tinta plastisol sin PVC cura r\u00e1pidamente a una temperatura de 132 \u00b0C a 160 \u00b0C (270 \u00b0F\u2013320 \u00b0F), lo que la hace compatible con secadores flash, secadores de cinta transportadora e incluso prensas t\u00e9rmicas. Para obtener los mejores resultados, aseg\u00farese de que la pel\u00edcula de tinta alcance la temperatura de curado completa para garantizar la durabilidad del lavado.<\/p>","protected":false},"excerpt":{"rendered":"<p>Ecol\u00f3gico <strong data-start=\"2810\" data-end=\"2836\">Tinta plastisol sin PVC<\/strong> En azul fluorescente para estampados llamativos y vibrantes. Ideal para proyectos de bricolaje, marcas de ropa y profesionales. Secado r\u00e1pido y f\u00e1cil limpieza.<\/p>","protected":false},"featured_media":3579,"comment_status":"open","ping_status":"closed","template":"","meta":[],"product_brand":[],"product_cat":[45],"product_tag":[],"class_list":{"0":"post-3027","1":"product","2":"type-product","3":"status-publish","4":"has-post-thumbnail","6":"product_cat-pvc-free-plastisol-ink","8":"first","9":"instock","10":"shipping-taxable","11":"purchasable","12":"product-type-variable"},"tiered_pricing_type":"fixed","tiered_pricing_fixed_rules":[],"tiered_pricing_product_settings":{"layout":"default","base_unit_name":{"singular":null,"plural":null},"default_variation":null},"tiered_pricing_minimum_quantity":null,"tiered_pricing_roles_data":[],"tiered_pricing_percentage_rules":[],"tiered_pricing_maximum_quantity":null,"tiered_pricing_quantity_step":null,"_links":{"self":[{"href":"https:\/\/shaliteink.com\/es\/wp-json\/wp\/v2\/product\/3027","targetHints":{"allow":["GET"]}}],"collection":[{"href":"https:\/\/shaliteink.com\/es\/wp-json\/wp\/v2\/product"}],"about":[{"href":"https:\/\/shaliteink.com\/es\/wp-json\/wp\/v2\/types\/product"}],"replies":[{"embeddable":true,"href":"https:\/\/shaliteink.com\/es\/wp-json\/wp\/v2\/comments?post=3027"}],"version-history":[{"count":0,"href":"https:\/\/shaliteink.com\/es\/wp-json\/wp\/v2\/product\/3027\/revisions"}],"wp:featuredmedia":[{"embeddable":true,"href":"https:\/\/shaliteink.com\/es\/wp-json\/wp\/v2\/media\/3579"}],"wp:attachment":[{"href":"https:\/\/shaliteink.com\/es\/wp-json\/wp\/v2\/media?parent=3027"}],"wp:term":[{"taxonomy":"product_brand","embeddable":true,"href":"https:\/\/shaliteink.com\/es\/wp-json\/wp\/v2\/product_brand?post=3027"},{"taxonomy":"product_cat","embeddable":true,"href":"https:\/\/shaliteink.com\/es\/wp-json\/wp\/v2\/product_cat?post=3027"},{"taxonomy":"product_tag","embeddable":true,"href":"https:\/\/shaliteink.com\/es\/wp-json\/wp\/v2\/product_tag?post=3027"}],"curies":[{"name":"wp","href":"https:\/\/api.w.org\/{rel}","templated":true}]}}