{"id":3021,"date":"2025-10-08T09:06:38","date_gmt":"2025-10-08T09:06:38","guid":{"rendered":"https:\/\/shaliteink.com\/?post_type=product&#038;p=3021"},"modified":"2025-12-10T11:30:29","modified_gmt":"2025-12-10T11:30:29","slug":"tinta-plastisol-sin-pvc-de-color-rojo-violaceo-compre-tinta-de-impresion-no-toxica","status":"publish","type":"product","link":"https:\/\/shaliteink.com\/es\/producto\/tinta-plastisol-sin-pvc-de-color-rojo-violaceo-compre-tinta-de-impresion-no-toxica\/","title":{"rendered":"Tinta plastisol sin PVC color rojo viol\u00e1ceo | Comprar tinta de impresi\u00f3n no t\u00f3xica"},"content":{"rendered":"<p>Haz realidad tus ideas m\u00e1s atrevidas con Shaliteink <strong><a href=\"https:\/\/shaliteink.com\/es\/categoria-producto\/tinta-plastisol-sin-pvc\/\">Tinta plastisol sin PVC<\/a><\/strong> En rojo viol\u00e1ceo: una exhibici\u00f3n no t\u00f3xica de calidad experta <a href=\"https:\/\/shaliteink.com\/es\/screen-printing-ink\/\"><strong>tinta de serigraf\u00eda<\/strong><\/a> Dise\u00f1ada para impresiones coloridas y duraderas en algod\u00f3n, mezclas y otros textiles. Especialmente formulada para creadores que exigen un rendimiento ecol\u00f3gico sin sacrificar la calidad, esta tinta ofrece un intenso tono rojo viol\u00e1ceo con una opacidad extraordinaria y una consistencia suave.<\/p>\n<p>Ya sea que seas un artesano que personaliza camisetas en casa, un comerciante de Etsy que produce ropa en lotes peque\u00f1os o un estudiante que realiza un taller de impresi\u00f3n pr\u00e1ctica en pantalla, este <strong>Tinta plastisol sin PVC<\/strong>\u00a0Facilita la impresi\u00f3n con total seguridad. Compatible con los monitores de malla, rasquetas y secadores flash preferidos, se integra a la perfecci\u00f3n en su configuraci\u00f3n actual, sin necesidad de realizar modificaciones esenciales en los dispositivos.<\/p>\n<p><img decoding=\"async\" class=\"alignnone size-medium wp-image-3023\" src=\"https:\/\/shaliteink.com\/wp-content\/uploads\/2025\/08\/PVC-Free-Plastisol-Ink-Purplish-Red-1-235x300.jpeg\" alt=\"Tinta plastisol sin PVC de color rojo viol\u00e1ceo\" width=\"235\" height=\"300\" srcset=\"https:\/\/shaliteink.com\/wp-content\/uploads\/2025\/08\/PVC-Free-Plastisol-Ink-Purplish-Red-1-235x300.jpeg 235w, https:\/\/shaliteink.com\/wp-content\/uploads\/2025\/08\/PVC-Free-Plastisol-Ink-Purplish-Red-1-803x1024.jpeg 803w, https:\/\/shaliteink.com\/wp-content\/uploads\/2025\/08\/PVC-Free-Plastisol-Ink-Purplish-Red-1-768x980.jpeg 768w, https:\/\/shaliteink.com\/wp-content\/uploads\/2025\/08\/PVC-Free-Plastisol-Ink-Purplish-Red-1-1204x1536.jpeg 1204w, https:\/\/shaliteink.com\/wp-content\/uploads\/2025\/08\/PVC-Free-Plastisol-Ink-Purplish-Red-1-1605x2048.jpeg 1605w, https:\/\/shaliteink.com\/wp-content\/uploads\/2025\/08\/PVC-Free-Plastisol-Ink-Purplish-Red-1-9x12.jpeg 9w, https:\/\/shaliteink.com\/wp-content\/uploads\/2025\/08\/PVC-Free-Plastisol-Ink-Purplish-Red-1-1200x1531.jpeg 1200w, https:\/\/shaliteink.com\/wp-content\/uploads\/2025\/08\/PVC-Free-Plastisol-Ink-Purplish-Red-1-150x191.jpeg 150w, https:\/\/shaliteink.com\/wp-content\/uploads\/2025\/08\/PVC-Free-Plastisol-Ink-Purplish-Red-1.jpeg 1812w\" sizes=\"(max-width: 235px) 100vw, 235px\" \/><\/p>\n<h1>Caracter\u00edsticas principales:<\/h1>\n<ul>\n<li>Ecol\u00f3gico y no t\u00f3xico: Libre de ftalatos y PVC, lo que lo hace m\u00e1s seguro tanto para los usuarios como para el medio ambiente. Ideal para uso dom\u00e9stico, escolar y estudios creativos.<\/li>\n<li>Pigmentos de alta opacidad: La f\u00f3rmula de color rojo viol\u00e1ceo ofrece una cobertura brillante y saturada en prendas claras y oscuras.<\/li>\n<li>Textura suave y cremosa: m\u00e1s f\u00e1cil de imprimir tanto para principiantes como para profesionales; minimiza las obstrucciones y el arrastre en las pantallas.<\/li>\n<li>Bajo olor: c\u00f3modo para uso en interiores, incluso en espacios peque\u00f1os.<\/li>\n<li>Compatibilidad vers\u00e1til: funciona con algod\u00f3n, mezclas de polialgod\u00f3n y la mayor\u00eda de los tipos de mallas de pantalla.<\/li>\n<\/ul>\n<h1>Curado y lavabilidad:<\/h1>\n<p>Este <strong>Tinta plastisol sin PVC<\/strong> Se cura mejor a una temperatura de 149 \u00b0C a 160 \u00b0C (300 \u00b0F a 320 \u00b0F), ideal para usar con secadores instant\u00e1neos, secadores de cinta transportadora o incluso pistolas de calor dom\u00e9sticas. Una vez curadas correctamente, las impresiones son duraderas, resistentes a las grietas y soportan lavados repetidos. Para aficionados y peque\u00f1as empresas, esto garantiza la longevidad del producto sin invertir en equipos industriales.<\/p>\n<p><img decoding=\"async\" class=\"alignnone size-medium wp-image-3024\" src=\"https:\/\/shaliteink.com\/wp-content\/uploads\/2025\/08\/PVC-Free-Plastisol-Ink-Purplish-Red-2-300x251.jpeg\" alt=\"Tinta plastisol sin PVC de color rojo viol\u00e1ceo\" width=\"300\" height=\"251\" srcset=\"https:\/\/shaliteink.com\/wp-content\/uploads\/2025\/08\/PVC-Free-Plastisol-Ink-Purplish-Red-2-300x251.jpeg 300w, https:\/\/shaliteink.com\/wp-content\/uploads\/2025\/08\/PVC-Free-Plastisol-Ink-Purplish-Red-2-1024x858.jpeg 1024w, https:\/\/shaliteink.com\/wp-content\/uploads\/2025\/08\/PVC-Free-Plastisol-Ink-Purplish-Red-2-768x643.jpeg 768w, https:\/\/shaliteink.com\/wp-content\/uploads\/2025\/08\/PVC-Free-Plastisol-Ink-Purplish-Red-2-1536x1286.jpeg 1536w, https:\/\/shaliteink.com\/wp-content\/uploads\/2025\/08\/PVC-Free-Plastisol-Ink-Purplish-Red-2-2048x1715.jpeg 2048w, https:\/\/shaliteink.com\/wp-content\/uploads\/2025\/08\/PVC-Free-Plastisol-Ink-Purplish-Red-2-14x12.jpeg 14w, https:\/\/shaliteink.com\/wp-content\/uploads\/2025\/08\/PVC-Free-Plastisol-Ink-Purplish-Red-2-1200x1005.jpeg 1200w, https:\/\/shaliteink.com\/wp-content\/uploads\/2025\/08\/PVC-Free-Plastisol-Ink-Purplish-Red-2-150x126.jpeg 150w\" sizes=\"(max-width: 300px) 100vw, 300px\" \/><\/p>\n<p>&nbsp;<\/p>","protected":false},"excerpt":{"rendered":"<p>Haga realidad sus ideas m\u00e1s audaces con la tinta plastisol sin PVC Shaliteink en rojo viol\u00e1ceo, una tinta para serigraf\u00eda no t\u00f3xica y de calidad profesional.<\/p>","protected":false},"featured_media":3583,"comment_status":"open","ping_status":"closed","template":"","meta":[],"product_brand":[],"product_cat":[45],"product_tag":[],"class_list":{"0":"post-3021","1":"product","2":"type-product","3":"status-publish","4":"has-post-thumbnail","6":"product_cat-pvc-free-plastisol-ink","8":"first","9":"instock","10":"shipping-taxable","11":"purchasable","12":"product-type-variable"},"tiered_pricing_type":"fixed","tiered_pricing_fixed_rules":[],"tiered_pricing_product_settings":{"layout":"default","base_unit_name":{"singular":null,"plural":null},"default_variation":null},"tiered_pricing_minimum_quantity":null,"tiered_pricing_roles_data":[],"tiered_pricing_percentage_rules":[],"tiered_pricing_maximum_quantity":null,"tiered_pricing_quantity_step":null,"_links":{"self":[{"href":"https:\/\/shaliteink.com\/es\/wp-json\/wp\/v2\/product\/3021","targetHints":{"allow":["GET"]}}],"collection":[{"href":"https:\/\/shaliteink.com\/es\/wp-json\/wp\/v2\/product"}],"about":[{"href":"https:\/\/shaliteink.com\/es\/wp-json\/wp\/v2\/types\/product"}],"replies":[{"embeddable":true,"href":"https:\/\/shaliteink.com\/es\/wp-json\/wp\/v2\/comments?post=3021"}],"version-history":[{"count":0,"href":"https:\/\/shaliteink.com\/es\/wp-json\/wp\/v2\/product\/3021\/revisions"}],"wp:featuredmedia":[{"embeddable":true,"href":"https:\/\/shaliteink.com\/es\/wp-json\/wp\/v2\/media\/3583"}],"wp:attachment":[{"href":"https:\/\/shaliteink.com\/es\/wp-json\/wp\/v2\/media?parent=3021"}],"wp:term":[{"taxonomy":"product_brand","embeddable":true,"href":"https:\/\/shaliteink.com\/es\/wp-json\/wp\/v2\/product_brand?post=3021"},{"taxonomy":"product_cat","embeddable":true,"href":"https:\/\/shaliteink.com\/es\/wp-json\/wp\/v2\/product_cat?post=3021"},{"taxonomy":"product_tag","embeddable":true,"href":"https:\/\/shaliteink.com\/es\/wp-json\/wp\/v2\/product_tag?post=3021"}],"curies":[{"name":"wp","href":"https:\/\/api.w.org\/{rel}","templated":true}]}}