{"id":3015,"date":"2025-10-08T08:54:25","date_gmt":"2025-10-08T08:54:25","guid":{"rendered":"https:\/\/shaliteink.com\/?post_type=product&#038;p=3015"},"modified":"2025-12-10T11:29:53","modified_gmt":"2025-12-10T11:29:53","slug":"tinta-plastisol-sin-pvc-color-rosa-tinta-de-impresion-no-toxica","status":"publish","type":"product","link":"https:\/\/shaliteink.com\/es\/producto\/tinta-plastisol-sin-pvc-color-rosa-tinta-de-impresion-no-toxica\/","title":{"rendered":"Tinta plastisol rosa sin PVC \u2013 Compre tinta de impresi\u00f3n no t\u00f3xica"},"content":{"rendered":"<p><a href=\"https:\/\/shaliteink.com\/es\/\"><span class=\"wrapper\"><strong>Shaliteink<\/strong> <strong>Tinta plastisol sin PVC <\/strong><\/span><\/a>Ofrece una vibrante <a href=\"https:\/\/shaliteink.com\/es\/screen-printing-ink\/\"><strong>tinta de serigraf\u00eda<\/strong><\/a> Formulado para una impresi\u00f3n segura y creativa. Dise\u00f1ado para cumplir<span class=\"wrapper\">t ri<\/span>Canta la demanda de los artesanos del bricolaje, Etsy <span class=\"wrapper\">&amp;<\/span>y; y; Shopify s<span class=\"wrapper\">ellers, mini\u2011<\/span>Estudios, espacios de creaci\u00f3n, marcas de ropa independientes y entusiastas de la decoraci\u00f3n del hogar.<span class=\"wrapper\">ts, nuestro <\/span><a href=\"https:\/\/shaliteink.com\/es\/categoria-producto\/tinta-plastisol-sin-pvc\/\"><strong>Tinta plastisol rosa sin PVC<\/strong><\/a> Combina calidad premium<span class=\"wrapper\">ty con eco\u2011<\/span>Seguridad amigable. Con dos dec<span class=\"wrapper\">ades de directo<\/span>-experiencia en fabricaci\u00f3n en f\u00e1brica y asociaciones con marcas mundiales l\u00edderes, <strong>Shaliteink<\/strong> ofrece v inmejorable<span class=\"wrapper\">valor en sma<\/span>Formatos de lotes y kits <span class=\"wrapper\">semejante <\/span>como 4\u00d7100 ml.<\/p>\n<p>Esta serigraf\u00eda <span class=\"wrapper\">La tinta no es t\u00f3xica, P<\/span>VC de<span class=\"wrapper\">ee y no ph<\/span>talato, haci\u00e9ndolo id<span class=\"wrapper\">Oferta para T<\/span>-camisetas, bolsas de lona, almohadas y m\u00e1s. El <span class=\"wrapper\">cremoso, <\/span>La f\u00f3rmula de bajo cuerpo se extiende f\u00e1cilmente a trav\u00e9s de las mallas, lo que da como resultado impresiones opacas y suaves con un tacto suave, como <span class=\"wrapper\">de primera calidad<\/span> Gamas Sollyd\u2122 y Rapid Cure. Curado a baja temperatura. <span class=\"wrapper\">(alrededor de 260\u2013<\/span>270 \u00b0F), evita quemar las prendas y funciona con pistolas de calor dom\u00e9sticas o secadoras instant\u00e1neas, sin comerciales.<span class=\"wrapper\">transportador<\/span>r necesario.<\/p>\n<p><img decoding=\"async\" class=\"alignnone size-medium wp-image-3585\" src=\"https:\/\/shaliteink.com\/wp-content\/uploads\/2025\/08\/PVC-Free-Plastisol-Ink-Pink-2-274x300.jpeg\" alt=\"Tinta plastisol rosa sin PVC\" width=\"274\" height=\"300\" srcset=\"https:\/\/shaliteink.com\/wp-content\/uploads\/2025\/08\/PVC-Free-Plastisol-Ink-Pink-2-274x300.jpeg 274w, https:\/\/shaliteink.com\/wp-content\/uploads\/2025\/08\/PVC-Free-Plastisol-Ink-Pink-2-934x1024.jpeg 934w, https:\/\/shaliteink.com\/wp-content\/uploads\/2025\/08\/PVC-Free-Plastisol-Ink-Pink-2-768x842.jpeg 768w, https:\/\/shaliteink.com\/wp-content\/uploads\/2025\/08\/PVC-Free-Plastisol-Ink-Pink-2-1402x1536.jpeg 1402w, https:\/\/shaliteink.com\/wp-content\/uploads\/2025\/08\/PVC-Free-Plastisol-Ink-Pink-2-1869x2048.jpeg 1869w, https:\/\/shaliteink.com\/wp-content\/uploads\/2025\/08\/PVC-Free-Plastisol-Ink-Pink-2-11x12.jpeg 11w, https:\/\/shaliteink.com\/wp-content\/uploads\/2025\/08\/PVC-Free-Plastisol-Ink-Pink-2-1200x1315.jpeg 1200w, https:\/\/shaliteink.com\/wp-content\/uploads\/2025\/08\/PVC-Free-Plastisol-Ink-Pink-2-150x164.jpeg 150w\" sizes=\"(max-width: 274px) 100vw, 274px\" \/><\/p>\n<h1>Caracter\u00edsticas principales:<\/h1>\n<ul>\n<li><strong>Tinta plastisol sin PVC<\/strong>, F\u00f3rmula no t\u00f3xica y sin ftalatos: f\u00e1cil de usar para creadores en casa o en las escuelas.<\/li>\n<li>Se cura a baja temperatura (~27 \u00b0F), compatible con pistola de calor dom\u00e9stica o secadora, lo que reduce el riesgo de las prendas y el uso de energ\u00eda.<\/li>\n<li>Pigmento rosa intenso y opaco: brillante y llamativo en telas oscuras o claras.<\/li>\n<li>Cremoso, de viscosidad de cuerpo corto: f\u00e1cil de inundar y limpiar, ideal tanto para principiantes como para impresi\u00f3n de alta velocidad.;<\/li>\n<li>Sensaci\u00f3n suave al tacto despu\u00e9s del curado, que ofrece un acabado profesional incluso en proyectos de lotes peque\u00f1os o de bricolaje.<\/li>\n<li>Compatible con sistemas de mezcla para combinaci\u00f3n de colores personalizada y recetas repetibles.<\/li>\n<\/ul>\n<h1>Limpieza y almacenamiento:<\/h1>\n<p>La limpieza es sencilla: al finalizar la impresi\u00f3n, utilice un limpiador de prensa o un degradador de tinta. Las pantallas y las herramientas se limpian f\u00e1cilmente gracias a su f\u00f3rmula que no reseca. Almacenar a temperatura ambiente (18-32 \u00b0C), alejado de la luz solar directa. Usar en el plazo de un a\u00f1o desde el env\u00edo para un rendimiento \u00f3ptimo.<\/p>\n<p><img decoding=\"async\" class=\"alignnone size-medium wp-image-3018\" src=\"https:\/\/shaliteink.com\/wp-content\/uploads\/2025\/08\/PVC-Free-Plastisol-Ink-Pink-248x300.jpeg\" alt=\"Tinta plastisol rosa sin PVC\" width=\"248\" height=\"300\" srcset=\"https:\/\/shaliteink.com\/wp-content\/uploads\/2025\/08\/PVC-Free-Plastisol-Ink-Pink-248x300.jpeg 248w, https:\/\/shaliteink.com\/wp-content\/uploads\/2025\/08\/PVC-Free-Plastisol-Ink-Pink-848x1024.jpeg 848w, https:\/\/shaliteink.com\/wp-content\/uploads\/2025\/08\/PVC-Free-Plastisol-Ink-Pink-768x927.jpeg 768w, https:\/\/shaliteink.com\/wp-content\/uploads\/2025\/08\/PVC-Free-Plastisol-Ink-Pink-1272x1536.jpeg 1272w, https:\/\/shaliteink.com\/wp-content\/uploads\/2025\/08\/PVC-Free-Plastisol-Ink-Pink-10x12.jpeg 10w, https:\/\/shaliteink.com\/wp-content\/uploads\/2025\/08\/PVC-Free-Plastisol-Ink-Pink-1200x1449.jpeg 1200w, https:\/\/shaliteink.com\/wp-content\/uploads\/2025\/08\/PVC-Free-Plastisol-Ink-Pink-150x181.jpeg 150w, https:\/\/shaliteink.com\/wp-content\/uploads\/2025\/08\/PVC-Free-Plastisol-Ink-Pink.jpeg 1620w\" sizes=\"(max-width: 248px) 100vw, 248px\" \/><\/p>\n<h1>\u00bfPor qu\u00e9 elegir Shaliteink?<\/h1>\n<p>Como l\u00edder mundial en tintas para impresi\u00f3n de pantallas, con 20 a\u00f1os de experiencia en producci\u00f3n, <strong>Shaliteink<\/strong> Ofrecemos precios directos por unidad de fabricaci\u00f3n, asistencia t\u00e9cnica, kits de muestras opcionales, adem\u00e1s de v\u00eddeos educativos y seguimiento de recetas de color reutilizables. Colaboramos globalmente con fabricantes reconocidos y priorizamos la protecci\u00f3n de lotes peque\u00f1os, la flexibilidad y el cumplimiento ambiental.<\/p>\n<p>Perfecto para cualquiera que busque una calidad profesional. <strong data-start=\"1962\" data-end=\"1988\">Tinta plastisol sin PVC <\/strong>que es seguro, vibrante y f\u00e1cil de usar en proyectos de tinta de serigraf\u00eda, ya sea en casa, en un estudio o en las aulas.<\/p>","protected":false},"excerpt":{"rendered":"<p><strong>Tinta plastisol rosa sin PVC<\/strong> \u2013 no t\u00f3xico, opaco <strong data-start=\"2227\" data-end=\"2250\">tinta de serigraf\u00eda<\/strong> Cura a unos 270 \u00b0F. Ideal para artesanos caseros, vendedores de Etsy y espacios maker.<\/p>","protected":false},"featured_media":3584,"comment_status":"open","ping_status":"closed","template":"","meta":[],"product_brand":[],"product_cat":[45],"product_tag":[],"class_list":{"0":"post-3015","1":"product","2":"type-product","3":"status-publish","4":"has-post-thumbnail","6":"product_cat-pvc-free-plastisol-ink","8":"first","9":"instock","10":"shipping-taxable","11":"purchasable","12":"product-type-variable"},"tiered_pricing_type":"fixed","tiered_pricing_fixed_rules":[],"tiered_pricing_product_settings":{"layout":"default","base_unit_name":{"singular":null,"plural":null},"default_variation":null},"tiered_pricing_minimum_quantity":null,"tiered_pricing_roles_data":[],"tiered_pricing_percentage_rules":[],"tiered_pricing_maximum_quantity":null,"tiered_pricing_quantity_step":null,"_links":{"self":[{"href":"https:\/\/shaliteink.com\/es\/wp-json\/wp\/v2\/product\/3015","targetHints":{"allow":["GET"]}}],"collection":[{"href":"https:\/\/shaliteink.com\/es\/wp-json\/wp\/v2\/product"}],"about":[{"href":"https:\/\/shaliteink.com\/es\/wp-json\/wp\/v2\/types\/product"}],"replies":[{"embeddable":true,"href":"https:\/\/shaliteink.com\/es\/wp-json\/wp\/v2\/comments?post=3015"}],"version-history":[{"count":0,"href":"https:\/\/shaliteink.com\/es\/wp-json\/wp\/v2\/product\/3015\/revisions"}],"wp:featuredmedia":[{"embeddable":true,"href":"https:\/\/shaliteink.com\/es\/wp-json\/wp\/v2\/media\/3584"}],"wp:attachment":[{"href":"https:\/\/shaliteink.com\/es\/wp-json\/wp\/v2\/media?parent=3015"}],"wp:term":[{"taxonomy":"product_brand","embeddable":true,"href":"https:\/\/shaliteink.com\/es\/wp-json\/wp\/v2\/product_brand?post=3015"},{"taxonomy":"product_cat","embeddable":true,"href":"https:\/\/shaliteink.com\/es\/wp-json\/wp\/v2\/product_cat?post=3015"},{"taxonomy":"product_tag","embeddable":true,"href":"https:\/\/shaliteink.com\/es\/wp-json\/wp\/v2\/product_tag?post=3015"}],"curies":[{"name":"wp","href":"https:\/\/api.w.org\/{rel}","templated":true}]}}