{"id":3009,"date":"2025-09-19T08:09:55","date_gmt":"2025-09-19T08:09:55","guid":{"rendered":"https:\/\/shaliteink.com\/?post_type=product&#038;p=3009"},"modified":"2025-12-10T11:27:20","modified_gmt":"2025-12-10T11:27:20","slug":"tinta-plastisol-magenta-sin-pvc","status":"publish","type":"product","link":"https:\/\/shaliteink.com\/es\/producto\/tinta-plastisol-magenta-sin-pvc\/","title":{"rendered":"Comprar Tinta Plastisol Magenta Sin PVC para Impresi\u00f3n en Tela"},"content":{"rendered":"<p><a href=\"https:\/\/shaliteink.com\/es\/\"><strong>Tinta plastisol libre de PVC Shaliteink<\/strong><\/a> En magenta, ofrece un color brillante, vibrante y opaco, perfecto para proyectos de impresi\u00f3n textil con tinta de serigraf\u00eda. Con m\u00e1s de dos d\u00e9cadas de experiencia en fabricaci\u00f3n y precios directos de f\u00e1brica, Shaliteink colabora globalmente con las mejores marcas para ofrecerte una tinta premium dise\u00f1ada para creadores DIY, fabricantes de ropa independientes y peque\u00f1os estudios.<\/p>\n<p><img decoding=\"async\" class=\"alignnone size-medium wp-image-3589\" src=\"https:\/\/shaliteink.com\/wp-content\/uploads\/2025\/08\/Plastisol-Ink-Magenta-2-300x241.jpeg\" alt=\"Tinta Plastisol Magenta\" width=\"300\" height=\"241\" srcset=\"https:\/\/shaliteink.com\/wp-content\/uploads\/2025\/08\/Plastisol-Ink-Magenta-2-300x241.jpeg 300w, https:\/\/shaliteink.com\/wp-content\/uploads\/2025\/08\/Plastisol-Ink-Magenta-2-1024x823.jpeg 1024w, https:\/\/shaliteink.com\/wp-content\/uploads\/2025\/08\/Plastisol-Ink-Magenta-2-768x618.jpeg 768w, https:\/\/shaliteink.com\/wp-content\/uploads\/2025\/08\/Plastisol-Ink-Magenta-2-1536x1235.jpeg 1536w, https:\/\/shaliteink.com\/wp-content\/uploads\/2025\/08\/Plastisol-Ink-Magenta-2-2048x1647.jpeg 2048w, https:\/\/shaliteink.com\/wp-content\/uploads\/2025\/08\/Plastisol-Ink-Magenta-2-15x12.jpeg 15w, https:\/\/shaliteink.com\/wp-content\/uploads\/2025\/08\/Plastisol-Ink-Magenta-2-1200x965.jpeg 1200w, https:\/\/shaliteink.com\/wp-content\/uploads\/2025\/08\/Plastisol-Ink-Magenta-2-150x121.jpeg 150w\" sizes=\"(max-width: 300px) 100vw, 300px\" \/><\/p>\n<h1>Descripci\u00f3n del Producto:<\/h1>\n<p>Nuestro magenta <a href=\"https:\/\/shaliteink.com\/es\/categoria-producto\/tinta-plastisol-sin-pvc\/\"><strong>Tinta plastisol sin PVC<\/strong><\/a>\u00a0No contiene ftalatos, es inodora y est\u00e1 lista para imprimir. Dise\u00f1ada para estudios caseros y peque\u00f1as producciones, esta tinta se mezcla f\u00e1cilmente y cura eficientemente para ofrecer impresiones impactantes y duraderas en una variedad de tejidos, especialmente en mezclas de algod\u00f3n y poli\u00e9ster. Se extiende cremosamente para serigraf\u00edas suaves y se seca con un acabado suave y agradable al tacto.<\/p>\n<h1>Caracter\u00edsticas principales:<\/h1>\n<ul>\n<li>Magenta intenso y vibrante con alta opacidad: se destaca en textiles oscuros y claros.<\/li>\n<li>Tinta plastisol sin PVC, sin ftalatos, con poco olor, segura para uso dom\u00e9stico y en aulas.<\/li>\n<li>Tinta de serigraf\u00eda cremosa y f\u00e1cil de imprimir con cuerpo corto para una acci\u00f3n suave de la escobilla de goma.<\/li>\n<li>Temperatura de curado baja (aprox. 270 \u00b0F\/130 \u00b0C): compatible con pistolas de calor, secadores instant\u00e1neos dom\u00e9sticos u hornos dom\u00e9sticos.<\/li>\n<li>Excelente adhesi\u00f3n sobre algod\u00f3n, mezclas de poli\u00e9ster, lona, bolsas y m\u00e1s.<\/li>\n<\/ul>\n<h1>Curado y flujo de trabajo:<\/h1>\n<p>Cura completamente a unos 135 \u00b0C, significativamente por debajo de las tintas plastisol est\u00e1ndar, que requieren unos 160 \u00b0C. Esto reduce el riesgo de quemaduras en la tela y permite el uso de herramientas t\u00e9rmicas dom\u00e9sticas. Seca brevemente (3-5 segundos a 82-93 \u00b0C) entre capas. Obt\u00e9n resultados consistentes m\u00e1s r\u00e1pido, ideal cuando el tiempo y la eficiencia energ\u00e9tica son cruciales.<\/p>\n<p><img decoding=\"async\" class=\"alignnone size-medium wp-image-3588\" src=\"https:\/\/shaliteink.com\/wp-content\/uploads\/2025\/08\/Plastisol-Ink-Magenta-1-228x300.jpeg\" alt=\"Tinta Plastisol Magenta\" width=\"228\" height=\"300\" srcset=\"https:\/\/shaliteink.com\/wp-content\/uploads\/2025\/08\/Plastisol-Ink-Magenta-1-228x300.jpeg 228w, https:\/\/shaliteink.com\/wp-content\/uploads\/2025\/08\/Plastisol-Ink-Magenta-1-780x1024.jpeg 780w, https:\/\/shaliteink.com\/wp-content\/uploads\/2025\/08\/Plastisol-Ink-Magenta-1-768x1008.jpeg 768w, https:\/\/shaliteink.com\/wp-content\/uploads\/2025\/08\/Plastisol-Ink-Magenta-1-1170x1536.jpeg 1170w, https:\/\/shaliteink.com\/wp-content\/uploads\/2025\/08\/Plastisol-Ink-Magenta-1-1560x2048.jpeg 1560w, https:\/\/shaliteink.com\/wp-content\/uploads\/2025\/08\/Plastisol-Ink-Magenta-1-9x12.jpeg 9w, https:\/\/shaliteink.com\/wp-content\/uploads\/2025\/08\/Plastisol-Ink-Magenta-1-1200x1576.jpeg 1200w, https:\/\/shaliteink.com\/wp-content\/uploads\/2025\/08\/Plastisol-Ink-Magenta-1-150x197.jpeg 150w, https:\/\/shaliteink.com\/wp-content\/uploads\/2025\/08\/Plastisol-Ink-Magenta-1-scaled.jpeg 1950w\" sizes=\"(max-width: 228px) 100vw, 228px\" \/><\/p>","protected":false},"excerpt":{"rendered":"<p>Compra tinta plastisol magenta sin PVC: tinta de serigraf\u00eda v\u00edvida y de bajo olor para tela. Curado a baja temperatura, ideal para bricolaje y f\u00f3rmula sin ftalatos. Perfecta para camisetas, hogar y manualidades.<\/p>","protected":false},"featured_media":3587,"comment_status":"open","ping_status":"closed","template":"","meta":[],"product_brand":[],"product_cat":[45],"product_tag":[],"class_list":{"0":"post-3009","1":"product","2":"type-product","3":"status-publish","4":"has-post-thumbnail","6":"product_cat-pvc-free-plastisol-ink","8":"first","9":"instock","10":"shipping-taxable","11":"purchasable","12":"product-type-variable"},"tiered_pricing_type":"fixed","tiered_pricing_fixed_rules":[],"tiered_pricing_product_settings":{"layout":"default","base_unit_name":{"singular":null,"plural":null},"default_variation":null},"tiered_pricing_minimum_quantity":null,"tiered_pricing_roles_data":[],"tiered_pricing_percentage_rules":[],"tiered_pricing_maximum_quantity":null,"tiered_pricing_quantity_step":null,"_links":{"self":[{"href":"https:\/\/shaliteink.com\/es\/wp-json\/wp\/v2\/product\/3009","targetHints":{"allow":["GET"]}}],"collection":[{"href":"https:\/\/shaliteink.com\/es\/wp-json\/wp\/v2\/product"}],"about":[{"href":"https:\/\/shaliteink.com\/es\/wp-json\/wp\/v2\/types\/product"}],"replies":[{"embeddable":true,"href":"https:\/\/shaliteink.com\/es\/wp-json\/wp\/v2\/comments?post=3009"}],"version-history":[{"count":0,"href":"https:\/\/shaliteink.com\/es\/wp-json\/wp\/v2\/product\/3009\/revisions"}],"wp:featuredmedia":[{"embeddable":true,"href":"https:\/\/shaliteink.com\/es\/wp-json\/wp\/v2\/media\/3587"}],"wp:attachment":[{"href":"https:\/\/shaliteink.com\/es\/wp-json\/wp\/v2\/media?parent=3009"}],"wp:term":[{"taxonomy":"product_brand","embeddable":true,"href":"https:\/\/shaliteink.com\/es\/wp-json\/wp\/v2\/product_brand?post=3009"},{"taxonomy":"product_cat","embeddable":true,"href":"https:\/\/shaliteink.com\/es\/wp-json\/wp\/v2\/product_cat?post=3009"},{"taxonomy":"product_tag","embeddable":true,"href":"https:\/\/shaliteink.com\/es\/wp-json\/wp\/v2\/product_tag?post=3009"}],"curies":[{"name":"wp","href":"https:\/\/api.w.org\/{rel}","templated":true}]}}