{"id":3004,"date":"2025-10-08T06:41:54","date_gmt":"2025-10-08T06:41:54","guid":{"rendered":"https:\/\/shaliteink.com\/?post_type=product&#038;p=3004"},"modified":"2025-12-10T11:31:01","modified_gmt":"2025-12-10T11:31:01","slug":"tinta-plastisol-sin-pvc-color-rojo-rosa-tinta-duradera-y-segura-para-comprar","status":"publish","type":"product","link":"https:\/\/shaliteink.com\/es\/producto\/tinta-plastisol-sin-pvc-color-rojo-rosa-tinta-duradera-y-segura-para-comprar\/","title":{"rendered":"Tinta plastisol sin PVC, rojo rosa: compra tinta segura y duradera."},"content":{"rendered":"<p>Descubra la vibrante y ecol\u00f3gica <strong><a href=\"https:\/\/shaliteink.com\/es\/categoria-producto\/tinta-plastisol-sin-pvc\/\"><span class=\"wrapper\">Tinta plastisol sin PVC<\/span><\/a><\/strong> Rosa roja<span class=\"wrapper\">bruto <strong>Shalit<\/strong><strong>e<\/strong><strong>i<\/strong><\/span><strong>nk<\/strong>\u2014su proveedor confiable de productos maravillosos<span class=\"wrapper\">pantalla p<\/span>Tinta de impresi\u00f3n dise\u00f1ada para brindar seguridad, durabilidad y un rendimiento general de impresi\u00f3n excepcional.<span class=\"wrapper\">rendimiento. Como un<\/span>L\u00edder internacional con m\u00e1s de veinte a\u00f1os de experiencia en producci\u00f3n, <strong><a href=\"https:\/\/shaliteink.com\/es\/\">Shaliteink<\/a><\/strong> Le ofrece tintas premium directas de f\u00e1brica dise\u00f1adas para satisfacer las necesidades de los clientes.<span class=\"wrapper\">rbing d<\/span>deseos tanto de los aficionados al bricolaje como de los profesionales<span class=\"wrapper\">sesi\u00f3n<\/span>al pri<span class=\"wrapper\">nters.<\/span><\/p>\n<p>Este <strong>tinta plastisol sin PVC <\/strong>ofrece una extraor<span class=\"wrapper\">r dinario<\/span>Tono rosa intenso con una opacidad y solidez del color de primera categor\u00eda, lo que lo hace ideal para<span class=\"wrapper\">r personalizado<\/span>Ropa, accesorios y art\u00edculos para el hogar zing<span class=\"wrapper\">decoraci\u00f3n<\/span>r. Dise\u00f1ada para brindar una experiencia suave al tacto y una gran adherencia en telas de algod\u00f3n, poli\u00e9ster y mezclas, esta tinta es ideal para generar impresiones coloridas y duraderas sin<span class=\"wrapper\">\u00e9l e<\/span>Problemas medioambientales y de higiene relacionados con las tintas tradicionales basadas en PVC.<\/p>\n<p><img decoding=\"async\" class=\"alignnone wp-image-3007\" src=\"https:\/\/shaliteink.com\/wp-content\/uploads\/2025\/08\/PVC-Free-Plastisol-Ink-Rose-Red-2-290x300.jpeg\" alt=\"Tinta plastisol sin PVC, color rojo rosa\" width=\"240\" height=\"248\" srcset=\"https:\/\/shaliteink.com\/wp-content\/uploads\/2025\/08\/PVC-Free-Plastisol-Ink-Rose-Red-2-290x300.jpeg 290w, https:\/\/shaliteink.com\/wp-content\/uploads\/2025\/08\/PVC-Free-Plastisol-Ink-Rose-Red-2-988x1024.jpeg 988w, https:\/\/shaliteink.com\/wp-content\/uploads\/2025\/08\/PVC-Free-Plastisol-Ink-Rose-Red-2-768x796.jpeg 768w, https:\/\/shaliteink.com\/wp-content\/uploads\/2025\/08\/PVC-Free-Plastisol-Ink-Rose-Red-2-1483x1536.jpeg 1483w, https:\/\/shaliteink.com\/wp-content\/uploads\/2025\/08\/PVC-Free-Plastisol-Ink-Rose-Red-2-1977x2048.jpeg 1977w, https:\/\/shaliteink.com\/wp-content\/uploads\/2025\/08\/PVC-Free-Plastisol-Ink-Rose-Red-2-12x12.jpeg 12w, https:\/\/shaliteink.com\/wp-content\/uploads\/2025\/08\/PVC-Free-Plastisol-Ink-Rose-Red-2-1200x1243.jpeg 1200w, https:\/\/shaliteink.com\/wp-content\/uploads\/2025\/08\/PVC-Free-Plastisol-Ink-Rose-Red-2-150x155.jpeg 150w\" sizes=\"(max-width: 240px) 100vw, 240px\" \/><\/p>\n<h1>Caracter\u00edsticas principales:<\/h1>\n<ul>\n<li>Libre de PVC y ecol\u00f3gico: formulada sin PVC, esta tinta plastisol reduce los efectos nocivos <span class=\"wrapper\">emisiones y apoyos<\/span> entornos de trabajo m\u00e1s seguros, cumpliendo con estrictos est\u00e1ndares ambientales.<\/li>\n<li>Color rojo rosa vibrante: ofrece una pigmentaci\u00f3n intensa y consistente con alta opacidad para dise\u00f1os n\u00edtidos y llamativos.<\/li>\n<li>Impresiones duraderas y flexibles: resistentes al agrietamiento y al desprendimiento despu\u00e9s de m\u00faltiples lavados, manteniendo la integridad de la impresi\u00f3n a lo largo del tiempo.<\/li>\n<li>Aplicaci\u00f3n f\u00e1cil de usar: La viscosidad suave permite una f\u00e1cil serigraf\u00eda con una excelente liberaci\u00f3n de la malla, lo que minimiza las obstrucciones y el desgaste de la plantilla.<\/li>\n<li>Bajo olor y no t\u00f3xico: seguro para usar en estudios peque\u00f1os, escuelas y hogares, lo que reduce las molestias durante la aplicaci\u00f3n.<\/li>\n<li>Compatible con varios tejidos: ideal para algod\u00f3n 100%, poli\u00e9ster y mezclas, ofreciendo posibilidades de impresi\u00f3n vers\u00e1tiles.<\/li>\n<li>Curado est\u00e1ndar: La temperatura de curado recomendada es de 320 \u00b0F (160 \u00b0C) durante 1 a 2 minutos para garantizar una adhesi\u00f3n y durabilidad \u00f3ptimas de la tinta.<\/li>\n<li>F\u00e1cil limpieza: utilice limpiadores de pantalla de plastisol espec\u00edficos para una limpieza sin complicaciones, lo que prolonga la vida \u00fatil de la pantalla y reduce el tiempo de inactividad.<\/li>\n<\/ul>\n<p>Tanto si eres un artesano que busca un kit para lotes peque\u00f1os como si eres una peque\u00f1a marca de ropa que requiere tiradas de color consistentes, nuestra tinta plastisol sin PVC Rojo Rosa satisface diversas necesidades de producci\u00f3n. Su robusta retenci\u00f3n de color y su facilidad de uso facilitan la creaci\u00f3n r\u00e1pida de prototipos y tiradas escalables, garantizando que tus dise\u00f1os siempre luzcan frescos y profesionales.<\/p>\n<p><img decoding=\"async\" class=\"alignnone wp-image-3005\" src=\"https:\/\/shaliteink.com\/wp-content\/uploads\/2025\/08\/PVC-Free-Plastisol-Ink-Rose-Red-300x287.jpeg\" alt=\"Tinta plastisol sin PVC, color rojo rosa\" width=\"276\" height=\"264\" srcset=\"https:\/\/shaliteink.com\/wp-content\/uploads\/2025\/08\/PVC-Free-Plastisol-Ink-Rose-Red-300x287.jpeg 300w, https:\/\/shaliteink.com\/wp-content\/uploads\/2025\/08\/PVC-Free-Plastisol-Ink-Rose-Red-1024x978.jpeg 1024w, https:\/\/shaliteink.com\/wp-content\/uploads\/2025\/08\/PVC-Free-Plastisol-Ink-Rose-Red-768x734.jpeg 768w, https:\/\/shaliteink.com\/wp-content\/uploads\/2025\/08\/PVC-Free-Plastisol-Ink-Rose-Red-1536x1467.jpeg 1536w, https:\/\/shaliteink.com\/wp-content\/uploads\/2025\/08\/PVC-Free-Plastisol-Ink-Rose-Red-13x12.jpeg 13w, https:\/\/shaliteink.com\/wp-content\/uploads\/2025\/08\/PVC-Free-Plastisol-Ink-Rose-Red-1200x1146.jpeg 1200w, https:\/\/shaliteink.com\/wp-content\/uploads\/2025\/08\/PVC-Free-Plastisol-Ink-Rose-Red-150x143.jpeg 150w, https:\/\/shaliteink.com\/wp-content\/uploads\/2025\/08\/PVC-Free-Plastisol-Ink-Rose-Red.jpeg 1960w\" sizes=\"(max-width: 276px) 100vw, 276px\" \/><\/p>","protected":false},"excerpt":{"rendered":"<p>Comercio <strong data-start=\"3256\" data-end=\"3291\">Tinta plastisol sin PVC, color rojo rosa<\/strong> Para impresiones vibrantes, seguras y duraderas. Perfecto <strong data-start=\"3339\" data-end=\"3362\">tinta de serigraf\u00eda<\/strong> Con poco olor y f\u00e1cil limpieza, ideal para uso dom\u00e9stico y profesional.<\/p>","protected":false},"featured_media":3594,"comment_status":"open","ping_status":"closed","template":"","meta":[],"product_brand":[],"product_cat":[45],"product_tag":[],"class_list":{"0":"post-3004","1":"product","2":"type-product","3":"status-publish","4":"has-post-thumbnail","6":"product_cat-pvc-free-plastisol-ink","8":"first","9":"instock","10":"shipping-taxable","11":"purchasable","12":"product-type-variable"},"tiered_pricing_type":"fixed","tiered_pricing_fixed_rules":[],"tiered_pricing_product_settings":{"layout":"default","base_unit_name":{"singular":null,"plural":null},"default_variation":null},"tiered_pricing_minimum_quantity":null,"tiered_pricing_roles_data":[],"tiered_pricing_percentage_rules":[],"tiered_pricing_maximum_quantity":null,"tiered_pricing_quantity_step":null,"_links":{"self":[{"href":"https:\/\/shaliteink.com\/es\/wp-json\/wp\/v2\/product\/3004","targetHints":{"allow":["GET"]}}],"collection":[{"href":"https:\/\/shaliteink.com\/es\/wp-json\/wp\/v2\/product"}],"about":[{"href":"https:\/\/shaliteink.com\/es\/wp-json\/wp\/v2\/types\/product"}],"replies":[{"embeddable":true,"href":"https:\/\/shaliteink.com\/es\/wp-json\/wp\/v2\/comments?post=3004"}],"version-history":[{"count":0,"href":"https:\/\/shaliteink.com\/es\/wp-json\/wp\/v2\/product\/3004\/revisions"}],"wp:featuredmedia":[{"embeddable":true,"href":"https:\/\/shaliteink.com\/es\/wp-json\/wp\/v2\/media\/3594"}],"wp:attachment":[{"href":"https:\/\/shaliteink.com\/es\/wp-json\/wp\/v2\/media?parent=3004"}],"wp:term":[{"taxonomy":"product_brand","embeddable":true,"href":"https:\/\/shaliteink.com\/es\/wp-json\/wp\/v2\/product_brand?post=3004"},{"taxonomy":"product_cat","embeddable":true,"href":"https:\/\/shaliteink.com\/es\/wp-json\/wp\/v2\/product_cat?post=3004"},{"taxonomy":"product_tag","embeddable":true,"href":"https:\/\/shaliteink.com\/es\/wp-json\/wp\/v2\/product_tag?post=3004"}],"curies":[{"name":"wp","href":"https:\/\/api.w.org\/{rel}","templated":true}]}}