{"id":2992,"date":"2025-08-16T02:30:49","date_gmt":"2025-08-16T02:30:49","guid":{"rendered":"https:\/\/shaliteink.com\/?post_type=product&#038;p=2992"},"modified":"2025-12-10T11:30:52","modified_gmt":"2025-12-10T11:30:52","slug":"tinta-plastisol-sin-pvc-color-naranja-y-rojo","status":"publish","type":"product","link":"https:\/\/shaliteink.com\/es\/producto\/tinta-plastisol-sin-pvc-color-naranja-y-rojo\/","title":{"rendered":"Tinta plastisol naranja-roja sin PVC para serigraf\u00eda"},"content":{"rendered":"<p>\u00bfBuscas una alternativa vibrante y ecol\u00f3gica a las tintas de serigraf\u00eda tradicionales? Nuestras <strong><a href=\"https:\/\/shaliteink.com\/es\/categoria-producto\/tinta-plastisol-sin-pvc\/\">Tinta plastisol sin PVC<\/a><\/strong> El Rojo Anaranjado ofrece una impresionante reproducci\u00f3n del color sin comprometer la seguridad ni el rendimiento. Dise\u00f1ada tanto para creadores caseros como para peque\u00f1as marcas de ropa, esta tinta de serigraf\u00eda ofrece resultados de calidad profesional con una f\u00f3rmula no t\u00f3xica y de bajo olor, ideal para estudios cerrados o compartidos.<\/p>\n<p>\u00bfImpresi\u00f3n sobre algod\u00f3n, mezclas u otros materiales textiles? <strong><a href=\"https:\/\/shaliteink.com\/es\/\">Comprar tinta plastisol sin PVC<\/a><\/strong> Para una sensaci\u00f3n suave y una gran durabilidad. El vibrante rojo anaranjado resalta tanto en prendas claras como oscuras, ideal para camisetas, sudaderas, bolsos y art\u00edculos publicitarios.<\/p>\n<p><img decoding=\"async\" class=\"alignnone size-medium wp-image-3637\" src=\"https:\/\/shaliteink.com\/wp-content\/uploads\/2025\/08\/PVC-Free-Plastisol-Ink-Orange-Red-265x300.jpeg\" alt=\"Tinta plastisol sin PVC Naranja Rojo\" width=\"265\" height=\"300\" srcset=\"https:\/\/shaliteink.com\/wp-content\/uploads\/2025\/08\/PVC-Free-Plastisol-Ink-Orange-Red-265x300.jpeg 265w, https:\/\/shaliteink.com\/wp-content\/uploads\/2025\/08\/PVC-Free-Plastisol-Ink-Orange-Red-904x1024.jpeg 904w, https:\/\/shaliteink.com\/wp-content\/uploads\/2025\/08\/PVC-Free-Plastisol-Ink-Orange-Red-768x870.jpeg 768w, https:\/\/shaliteink.com\/wp-content\/uploads\/2025\/08\/PVC-Free-Plastisol-Ink-Orange-Red-11x12.jpeg 11w, https:\/\/shaliteink.com\/wp-content\/uploads\/2025\/08\/PVC-Free-Plastisol-Ink-Orange-Red-150x170.jpeg 150w, https:\/\/shaliteink.com\/wp-content\/uploads\/2025\/08\/PVC-Free-Plastisol-Ink-Orange-Red.jpeg 1084w\" sizes=\"(max-width: 265px) 100vw, 265px\" \/><\/p>\n<h1>Caracter\u00edsticas principales:<\/h1>\n<ul>\n<li style=\"text-align: left;\">F\u00f3rmula ecol\u00f3gica: Libre de PVC, ftalatos y metales pesados. Apto para escuelas, espacios creativos y estudios caseros.<\/li>\n<li style=\"text-align: left;\">Pigmentaci\u00f3n viva: nuestra tinta plastisol libre de PVC de color rojo anaranjado proporciona una cobertura uniforme y rica con alta opacidad.<\/li>\n<li style=\"text-align: left;\">Aplicaci\u00f3n suave: Consistencia de cuerpo medio para facilitar la serigraf\u00eda en mallas de 110 a 160.<\/li>\n<li style=\"text-align: left;\">Bajo olor + uso seguro: ideal para espacios reducidos, seguro cerca de ni\u00f1os, mascotas y para uso en interiores.<\/li>\n<li style=\"text-align: left;\">Compatible con equipos de bricolaje: se cura f\u00e1cilmente con una pistola de calor dom\u00e9stica o un secador dom\u00e9stico a 275\u2013300 \u00b0F (135\u2013149 \u00b0C).<\/li>\n<li style=\"text-align: left;\">Acabado suave al tacto: se seca hasta obtener una impresi\u00f3n flexible y duradera con una sensaci\u00f3n m\u00ednima en la mano.<\/li>\n<\/ul>\n<h1>Instrucciones de curado:<\/h1>\n<p>Esta tinta plastisol sin PVC se cura bien a una temperatura de 135 \u00b0C a 149 \u00b0C (275 \u00b0F a 300 \u00b0F) durante 60 a 90 segundos. Para obtener resultados \u00f3ptimos, aseg\u00farese de que la pel\u00edcula de tinta alcance su temperatura completa comprobando su resistencia al lavado antes de las tiradas de impresi\u00f3n. Ideal para usuarios con pistolas de calor dom\u00e9sticas, secadores flash o secadores de cinta transportadora.<\/p>\n<h1>Limpieza:<\/h1>\n<p>Limpie expositores, equipos y rasquetas con removedores de tinta de plastisol ecol\u00f3gicos o limpiadores a base de soja. Sin necesidad de disolventes agresivos, mantenga su espacio seguro y su flujo de trabajo sencillo.<\/p>\n<p><img decoding=\"async\" class=\"alignnone size-medium wp-image-2993\" src=\"https:\/\/shaliteink.com\/wp-content\/uploads\/2025\/08\/Shop-PVC-Free-Plastisol-Ink-Orange-Red-283x300.jpeg\" alt=\"Comprar Tinta Plastisol Sin PVC Naranja Rojo\" width=\"283\" height=\"300\" srcset=\"https:\/\/shaliteink.com\/wp-content\/uploads\/2025\/08\/Shop-PVC-Free-Plastisol-Ink-Orange-Red-283x300.jpeg 283w, https:\/\/shaliteink.com\/wp-content\/uploads\/2025\/08\/Shop-PVC-Free-Plastisol-Ink-Orange-Red-965x1024.jpeg 965w, https:\/\/shaliteink.com\/wp-content\/uploads\/2025\/08\/Shop-PVC-Free-Plastisol-Ink-Orange-Red-768x815.jpeg 768w, https:\/\/shaliteink.com\/wp-content\/uploads\/2025\/08\/Shop-PVC-Free-Plastisol-Ink-Orange-Red-1448x1536.jpeg 1448w, https:\/\/shaliteink.com\/wp-content\/uploads\/2025\/08\/Shop-PVC-Free-Plastisol-Ink-Orange-Red-11x12.jpeg 11w, https:\/\/shaliteink.com\/wp-content\/uploads\/2025\/08\/Shop-PVC-Free-Plastisol-Ink-Orange-Red-1200x1273.jpeg 1200w, https:\/\/shaliteink.com\/wp-content\/uploads\/2025\/08\/Shop-PVC-Free-Plastisol-Ink-Orange-Red-150x159.jpeg 150w, https:\/\/shaliteink.com\/wp-content\/uploads\/2025\/08\/Shop-PVC-Free-Plastisol-Ink-Orange-Red.jpeg 1584w\" sizes=\"(max-width: 283px) 100vw, 283px\" \/><\/p>","protected":false},"excerpt":{"rendered":"<p>Tinta plastisol naranja-rojiza sin PVC para impresiones vibrantes. Tinta ecol\u00f3gica para serigraf\u00eda, de bajo olor, tacto suave, ideal para uso profesional y dom\u00e9stico. Disponible en paquetes peque\u00f1os o al por mayor.<\/p>","protected":false},"featured_media":2995,"comment_status":"open","ping_status":"closed","template":"","meta":[],"product_brand":[],"product_cat":[45],"product_tag":[],"class_list":{"0":"post-2992","1":"product","2":"type-product","3":"status-publish","4":"has-post-thumbnail","6":"product_cat-pvc-free-plastisol-ink","8":"first","9":"instock","10":"shipping-taxable","11":"purchasable","12":"product-type-variable"},"tiered_pricing_type":"fixed","tiered_pricing_fixed_rules":[],"tiered_pricing_product_settings":{"layout":"default","base_unit_name":{"singular":null,"plural":null},"default_variation":null},"tiered_pricing_minimum_quantity":null,"tiered_pricing_roles_data":[],"tiered_pricing_percentage_rules":[],"tiered_pricing_maximum_quantity":null,"tiered_pricing_quantity_step":null,"_links":{"self":[{"href":"https:\/\/shaliteink.com\/es\/wp-json\/wp\/v2\/product\/2992","targetHints":{"allow":["GET"]}}],"collection":[{"href":"https:\/\/shaliteink.com\/es\/wp-json\/wp\/v2\/product"}],"about":[{"href":"https:\/\/shaliteink.com\/es\/wp-json\/wp\/v2\/types\/product"}],"replies":[{"embeddable":true,"href":"https:\/\/shaliteink.com\/es\/wp-json\/wp\/v2\/comments?post=2992"}],"version-history":[{"count":0,"href":"https:\/\/shaliteink.com\/es\/wp-json\/wp\/v2\/product\/2992\/revisions"}],"wp:featuredmedia":[{"embeddable":true,"href":"https:\/\/shaliteink.com\/es\/wp-json\/wp\/v2\/media\/2995"}],"wp:attachment":[{"href":"https:\/\/shaliteink.com\/es\/wp-json\/wp\/v2\/media?parent=2992"}],"wp:term":[{"taxonomy":"product_brand","embeddable":true,"href":"https:\/\/shaliteink.com\/es\/wp-json\/wp\/v2\/product_brand?post=2992"},{"taxonomy":"product_cat","embeddable":true,"href":"https:\/\/shaliteink.com\/es\/wp-json\/wp\/v2\/product_cat?post=2992"},{"taxonomy":"product_tag","embeddable":true,"href":"https:\/\/shaliteink.com\/es\/wp-json\/wp\/v2\/product_tag?post=2992"}],"curies":[{"name":"wp","href":"https:\/\/api.w.org\/{rel}","templated":true}]}}