{"id":2986,"date":"2025-10-08T06:57:37","date_gmt":"2025-10-08T06:57:37","guid":{"rendered":"https:\/\/shaliteink.com\/?post_type=product&#038;p=2986"},"modified":"2025-12-10T11:26:58","modified_gmt":"2025-12-10T11:26:58","slug":"tinta-plastisol-sin-pvc-color-naranja-y-amarillo-pedir-online","status":"publish","type":"product","link":"https:\/\/shaliteink.com\/es\/producto\/tinta-plastisol-sin-pvc-color-naranja-y-amarillo-pedir-online\/","title":{"rendered":"Tinta plastisol naranja-amarillo sin PVC | Comprar en l\u00ednea"},"content":{"rendered":"<p>Dale vida a tus dise\u00f1os con nuestro <strong><a href=\"https:\/\/shaliteink.com\/es\/categoria-producto\/tinta-plastisol-sin-pvc\/\"><span class=\"wrapper\">Tinta plastisol sin PVC<\/span><\/a><\/strong> en vibrante <span class=\"wrapper\">Amarillo anaranjado,<\/span> Ideal para impresiones llamativas y llamativas. <span class=\"wrapper\">Camisetas,<\/span> bolsas de mano, sudaderas con capucha y m\u00e1s. Esta f\u00f3rmula ecol\u00f3gica te ofrece calidad profesional. <span class=\"wrapper\">consecuencias<\/span> Sin PVC, lo que lo hace m\u00e1s seguro para ti, tus clientes y el medio ambiente. Ya seas artesano, vendedor de Etsy, tallerista o <span class=\"wrapper\">un atuendo<\/span> logotipo, esta tinta da colorido <span class=\"wrapper\">sombra,<\/span> f\u00e1cil <span class=\"wrapper\">utilidad,<\/span> y un rendimiento confiable.<\/p>\n<p><img decoding=\"async\" class=\"alignnone size-medium wp-image-3595\" src=\"https:\/\/shaliteink.com\/wp-content\/uploads\/2025\/08\/PVC-Free-Plastisol-Ink-Orange-Yellow-3-245x300.jpeg\" alt=\"Tinta plastisol sin PVC Naranja Amarillo\" width=\"245\" height=\"300\" srcset=\"https:\/\/shaliteink.com\/wp-content\/uploads\/2025\/08\/PVC-Free-Plastisol-Ink-Orange-Yellow-3-245x300.jpeg 245w, https:\/\/shaliteink.com\/wp-content\/uploads\/2025\/08\/PVC-Free-Plastisol-Ink-Orange-Yellow-3-837x1024.jpeg 837w, https:\/\/shaliteink.com\/wp-content\/uploads\/2025\/08\/PVC-Free-Plastisol-Ink-Orange-Yellow-3-768x940.jpeg 768w, https:\/\/shaliteink.com\/wp-content\/uploads\/2025\/08\/PVC-Free-Plastisol-Ink-Orange-Yellow-3-1256x1536.jpeg 1256w, https:\/\/shaliteink.com\/wp-content\/uploads\/2025\/08\/PVC-Free-Plastisol-Ink-Orange-Yellow-3-1674x2048.jpeg 1674w, https:\/\/shaliteink.com\/wp-content\/uploads\/2025\/08\/PVC-Free-Plastisol-Ink-Orange-Yellow-3-10x12.jpeg 10w, https:\/\/shaliteink.com\/wp-content\/uploads\/2025\/08\/PVC-Free-Plastisol-Ink-Orange-Yellow-3-1200x1468.jpeg 1200w, https:\/\/shaliteink.com\/wp-content\/uploads\/2025\/08\/PVC-Free-Plastisol-Ink-Orange-Yellow-3-150x184.jpeg 150w\" sizes=\"(max-width: 245px) 100vw, 245px\" \/><\/p>\n<h1>Caracter\u00edsticas principales:<\/h1>\n<ul>\n<li>Tono amarillo anaranjado brillante y opaco<\/li>\n<li>F\u00f3rmula de tinta plastisol ecol\u00f3gica y sin PVC<\/li>\n<li>Compatible con tejidos de algod\u00f3n, poli\u00e9ster y mezclas.<\/li>\n<li>Flujo de tinta suave para detalles finos y una cobertura audaz.<\/li>\n<li>No t\u00f3xico, con poco olor: ideal para uso dom\u00e9stico y escolar.<\/li>\n<li>Color uniforme de lote a lote para obtener resultados profesionales<\/li>\n<li>Funciona con mallas est\u00e1ndar y tipos de emulsi\u00f3n.<\/li>\n<li>Acabado duradero y resistente al lavado despu\u00e9s del curado adecuado.<\/li>\n<\/ul>\n<h1>Instrucciones de curado:<\/h1>\n<p>Esta tinta de serigraf\u00eda cura a una temperatura est\u00e1ndar de 149 \u00b0C (300 \u00b0F). Est\u00e1 optimizada para un curado a baja temperatura si se usa con un secador de aire forzado o una pistola de calor dom\u00e9stica, lo que ofrece flexibilidad para impresoras dom\u00e9sticas y uso en aulas. Aseg\u00farese de que la distribuci\u00f3n del calor sea adecuada para lograr una durabilidad y resistencia al lavado \u00f3ptimas.<\/p>\n<p><a href=\"https:\/\/shaliteink.com\/es\/categoria-producto\/tinta-de-serigrafia-nb-sin-pvc\/\"><strong>Haga su pedido en l\u00ednea hoy<\/strong><\/a> y experimentar la <strong>diferencia<\/strong> de primera calidad <strong><a href=\"https:\/\/shaliteink.com\/es\/\">Tienda online de tinta plastisol sin PVC<\/a><\/strong> de una persona de confianza <strong>tinta de serigraf\u00eda<\/strong> proveedor.<\/p>\n<p><img decoding=\"async\" class=\"alignnone size-medium wp-image-2989\" src=\"https:\/\/shaliteink.com\/wp-content\/uploads\/2025\/08\/PVC-Free-Plastisol-Ink-Orange-Yellow-2-300x269.jpeg\" alt=\"Tinta plastisol sin PVC Naranja Amarillo\" width=\"300\" height=\"269\" srcset=\"https:\/\/shaliteink.com\/wp-content\/uploads\/2025\/08\/PVC-Free-Plastisol-Ink-Orange-Yellow-2-300x269.jpeg 300w, https:\/\/shaliteink.com\/wp-content\/uploads\/2025\/08\/PVC-Free-Plastisol-Ink-Orange-Yellow-2-1024x918.jpeg 1024w, https:\/\/shaliteink.com\/wp-content\/uploads\/2025\/08\/PVC-Free-Plastisol-Ink-Orange-Yellow-2-768x688.jpeg 768w, https:\/\/shaliteink.com\/wp-content\/uploads\/2025\/08\/PVC-Free-Plastisol-Ink-Orange-Yellow-2-1536x1376.jpeg 1536w, https:\/\/shaliteink.com\/wp-content\/uploads\/2025\/08\/PVC-Free-Plastisol-Ink-Orange-Yellow-2-2048x1835.jpeg 2048w, https:\/\/shaliteink.com\/wp-content\/uploads\/2025\/08\/PVC-Free-Plastisol-Ink-Orange-Yellow-2-13x12.jpeg 13w, https:\/\/shaliteink.com\/wp-content\/uploads\/2025\/08\/PVC-Free-Plastisol-Ink-Orange-Yellow-2-1200x1075.jpeg 1200w, https:\/\/shaliteink.com\/wp-content\/uploads\/2025\/08\/PVC-Free-Plastisol-Ink-Orange-Yellow-2-150x134.jpeg 150w\" sizes=\"(max-width: 300px) 100vw, 300px\" \/><\/p>","protected":false},"excerpt":{"rendered":"<p><strong>Comprar Tinta Plastisol Sin PVC Naranja Amarillo<\/strong> \u2013 ecol\u00f3gico <strong>tinta de serigraf\u00eda<\/strong> Con colores brillantes, f\u00e1cil curado y perfecto para bricolaje, escuelas y peque\u00f1as marcas de ropa.<\/p>","protected":false},"featured_media":2987,"comment_status":"open","ping_status":"closed","template":"","meta":[],"product_brand":[],"product_cat":[45],"product_tag":[],"class_list":{"0":"post-2986","1":"product","2":"type-product","3":"status-publish","4":"has-post-thumbnail","6":"product_cat-pvc-free-plastisol-ink","8":"first","9":"instock","10":"shipping-taxable","11":"purchasable","12":"product-type-variable"},"tiered_pricing_type":"fixed","tiered_pricing_fixed_rules":[],"tiered_pricing_product_settings":{"layout":"default","base_unit_name":{"singular":null,"plural":null},"default_variation":null},"tiered_pricing_minimum_quantity":null,"tiered_pricing_roles_data":[],"tiered_pricing_percentage_rules":[],"tiered_pricing_maximum_quantity":null,"tiered_pricing_quantity_step":null,"_links":{"self":[{"href":"https:\/\/shaliteink.com\/es\/wp-json\/wp\/v2\/product\/2986","targetHints":{"allow":["GET"]}}],"collection":[{"href":"https:\/\/shaliteink.com\/es\/wp-json\/wp\/v2\/product"}],"about":[{"href":"https:\/\/shaliteink.com\/es\/wp-json\/wp\/v2\/types\/product"}],"replies":[{"embeddable":true,"href":"https:\/\/shaliteink.com\/es\/wp-json\/wp\/v2\/comments?post=2986"}],"version-history":[{"count":0,"href":"https:\/\/shaliteink.com\/es\/wp-json\/wp\/v2\/product\/2986\/revisions"}],"wp:featuredmedia":[{"embeddable":true,"href":"https:\/\/shaliteink.com\/es\/wp-json\/wp\/v2\/media\/2987"}],"wp:attachment":[{"href":"https:\/\/shaliteink.com\/es\/wp-json\/wp\/v2\/media?parent=2986"}],"wp:term":[{"taxonomy":"product_brand","embeddable":true,"href":"https:\/\/shaliteink.com\/es\/wp-json\/wp\/v2\/product_brand?post=2986"},{"taxonomy":"product_cat","embeddable":true,"href":"https:\/\/shaliteink.com\/es\/wp-json\/wp\/v2\/product_cat?post=2986"},{"taxonomy":"product_tag","embeddable":true,"href":"https:\/\/shaliteink.com\/es\/wp-json\/wp\/v2\/product_tag?post=2986"}],"curies":[{"name":"wp","href":"https:\/\/api.w.org\/{rel}","templated":true}]}}