{"id":2979,"date":"2025-10-08T06:50:31","date_gmt":"2025-10-08T06:50:31","guid":{"rendered":"https:\/\/shaliteink.com\/?post_type=product&#038;p=2979"},"modified":"2025-12-10T11:30:49","modified_gmt":"2025-12-10T11:30:49","slug":"comprar-tinta-plastisol-naranja-sin-pvc-para-impresion-textil-segura","status":"publish","type":"product","link":"https:\/\/shaliteink.com\/es\/producto\/comprar-tinta-plastisol-naranja-sin-pvc-para-impresion-textil-segura\/","title":{"rendered":"Comprar Tinta Plastisol Naranja Sin PVC \u2013 Impresi\u00f3n Textil Segura"},"content":{"rendered":"<p>Descubra la combinaci\u00f3n perfecta de rendimiento general y protecci\u00f3n con nuestro <strong><a href=\"https:\/\/shaliteink.com\/es\/categoria-producto\/tinta-plastisol-sin-pvc\/\">Tinta plastisol sin PVC<\/a> <\/strong>naranja, una pantalla premium <a href=\"https:\/\/shaliteink.com\/es\/screen-printing-ink\/\"><strong>tinta de serigraf\u00eda<\/strong><\/a> Dise\u00f1ada para creadores innovadores y peque\u00f1os estudios. Esta tinta sin ftalatos y de curado a baja temperatura ofrece impresiones en color naranja con gran opacidad, tacto suave y gran resistencia al lavado.<\/p>\n<p>\u00bfPor qu\u00e9 nuestro? <strong>tinta plastisol sin PVC<\/strong> El naranja es adecuado para ti<br \/>\nNuestra tinta naranja est\u00e1 formulada sin PVC ni ftalatos, lo que la hace segura para aficionados al bricolaje, escuelas, espacios creativos y marcas de ropa independientes. Se procesa a una temperatura m\u00e1s baja (aproximadamente 135 \u00b0C), lo que permite su compatibilidad con pistolas de calor dom\u00e9sticas o secadoras port\u00e1tiles peque\u00f1as, y reduce el consumo de energ\u00eda. M\u00e1s segura, m\u00e1s limpia y m\u00e1s eficiente para la impresi\u00f3n personalizada en lotes peque\u00f1os.<\/p>\n<p><img decoding=\"async\" class=\"alignnone size-medium wp-image-3598\" src=\"https:\/\/shaliteink.com\/wp-content\/uploads\/2025\/08\/PVC-Free-Plastisol-Ink-Orange-4-287x300.jpeg\" alt=\"Tinta plastisol naranja sin PVC\" width=\"287\" height=\"300\" srcset=\"https:\/\/shaliteink.com\/wp-content\/uploads\/2025\/08\/PVC-Free-Plastisol-Ink-Orange-4-287x300.jpeg 287w, https:\/\/shaliteink.com\/wp-content\/uploads\/2025\/08\/PVC-Free-Plastisol-Ink-Orange-4-979x1024.jpeg 979w, https:\/\/shaliteink.com\/wp-content\/uploads\/2025\/08\/PVC-Free-Plastisol-Ink-Orange-4-768x804.jpeg 768w, https:\/\/shaliteink.com\/wp-content\/uploads\/2025\/08\/PVC-Free-Plastisol-Ink-Orange-4-1468x1536.jpeg 1468w, https:\/\/shaliteink.com\/wp-content\/uploads\/2025\/08\/PVC-Free-Plastisol-Ink-Orange-4-11x12.jpeg 11w, https:\/\/shaliteink.com\/wp-content\/uploads\/2025\/08\/PVC-Free-Plastisol-Ink-Orange-4-1200x1256.jpeg 1200w, https:\/\/shaliteink.com\/wp-content\/uploads\/2025\/08\/PVC-Free-Plastisol-Ink-Orange-4-150x157.jpeg 150w, https:\/\/shaliteink.com\/wp-content\/uploads\/2025\/08\/PVC-Free-Plastisol-Ink-Orange-4.jpeg 1636w\" sizes=\"(max-width: 287px) 100vw, 287px\" \/><\/p>\n<h1>Caracter\u00edsticas y beneficios:<\/h1>\n<p><strong>Seguridad y rendimiento:<\/strong><\/p>\n<ul>\n<li><a href=\"https:\/\/shaliteink.com\/es\/\"><strong>Tinta plastisol libre de PVC Shaliteink<\/strong><\/a> Certificado sin ftalatos para uso ecol\u00f3gico: perfecto para creadores con ni\u00f1os, mascotas o con filosof\u00eda de dise\u00f1o ecol\u00f3gico.<\/li>\n<li>El pigmento naranja altamente opaco ofrece colores intensos y vivos, incluso en telas oscuras o de color. Basado en las caracter\u00edsticas de curado r\u00e1pido: sin ftalatos, alta opacidad.<\/li>\n<li>Impresiones suaves a mano que imitan l\u00edneas de plastisol premium como Sollyd\u2122 y Rapid Cure<\/li>\n<\/ul>\n<p><strong>Facilidad de impresi\u00f3n y flujo de trabajo:<\/strong><\/p>\n<ul>\n<li>La f\u00f3rmula de tinta cremosa de cuerpo corto fluye f\u00e1cilmente bajo la escobilla de goma, ideal para usuarios manuales y de prensas peque\u00f1as.<\/li>\n<li>Acepta pasadas h\u00famedo sobre h\u00famedo para lograr efectos multicolor con tiempos de secado m\u00ednimos.<\/li>\n<\/ul>\n<p><strong>Curado a baja temperatura:<\/strong><\/p>\n<ul>\n<li>Cura a aproximadamente 132 \u00b0C (270 \u00b0F), una temperatura significativamente inferior a los 160 \u00b0C (320 \u00b0F) habituales. Compatible con pistolas de calor dom\u00e9sticas, secadores instant\u00e1neos u hornos de baja temperatura.<\/li>\n<li>Deje secar a aproximadamente 180\u2013200 \u00b0F durante 3 a 5 segundos, luego cure por completo a 270 \u00b0F a trav\u00e9s de la capa de tinta.<\/li>\n<\/ul>\n<p><strong>Limpieza y limpieza:<\/strong><\/p>\n<ul>\n<li>Al ser plastisol, la tinta no se seca en la pantalla; simplemente l\u00edmpiela o l\u00e1vela con un limpiador especial para plastisol. No se necesitan disolventes especiales ni dejarla en remojo durante mucho tiempo.<\/li>\n<li>El bajo olor y los residuos m\u00ednimos reducen el tiempo y los costos de limpieza: ideal para estudios de bricolaje compactos o entornos escolares.<\/li>\n<\/ul>\n<p><img decoding=\"async\" class=\"alignnone size-medium wp-image-2983\" src=\"https:\/\/shaliteink.com\/wp-content\/uploads\/2025\/08\/PVC-Free-Plastisol-Ink-Orange-2-263x300.jpeg\" alt=\"Tinta plastisol naranja sin PVC\" width=\"263\" height=\"300\" srcset=\"https:\/\/shaliteink.com\/wp-content\/uploads\/2025\/08\/PVC-Free-Plastisol-Ink-Orange-2-263x300.jpeg 263w, https:\/\/shaliteink.com\/wp-content\/uploads\/2025\/08\/PVC-Free-Plastisol-Ink-Orange-2-898x1024.jpeg 898w, https:\/\/shaliteink.com\/wp-content\/uploads\/2025\/08\/PVC-Free-Plastisol-Ink-Orange-2-768x875.jpeg 768w, https:\/\/shaliteink.com\/wp-content\/uploads\/2025\/08\/PVC-Free-Plastisol-Ink-Orange-2-1348x1536.jpeg 1348w, https:\/\/shaliteink.com\/wp-content\/uploads\/2025\/08\/PVC-Free-Plastisol-Ink-Orange-2-11x12.jpeg 11w, https:\/\/shaliteink.com\/wp-content\/uploads\/2025\/08\/PVC-Free-Plastisol-Ink-Orange-2-1200x1368.jpeg 1200w, https:\/\/shaliteink.com\/wp-content\/uploads\/2025\/08\/PVC-Free-Plastisol-Ink-Orange-2-150x171.jpeg 150w, https:\/\/shaliteink.com\/wp-content\/uploads\/2025\/08\/PVC-Free-Plastisol-Ink-Orange-2.jpeg 1632w\" sizes=\"(max-width: 263px) 100vw, 263px\" \/><\/p>\n<p>&nbsp;<\/p>","protected":false},"excerpt":{"rendered":"<p>Seguro <strong data-start=\"5\" data-end=\"31\">Tinta plastisol sin PVC<\/strong> Naranja con curado a baja temperatura, sin ftalatos, vibrante y suave. Ideal <strong data-start=\"105\" data-end=\"128\">tinta de serigraf\u00eda<\/strong> Para aficionados al bricolaje y usuarios de estudios en casa. \u00a1Compra ya!<\/p>","protected":false},"featured_media":3597,"comment_status":"open","ping_status":"closed","template":"","meta":[],"product_brand":[],"product_cat":[45],"product_tag":[],"class_list":{"0":"post-2979","1":"product","2":"type-product","3":"status-publish","4":"has-post-thumbnail","6":"product_cat-pvc-free-plastisol-ink","8":"first","9":"instock","10":"shipping-taxable","11":"purchasable","12":"product-type-variable"},"tiered_pricing_type":"fixed","tiered_pricing_fixed_rules":[],"tiered_pricing_product_settings":{"layout":"default","base_unit_name":{"singular":null,"plural":null},"default_variation":null},"tiered_pricing_minimum_quantity":null,"tiered_pricing_roles_data":[],"tiered_pricing_percentage_rules":[],"tiered_pricing_maximum_quantity":null,"tiered_pricing_quantity_step":null,"_links":{"self":[{"href":"https:\/\/shaliteink.com\/es\/wp-json\/wp\/v2\/product\/2979","targetHints":{"allow":["GET"]}}],"collection":[{"href":"https:\/\/shaliteink.com\/es\/wp-json\/wp\/v2\/product"}],"about":[{"href":"https:\/\/shaliteink.com\/es\/wp-json\/wp\/v2\/types\/product"}],"replies":[{"embeddable":true,"href":"https:\/\/shaliteink.com\/es\/wp-json\/wp\/v2\/comments?post=2979"}],"version-history":[{"count":0,"href":"https:\/\/shaliteink.com\/es\/wp-json\/wp\/v2\/product\/2979\/revisions"}],"wp:featuredmedia":[{"embeddable":true,"href":"https:\/\/shaliteink.com\/es\/wp-json\/wp\/v2\/media\/3597"}],"wp:attachment":[{"href":"https:\/\/shaliteink.com\/es\/wp-json\/wp\/v2\/media?parent=2979"}],"wp:term":[{"taxonomy":"product_brand","embeddable":true,"href":"https:\/\/shaliteink.com\/es\/wp-json\/wp\/v2\/product_brand?post=2979"},{"taxonomy":"product_cat","embeddable":true,"href":"https:\/\/shaliteink.com\/es\/wp-json\/wp\/v2\/product_cat?post=2979"},{"taxonomy":"product_tag","embeddable":true,"href":"https:\/\/shaliteink.com\/es\/wp-json\/wp\/v2\/product_tag?post=2979"}],"curies":[{"name":"wp","href":"https:\/\/api.w.org\/{rel}","templated":true}]}}