{"id":2969,"date":"2025-09-19T08:08:22","date_gmt":"2025-09-19T08:08:22","guid":{"rendered":"https:\/\/shaliteink.com\/?post_type=product&#038;p=2969"},"modified":"2025-12-10T11:25:06","modified_gmt":"2025-12-10T11:25:06","slug":"tinta-plastisol-sin-pvc-de-color-amarillo-dorado","status":"publish","type":"product","link":"https:\/\/shaliteink.com\/es\/producto\/tinta-plastisol-sin-pvc-de-color-amarillo-dorado\/","title":{"rendered":"Tinta plastisol sin PVC \u2013 Amarillo dorado | Serigraf\u00eda"},"content":{"rendered":"<p>Descubrir <strong><a href=\"https:\/\/shaliteink.com\/es\/categoria-producto\/tinta-plastisol-sin-pvc\/\">tinta plastisol sin PVC<\/a><\/strong> Con Golden Yellow, una vibrante tinta de impresi\u00f3n para displays, especialmente formulada para creadores preocupados por la seguridad. Shaliteink te ofrece dos a\u00f1os de experiencia en producci\u00f3n: producci\u00f3n directa, con la confianza de fabricantes internacionales y dise\u00f1ada para artesanos, comerciantes de art\u00edculos hechos a mano, espacios creativos, dise\u00f1adores de ropa independientes, organizadores de eventos y entusiastas de la decoraci\u00f3n del hogar.<\/p>\n<p>Tratando de encontrar una <a href=\"https:\/\/shaliteink.com\/es\/\"><strong>Los m\u00e1s vendidos <\/strong><strong>Tinta plastisol sin PVC<\/strong><\/a>Esta tinta amarillo dorado ofrece las ventajas del plastisol est\u00e1ndar sin PVC ni ftalatos. Se cura a \u2248 132 \u00b0C (270 \u00b0F), funciona de maravilla con pistolas de calor dom\u00e9sticas o secadoras de flash econ\u00f3micas, y es ideal para estudios peque\u00f1os. Bas\u00e1ndose en est\u00e1ndares como la tinta blanca de tratamiento r\u00e1pido, proporciona impresiones vibrantes, de alta opacidad, suaves al tacto y con baja p\u00e9rdida de tinta en mezclas de poli\u00e9ster.<\/p>\n<p><img decoding=\"async\" class=\"alignnone size-medium wp-image-3600\" src=\"https:\/\/shaliteink.com\/wp-content\/uploads\/2025\/08\/PVC-Free-Plastisol-Ink-Orange-Yellow-4-245x300.jpeg\" alt=\"Tinta plastisol sin PVC \u2013 Amarillo dorado\" width=\"245\" height=\"300\" srcset=\"https:\/\/shaliteink.com\/wp-content\/uploads\/2025\/08\/PVC-Free-Plastisol-Ink-Orange-Yellow-4-245x300.jpeg 245w, https:\/\/shaliteink.com\/wp-content\/uploads\/2025\/08\/PVC-Free-Plastisol-Ink-Orange-Yellow-4-837x1024.jpeg 837w, https:\/\/shaliteink.com\/wp-content\/uploads\/2025\/08\/PVC-Free-Plastisol-Ink-Orange-Yellow-4-768x940.jpeg 768w, https:\/\/shaliteink.com\/wp-content\/uploads\/2025\/08\/PVC-Free-Plastisol-Ink-Orange-Yellow-4-1256x1536.jpeg 1256w, https:\/\/shaliteink.com\/wp-content\/uploads\/2025\/08\/PVC-Free-Plastisol-Ink-Orange-Yellow-4-1674x2048.jpeg 1674w, https:\/\/shaliteink.com\/wp-content\/uploads\/2025\/08\/PVC-Free-Plastisol-Ink-Orange-Yellow-4-10x12.jpeg 10w, https:\/\/shaliteink.com\/wp-content\/uploads\/2025\/08\/PVC-Free-Plastisol-Ink-Orange-Yellow-4-1200x1468.jpeg 1200w, https:\/\/shaliteink.com\/wp-content\/uploads\/2025\/08\/PVC-Free-Plastisol-Ink-Orange-Yellow-4-150x184.jpeg 150w\" sizes=\"(max-width: 245px) 100vw, 245px\" \/><\/p>\n<h1>\u00bfPor qu\u00e9 elegir Golden Yellow?<\/h1>\n<ul>\n<li>Opacidad de color amarillo dorado intenso y vibrante incluso en prendas oscuras<\/li>\n<li>Consistencia cremosa y de impresi\u00f3n r\u00e1pida para una impresi\u00f3n y limpieza suaves, reflejando la facilidad de uso de las tintas l\u00edderes.<\/li>\n<li>Acabado suave que se siente extraordinario al tacto, evitando texturas r\u00edgidas de plastisol.<\/li>\n<li>Sistema libre de ftalatos y PVC, que cumple con las expectativas ecol\u00f3gicas y de seguridad para la salud.<\/li>\n<li>Temperatura de tratamiento moderada, al igual que las tintas de baja intensidad (\u2248 270 \u00b0F), lo que reduce el riesgo de quemaduras y permite la compatibilidad con dispositivos dom\u00e9sticos.<\/li>\n<li>Perfecto para artesanos que hacen camisetas personalizadas, distribuidores de Etsy\/Shopify que desean lotes peque\u00f1os y constantes, espacios de creaci\u00f3n que necesitan tinta segura y f\u00e1cil, marcas de ropa independientes con entregas r\u00e1pidas.<\/li>\n<li>La rotaci\u00f3n de personal y los organizadores de eventos que manejan plazos ajustados se benefician de esta confiable tinta amarilla dorada.<\/li>\n<\/ul>\n<p><img decoding=\"async\" class=\"alignnone size-medium wp-image-2975\" src=\"https:\/\/shaliteink.com\/wp-content\/uploads\/2025\/08\/PVC-Free-Plastisol-Ink-\u2013-Golden-Yellow-1-275x300.jpeg\" alt=\"Tinta plastisol sin PVC \u2013 Amarillo dorado\" width=\"275\" height=\"300\" srcset=\"https:\/\/shaliteink.com\/wp-content\/uploads\/2025\/08\/PVC-Free-Plastisol-Ink-\u2013-Golden-Yellow-1-275x300.jpeg 275w, https:\/\/shaliteink.com\/wp-content\/uploads\/2025\/08\/PVC-Free-Plastisol-Ink-\u2013-Golden-Yellow-1-937x1024.jpeg 937w, https:\/\/shaliteink.com\/wp-content\/uploads\/2025\/08\/PVC-Free-Plastisol-Ink-\u2013-Golden-Yellow-1-768x839.jpeg 768w, https:\/\/shaliteink.com\/wp-content\/uploads\/2025\/08\/PVC-Free-Plastisol-Ink-\u2013-Golden-Yellow-1-1406x1536.jpeg 1406w, https:\/\/shaliteink.com\/wp-content\/uploads\/2025\/08\/PVC-Free-Plastisol-Ink-\u2013-Golden-Yellow-1-11x12.jpeg 11w, https:\/\/shaliteink.com\/wp-content\/uploads\/2025\/08\/PVC-Free-Plastisol-Ink-\u2013-Golden-Yellow-1-1200x1311.jpeg 1200w, https:\/\/shaliteink.com\/wp-content\/uploads\/2025\/08\/PVC-Free-Plastisol-Ink-\u2013-Golden-Yellow-1-150x164.jpeg 150w, https:\/\/shaliteink.com\/wp-content\/uploads\/2025\/08\/PVC-Free-Plastisol-Ink-\u2013-Golden-Yellow-1.jpeg 1604w\" sizes=\"(max-width: 275px) 100vw, 275px\" \/><\/p>\n<h2 data-start=\"594\" data-end=\"609\">Caracter\u00edsticas principales<\/h2>\n<ul data-start=\"611\" data-end=\"946\">\n<li data-start=\"611\" data-end=\"652\">\n<p data-start=\"613\" data-end=\"652\"><span class=\"relative -mx-px my-[-0.2rem] rounded px-px py-[0.2rem] transition-colors duration-100 ease-in-out\"><strong data-start=\"0\" data-end=\"26\" data-is-only-node=\"\">Tinta plastisol sin PVC<\/strong>: seguro y no t\u00f3xico<\/span><\/p>\n<\/li>\n<li data-start=\"653\" data-end=\"694\">\n<p data-start=\"655\" data-end=\"694\"><span class=\"relative -mx-px my-[-0.2rem] rounded px-px py-[0.2rem] transition-colors duration-100 ease-in-out\"><strong data-start=\"0\" data-end=\"37\" data-is-last-node=\"\" data-is-only-node=\"\">Color amarillo dorado muy opaco<\/strong><\/span><\/p>\n<\/li>\n<li data-start=\"695\" data-end=\"736\">\n<p data-start=\"697\" data-end=\"736\"><span class=\"relative -mx-px my-[-0.2rem] rounded px-px py-[0.2rem] transition-colors duration-100 ease-in-out\"><strong data-start=\"0\" data-end=\"37\" data-is-last-node=\"\" data-is-only-node=\"\">Consistencia cremosa y f\u00e1cil de imprimir.<\/strong><\/span><\/p>\n<\/li>\n<li data-start=\"737\" data-end=\"778\">\n<p data-start=\"739\" data-end=\"778\"><span class=\"relative -mx-px my-[-0.2rem] rounded px-px py-[0.2rem] transition-colors duration-100 ease-in-out\"><strong data-start=\"0\" data-end=\"34\" data-is-only-node=\"\">Temperatura de curado baja (~270 \u00b0F)<\/strong> Adecuado para curado en casa o en estudio.<\/span><\/p>\n<\/li>\n<li data-start=\"779\" data-end=\"820\">\n<p data-start=\"781\" data-end=\"820\"><span class=\"relative -mx-px my-[-0.2rem] rounded px-px py-[0.2rem] transition-colors duration-100 ease-in-out\"><strong data-start=\"0\" data-end=\"35\" data-is-last-node=\"\" data-is-only-node=\"\">Acabado suave y flexible al tacto.<\/strong><\/span><\/p>\n<\/li>\n<li data-start=\"821\" data-end=\"862\">\n<p data-start=\"823\" data-end=\"862\"><span class=\"relative -mx-px my-[-0.2rem] rounded px-px py-[0.2rem] transition-colors duration-100 ease-in-out\"><strong data-start=\"0\" data-end=\"37\" data-is-last-node=\"\" data-is-only-node=\"\">Bajo sangrado en poli\u00e9ster y mezclas.<\/strong><\/span><\/p>\n<\/li>\n<li data-start=\"863\" data-end=\"904\">\n<p data-start=\"865\" data-end=\"904\"><span class=\"relative -mx-px my-[-0.2rem] rounded px-px py-[0.2rem] transition-colors duration-100 ease-in-out\"><strong data-start=\"0\" data-end=\"37\" data-is-last-node=\"\" data-is-only-node=\"\">Tiempo de flash corto, producci\u00f3n r\u00e1pida.<\/strong><\/span><\/p>\n<\/li>\n<li data-start=\"905\" data-end=\"946\">\n<p data-start=\"907\" data-end=\"946\"><span class=\"relative -mx-px my-[-0.2rem] rounded px-px py-[0.2rem] transition-colors duration-100 ease-in-out\"><strong data-start=\"0\" data-end=\"35\" data-is-last-node=\"\" data-is-only-node=\"\">Sin ftalatos y respetuoso con el medio ambiente<\/strong><\/span><\/p>\n<\/li>\n<\/ul>","protected":false},"excerpt":{"rendered":"<p>La tinta plastisol sin PVC Golden Yellow ofrece una tinta para serigraf\u00eda intensa y altamente opaca que cura a \u2248270 \u00b0F, logrando un tacto suave y una m\u00ednima transferencia de color. \u00a1C\u00f3mprela ahora!.<\/p>","protected":false},"featured_media":2976,"comment_status":"open","ping_status":"closed","template":"","meta":[],"product_brand":[],"product_cat":[45],"product_tag":[],"class_list":{"0":"post-2969","1":"product","2":"type-product","3":"status-publish","4":"has-post-thumbnail","6":"product_cat-pvc-free-plastisol-ink","8":"first","9":"instock","10":"shipping-taxable","11":"purchasable","12":"product-type-variable"},"tiered_pricing_type":"fixed","tiered_pricing_fixed_rules":[],"tiered_pricing_product_settings":{"layout":"default","base_unit_name":{"singular":null,"plural":null},"default_variation":null},"tiered_pricing_minimum_quantity":null,"tiered_pricing_roles_data":[],"tiered_pricing_percentage_rules":[],"tiered_pricing_maximum_quantity":null,"tiered_pricing_quantity_step":null,"_links":{"self":[{"href":"https:\/\/shaliteink.com\/es\/wp-json\/wp\/v2\/product\/2969","targetHints":{"allow":["GET"]}}],"collection":[{"href":"https:\/\/shaliteink.com\/es\/wp-json\/wp\/v2\/product"}],"about":[{"href":"https:\/\/shaliteink.com\/es\/wp-json\/wp\/v2\/types\/product"}],"replies":[{"embeddable":true,"href":"https:\/\/shaliteink.com\/es\/wp-json\/wp\/v2\/comments?post=2969"}],"version-history":[{"count":0,"href":"https:\/\/shaliteink.com\/es\/wp-json\/wp\/v2\/product\/2969\/revisions"}],"wp:featuredmedia":[{"embeddable":true,"href":"https:\/\/shaliteink.com\/es\/wp-json\/wp\/v2\/media\/2976"}],"wp:attachment":[{"href":"https:\/\/shaliteink.com\/es\/wp-json\/wp\/v2\/media?parent=2969"}],"wp:term":[{"taxonomy":"product_brand","embeddable":true,"href":"https:\/\/shaliteink.com\/es\/wp-json\/wp\/v2\/product_brand?post=2969"},{"taxonomy":"product_cat","embeddable":true,"href":"https:\/\/shaliteink.com\/es\/wp-json\/wp\/v2\/product_cat?post=2969"},{"taxonomy":"product_tag","embeddable":true,"href":"https:\/\/shaliteink.com\/es\/wp-json\/wp\/v2\/product_tag?post=2969"}],"curies":[{"name":"wp","href":"https:\/\/api.w.org\/{rel}","templated":true}]}}