{"id":2819,"date":"2025-09-22T03:50:13","date_gmt":"2025-09-22T03:50:13","guid":{"rendered":"https:\/\/shaliteink.com\/?post_type=product&#038;p=2819"},"modified":"2025-12-10T11:29:43","modified_gmt":"2025-12-10T11:29:43","slug":"comprar-tinta-plastisol-sin-pvc-de-color-amarillo-dorado","status":"publish","type":"product","link":"https:\/\/shaliteink.com\/es\/producto\/comprar-tinta-plastisol-sin-pvc-de-color-amarillo-dorado\/","title":{"rendered":"Compre tinta plastisol amarilla dorada sin PVC \u2013 Ecol\u00f3gica"},"content":{"rendered":"<p>Ilumina tus impresiones con nuestro Amarillo Dorado <strong><a href=\"https:\/\/shaliteink.com\/es\/categoria-producto\/tinta-plastisol-sin-pvc\/\">Tinta plastisol sin PVC<\/a><\/strong>, el deseo ecol\u00f3gico de los expertos y aficionados a la serigraf\u00eda. Puedes comprar <strong>libre de PVC<\/strong><strong>Tienda online de tinta Lastisol<\/strong>.Perfecta para aficionados al bricolaje, peque\u00f1as marcas de ropa y producci\u00f3n a gran escala, esta tinta ofrece colores vivos, un tacto suave y una durabilidad de impresi\u00f3n excepcional, sin PVC ni ftalatos.<\/p>\n<p>Como l\u00edder <a href=\"https:\/\/shaliteink.com\/es\/\"><strong>Proveedor de tinta para serigraf\u00eda<\/strong><\/a> Con m\u00e1s de veinte a\u00f1os de experiencia en fabricaci\u00f3n, <strong>Shaliteink<\/strong> Le ofrece productos de primera clase directamente de f\u00e1brica que cumplen con los m\u00e1s altos est\u00e1ndares de seguridad y medioambientales, tales como: <strong>Certificaci\u00f3n OEKO-TEX<\/strong>. Ya sea que est\u00e9s creando camisetas personalizadas, bolsas de tela o textiles para la decoraci\u00f3n del hogar, nuestra tinta garantiza resultados uniformes en cada lote.<\/p>\n<p><img decoding=\"async\" class=\"alignnone size-medium wp-image-3606\" src=\"https:\/\/shaliteink.com\/wp-content\/uploads\/2025\/08\/Golden-Yellow-PVC-Free-Plastisol-Ink-300x250.jpeg\" alt=\"Tinta plastisol sin PVC de color amarillo dorado\" width=\"300\" height=\"250\" srcset=\"https:\/\/shaliteink.com\/wp-content\/uploads\/2025\/08\/Golden-Yellow-PVC-Free-Plastisol-Ink-300x250.jpeg 300w, https:\/\/shaliteink.com\/wp-content\/uploads\/2025\/08\/Golden-Yellow-PVC-Free-Plastisol-Ink-1024x853.jpeg 1024w, https:\/\/shaliteink.com\/wp-content\/uploads\/2025\/08\/Golden-Yellow-PVC-Free-Plastisol-Ink-768x640.jpeg 768w, https:\/\/shaliteink.com\/wp-content\/uploads\/2025\/08\/Golden-Yellow-PVC-Free-Plastisol-Ink-1536x1279.jpeg 1536w, https:\/\/shaliteink.com\/wp-content\/uploads\/2025\/08\/Golden-Yellow-PVC-Free-Plastisol-Ink-2048x1706.jpeg 2048w, https:\/\/shaliteink.com\/wp-content\/uploads\/2025\/08\/Golden-Yellow-PVC-Free-Plastisol-Ink-14x12.jpeg 14w, https:\/\/shaliteink.com\/wp-content\/uploads\/2025\/08\/Golden-Yellow-PVC-Free-Plastisol-Ink-1200x999.jpeg 1200w, https:\/\/shaliteink.com\/wp-content\/uploads\/2025\/08\/Golden-Yellow-PVC-Free-Plastisol-Ink-150x125.jpeg 150w\" sizes=\"(max-width: 300px) 100vw, 300px\" \/><\/p>\n<h1>Caracter\u00edsticas principales:<\/h1>\n<ul>\n<li>Libre de PVC y ecol\u00f3gico: formulado sin PVC ni plastificantes da\u00f1inos para una impresi\u00f3n m\u00e1s segura en hogares, escuelas y talleres profesionales.<\/li>\n<li>Color amarillo dorado vibrante: cobertura rica y opaca en tejidos claros y oscuros con una resistencia al lavado excepcional.<\/li>\n<li>Impresiones suaves y flexibles: producen un acabado liso y suave al tacto sin agrietarse ni pelarse.<\/li>\n<li>Poco olor y no t\u00f3xico: ideal para espacios cerrados y entornos educativos.<\/li>\n<li>Excelente consistencia de color: mantiene tonos uniformes en m\u00faltiples tiradas de impresi\u00f3n, reduciendo el desperdicio.<\/li>\n<\/ul>\n<p><img decoding=\"async\" class=\"alignnone size-medium wp-image-2822\" src=\"https:\/\/shaliteink.com\/wp-content\/uploads\/2025\/07\/Golden-Yellow-PVC-Free-Plastisol-Ink-2-285x300.jpeg\" alt=\"Tinta plastisol sin PVC de color amarillo dorado\" width=\"285\" height=\"300\" srcset=\"https:\/\/shaliteink.com\/wp-content\/uploads\/2025\/07\/Golden-Yellow-PVC-Free-Plastisol-Ink-2-285x300.jpeg 285w, https:\/\/shaliteink.com\/wp-content\/uploads\/2025\/07\/Golden-Yellow-PVC-Free-Plastisol-Ink-2-974x1024.jpeg 974w, https:\/\/shaliteink.com\/wp-content\/uploads\/2025\/07\/Golden-Yellow-PVC-Free-Plastisol-Ink-2-768x807.jpeg 768w, https:\/\/shaliteink.com\/wp-content\/uploads\/2025\/07\/Golden-Yellow-PVC-Free-Plastisol-Ink-2-11x12.jpeg 11w, https:\/\/shaliteink.com\/wp-content\/uploads\/2025\/07\/Golden-Yellow-PVC-Free-Plastisol-Ink-2-1200x1262.jpeg 1200w, https:\/\/shaliteink.com\/wp-content\/uploads\/2025\/07\/Golden-Yellow-PVC-Free-Plastisol-Ink-2-150x158.jpeg 150w, https:\/\/shaliteink.com\/wp-content\/uploads\/2025\/07\/Golden-Yellow-PVC-Free-Plastisol-Ink-2.jpeg 1324w\" sizes=\"(max-width: 285px) 100vw, 285px\" \/><\/p>\n<h1>Curaci\u00f3n:<\/h1>\n<p>Nuestro <strong>Tinta plastisol sin PVC<\/strong> Se seca r\u00e1pidamente a 160 \u00b0C (320 \u00b0F) para obtener impresiones duraderas y de larga vida \u00fatil. Compatible con secadoras de cinta transportadora y unidades de curado instant\u00e1neo. Para impresoras dom\u00e9sticas, se puede curar con una prensa t\u00e9rmica, una pistola de calor o incluso un horno convencional.<\/p>\n<p>&nbsp;<\/p>","protected":false},"excerpt":{"rendered":"<p>Eco-seguro <strong data-start=\"3257\" data-end=\"3297\">Tinta plastisol sin PVC de color amarillo dorado<\/strong> Para impresiones vibrantes y duraderas. Ideal para bricolaje, marcas de ropa y escuelas. Compra las mejores marcas. <strong data-start=\"3385\" data-end=\"3408\">tinta de serigraf\u00eda<\/strong> \u00a1ahora!<\/p>","protected":false},"featured_media":2821,"comment_status":"open","ping_status":"closed","template":"","meta":[],"product_brand":[],"product_cat":[45],"product_tag":[],"class_list":{"0":"post-2819","1":"product","2":"type-product","3":"status-publish","4":"has-post-thumbnail","6":"product_cat-pvc-free-plastisol-ink","8":"first","9":"instock","10":"shipping-taxable","11":"purchasable","12":"product-type-variable"},"tiered_pricing_type":"fixed","tiered_pricing_fixed_rules":[],"tiered_pricing_product_settings":{"layout":"default","base_unit_name":{"singular":null,"plural":null},"default_variation":null},"tiered_pricing_minimum_quantity":null,"tiered_pricing_roles_data":[],"tiered_pricing_percentage_rules":[],"tiered_pricing_maximum_quantity":null,"tiered_pricing_quantity_step":null,"_links":{"self":[{"href":"https:\/\/shaliteink.com\/es\/wp-json\/wp\/v2\/product\/2819","targetHints":{"allow":["GET"]}}],"collection":[{"href":"https:\/\/shaliteink.com\/es\/wp-json\/wp\/v2\/product"}],"about":[{"href":"https:\/\/shaliteink.com\/es\/wp-json\/wp\/v2\/types\/product"}],"replies":[{"embeddable":true,"href":"https:\/\/shaliteink.com\/es\/wp-json\/wp\/v2\/comments?post=2819"}],"version-history":[{"count":0,"href":"https:\/\/shaliteink.com\/es\/wp-json\/wp\/v2\/product\/2819\/revisions"}],"wp:featuredmedia":[{"embeddable":true,"href":"https:\/\/shaliteink.com\/es\/wp-json\/wp\/v2\/media\/2821"}],"wp:attachment":[{"href":"https:\/\/shaliteink.com\/es\/wp-json\/wp\/v2\/media?parent=2819"}],"wp:term":[{"taxonomy":"product_brand","embeddable":true,"href":"https:\/\/shaliteink.com\/es\/wp-json\/wp\/v2\/product_brand?post=2819"},{"taxonomy":"product_cat","embeddable":true,"href":"https:\/\/shaliteink.com\/es\/wp-json\/wp\/v2\/product_cat?post=2819"},{"taxonomy":"product_tag","embeddable":true,"href":"https:\/\/shaliteink.com\/es\/wp-json\/wp\/v2\/product_tag?post=2819"}],"curies":[{"name":"wp","href":"https:\/\/api.w.org\/{rel}","templated":true}]}}