{"id":2813,"date":"2025-09-22T04:00:34","date_gmt":"2025-09-22T04:00:34","guid":{"rendered":"https:\/\/shaliteink.com\/?post_type=product&#038;p=2813"},"modified":"2025-12-10T11:30:57","modified_gmt":"2025-12-10T11:30:57","slug":"tienda-de-impresion-con-tinta-plastisol-amarilla-sin-pvc","status":"publish","type":"product","link":"https:\/\/shaliteink.com\/es\/producto\/tienda-de-impresion-con-tinta-plastisol-amarilla-sin-pvc\/","title":{"rendered":"Compre tinta plastisol amarilla sin PVC: segura para la impresi\u00f3n textil"},"content":{"rendered":"<p>Comercio <strong>Tinta plastisol sin PVC<\/strong> <strong>Amarillo<\/strong> \u2013 Seguro para la impresi\u00f3n textil. Brillante, ecol\u00f3gico y de f\u00e1cil aplicaci\u00f3n, nuestro <strong>Tinta plastisol sin PVC<\/strong> En amarillo vibrante, es la opci\u00f3n perfecta para decoradores de telas y prendas que buscan resultados profesionales y responsabilidad ambiental. Dise\u00f1ada para peque\u00f1os estudios, dise\u00f1adores aficionados, escuelas y marcas de ropa independientes, esta tinta ofrece una excelente opacidad, f\u00e1cil aplicaci\u00f3n y un color uniforme en cada tirada.<\/p>\n<h1>\u00bfPor qu\u00e9 elegir esta tinta?<\/h1>\n<p>Nuestro <a href=\"https:\/\/shaliteink.com\/es\/screen-printing-ink\/\"><strong>tinta de serigraf\u00eda<\/strong><\/a> Su f\u00f3rmula est\u00e1 completamente libre de PVC y ftalatos, lo que la hace m\u00e1s segura tanto para los impresores como para el consumidor final. Ofrece un rendimiento sin olores y no t\u00f3xico, y cumple con las principales certificaciones ecol\u00f3gicas, por lo que es ideal para proyectos que requieren seguridad y sostenibilidad. Su intenso tono amarillo produce impresiones coloridas tanto en tejidos claros como oscuros, conservando su brillo incluso despu\u00e9s de varios lavados.<\/p>\n<p><img decoding=\"async\" class=\"alignnone size-medium wp-image-3604\" src=\"https:\/\/shaliteink.com\/wp-content\/uploads\/2025\/08\/PVC-Free-Plastisol-Ink-Yellow-300x229.jpeg\" alt=\" Tinta plastisol amarilla sin PVC\" width=\"300\" height=\"229\" srcset=\"https:\/\/shaliteink.com\/wp-content\/uploads\/2025\/08\/PVC-Free-Plastisol-Ink-Yellow-300x229.jpeg 300w, https:\/\/shaliteink.com\/wp-content\/uploads\/2025\/08\/PVC-Free-Plastisol-Ink-Yellow-1024x783.jpeg 1024w, https:\/\/shaliteink.com\/wp-content\/uploads\/2025\/08\/PVC-Free-Plastisol-Ink-Yellow-768x587.jpeg 768w, https:\/\/shaliteink.com\/wp-content\/uploads\/2025\/08\/PVC-Free-Plastisol-Ink-Yellow-1536x1174.jpeg 1536w, https:\/\/shaliteink.com\/wp-content\/uploads\/2025\/08\/PVC-Free-Plastisol-Ink-Yellow-2048x1566.jpeg 2048w, https:\/\/shaliteink.com\/wp-content\/uploads\/2025\/08\/PVC-Free-Plastisol-Ink-Yellow-16x12.jpeg 16w, https:\/\/shaliteink.com\/wp-content\/uploads\/2025\/08\/PVC-Free-Plastisol-Ink-Yellow-1200x918.jpeg 1200w, https:\/\/shaliteink.com\/wp-content\/uploads\/2025\/08\/PVC-Free-Plastisol-Ink-Yellow-150x115.jpeg 150w\" sizes=\"(max-width: 300px) 100vw, 300px\" \/><\/p>\n<h1>Caracter\u00edsticas principales:<\/h1>\n<ul>\n<li>F\u00f3rmula sin PVC: m\u00e1s segura tanto para los impresores como para los usuarios, perfecta para la impresi\u00f3n de telas sustentables.<\/li>\n<li>Color vivo y duradero: pigmento amarillo intenso con una opacidad excepcional, incluso en telas oscuras.<\/li>\n<li>Rendimiento de impresi\u00f3n suave: textura cremosa para un software sencillo y una m\u00ednima obstrucci\u00f3n de la pantalla.<\/li>\n<li>Acabado suave al tacto: tacto flexible y c\u00f3modo despu\u00e9s del curado, ideal para prendas de vestir.<\/li>\n<li>Bajo olor y no t\u00f3xico: ideal para estudios dom\u00e9sticos, escuelas y talleres.<\/li>\n<\/ul>\n<p><img decoding=\"async\" class=\"alignnone size-medium wp-image-2816\" src=\"https:\/\/shaliteink.com\/wp-content\/uploads\/2025\/07\/PVC-Free-Plastisol-Ink-Yellow-1-300x221.jpeg\" alt=\"Tinta plastisol amarilla sin PVC\" width=\"300\" height=\"221\" srcset=\"https:\/\/shaliteink.com\/wp-content\/uploads\/2025\/07\/PVC-Free-Plastisol-Ink-Yellow-1-300x221.jpeg 300w, https:\/\/shaliteink.com\/wp-content\/uploads\/2025\/07\/PVC-Free-Plastisol-Ink-Yellow-1-1024x753.jpeg 1024w, https:\/\/shaliteink.com\/wp-content\/uploads\/2025\/07\/PVC-Free-Plastisol-Ink-Yellow-1-768x565.jpeg 768w, https:\/\/shaliteink.com\/wp-content\/uploads\/2025\/07\/PVC-Free-Plastisol-Ink-Yellow-1-1536x1129.jpeg 1536w, https:\/\/shaliteink.com\/wp-content\/uploads\/2025\/07\/PVC-Free-Plastisol-Ink-Yellow-1-2048x1506.jpeg 2048w, https:\/\/shaliteink.com\/wp-content\/uploads\/2025\/07\/PVC-Free-Plastisol-Ink-Yellow-1-16x12.jpeg 16w, https:\/\/shaliteink.com\/wp-content\/uploads\/2025\/07\/PVC-Free-Plastisol-Ink-Yellow-1-1200x882.jpeg 1200w, https:\/\/shaliteink.com\/wp-content\/uploads\/2025\/07\/PVC-Free-Plastisol-Ink-Yellow-1-150x110.jpeg 150w\" sizes=\"(max-width: 300px) 100vw, 300px\" \/><\/p>\n<h1>Instrucciones de curado:<\/h1>\n<p>Nuestro <a href=\"https:\/\/shaliteink.com\/es\/categoria-producto\/tinta-plastisol-sin-pvc\/\"><strong>Tinta plastisol sin PVC<\/strong><\/a> Se remedia r\u00e1pidamente a 138 \u00b0C (280 \u00b0F), lo que permite una producci\u00f3n m\u00e1s r\u00e1pida y un menor consumo de energ\u00eda en comparaci\u00f3n con los plastisoles convencionales. Funciona con secadores de cinta transportadora, dispositivos de flash o incluso con fuentes de calor dom\u00e9sticas como pistolas de calor y hornos dom\u00e9sticos.<\/p>\n<ul>\n<li>Curado recomendado: 280 \u00b0F durante 60 a 90 segundos<\/li>\n<li>Resistencia al estiramiento y al lavado: Excelente despu\u00e9s del curado adecuado<\/li>\n<\/ul>","protected":false},"excerpt":{"rendered":"<p><strong data-start=\"3450\" data-end=\"3490\">Tinta plastisol amarilla brillante sin PVC<\/strong> Para impresi\u00f3n textil. Seguro, ecol\u00f3gico, de colores vivos y f\u00e1cil de curar. Perfecto para ropa, bricolaje y serigraf\u00eda profesional.<\/p>","protected":false},"featured_media":2817,"comment_status":"open","ping_status":"closed","template":"","meta":[],"product_brand":[],"product_cat":[45],"product_tag":[],"class_list":{"0":"post-2813","1":"product","2":"type-product","3":"status-publish","4":"has-post-thumbnail","6":"product_cat-pvc-free-plastisol-ink","8":"first","9":"instock","10":"shipping-taxable","11":"purchasable","12":"product-type-variable"},"tiered_pricing_type":"fixed","tiered_pricing_fixed_rules":[],"tiered_pricing_product_settings":{"layout":"default","base_unit_name":{"singular":null,"plural":null},"default_variation":null},"tiered_pricing_minimum_quantity":null,"tiered_pricing_roles_data":[],"tiered_pricing_percentage_rules":[],"tiered_pricing_maximum_quantity":null,"tiered_pricing_quantity_step":null,"_links":{"self":[{"href":"https:\/\/shaliteink.com\/es\/wp-json\/wp\/v2\/product\/2813","targetHints":{"allow":["GET"]}}],"collection":[{"href":"https:\/\/shaliteink.com\/es\/wp-json\/wp\/v2\/product"}],"about":[{"href":"https:\/\/shaliteink.com\/es\/wp-json\/wp\/v2\/types\/product"}],"replies":[{"embeddable":true,"href":"https:\/\/shaliteink.com\/es\/wp-json\/wp\/v2\/comments?post=2813"}],"version-history":[{"count":0,"href":"https:\/\/shaliteink.com\/es\/wp-json\/wp\/v2\/product\/2813\/revisions"}],"wp:featuredmedia":[{"embeddable":true,"href":"https:\/\/shaliteink.com\/es\/wp-json\/wp\/v2\/media\/2817"}],"wp:attachment":[{"href":"https:\/\/shaliteink.com\/es\/wp-json\/wp\/v2\/media?parent=2813"}],"wp:term":[{"taxonomy":"product_brand","embeddable":true,"href":"https:\/\/shaliteink.com\/es\/wp-json\/wp\/v2\/product_brand?post=2813"},{"taxonomy":"product_cat","embeddable":true,"href":"https:\/\/shaliteink.com\/es\/wp-json\/wp\/v2\/product_cat?post=2813"},{"taxonomy":"product_tag","embeddable":true,"href":"https:\/\/shaliteink.com\/es\/wp-json\/wp\/v2\/product_tag?post=2813"}],"curies":[{"name":"wp","href":"https:\/\/api.w.org\/{rel}","templated":true}]}}