{"id":2801,"date":"2025-10-08T06:35:53","date_gmt":"2025-10-08T06:35:53","guid":{"rendered":"https:\/\/shaliteink.com\/?post_type=product&#038;p=2801"},"modified":"2025-12-10T11:32:08","modified_gmt":"2025-12-10T11:32:08","slug":"compre-tinta-plastisol-sin-pvc-tinta-suave-para-impresion-a-mano-de-color-amarillo-limon","status":"publish","type":"product","link":"https:\/\/shaliteink.com\/es\/producto\/compre-tinta-plastisol-sin-pvc-tinta-suave-para-impresion-a-mano-de-color-amarillo-limon\/","title":{"rendered":"Tinta plastisol amarilla lim\u00f3n sin PVC: tinta suave para impresi\u00f3n a mano."},"content":{"rendered":"<p><a href=\"https:\/\/shaliteink.com\/es\/\"><strong>Shaliteink<\/strong><\/a>\u00a0<strong><a href=\"https:\/\/shaliteink.com\/es\/categoria-producto\/tinta-plastisol-sin-pvc\/\">tinta plastisol sin PVC<\/a><\/strong> En Amarillo Lim\u00f3n, le ofrece la misma calidad profesional que los impresores serigr\u00e1ficos de todo el mundo, ahora en un formato suave e ideal para principiantes. Como tinta de impresi\u00f3n para serigraf\u00eda dise\u00f1ada para artesanos, fabricantes de camisetas independientes y talleres de manualidades, esta f\u00f3rmula sin ftalatos y de bajo olor ofrece una claridad de color brillante, una opacidad vibrante y una impresi\u00f3n suave, perfecta para personalizar camisetas, bolsas y decoraci\u00f3n del hogar.<\/p>\n<p>Con veinte a\u00f1os de experiencia en fabricaci\u00f3n y precios de fabricaci\u00f3n directa, Shaliteink ofrece precios inigualables. <strong>tinta plastisol sin PVC<\/strong> Est\u00e1 dise\u00f1ado para ser cremoso y limpio para pintar, similar a los favoritos de la industria, como Sollyd Barrier Black y Rapid Cure White, que se secan a bajas temperaturas de alrededor de 132 \u00b0C (270 \u00b0F), pero sin PVC ni ftalatos. Esto significa impresiones m\u00e1s seguras y ecol\u00f3gicas, y un manejo c\u00f3modo tanto para aficionados al bricolaje como para talleres universitarios.<\/p>\n<p><img decoding=\"async\" class=\"alignnone size-medium wp-image-3602\" src=\"https:\/\/shaliteink.com\/wp-content\/uploads\/2025\/08\/PVC-Free-Plastisol-Ink-Lemon-Yellow-\u2013-300x232.jpeg\" alt=\" Tinta plastisol sin PVC amarillo lim\u00f3n \u2013\" width=\"300\" height=\"232\" srcset=\"https:\/\/shaliteink.com\/wp-content\/uploads\/2025\/08\/PVC-Free-Plastisol-Ink-Lemon-Yellow-\u2013-300x232.jpeg 300w, https:\/\/shaliteink.com\/wp-content\/uploads\/2025\/08\/PVC-Free-Plastisol-Ink-Lemon-Yellow-\u2013-1024x791.jpeg 1024w, https:\/\/shaliteink.com\/wp-content\/uploads\/2025\/08\/PVC-Free-Plastisol-Ink-Lemon-Yellow-\u2013-768x593.jpeg 768w, https:\/\/shaliteink.com\/wp-content\/uploads\/2025\/08\/PVC-Free-Plastisol-Ink-Lemon-Yellow-\u2013-1536x1186.jpeg 1536w, https:\/\/shaliteink.com\/wp-content\/uploads\/2025\/08\/PVC-Free-Plastisol-Ink-Lemon-Yellow-\u2013-2048x1581.jpeg 2048w, https:\/\/shaliteink.com\/wp-content\/uploads\/2025\/08\/PVC-Free-Plastisol-Ink-Lemon-Yellow-\u2013-16x12.jpeg 16w, https:\/\/shaliteink.com\/wp-content\/uploads\/2025\/08\/PVC-Free-Plastisol-Ink-Lemon-Yellow-\u2013-1200x927.jpeg 1200w, https:\/\/shaliteink.com\/wp-content\/uploads\/2025\/08\/PVC-Free-Plastisol-Ink-Lemon-Yellow-\u2013-150x116.jpeg 150w\" sizes=\"(max-width: 300px) 100vw, 300px\" \/><\/p>\n<h1><span class=\"wrapper\">Caracter\u00edsticas principales:<\/span><\/h1>\n<ul>\n<li><span class=\"wrapper\">Negrita, c<\/span>Amarillo lim\u00f3n colorido con alta opacidad y cobertura consistente.<span class=\"wrapper\">ge\u2014incluso en dar<\/span>k telas.<\/li>\n<li>Tinta de serigraf\u00eda de tacto suave que <span class=\"wrapper\">hace<\/span> no sentirse quieto<span class=\"wrapper\">ff o pesado<\/span> mientras estaba curado.<\/li>\n<li>Tratamiento bajo, breve f<span class=\"wrapper\">pesta\u00f1a t<\/span>tiempo: <span class=\"wrapper\">destello a ~18<\/span>0\u2013200 \u00b0F durante unos segundos; soluci\u00f3n completa a ~270 \u00b0F g<span class=\"wrapper\">garantiza rapidez<\/span>Rendimiento de er y ahorro de electricidad<\/li>\n<li>Consistencia f\u00e1cil de usar: la textura cremosa y de cuerpo breve hace que sea f\u00e1cil empujar el<span class=\"wrapper\">pantallas ru v\u00edspera<\/span>n en casa peque\u00f1a <span class=\"wrapper\">configuraciones.<\/span><\/li>\n<li>No-<span class=\"wrapper\">phth<\/span>F\u00f3rmula sin PVC: m\u00e1s segura para artesanos, educadores y entornos dom\u00e9sticos.<\/li>\n<\/ul>\n<p><img decoding=\"async\" class=\"alignnone size-medium wp-image-2805\" src=\"https:\/\/shaliteink.com\/wp-content\/uploads\/2025\/07\/PVC-Free-Plastisol-Ink-Lemon-Yellow-1-270x300.jpeg\" alt=\"Tinta plastisol sin PVC amarillo lim\u00f3n\" width=\"270\" height=\"300\" srcset=\"https:\/\/shaliteink.com\/wp-content\/uploads\/2025\/07\/PVC-Free-Plastisol-Ink-Lemon-Yellow-1-270x300.jpeg 270w, https:\/\/shaliteink.com\/wp-content\/uploads\/2025\/07\/PVC-Free-Plastisol-Ink-Lemon-Yellow-1-923x1024.jpeg 923w, https:\/\/shaliteink.com\/wp-content\/uploads\/2025\/07\/PVC-Free-Plastisol-Ink-Lemon-Yellow-1-768x852.jpeg 768w, https:\/\/shaliteink.com\/wp-content\/uploads\/2025\/07\/PVC-Free-Plastisol-Ink-Lemon-Yellow-1-1385x1536.jpeg 1385w, https:\/\/shaliteink.com\/wp-content\/uploads\/2025\/07\/PVC-Free-Plastisol-Ink-Lemon-Yellow-1-1846x2048.jpeg 1846w, https:\/\/shaliteink.com\/wp-content\/uploads\/2025\/07\/PVC-Free-Plastisol-Ink-Lemon-Yellow-1-11x12.jpeg 11w, https:\/\/shaliteink.com\/wp-content\/uploads\/2025\/07\/PVC-Free-Plastisol-Ink-Lemon-Yellow-1-1200x1331.jpeg 1200w, https:\/\/shaliteink.com\/wp-content\/uploads\/2025\/07\/PVC-Free-Plastisol-Ink-Lemon-Yellow-1-150x166.jpeg 150w\" sizes=\"(max-width: 270px) 100vw, 270px\" \/><\/p>\n<h1>Instrucciones de curado:<\/h1>\n<p>Seque a una temperatura de entre 180 y 200 \u00b0F durante tres a cinco segundos y luego repare completamente cuando la temperatura de la tinta alcance los 132 \u00b0C (270 \u00b0F) durante toda la capa. Esto ayuda a evitar el deste\u00f1ido, especialmente en poli\u00e9ster o telas mixtas, una caracter\u00edstica que comparte el m\u00e9todo de bajo deste\u00f1ido de Rapid Cure White. Para garantizar la durabilidad del lavado, realice una prueba de estiramiento o un lavado r\u00e1pido: la impresi\u00f3n debe flexionarse sin agrietarse ni deste\u00f1irse en 5 a 10 lavados.<\/p>","protected":false},"excerpt":{"rendered":"<p>Consigue un amarillo lim\u00f3n vibrante <strong data-start=\"2069\" data-end=\"2095\">Tinta plastisol sin PVC<\/strong> Con tacto suave. Este <strong data-start=\"2122\" data-end=\"2145\">tinta de serigraf\u00eda<\/strong> Cura a baja temperatura (~135 \u00b0C), es f\u00e1cil de usar y no es t\u00f3xico. \u00a1C\u00f3mpralo ya!<\/p>","protected":false},"featured_media":2810,"comment_status":"open","ping_status":"closed","template":"","meta":[],"product_brand":[],"product_cat":[45],"product_tag":[],"class_list":{"0":"post-2801","1":"product","2":"type-product","3":"status-publish","4":"has-post-thumbnail","6":"product_cat-pvc-free-plastisol-ink","8":"first","9":"instock","10":"shipping-taxable","11":"purchasable","12":"product-type-variable"},"tiered_pricing_type":"fixed","tiered_pricing_fixed_rules":[],"tiered_pricing_product_settings":{"layout":"default","base_unit_name":{"singular":null,"plural":null},"default_variation":null},"tiered_pricing_minimum_quantity":null,"tiered_pricing_roles_data":[],"tiered_pricing_percentage_rules":[],"tiered_pricing_maximum_quantity":null,"tiered_pricing_quantity_step":null,"_links":{"self":[{"href":"https:\/\/shaliteink.com\/es\/wp-json\/wp\/v2\/product\/2801","targetHints":{"allow":["GET"]}}],"collection":[{"href":"https:\/\/shaliteink.com\/es\/wp-json\/wp\/v2\/product"}],"about":[{"href":"https:\/\/shaliteink.com\/es\/wp-json\/wp\/v2\/types\/product"}],"replies":[{"embeddable":true,"href":"https:\/\/shaliteink.com\/es\/wp-json\/wp\/v2\/comments?post=2801"}],"version-history":[{"count":0,"href":"https:\/\/shaliteink.com\/es\/wp-json\/wp\/v2\/product\/2801\/revisions"}],"wp:featuredmedia":[{"embeddable":true,"href":"https:\/\/shaliteink.com\/es\/wp-json\/wp\/v2\/media\/2810"}],"wp:attachment":[{"href":"https:\/\/shaliteink.com\/es\/wp-json\/wp\/v2\/media?parent=2801"}],"wp:term":[{"taxonomy":"product_brand","embeddable":true,"href":"https:\/\/shaliteink.com\/es\/wp-json\/wp\/v2\/product_brand?post=2801"},{"taxonomy":"product_cat","embeddable":true,"href":"https:\/\/shaliteink.com\/es\/wp-json\/wp\/v2\/product_cat?post=2801"},{"taxonomy":"product_tag","embeddable":true,"href":"https:\/\/shaliteink.com\/es\/wp-json\/wp\/v2\/product_tag?post=2801"}],"curies":[{"name":"wp","href":"https:\/\/api.w.org\/{rel}","templated":true}]}}