{"id":2795,"date":"2025-09-22T03:18:29","date_gmt":"2025-09-22T03:18:29","guid":{"rendered":"https:\/\/shaliteink.com\/?post_type=product&#038;p=2795"},"modified":"2025-12-10T11:31:34","modified_gmt":"2025-12-10T11:31:34","slug":"tinta-plastisol-azul-brillante-sin-pvc-para-tienda-de-ropa","status":"publish","type":"product","link":"https:\/\/shaliteink.com\/es\/producto\/tinta-plastisol-azul-brillante-sin-pvc-para-tienda-de-ropa\/","title":{"rendered":"Tinta plastisol azul brillante sin PVC para prendas de vestir \u2013 Tienda"},"content":{"rendered":"<p><a href=\"https:\/\/shaliteink.com\/es\/\"><strong>Shaliteink<\/strong> <strong>Tinta plastisol sin PVC<\/strong><\/a> Bright Blue for Apparel es un color de alto rendimiento <a href=\"https:\/\/shaliteink.com\/es\/categoria-producto\/tinta-plastisol-sin-pvc\/\"><strong>tinta plastisol sin PVC<\/strong><\/a>\u00a0Dise\u00f1ado para artesanos creativos, marcas de ropa independientes y fabricantes de lotes peque\u00f1os que buscan prendas coloridas, seguras y f\u00e1ciles de usar. <a href=\"https:\/\/shaliteink.com\/es\/screen-printing-ink\/\"><strong>tinta de serigraf\u00eda<\/strong><\/a>. Con m\u00e1s de 20 a\u00f1os de experiencia en la producci\u00f3n, este pigmento premium puede proporcionar una cobertura intensa y opaca, manteni\u00e9ndose absolutamente libre de PVC y ftalatos, cumpliendo con los m\u00e1s altos est\u00e1ndares de protecci\u00f3n ecol\u00f3gica como <strong>Oeko-Tex<\/strong> y GOTS<\/p>\n<p><img decoding=\"async\" class=\"alignnone size-medium wp-image-3610\" src=\"https:\/\/shaliteink.com\/wp-content\/uploads\/2025\/08\/PVC-Free-Plastisol-Ink-Bright-Blue-300x264.jpeg\" alt=\"Tinta plastisol sin PVC azul brillante\" width=\"300\" height=\"264\" srcset=\"https:\/\/shaliteink.com\/wp-content\/uploads\/2025\/08\/PVC-Free-Plastisol-Ink-Bright-Blue-300x264.jpeg 300w, https:\/\/shaliteink.com\/wp-content\/uploads\/2025\/08\/PVC-Free-Plastisol-Ink-Bright-Blue-1024x902.jpeg 1024w, https:\/\/shaliteink.com\/wp-content\/uploads\/2025\/08\/PVC-Free-Plastisol-Ink-Bright-Blue-768x676.jpeg 768w, https:\/\/shaliteink.com\/wp-content\/uploads\/2025\/08\/PVC-Free-Plastisol-Ink-Bright-Blue-1536x1353.jpeg 1536w, https:\/\/shaliteink.com\/wp-content\/uploads\/2025\/08\/PVC-Free-Plastisol-Ink-Bright-Blue-2048x1804.jpeg 2048w, https:\/\/shaliteink.com\/wp-content\/uploads\/2025\/08\/PVC-Free-Plastisol-Ink-Bright-Blue-14x12.jpeg 14w, https:\/\/shaliteink.com\/wp-content\/uploads\/2025\/08\/PVC-Free-Plastisol-Ink-Bright-Blue-1200x1057.jpeg 1200w, https:\/\/shaliteink.com\/wp-content\/uploads\/2025\/08\/PVC-Free-Plastisol-Ink-Bright-Blue-150x132.jpeg 150w\" sizes=\"(max-width: 300px) 100vw, 300px\" \/><\/p>\n<h1>Caracter\u00edsticas y beneficios del producto:<\/h1>\n<ul>\n<li><strong>Azul vivo y brillante<\/strong>Altamente opaco y ricamente pigmentado para impresiones impactantes en prendas oscuras o claras. Excelente cobertura con una intensidad de color uniforme.<\/li>\n<li><strong>Sensaci\u00f3n suave al tacto y sin pegajosidad<\/strong>:Ofrece una textura suave, m\u00ednima pegajosidad y un uso c\u00f3modo despu\u00e9s del curado.<\/li>\n<li><strong>Curado a baja temperatura<\/strong>:Se cura de manera confiable a alrededor de 270 \u00b0F (132\u2013149 \u00b0C), compatible con pistolas de calor dom\u00e9sticas, unidades de flash peque\u00f1as o secadoras dom\u00e9sticas, lo que evita que las prendas se quemen y encojan.<\/li>\n<li><strong>Estabilidad y facilidad de uso<\/strong>: F\u00f3rmula cremosa de cuerpo corto que resiste el secado en la pantalla, admite la aplicaci\u00f3n de capas h\u00famedo sobre h\u00famedo y minimiza los problemas de limpieza.<\/li>\n<li><strong>Ecol\u00f3gico y no t\u00f3xico<\/strong>:Completamente libre de PVC y ftalatos; dise\u00f1ado para la seguridad en estudios de bricolaje en casa, entornos educativos y espacios de manualidades.<\/li>\n<li><strong>Imprimibilidad con calidad de m\u00e1quina<\/strong>: Adecuado para impresi\u00f3n h\u00famedo sobre h\u00famedo, excelente estabilidad de pantalla y alta productividad para tiradas cortas o dise\u00f1os multicolor.<\/li>\n<\/ul>\n<p><img decoding=\"async\" class=\"alignnone size-medium wp-image-2799\" src=\"https:\/\/shaliteink.com\/wp-content\/uploads\/2025\/07\/PVC-Free-Plastisol-Ink-Bright-Blue-241x300.jpg\" alt=\"Tinta plastisol sin PVC azul brillante\" width=\"241\" height=\"300\" srcset=\"https:\/\/shaliteink.com\/wp-content\/uploads\/2025\/07\/PVC-Free-Plastisol-Ink-Bright-Blue-241x300.jpg 241w, https:\/\/shaliteink.com\/wp-content\/uploads\/2025\/07\/PVC-Free-Plastisol-Ink-Bright-Blue-821x1024.jpg 821w, https:\/\/shaliteink.com\/wp-content\/uploads\/2025\/07\/PVC-Free-Plastisol-Ink-Bright-Blue-768x957.jpg 768w, https:\/\/shaliteink.com\/wp-content\/uploads\/2025\/07\/PVC-Free-Plastisol-Ink-Bright-Blue-10x12.jpg 10w, https:\/\/shaliteink.com\/wp-content\/uploads\/2025\/07\/PVC-Free-Plastisol-Ink-Bright-Blue-1200x1496.jpg 1200w, https:\/\/shaliteink.com\/wp-content\/uploads\/2025\/07\/PVC-Free-Plastisol-Ink-Bright-Blue-150x187.jpg 150w, https:\/\/shaliteink.com\/wp-content\/uploads\/2025\/07\/PVC-Free-Plastisol-Ink-Bright-Blue.jpg 1216w\" sizes=\"(max-width: 241px) 100vw, 241px\" \/><\/p>\n<h1>Gu\u00eda de curaci\u00f3n:<\/h1>\n<p>Para un tratamiento completo: aplique la impresi\u00f3n sobre la prenda a aproximadamente 135 \u00b0C durante 3 a 5 segundos. Probado para la mayor\u00eda de las mezclas de algod\u00f3n y poli\u00e9ster, as\u00ed como para tejidos sint\u00e9ticos, sin migraci\u00f3n de tinte. Normalmente no se requiere una base para telas de tonos claros, pero al imprimir sobre telas oscuras, aplicar una base m\u00e1s clara mejora la intensidad y la protecci\u00f3n.<\/p>\n<p>&nbsp;<\/p>","protected":false},"excerpt":{"rendered":"<p><strong data-start=\"1725\" data-end=\"1763\">Tinta plastisol sin PVC Azul brillante<\/strong> Ofrece impresiones ricas y vibrantes con un tacto suave, curado a baja temperatura y f\u00f3rmula no t\u00f3xica. Compre este producto. <strong data-start=\"1864\" data-end=\"1887\">tinta de serigraf\u00eda<\/strong> ahora.<\/p>","protected":false},"featured_media":2797,"comment_status":"open","ping_status":"closed","template":"","meta":[],"product_brand":[],"product_cat":[45],"product_tag":[],"class_list":{"0":"post-2795","1":"product","2":"type-product","3":"status-publish","4":"has-post-thumbnail","6":"product_cat-pvc-free-plastisol-ink","8":"first","9":"instock","10":"shipping-taxable","11":"purchasable","12":"product-type-variable"},"tiered_pricing_type":"fixed","tiered_pricing_fixed_rules":[],"tiered_pricing_product_settings":{"layout":"default","base_unit_name":{"singular":null,"plural":null},"default_variation":null},"tiered_pricing_minimum_quantity":null,"tiered_pricing_roles_data":[],"tiered_pricing_percentage_rules":[],"tiered_pricing_maximum_quantity":null,"tiered_pricing_quantity_step":null,"_links":{"self":[{"href":"https:\/\/shaliteink.com\/es\/wp-json\/wp\/v2\/product\/2795","targetHints":{"allow":["GET"]}}],"collection":[{"href":"https:\/\/shaliteink.com\/es\/wp-json\/wp\/v2\/product"}],"about":[{"href":"https:\/\/shaliteink.com\/es\/wp-json\/wp\/v2\/types\/product"}],"replies":[{"embeddable":true,"href":"https:\/\/shaliteink.com\/es\/wp-json\/wp\/v2\/comments?post=2795"}],"version-history":[{"count":0,"href":"https:\/\/shaliteink.com\/es\/wp-json\/wp\/v2\/product\/2795\/revisions"}],"wp:featuredmedia":[{"embeddable":true,"href":"https:\/\/shaliteink.com\/es\/wp-json\/wp\/v2\/media\/2797"}],"wp:attachment":[{"href":"https:\/\/shaliteink.com\/es\/wp-json\/wp\/v2\/media?parent=2795"}],"wp:term":[{"taxonomy":"product_brand","embeddable":true,"href":"https:\/\/shaliteink.com\/es\/wp-json\/wp\/v2\/product_brand?post=2795"},{"taxonomy":"product_cat","embeddable":true,"href":"https:\/\/shaliteink.com\/es\/wp-json\/wp\/v2\/product_cat?post=2795"},{"taxonomy":"product_tag","embeddable":true,"href":"https:\/\/shaliteink.com\/es\/wp-json\/wp\/v2\/product_tag?post=2795"}],"curies":[{"name":"wp","href":"https:\/\/api.w.org\/{rel}","templated":true}]}}