{"id":2789,"date":"2025-10-13T08:48:10","date_gmt":"2025-10-13T08:48:10","guid":{"rendered":"https:\/\/shaliteink.com\/?post_type=product&#038;p=2789"},"modified":"2025-12-10T11:27:28","modified_gmt":"2025-12-10T11:27:28","slug":"tinta-plastisol-sin-pvc-color-azul-real-tinta-de-impresion-no-toxica","status":"publish","type":"product","link":"https:\/\/shaliteink.com\/es\/producto\/tinta-plastisol-sin-pvc-color-azul-real-tinta-de-impresion-no-toxica\/","title":{"rendered":"Tinta plastisol azul rey sin PVC: compre tinta de impresi\u00f3n no t\u00f3xica"},"content":{"rendered":"<p>Presentando <strong><a href=\"https:\/\/shaliteink.com\/es\/categoria-producto\/tinta-plastisol-sin-pvc\/\">Tinta plastisol sin PVC<\/a><\/strong> Azul real de Shaliteink: una clase superior <strong><a href=\"https:\/\/shaliteink.com\/es\/\">Tienda online de tintas plastisol sin PVC<\/a><\/strong>, Ubicados con orgullo bajo nuestra colecci\u00f3n principal de tintas de serigraf\u00eda. Ideales para aficionados al bricolaje, peque\u00f1as marcas de ropa, escuelas y aficionados, estos componentes en Azul Real ofrecen una opacidad colorida, un tacto suave y un rendimiento sin olores t\u00f3xicos.<\/p>\n<p>Formulada para la seguridad y la creatividad, esta tinta plastisol sin PVC es ideal para uso dom\u00e9stico o en peque\u00f1os talleres. No contiene ftalatos ni olor a caf\u00e9, lo que la hace segura para familias, escuelas y talleres. Con una consistencia limpia y cremosa y tiempos de secado cortos, el Azul Real se imprime f\u00e1cilmente incluso para principiantes. Ofrece una cobertura de color intensa y vibrante sobre telas claras u oscuras, especialmente al usar una base sobre prendas oscuras. .<\/p>\n<p>La tinta de serigraf\u00eda de Shaliteink se fabrica directamente de f\u00e1brica gracias a nuestros 20 a\u00f1os de experiencia, lo que le ofrece una calidad excepcional a un precio inmejorable. Conf\u00ede en la tinta de fabricantes internacionales, ahora disponible en kits de lotes peque\u00f1os, como unidades de bricolaje de 100 ml, ideales para artesanos o distribuidores de Etsy.<\/p>\n<p><img decoding=\"async\" class=\"alignnone size-medium wp-image-2792\" src=\"https:\/\/shaliteink.com\/wp-content\/uploads\/2025\/07\/PVC-Free-Plastisol-Ink-Royal-Blue-2-300x221.jpeg\" alt=\"Tinta plastisol sin PVC azul real\" width=\"300\" height=\"221\" srcset=\"https:\/\/shaliteink.com\/wp-content\/uploads\/2025\/07\/PVC-Free-Plastisol-Ink-Royal-Blue-2-300x221.jpeg 300w, https:\/\/shaliteink.com\/wp-content\/uploads\/2025\/07\/PVC-Free-Plastisol-Ink-Royal-Blue-2-1024x754.jpeg 1024w, https:\/\/shaliteink.com\/wp-content\/uploads\/2025\/07\/PVC-Free-Plastisol-Ink-Royal-Blue-2-768x566.jpeg 768w, https:\/\/shaliteink.com\/wp-content\/uploads\/2025\/07\/PVC-Free-Plastisol-Ink-Royal-Blue-2-1536x1132.jpeg 1536w, https:\/\/shaliteink.com\/wp-content\/uploads\/2025\/07\/PVC-Free-Plastisol-Ink-Royal-Blue-2-2048x1509.jpeg 2048w, https:\/\/shaliteink.com\/wp-content\/uploads\/2025\/07\/PVC-Free-Plastisol-Ink-Royal-Blue-2-16x12.jpeg 16w, https:\/\/shaliteink.com\/wp-content\/uploads\/2025\/07\/PVC-Free-Plastisol-Ink-Royal-Blue-2-1200x884.jpeg 1200w, https:\/\/shaliteink.com\/wp-content\/uploads\/2025\/07\/PVC-Free-Plastisol-Ink-Royal-Blue-2-150x110.jpeg 150w\" sizes=\"(max-width: 300px) 100vw, 300px\" \/><\/p>\n<h1>Caracter\u00edsticas principales:<\/h1>\n<ul>\n<li>Azul real muy opaco p<span class=\"wrapper\">promesas ambiciosas, b<\/span>impresi\u00f3n correcta<span class=\"wrapper\">s en<\/span> tanto leves como d<span class=\"wrapper\">Arkish Fa<\/span>Brics<\/li>\n<li>Cre<span class=\"wrapper\">Amy, cuadro r\u00e1pido<\/span>Consistencia para una carga limpia, un flujo de aire f\u00e1cil y una obstrucci\u00f3n m\u00ednima en las mallas.<\/li>\n<li>Curado a baja temperatura<span class=\"wrapper\">sol, f<\/span>la<span class=\"wrapper\">sh a<\/span>t ~a hun<span class=\"wrapper\">dred y ochenta\u2013200 \u00b0F<\/span>(ochenta y dos\u2013104 \u00b0C) y remedio completo <span class=\"wrapper\">a los ~27<\/span>0 \u00b0F (132 \u00b0C), baja<span class=\"wrapper\">ering thr<\/span>comer de chisporroteo<span class=\"wrapper\">y e<\/span>habilitaci\u00f3n del uso<span class=\"wrapper\">con w<\/span>pistolas de armness o hornos dom\u00e9sticos<\/li>\n<li>Sensaci\u00f3n suave al tacto, que evita la textura r\u00edgida del plastisol para un ajuste c\u00f3modo.<\/li>\n<li>La f\u00f3rmula suelta de PVC sin ftalatos garantiza un uso m\u00e1s seguro para familias, espacios de creaci\u00f3n y creadores conscientes del medio ambiente.<\/li>\n<li>Compatible con los sistemas de mezcla FN\u2011Ink para combinar y mezclar tonos personalizados, lo que permite una gesti\u00f3n perfecta del tono.<\/li>\n<\/ul>\n<p><img decoding=\"async\" class=\"alignnone size-medium wp-image-2790\" src=\"https:\/\/shaliteink.com\/wp-content\/uploads\/2025\/07\/PVC-Free-Plastisol-Ink-Royal-Blue-300x230.jpeg\" alt=\"Tinta plastisol sin PVC azul real\" width=\"300\" height=\"230\" srcset=\"https:\/\/shaliteink.com\/wp-content\/uploads\/2025\/07\/PVC-Free-Plastisol-Ink-Royal-Blue-300x230.jpeg 300w, https:\/\/shaliteink.com\/wp-content\/uploads\/2025\/07\/PVC-Free-Plastisol-Ink-Royal-Blue-1024x784.jpeg 1024w, https:\/\/shaliteink.com\/wp-content\/uploads\/2025\/07\/PVC-Free-Plastisol-Ink-Royal-Blue-768x588.jpeg 768w, https:\/\/shaliteink.com\/wp-content\/uploads\/2025\/07\/PVC-Free-Plastisol-Ink-Royal-Blue-16x12.jpeg 16w, https:\/\/shaliteink.com\/wp-content\/uploads\/2025\/07\/PVC-Free-Plastisol-Ink-Royal-Blue-1200x918.jpeg 1200w, https:\/\/shaliteink.com\/wp-content\/uploads\/2025\/07\/PVC-Free-Plastisol-Ink-Royal-Blue-150x115.jpeg 150w, https:\/\/shaliteink.com\/wp-content\/uploads\/2025\/07\/PVC-Free-Plastisol-Ink-Royal-Blue.jpeg 1338w\" sizes=\"(max-width: 300px) 100vw, 300px\" \/><\/p>\n<h1>Gu\u00eda de curado y secado r\u00e1pido:<\/h1>\n<ul>\n<li>Deje secar entre capas a 180\u2013200 \u00b0F (82\u2013104 \u00b0C) durante 3\u20135 segundos para fijar las impresiones antes de sobreimprimir.<\/li>\n<li>Curado completo a ~132 \u00b0C (270 \u00b0F); aseg\u00farese de que toda la capa de tinta alcance esta temperatura para garantizar la durabilidad del lavado. Realice una prueba de curado tras 5 a 10 lavados para confirmarlo, ya que las impresiones con curado insuficiente pueden fallar en 1 a 3 lavados.<\/li>\n<li>Utilice una base blanca al imprimir azul real sobre prendas oscuras para aumentar la opacidad y la vitalidad.<\/li>\n<\/ul>","protected":false},"excerpt":{"rendered":"<p>Tinta plastisol sin PVC azul real: sin ftalatos, muy opaca <strong data-start=\"2428\" data-end=\"2451\">tinta de serigraf\u00eda<\/strong> Curado a ~135 \u00b0C para impresiones impactantes y seguras. Ideal para bricolaje, vendedores de Etsy y espacios de creaci\u00f3n.<\/p>","protected":false},"featured_media":2791,"comment_status":"open","ping_status":"closed","template":"","meta":[],"product_brand":[],"product_cat":[39],"product_tag":[],"class_list":{"0":"post-2789","1":"product","2":"type-product","3":"status-publish","4":"has-post-thumbnail","6":"product_cat-plastisol-ink","8":"first","9":"instock","10":"shipping-taxable","11":"purchasable","12":"product-type-variable"},"tiered_pricing_type":"fixed","tiered_pricing_fixed_rules":[],"tiered_pricing_product_settings":{"layout":"default","base_unit_name":{"singular":null,"plural":null},"default_variation":null},"tiered_pricing_minimum_quantity":null,"tiered_pricing_roles_data":[],"tiered_pricing_percentage_rules":[],"tiered_pricing_maximum_quantity":null,"tiered_pricing_quantity_step":null,"_links":{"self":[{"href":"https:\/\/shaliteink.com\/es\/wp-json\/wp\/v2\/product\/2789","targetHints":{"allow":["GET"]}}],"collection":[{"href":"https:\/\/shaliteink.com\/es\/wp-json\/wp\/v2\/product"}],"about":[{"href":"https:\/\/shaliteink.com\/es\/wp-json\/wp\/v2\/types\/product"}],"replies":[{"embeddable":true,"href":"https:\/\/shaliteink.com\/es\/wp-json\/wp\/v2\/comments?post=2789"}],"version-history":[{"count":0,"href":"https:\/\/shaliteink.com\/es\/wp-json\/wp\/v2\/product\/2789\/revisions"}],"wp:featuredmedia":[{"embeddable":true,"href":"https:\/\/shaliteink.com\/es\/wp-json\/wp\/v2\/media\/2791"}],"wp:attachment":[{"href":"https:\/\/shaliteink.com\/es\/wp-json\/wp\/v2\/media?parent=2789"}],"wp:term":[{"taxonomy":"product_brand","embeddable":true,"href":"https:\/\/shaliteink.com\/es\/wp-json\/wp\/v2\/product_brand?post=2789"},{"taxonomy":"product_cat","embeddable":true,"href":"https:\/\/shaliteink.com\/es\/wp-json\/wp\/v2\/product_cat?post=2789"},{"taxonomy":"product_tag","embeddable":true,"href":"https:\/\/shaliteink.com\/es\/wp-json\/wp\/v2\/product_tag?post=2789"}],"curies":[{"name":"wp","href":"https:\/\/api.w.org\/{rel}","templated":true}]}}