{"id":2783,"date":"2025-09-22T03:47:27","date_gmt":"2025-09-22T03:47:27","guid":{"rendered":"https:\/\/shaliteink.com\/?post_type=product&#038;p=2783"},"modified":"2025-12-10T11:24:49","modified_gmt":"2025-12-10T11:24:49","slug":"tinta-plastisol-sin-pvc-azul-marino-comprar","status":"publish","type":"product","link":"https:\/\/shaliteink.com\/es\/producto\/tinta-plastisol-sin-pvc-azul-marino-comprar\/","title":{"rendered":"Tinta plastisol azul marino sin PVC \u2013 Impresi\u00f3n serigr\u00e1fica ecol\u00f3gica"},"content":{"rendered":"<p>\u00bfBusca una tinta ecol\u00f3gica y fiable para su pr\u00f3xima tirada de impresi\u00f3n? <strong><a href=\"https:\/\/shaliteink.com\/es\/\">Shaliteink<\/a> Tinta plastisol sin PVC azul marino<\/strong> Te ofrece impresiones serigr\u00e1ficas de alto rendimiento con colores intensos y vibrantes, sin comprometer los est\u00e1ndares ambientales. Dise\u00f1ada espec\u00edficamente para artesanos, peque\u00f1as empresas, instituciones educativas y creadores de ropa independientes, esta tinta proporciona tonos azul marino vibrantes, una consistencia de impresi\u00f3n n\u00edtida y una <a href=\"https:\/\/shaliteink.com\/es\/categoria-producto\/tinta-plastisol-sin-pvc\/\"><strong>Tinta plastisol sin PVC<\/strong><\/a>\u00a0formulaci\u00f3n que cumple <strong>OEKO-TEX<\/strong> requisitos.<\/p>\n<p>Ideal para aficionados al bricolaje, vendedores de Etsy, espacios de creaci\u00f3n y equipos de producci\u00f3n de eventos, esta tinta de serigraf\u00eda es f\u00e1cil de aplicar, f\u00e1cil de limpiar y segura para entornos dom\u00e9sticos o educativos.<\/p>\n<p><img decoding=\"async\" class=\"alignnone size-medium wp-image-3608\" src=\"https:\/\/shaliteink.com\/wp-content\/uploads\/2025\/08\/PVC-Free-Navy-Blue-plastisol-Ink-300x270.jpeg\" alt=\"Tinta plastisol azul marino sin PVC\" width=\"300\" height=\"270\" srcset=\"https:\/\/shaliteink.com\/wp-content\/uploads\/2025\/08\/PVC-Free-Navy-Blue-plastisol-Ink-300x270.jpeg 300w, https:\/\/shaliteink.com\/wp-content\/uploads\/2025\/08\/PVC-Free-Navy-Blue-plastisol-Ink-1024x921.jpeg 1024w, https:\/\/shaliteink.com\/wp-content\/uploads\/2025\/08\/PVC-Free-Navy-Blue-plastisol-Ink-768x691.jpeg 768w, https:\/\/shaliteink.com\/wp-content\/uploads\/2025\/08\/PVC-Free-Navy-Blue-plastisol-Ink-1536x1382.jpeg 1536w, https:\/\/shaliteink.com\/wp-content\/uploads\/2025\/08\/PVC-Free-Navy-Blue-plastisol-Ink-2048x1842.jpeg 2048w, https:\/\/shaliteink.com\/wp-content\/uploads\/2025\/08\/PVC-Free-Navy-Blue-plastisol-Ink-13x12.jpeg 13w, https:\/\/shaliteink.com\/wp-content\/uploads\/2025\/08\/PVC-Free-Navy-Blue-plastisol-Ink-1200x1080.jpeg 1200w, https:\/\/shaliteink.com\/wp-content\/uploads\/2025\/08\/PVC-Free-Navy-Blue-plastisol-Ink-150x135.jpeg 150w\" sizes=\"(max-width: 300px) 100vw, 300px\" \/><\/p>\n<h1>Caracter\u00edsticas principales:<\/h1>\n<ul>\n<li>Tinta plastisol sin PVC \u2013 Ecoformulada sin sustancias qu\u00edmicas peligrosas; cumple con las certificaciones ambientales OEKO-TEX.<\/li>\n<li>Color azul marino intenso: pigmentaci\u00f3n fuerte y opacidad regular en todo el tejido de algod\u00f3n y mezcla de algod\u00f3n.<\/li>\n<li>Aplicaci\u00f3n suave: viscosidad cremosa optimizada para mallas de 110 a 160, apropiada tanto para trabajos de detalle como para fotograf\u00edas ambiciosas.<\/li>\n<li>De bajo olor y no t\u00f3xico: perfecto para aulas, estudios dom\u00e9sticos o espacios creativos compartidos.<\/li>\n<li>Tiempo de destello corto: destello r\u00e1pido a menos de 180\u2013200 \u00b0F para una alta productividad y precisi\u00f3n de color.<\/li>\n<li>Compatible con secado al aire \u2013 Ideal para usuarios sin secadoras industriales; se cura con prensa t\u00e9rmica o incluso con secador de pelo dom\u00e9stico.<\/li>\n<li>Dise\u00f1ado para aficionados al bricolaje y profesionales: compatible con herramientas de serigraf\u00eda est\u00e1ndar, incluidas prensas de sobremesa y pantallas artesanales.<\/li>\n<\/ul>\n<p><img decoding=\"async\" class=\"alignnone size-medium wp-image-2785\" src=\"https:\/\/shaliteink.com\/wp-content\/uploads\/2025\/07\/PVC-Free-Navy-Blue-plastisol-Ink-300x268.jpeg\" alt=\"Tinta plastisol azul marino sin PVC\" width=\"300\" height=\"268\" srcset=\"https:\/\/shaliteink.com\/wp-content\/uploads\/2025\/07\/PVC-Free-Navy-Blue-plastisol-Ink-300x268.jpeg 300w, https:\/\/shaliteink.com\/wp-content\/uploads\/2025\/07\/PVC-Free-Navy-Blue-plastisol-Ink-1024x916.jpeg 1024w, https:\/\/shaliteink.com\/wp-content\/uploads\/2025\/07\/PVC-Free-Navy-Blue-plastisol-Ink-768x687.jpeg 768w, https:\/\/shaliteink.com\/wp-content\/uploads\/2025\/07\/PVC-Free-Navy-Blue-plastisol-Ink-1536x1374.jpeg 1536w, https:\/\/shaliteink.com\/wp-content\/uploads\/2025\/07\/PVC-Free-Navy-Blue-plastisol-Ink-2048x1832.jpeg 2048w, https:\/\/shaliteink.com\/wp-content\/uploads\/2025\/07\/PVC-Free-Navy-Blue-plastisol-Ink-13x12.jpeg 13w, https:\/\/shaliteink.com\/wp-content\/uploads\/2025\/07\/PVC-Free-Navy-Blue-plastisol-Ink-1200x1073.jpeg 1200w, https:\/\/shaliteink.com\/wp-content\/uploads\/2025\/07\/PVC-Free-Navy-Blue-plastisol-Ink-150x134.jpeg 150w\" sizes=\"(max-width: 300px) 100vw, 300px\" \/><\/p>\n<h1>Instrucciones de curado:<\/h1>\n<p>Para una durabilidad \u00f3ptima, se recomienda un tratamiento a 280\u2013300 \u00b0F durante 1 minuto con una prensa t\u00e9rmica, secador instant\u00e1neo o secador de cinta transportadora. Para proyectos caseros, se puede usar una pistola de calor o una plancha dom\u00e9stica para lotes peque\u00f1os. Las impresiones finales son resistentes al lavado y, una vez curadas por completo, presentan una elasticidad y un tacto excelentes.<\/p>","protected":false},"excerpt":{"rendered":"<p>Ecol\u00f3gico <strong data-start=\"3832\" data-end=\"3858\">Tinta plastisol sin PVC<\/strong> En un azul marino intenso. Impresi\u00f3n n\u00edtida, secado r\u00e1pido, poco olor y seguro para proyectos de bricolaje, escuelas y tiendas de Etsy. \u00a1Compra tinta para serigraf\u00eda ahora!<\/p>","protected":false},"featured_media":2787,"comment_status":"open","ping_status":"closed","template":"","meta":[],"product_brand":[],"product_cat":[45],"product_tag":[],"class_list":{"0":"post-2783","1":"product","2":"type-product","3":"status-publish","4":"has-post-thumbnail","6":"product_cat-pvc-free-plastisol-ink","8":"first","9":"instock","10":"shipping-taxable","11":"purchasable","12":"product-type-variable"},"tiered_pricing_type":"fixed","tiered_pricing_fixed_rules":[],"tiered_pricing_product_settings":{"layout":"default","base_unit_name":{"singular":null,"plural":null},"default_variation":null},"tiered_pricing_minimum_quantity":null,"tiered_pricing_roles_data":[],"tiered_pricing_percentage_rules":[],"tiered_pricing_maximum_quantity":null,"tiered_pricing_quantity_step":null,"_links":{"self":[{"href":"https:\/\/shaliteink.com\/es\/wp-json\/wp\/v2\/product\/2783","targetHints":{"allow":["GET"]}}],"collection":[{"href":"https:\/\/shaliteink.com\/es\/wp-json\/wp\/v2\/product"}],"about":[{"href":"https:\/\/shaliteink.com\/es\/wp-json\/wp\/v2\/types\/product"}],"replies":[{"embeddable":true,"href":"https:\/\/shaliteink.com\/es\/wp-json\/wp\/v2\/comments?post=2783"}],"version-history":[{"count":0,"href":"https:\/\/shaliteink.com\/es\/wp-json\/wp\/v2\/product\/2783\/revisions"}],"wp:featuredmedia":[{"embeddable":true,"href":"https:\/\/shaliteink.com\/es\/wp-json\/wp\/v2\/media\/2787"}],"wp:attachment":[{"href":"https:\/\/shaliteink.com\/es\/wp-json\/wp\/v2\/media?parent=2783"}],"wp:term":[{"taxonomy":"product_brand","embeddable":true,"href":"https:\/\/shaliteink.com\/es\/wp-json\/wp\/v2\/product_brand?post=2783"},{"taxonomy":"product_cat","embeddable":true,"href":"https:\/\/shaliteink.com\/es\/wp-json\/wp\/v2\/product_cat?post=2783"},{"taxonomy":"product_tag","embeddable":true,"href":"https:\/\/shaliteink.com\/es\/wp-json\/wp\/v2\/product_tag?post=2783"}],"curies":[{"name":"wp","href":"https:\/\/api.w.org\/{rel}","templated":true}]}}