{"id":2771,"date":"2025-09-22T03:09:40","date_gmt":"2025-09-22T03:09:40","guid":{"rendered":"https:\/\/shaliteink.com\/?post_type=product&#038;p=2771"},"modified":"2025-12-10T11:31:07","modified_gmt":"2025-12-10T11:31:07","slug":"comprar-tinta-plastisol-azul-suave-sin-pvc","status":"publish","type":"product","link":"https:\/\/shaliteink.com\/es\/producto\/comprar-tinta-plastisol-azul-suave-sin-pvc\/","title":{"rendered":"Tinta plastisol azul sin PVC: tacto suave."},"content":{"rendered":"<p>Experimente impresiones formidables y una sensaci\u00f3n suave al tacto con nuestro tejido ecol\u00f3gico. <strong>Tinta plastisol sin PVC<\/strong> <strong>Azul<\/strong>. Espec\u00edficamente formulado para las impresoras de pantalla modernas, este colorido <strong>azul <a href=\"https:\/\/shaliteink.com\/es\/categoria-producto\/tinta-plastisol-sin-pvc\/\">tinta plastisol sin PVC<\/a><\/strong> Ofrece un rendimiento general superior sin comprometer la seguridad, la sostenibilidad o el efecto de coloraci\u00f3n.<\/p>\n<p>Dise\u00f1ada pensando en artesanos de bricolaje, vendedores de Etsy y estudios creativos, esta tinta es parte de nuestra colecci\u00f3n de tintas de impresi\u00f3n de exhibici\u00f3n m\u00e1s vendida y se destaca por su manejo f\u00e1cil de usar y sus resultados profesionales.<\/p>\n<p><img decoding=\"async\" class=\"alignnone size-medium wp-image-3612\" src=\"https:\/\/shaliteink.com\/wp-content\/uploads\/2025\/08\/PVC-Free-Plastisol-Ink-Blue-278x300.jpeg\" alt=\"Tinta plastisol azul sin PVC\" width=\"278\" height=\"300\" srcset=\"https:\/\/shaliteink.com\/wp-content\/uploads\/2025\/08\/PVC-Free-Plastisol-Ink-Blue-278x300.jpeg 278w, https:\/\/shaliteink.com\/wp-content\/uploads\/2025\/08\/PVC-Free-Plastisol-Ink-Blue-950x1024.jpeg 950w, https:\/\/shaliteink.com\/wp-content\/uploads\/2025\/08\/PVC-Free-Plastisol-Ink-Blue-768x828.jpeg 768w, https:\/\/shaliteink.com\/wp-content\/uploads\/2025\/08\/PVC-Free-Plastisol-Ink-Blue-1425x1536.jpeg 1425w, https:\/\/shaliteink.com\/wp-content\/uploads\/2025\/08\/PVC-Free-Plastisol-Ink-Blue-11x12.jpeg 11w, https:\/\/shaliteink.com\/wp-content\/uploads\/2025\/08\/PVC-Free-Plastisol-Ink-Blue-1200x1294.jpeg 1200w, https:\/\/shaliteink.com\/wp-content\/uploads\/2025\/08\/PVC-Free-Plastisol-Ink-Blue-150x162.jpeg 150w, https:\/\/shaliteink.com\/wp-content\/uploads\/2025\/08\/PVC-Free-Plastisol-Ink-Blue.jpeg 1636w\" sizes=\"(max-width: 278px) 100vw, 278px\" \/><\/p>\n<h1>Caracter\u00edsticas del producto:<\/h1>\n<ul>\n<li>F\u00f3rmula ecol\u00f3gica: Fabricada sin PVC ni ftalatos, esta tinta es segura para uso dom\u00e9stico y en estudios. Cumple con las principales certificaciones ecol\u00f3gicas, como OEKO-TEX, lo que la convierte en una opci\u00f3n inteligente para impresiones seguras para familias o entornos educativos.<\/li>\n<li>Color azul vibrante: Ofrece una protecci\u00f3n y una saturaci\u00f3n de color excepcionales tanto en prendas claras como oscuras. Ideal para camisetas personalizadas, bolsos y art\u00edculos promocionales.<\/li>\n<li>Sensaci\u00f3n suave al tacto: formulado para obtener un acabado de impresi\u00f3n suave y flexible, ideal para marcas de ropa que buscan una textura premium sin capas gruesas y pl\u00e1sticas.<\/li>\n<li>F\u00e1cil de trabajar: Este PVC no se fija <a href=\"https:\/\/shaliteink.com\/es\/categoria-producto\/tinta-plastisol\/\"><strong>tinta plastisol<\/strong><\/a> Tiene una consistencia suave y un excelente tiempo de apertura de la malla, lo que reduce las obstrucciones y el tiempo de inactividad. Compatible con mallas de 110 a 160 para un uso vers\u00e1til.<\/li>\n<\/ul>\n<p><img decoding=\"async\" class=\"alignnone size-medium wp-image-2774\" src=\"https:\/\/shaliteink.com\/wp-content\/uploads\/2025\/07\/PVC-Free-Plastisol-Ink-Blue-2-300x267.jpeg\" alt=\"Tinta plastisol azul sin PVC\" width=\"300\" height=\"267\" srcset=\"https:\/\/shaliteink.com\/wp-content\/uploads\/2025\/07\/PVC-Free-Plastisol-Ink-Blue-2-300x267.jpeg 300w, https:\/\/shaliteink.com\/wp-content\/uploads\/2025\/07\/PVC-Free-Plastisol-Ink-Blue-2-1024x910.jpeg 1024w, https:\/\/shaliteink.com\/wp-content\/uploads\/2025\/07\/PVC-Free-Plastisol-Ink-Blue-2-768x683.jpeg 768w, https:\/\/shaliteink.com\/wp-content\/uploads\/2025\/07\/PVC-Free-Plastisol-Ink-Blue-2-1536x1366.jpeg 1536w, https:\/\/shaliteink.com\/wp-content\/uploads\/2025\/07\/PVC-Free-Plastisol-Ink-Blue-2-2048x1821.jpeg 2048w, https:\/\/shaliteink.com\/wp-content\/uploads\/2025\/07\/PVC-Free-Plastisol-Ink-Blue-2-13x12.jpeg 13w, https:\/\/shaliteink.com\/wp-content\/uploads\/2025\/07\/PVC-Free-Plastisol-Ink-Blue-2-1200x1067.jpeg 1200w, https:\/\/shaliteink.com\/wp-content\/uploads\/2025\/07\/PVC-Free-Plastisol-Ink-Blue-2-150x133.jpeg 150w\" sizes=\"(max-width: 300px) 100vw, 300px\" \/><\/p>\n<h1>Instrucciones de curado:<\/h1>\n<ul>\n<li>Temperatura de curado: 270\u00b0F \u2013 trescientos\u00b0F (132\u00b0C \u2013 149\u00b0C)<\/li>\n<li>Tiempo de curado: Aprox. 60 segundos con secador flash o pistola de calor.<\/li>\n<li>Compatible con: pistolas de calor dom\u00e9sticas, secadoras instant\u00e1neas o secadoras familiares (que expongan a altas temperaturas)<\/li>\n<\/ul>\n<p>La baja temperatura de terapia lo hace ideal para peque\u00f1os estudios y aficionados al bricolaje que utilizan aparatos b\u00e1sicos, sin comprometer la durabilidad del lavado.<\/p>","protected":false},"excerpt":{"rendered":"<p>Ecol\u00f3gico <strong>Tinta plastisol sin PVC<\/strong> En un azul vibrante. Acabado suave, curado a baja temperatura y perfecto para bricolaje. <strong>serigraf\u00eda<\/strong>Compre ahora para env\u00edo r\u00e1pido.<\/p>","protected":false},"featured_media":2773,"comment_status":"open","ping_status":"closed","template":"","meta":[],"product_brand":[],"product_cat":[45],"product_tag":[],"class_list":{"0":"post-2771","1":"product","2":"type-product","3":"status-publish","4":"has-post-thumbnail","6":"product_cat-pvc-free-plastisol-ink","8":"first","9":"instock","10":"shipping-taxable","11":"purchasable","12":"product-type-variable"},"tiered_pricing_type":"fixed","tiered_pricing_fixed_rules":[],"tiered_pricing_product_settings":{"layout":"default","base_unit_name":{"singular":null,"plural":null},"default_variation":null},"tiered_pricing_minimum_quantity":null,"tiered_pricing_roles_data":[],"tiered_pricing_percentage_rules":[],"tiered_pricing_maximum_quantity":null,"tiered_pricing_quantity_step":null,"_links":{"self":[{"href":"https:\/\/shaliteink.com\/es\/wp-json\/wp\/v2\/product\/2771","targetHints":{"allow":["GET"]}}],"collection":[{"href":"https:\/\/shaliteink.com\/es\/wp-json\/wp\/v2\/product"}],"about":[{"href":"https:\/\/shaliteink.com\/es\/wp-json\/wp\/v2\/types\/product"}],"replies":[{"embeddable":true,"href":"https:\/\/shaliteink.com\/es\/wp-json\/wp\/v2\/comments?post=2771"}],"version-history":[{"count":0,"href":"https:\/\/shaliteink.com\/es\/wp-json\/wp\/v2\/product\/2771\/revisions"}],"wp:featuredmedia":[{"embeddable":true,"href":"https:\/\/shaliteink.com\/es\/wp-json\/wp\/v2\/media\/2773"}],"wp:attachment":[{"href":"https:\/\/shaliteink.com\/es\/wp-json\/wp\/v2\/media?parent=2771"}],"wp:term":[{"taxonomy":"product_brand","embeddable":true,"href":"https:\/\/shaliteink.com\/es\/wp-json\/wp\/v2\/product_brand?post=2771"},{"taxonomy":"product_cat","embeddable":true,"href":"https:\/\/shaliteink.com\/es\/wp-json\/wp\/v2\/product_cat?post=2771"},{"taxonomy":"product_tag","embeddable":true,"href":"https:\/\/shaliteink.com\/es\/wp-json\/wp\/v2\/product_tag?post=2771"}],"curies":[{"name":"wp","href":"https:\/\/api.w.org\/{rel}","templated":true}]}}