{"id":2765,"date":"2025-09-20T08:57:09","date_gmt":"2025-09-20T08:57:09","guid":{"rendered":"https:\/\/shaliteink.com\/?post_type=product&#038;p=2765"},"modified":"2025-12-10T11:28:23","modified_gmt":"2025-12-10T11:28:23","slug":"tinta-plastisol-violeta-sin-pvc-ecologica-envio-rapido","status":"publish","type":"product","link":"https:\/\/shaliteink.com\/es\/producto\/tinta-plastisol-violeta-sin-pvc-ecologica-envio-rapido\/","title":{"rendered":"Tinta plastisol violeta sin PVC \u2013 Ecol\u00f3gica | Env\u00edo r\u00e1pido"},"content":{"rendered":"<p>Presentando nuestro <a href=\"https:\/\/shaliteink.com\/es\/categoria-producto\/tinta-plastisol-sin-pvc\/\"><strong>Libre de PVC<\/strong> <strong>Tinta plastisol<\/strong><\/a> Violeta, la soluci\u00f3n ideal para la serigraf\u00eda ecol\u00f3gica sin sacrificar la intensidad del color ni la calidad de impresi\u00f3n. Dise\u00f1ada para creadores, dise\u00f1adores y peque\u00f1as empresas de confecci\u00f3n, esta tinta no t\u00f3xica y sin ftalatos ofrece una experiencia de impresi\u00f3n sencilla con resultados uniformes en algod\u00f3n, mezclas de algod\u00f3n y otras superficies textiles.<\/p>\n<p>Perfecta para estudios dom\u00e9sticos, aulas o tiendas Etsy, esta tinta verde para serigraf\u00eda est\u00e1 dise\u00f1ada para clientes que valoran materiales suaves, una instalaci\u00f3n r\u00e1pida y una limpieza sencilla. Ya sea que dise\u00f1es estampados violetas llamativos para camisetas, bolsos o decoraci\u00f3n textil, nuestra tinta te ofrece un color duradero con una sensaci\u00f3n suave al tacto, todo sin PVC.<\/p>\n<p><strong>Shaliteink<\/strong>\u00a0<strong><a href=\"https:\/\/shaliteink.com\/es\/\">Tienda online de tinta plastisol sin PVC<\/a><\/strong> es <strong>unidad de fabricaci\u00f3n directa<\/strong>, elaborado con 20 a\u00f1os de experiencia en fabricaci\u00f3n y optimizado para un rendimiento general de curado limpio y bajo olor que cumple con los est\u00e1ndares de seguridad OEKO-TEX\u00ae y REACH.<\/p>\n<h1>Caracter\u00edsticas del producto:<\/h1>\n<ul>\n<li>PVC suelto <strong>tinta plastisol<\/strong> \u2013 m\u00e1s seguridad en su espacio de trabajo y el medio ambiente<\/li>\n<li>Color violeta vibrante con seguro de alta calidad tanto en ropa clara como oscura.<\/li>\n<li>Bajo olor, no t\u00f3xico y mejor para entornos de impresi\u00f3n dom\u00e9sticos.<\/li>\n<li>Acabado suave al tacto para un resultado final de calidad profesional.<\/li>\n<li>Compatible con mallas de ciento diez a ciento sesenta.<\/li>\n<li>Combina con emulsiones y productos de limpieza conocidos.<\/li>\n<\/ul>\n<p><img decoding=\"async\" class=\"alignnone size-medium wp-image-3614\" src=\"https:\/\/shaliteink.com\/wp-content\/uploads\/2025\/08\/PVC-Free-Violet-Plastisol-Ink-300x270.jpeg\" alt=\"Tinta plastisol violeta sin PVC\" width=\"300\" height=\"270\" srcset=\"https:\/\/shaliteink.com\/wp-content\/uploads\/2025\/08\/PVC-Free-Violet-Plastisol-Ink-300x270.jpeg 300w, https:\/\/shaliteink.com\/wp-content\/uploads\/2025\/08\/PVC-Free-Violet-Plastisol-Ink-1024x920.jpeg 1024w, https:\/\/shaliteink.com\/wp-content\/uploads\/2025\/08\/PVC-Free-Violet-Plastisol-Ink-768x690.jpeg 768w, https:\/\/shaliteink.com\/wp-content\/uploads\/2025\/08\/PVC-Free-Violet-Plastisol-Ink-1536x1380.jpeg 1536w, https:\/\/shaliteink.com\/wp-content\/uploads\/2025\/08\/PVC-Free-Violet-Plastisol-Ink-2048x1841.jpeg 2048w, https:\/\/shaliteink.com\/wp-content\/uploads\/2025\/08\/PVC-Free-Violet-Plastisol-Ink-13x12.jpeg 13w, https:\/\/shaliteink.com\/wp-content\/uploads\/2025\/08\/PVC-Free-Violet-Plastisol-Ink-1200x1078.jpeg 1200w, https:\/\/shaliteink.com\/wp-content\/uploads\/2025\/08\/PVC-Free-Violet-Plastisol-Ink-150x135.jpeg 150w\" sizes=\"(max-width: 300px) 100vw, 300px\" \/><\/p>\n<h1>Instrucciones de curado:<\/h1>\n<p>Esta tinta se cura a una temperatura baja de 127 \u00b0C a 138 \u00b0C (260 \u00b0F a 280 \u00b0F), lo que reduce el consumo de electricidad y evita que se queme en tejidos sensibles. Funciona perfectamente con pistolas de calor dom\u00e9sticas, secadoras instant\u00e1neas o secadoras de cinta.<\/p>\n<p><img decoding=\"async\" class=\"alignnone wp-image-2767\" src=\"https:\/\/shaliteink.com\/wp-content\/uploads\/2025\/07\/PVC-Free-Violet-Plastisol-Ink-4-300x276.jpeg\" alt=\"Tinta plastisol violeta sin PVC\" width=\"268\" height=\"247\" srcset=\"https:\/\/shaliteink.com\/wp-content\/uploads\/2025\/07\/PVC-Free-Violet-Plastisol-Ink-4-300x276.jpeg 300w, https:\/\/shaliteink.com\/wp-content\/uploads\/2025\/07\/PVC-Free-Violet-Plastisol-Ink-4-1024x941.jpeg 1024w, https:\/\/shaliteink.com\/wp-content\/uploads\/2025\/07\/PVC-Free-Violet-Plastisol-Ink-4-768x706.jpeg 768w, https:\/\/shaliteink.com\/wp-content\/uploads\/2025\/07\/PVC-Free-Violet-Plastisol-Ink-4-1536x1411.jpeg 1536w, https:\/\/shaliteink.com\/wp-content\/uploads\/2025\/07\/PVC-Free-Violet-Plastisol-Ink-4-2048x1882.jpeg 2048w, https:\/\/shaliteink.com\/wp-content\/uploads\/2025\/07\/PVC-Free-Violet-Plastisol-Ink-4-13x12.jpeg 13w, https:\/\/shaliteink.com\/wp-content\/uploads\/2025\/07\/PVC-Free-Violet-Plastisol-Ink-4-1200x1103.jpeg 1200w, https:\/\/shaliteink.com\/wp-content\/uploads\/2025\/07\/PVC-Free-Violet-Plastisol-Ink-4-150x138.jpeg 150w\" sizes=\"(max-width: 268px) 100vw, 268px\" \/><\/p>","protected":false},"excerpt":{"rendered":"<p>Este <strong data-start=\"3196\" data-end=\"3219\">Tinta plastisol violeta sin PVC<\/strong> Es una empresa vibrante y ecol\u00f3gica. <strong data-start=\"3247\" data-end=\"3270\">tinta de serigraf\u00eda<\/strong> Con tacto suave y secado r\u00e1pido. Perfecto para manualidades, confeccionistas y estampados de lotes peque\u00f1os.<\/p>","protected":false},"featured_media":2766,"comment_status":"open","ping_status":"closed","template":"","meta":[],"product_brand":[],"product_cat":[45],"product_tag":[],"class_list":{"0":"post-2765","1":"product","2":"type-product","3":"status-publish","4":"has-post-thumbnail","6":"product_cat-pvc-free-plastisol-ink","8":"first","9":"instock","10":"shipping-taxable","11":"purchasable","12":"product-type-variable"},"tiered_pricing_type":"fixed","tiered_pricing_fixed_rules":[],"tiered_pricing_product_settings":{"layout":"default","base_unit_name":{"singular":null,"plural":null},"default_variation":null},"tiered_pricing_minimum_quantity":null,"tiered_pricing_roles_data":[],"tiered_pricing_percentage_rules":[],"tiered_pricing_maximum_quantity":null,"tiered_pricing_quantity_step":null,"_links":{"self":[{"href":"https:\/\/shaliteink.com\/es\/wp-json\/wp\/v2\/product\/2765","targetHints":{"allow":["GET"]}}],"collection":[{"href":"https:\/\/shaliteink.com\/es\/wp-json\/wp\/v2\/product"}],"about":[{"href":"https:\/\/shaliteink.com\/es\/wp-json\/wp\/v2\/types\/product"}],"replies":[{"embeddable":true,"href":"https:\/\/shaliteink.com\/es\/wp-json\/wp\/v2\/comments?post=2765"}],"version-history":[{"count":0,"href":"https:\/\/shaliteink.com\/es\/wp-json\/wp\/v2\/product\/2765\/revisions"}],"wp:featuredmedia":[{"embeddable":true,"href":"https:\/\/shaliteink.com\/es\/wp-json\/wp\/v2\/media\/2766"}],"wp:attachment":[{"href":"https:\/\/shaliteink.com\/es\/wp-json\/wp\/v2\/media?parent=2765"}],"wp:term":[{"taxonomy":"product_brand","embeddable":true,"href":"https:\/\/shaliteink.com\/es\/wp-json\/wp\/v2\/product_brand?post=2765"},{"taxonomy":"product_cat","embeddable":true,"href":"https:\/\/shaliteink.com\/es\/wp-json\/wp\/v2\/product_cat?post=2765"},{"taxonomy":"product_tag","embeddable":true,"href":"https:\/\/shaliteink.com\/es\/wp-json\/wp\/v2\/product_tag?post=2765"}],"curies":[{"name":"wp","href":"https:\/\/api.w.org\/{rel}","templated":true}]}}