{"id":2603,"date":"2025-09-20T07:26:35","date_gmt":"2025-09-20T07:26:35","guid":{"rendered":"https:\/\/shaliteink.com\/?post_type=product&#038;p=2603"},"modified":"2025-12-10T11:29:24","modified_gmt":"2025-12-10T11:29:24","slug":"tinta-plastisol-violeta-oscuro-sin-pvc","status":"publish","type":"product","link":"https:\/\/shaliteink.com\/es\/producto\/tinta-plastisol-violeta-oscuro-sin-pvc\/","title":{"rendered":"Compre tinta plastisol violeta oscuro sin PVC: no t\u00f3xica y de colores intensos."},"content":{"rendered":"<p>\u00bfBusca una soluci\u00f3n innovadora y ecol\u00f3gica para sus trabajos de serigraf\u00eda textil? Nuestra <strong>Tinta plastisol violeta oscuro sin PVC<\/strong> es una tinta vibrante y de alto rendimiento dise\u00f1ada para creadores que exigen sostenibilidad y un acabado agradable. Como parte de nuestro proceso ecooptimizado <strong><a href=\"https:\/\/shaliteink.com\/es\/categoria-producto\/tinta-plastisol-sin-pvc\/\">Tinta plastisol sin PVC<\/a><\/strong> Serie, esta tinta violeta ofrece una legibilidad de impresi\u00f3n superior, una experiencia de tacto suave y una incre\u00edble resistencia al lavado, sin comprometer la seguridad ni el medio ambiente.<\/p>\n<p>Ya seas artesano, vendedor de ropa en Shopify o un educador innovador que realiza talleres, esta tinta de serigraf\u00eda se adapta a tus necesidades. Garantiza resultados n\u00edtidos y uniformes en prendas de algod\u00f3n, mezclas y la mayor\u00eda de las fibras naturales. Adem\u00e1s, est\u00e1 optimizada para usar con mallas est\u00e1ndar y sistemas de curado dom\u00e9sticos como pistolas de calor o secadoras instant\u00e1neas.<\/p>\n<p><img decoding=\"async\" class=\"alignnone size-medium wp-image-3617\" src=\"https:\/\/shaliteink.com\/wp-content\/uploads\/2025\/08\/PVC-Free-Violet-Plastisol-Ink-2-300x252.jpeg\" alt=\"Tinta plastisol violeta sin PVC\" width=\"300\" height=\"252\" srcset=\"https:\/\/shaliteink.com\/wp-content\/uploads\/2025\/08\/PVC-Free-Violet-Plastisol-Ink-2-300x252.jpeg 300w, https:\/\/shaliteink.com\/wp-content\/uploads\/2025\/08\/PVC-Free-Violet-Plastisol-Ink-2-1024x860.jpeg 1024w, https:\/\/shaliteink.com\/wp-content\/uploads\/2025\/08\/PVC-Free-Violet-Plastisol-Ink-2-768x645.jpeg 768w, https:\/\/shaliteink.com\/wp-content\/uploads\/2025\/08\/PVC-Free-Violet-Plastisol-Ink-2-1536x1290.jpeg 1536w, https:\/\/shaliteink.com\/wp-content\/uploads\/2025\/08\/PVC-Free-Violet-Plastisol-Ink-2-2048x1720.jpeg 2048w, https:\/\/shaliteink.com\/wp-content\/uploads\/2025\/08\/PVC-Free-Violet-Plastisol-Ink-2-14x12.jpeg 14w, https:\/\/shaliteink.com\/wp-content\/uploads\/2025\/08\/PVC-Free-Violet-Plastisol-Ink-2-1200x1008.jpeg 1200w, https:\/\/shaliteink.com\/wp-content\/uploads\/2025\/08\/PVC-Free-Violet-Plastisol-Ink-2-150x126.jpeg 150w\" sizes=\"(max-width: 300px) 100vw, 300px\" \/><\/p>\n<h1>Caracter\u00edsticas del producto:<\/h1>\n<ul>\n<li>F\u00f3rmula ecol\u00f3gica: <span class=\"wrapper\">cien% PVC-suelto<\/span> plastisol <span class=\"wrapper\">tinta,<\/span> conforme con <span class=\"wrapper\">OEKO-TEX\u00ae<\/span> y CPSIA <span class=\"wrapper\">Requisitos\u2014seguro<\/span> Para ni\u00f1os, mascotas y entornos educativos.<\/li>\n<li>Pigmento violeta oscuro intenso: tinta roja de alta opacidad y resistente a la decoloraci\u00f3n que <span class=\"wrapper\">estallidos<\/span> o<span class=\"wrapper\">n li<\/span>tanto Aceptar como Descartar <span class=\"wrapper\">ropa oscura por igual.<\/span><\/li>\n<li>Sensaci\u00f3n de impresi\u00f3n suave y flexible: cura hasta obtener una <span class=\"wrapper\">licitaci\u00f3n<\/span> acabado a mano que <span class=\"wrapper\">mantiene<\/span> la prenda <span class=\"wrapper\">herbario<\/span> cubrir y <span class=\"wrapper\">lujo.<\/span><\/li>\n<li>Bajo olor y no t\u00f3xico: ideal para estudios dom\u00e9sticos y escuelas; sus bajos niveles de COV lo hacen seguro para uso en interiores.<\/li>\n<li>F\u00e1cil manejo: Su viscosidad suave lo hace perfecto tanto para principiantes como para profesionales, con una m\u00ednima obstrucci\u00f3n o secado en la pantalla.<\/li>\n<\/ul>\n<p><img decoding=\"async\" class=\"alignnone size-medium wp-image-3618\" src=\"https:\/\/shaliteink.com\/wp-content\/uploads\/2025\/08\/PVC-Free-Violet-Plastisol-Ink-3-300x270.jpeg\" alt=\"Tinta plastisol violeta sin PVC\" width=\"300\" height=\"270\" srcset=\"https:\/\/shaliteink.com\/wp-content\/uploads\/2025\/08\/PVC-Free-Violet-Plastisol-Ink-3-300x270.jpeg 300w, https:\/\/shaliteink.com\/wp-content\/uploads\/2025\/08\/PVC-Free-Violet-Plastisol-Ink-3-1024x921.jpeg 1024w, https:\/\/shaliteink.com\/wp-content\/uploads\/2025\/08\/PVC-Free-Violet-Plastisol-Ink-3-768x691.jpeg 768w, https:\/\/shaliteink.com\/wp-content\/uploads\/2025\/08\/PVC-Free-Violet-Plastisol-Ink-3-1536x1382.jpeg 1536w, https:\/\/shaliteink.com\/wp-content\/uploads\/2025\/08\/PVC-Free-Violet-Plastisol-Ink-3-2048x1843.jpeg 2048w, https:\/\/shaliteink.com\/wp-content\/uploads\/2025\/08\/PVC-Free-Violet-Plastisol-Ink-3-13x12.jpeg 13w, https:\/\/shaliteink.com\/wp-content\/uploads\/2025\/08\/PVC-Free-Violet-Plastisol-Ink-3-1200x1080.jpeg 1200w, https:\/\/shaliteink.com\/wp-content\/uploads\/2025\/08\/PVC-Free-Violet-Plastisol-Ink-3-150x135.jpeg 150w\" sizes=\"(max-width: 300px) 100vw, 300px\" \/><\/p>\n<h1>Instrucciones de curado:<\/h1>\n<p>Para obtener resultados excelentes, cure la tinta a 160 \u00b0C (320 \u00b0F) durante 1 a 1,5 minutos con un secador instant\u00e1neo, un secador de cinta transportadora o una prensa de calor dom\u00e9stica. <strong>Tinta plastisol sin PVC (precio al por mayor disponible)<\/strong>\u00a0Est\u00e1 dise\u00f1ado para el curado a baja temperatura, lo que lo hace compatible con configuraciones a peque\u00f1a escala y flujos de trabajo que tienen en cuenta la resistencia.<\/p>","protected":false},"excerpt":{"rendered":"<p><strong>Tinta Plastisol oscura violeta sin PVC<\/strong>Cobertura brillante, tacto suave, bajo olor. Certificado OEKO-TEX. Curado a 160 \u00b0C. <strong data-start=\"472\" data-end=\"483\">Comprar ahora<\/strong>\u2014<strong data-start=\"484\" data-end=\"501\">env\u00edo r\u00e1pido<\/strong>, f\u00e1cil de usar.<\/p>","protected":false},"featured_media":3616,"comment_status":"open","ping_status":"closed","template":"","meta":[],"product_brand":[],"product_cat":[45],"product_tag":[],"class_list":{"0":"post-2603","1":"product","2":"type-product","3":"status-publish","4":"has-post-thumbnail","6":"product_cat-pvc-free-plastisol-ink","8":"first","9":"instock","10":"shipping-taxable","11":"purchasable","12":"product-type-variable"},"tiered_pricing_type":"fixed","tiered_pricing_fixed_rules":[],"tiered_pricing_product_settings":{"layout":"default","base_unit_name":{"singular":null,"plural":null},"default_variation":null},"tiered_pricing_minimum_quantity":null,"tiered_pricing_roles_data":[],"tiered_pricing_percentage_rules":[],"tiered_pricing_maximum_quantity":null,"tiered_pricing_quantity_step":null,"_links":{"self":[{"href":"https:\/\/shaliteink.com\/es\/wp-json\/wp\/v2\/product\/2603","targetHints":{"allow":["GET"]}}],"collection":[{"href":"https:\/\/shaliteink.com\/es\/wp-json\/wp\/v2\/product"}],"about":[{"href":"https:\/\/shaliteink.com\/es\/wp-json\/wp\/v2\/types\/product"}],"replies":[{"embeddable":true,"href":"https:\/\/shaliteink.com\/es\/wp-json\/wp\/v2\/comments?post=2603"}],"version-history":[{"count":0,"href":"https:\/\/shaliteink.com\/es\/wp-json\/wp\/v2\/product\/2603\/revisions"}],"wp:featuredmedia":[{"embeddable":true,"href":"https:\/\/shaliteink.com\/es\/wp-json\/wp\/v2\/media\/3616"}],"wp:attachment":[{"href":"https:\/\/shaliteink.com\/es\/wp-json\/wp\/v2\/media?parent=2603"}],"wp:term":[{"taxonomy":"product_brand","embeddable":true,"href":"https:\/\/shaliteink.com\/es\/wp-json\/wp\/v2\/product_brand?post=2603"},{"taxonomy":"product_cat","embeddable":true,"href":"https:\/\/shaliteink.com\/es\/wp-json\/wp\/v2\/product_cat?post=2603"},{"taxonomy":"product_tag","embeddable":true,"href":"https:\/\/shaliteink.com\/es\/wp-json\/wp\/v2\/product_tag?post=2603"}],"curies":[{"name":"wp","href":"https:\/\/api.w.org\/{rel}","templated":true}]}}