{"id":2596,"date":"2025-07-28T06:07:23","date_gmt":"2025-07-28T06:07:23","guid":{"rendered":"https:\/\/shaliteink.com\/?post_type=product&#038;p=2596"},"modified":"2025-12-10T11:28:14","modified_gmt":"2025-12-10T11:28:14","slug":"tinta-plastisol-extra-verde-sin-pvc","status":"publish","type":"product","link":"https:\/\/shaliteink.com\/es\/producto\/tinta-plastisol-extra-verde-sin-pvc\/","title":{"rendered":"Tinta plastisol extra verde sin PVC: \u00a1C\u00f3mprala ahora!"},"content":{"rendered":"<p>Dale vida a tu imaginaci\u00f3n y visi\u00f3n creativa con nuestro <strong><a href=\"https:\/\/shaliteink.com\/es\/categoria-producto\/tinta-plastisol-sin-pvc\/\">Tinta plastisol sin PVC<\/a><\/strong> Extra Verde, dise\u00f1ada para creadores que buscan resultados coloridos y ecol\u00f3gicos. Ya seas un artesano DIY, un peque\u00f1o emblema de ropa o un espacio de creaci\u00f3n escolar, esta tinta plastisol te ofrece un rendimiento superior sin comprometer la seguridad ni la sostenibilidad.<\/p>\n<p>Elaborada con componentes sin PVC, esta tinta ofrece todas las ventajas del plastisol convencional (gran opacidad, tacto suave y extraordinaria resistencia al lavado) sin los inconvenientes ambientales. Es la soluci\u00f3n ideal para lograr impresiones ecol\u00f3gicas impactantes en prendas de algod\u00f3n y mezclas de algod\u00f3n, bolsos, telas de decoraci\u00f3n del hogar y mucho m\u00e1s.<\/p>\n<p>Perfecta para imprimir en casa con pistolas de calor o secadoras dom\u00e9sticas, nuestra tinta est\u00e1 dise\u00f1ada con funciones f\u00e1ciles de usar que reducen la complejidad de configuraci\u00f3n y el tiempo de limpieza, ideal tanto para usuarios primerizos como para profesionales experimentados.<\/p>\n<p><img decoding=\"async\" class=\"alignnone size-medium wp-image-3645\" src=\"https:\/\/shaliteink.com\/wp-content\/uploads\/2025\/07\/PVC-Free-Extra-Green-Plastisol-Ink-3-279x300.jpeg\" alt=\"Tinta plastisol extra verde sin PVC\" width=\"279\" height=\"300\" srcset=\"https:\/\/shaliteink.com\/wp-content\/uploads\/2025\/07\/PVC-Free-Extra-Green-Plastisol-Ink-3-279x300.jpeg 279w, https:\/\/shaliteink.com\/wp-content\/uploads\/2025\/07\/PVC-Free-Extra-Green-Plastisol-Ink-3-951x1024.jpeg 951w, https:\/\/shaliteink.com\/wp-content\/uploads\/2025\/07\/PVC-Free-Extra-Green-Plastisol-Ink-3-768x827.jpeg 768w, https:\/\/shaliteink.com\/wp-content\/uploads\/2025\/07\/PVC-Free-Extra-Green-Plastisol-Ink-3-1426x1536.jpeg 1426w, https:\/\/shaliteink.com\/wp-content\/uploads\/2025\/07\/PVC-Free-Extra-Green-Plastisol-Ink-3-11x12.jpeg 11w, https:\/\/shaliteink.com\/wp-content\/uploads\/2025\/07\/PVC-Free-Extra-Green-Plastisol-Ink-3-1200x1293.jpeg 1200w, https:\/\/shaliteink.com\/wp-content\/uploads\/2025\/07\/PVC-Free-Extra-Green-Plastisol-Ink-3-150x162.jpeg 150w, https:\/\/shaliteink.com\/wp-content\/uploads\/2025\/07\/PVC-Free-Extra-Green-Plastisol-Ink-3.jpeg 1608w\" sizes=\"(max-width: 279px) 100vw, 279px\" \/><\/p>\n<h1>Caracter\u00edsticas principales:<\/h1>\n<ul>\n<li>Tinta plastisol sin PVC: m\u00e1s segura para los usuarios, mejor para el medio ambiente<\/li>\n<li>Pigmento verde extra: ofrece una tonalidad brillante y de alta opacidad incluso en prendas oscuras.<\/li>\n<li>F\u00f3rmula no t\u00f3xica y de bajo olor: ideal para uso dom\u00e9stico o en salas de conferencias.<\/li>\n<li>F\u00e1cil de usar: consistencia suave para plantillas lisas y una extracci\u00f3n c\u00f3moda.<\/li>\n<li>Limpieza r\u00e1pida: compatible con limpiadores de tinta a base de agua o c\u00edtricos.<\/li>\n<li>Curado a baja temperatura (270\u2013300 \u00b0F): compatible con los recursos de calor m\u00e1ximos del hogar o de expertos<\/li>\n<\/ul>\n<p><img decoding=\"async\" class=\"alignnone size-medium wp-image-3644\" src=\"https:\/\/shaliteink.com\/wp-content\/uploads\/2025\/07\/PVC-Free-Extra-Green-Plastisol-Ink-2-285x300.jpeg\" alt=\"Tinta plastisol extra verde sin PVC\" width=\"285\" height=\"300\" srcset=\"https:\/\/shaliteink.com\/wp-content\/uploads\/2025\/07\/PVC-Free-Extra-Green-Plastisol-Ink-2-285x300.jpeg 285w, https:\/\/shaliteink.com\/wp-content\/uploads\/2025\/07\/PVC-Free-Extra-Green-Plastisol-Ink-2-973x1024.jpeg 973w, https:\/\/shaliteink.com\/wp-content\/uploads\/2025\/07\/PVC-Free-Extra-Green-Plastisol-Ink-2-768x808.jpeg 768w, https:\/\/shaliteink.com\/wp-content\/uploads\/2025\/07\/PVC-Free-Extra-Green-Plastisol-Ink-2-1460x1536.jpeg 1460w, https:\/\/shaliteink.com\/wp-content\/uploads\/2025\/07\/PVC-Free-Extra-Green-Plastisol-Ink-2-11x12.jpeg 11w, https:\/\/shaliteink.com\/wp-content\/uploads\/2025\/07\/PVC-Free-Extra-Green-Plastisol-Ink-2-1200x1263.jpeg 1200w, https:\/\/shaliteink.com\/wp-content\/uploads\/2025\/07\/PVC-Free-Extra-Green-Plastisol-Ink-2-150x158.jpeg 150w, https:\/\/shaliteink.com\/wp-content\/uploads\/2025\/07\/PVC-Free-Extra-Green-Plastisol-Ink-2.jpeg 1612w\" sizes=\"(max-width: 285px) 100vw, 285px\" \/><\/p>\n<h1>Instrucciones de curado:<\/h1>\n<p>Este <a href=\"https:\/\/shaliteink.com\/es\/\"><strong>Tinta plastisol sin PVC<\/strong><\/a> Los planes de tratamiento se realizan entre 132 \u00b0C y 149 \u00b0C (270 \u00b0F y 300 \u00b0F), lo que reduce dr\u00e1sticamente los costos de resistencia y facilita su uso con pistolas de calor, secadoras instant\u00e1neas o secadoras dom\u00e9sticas. Un curado adecuado garantiza impresiones duraderas con notable elasticidad y resistencia al lavado.<\/p>\n<p>&nbsp;<\/p>","protected":false},"excerpt":{"rendered":"<p data-start=\"3372\" data-end=\"3535\"><strong data-start=\"3372\" data-end=\"3535\">Compre tinta plastisol extra verde sin PVC: tinta de serigraf\u00eda ecol\u00f3gica, de curado a baja temperatura, de colores vibrantes y no t\u00f3xica para camisetas, bolsas de mano y proyectos de manualidades de bricolaje.<\/strong><\/p>","protected":false},"featured_media":2601,"comment_status":"open","ping_status":"closed","template":"","meta":[],"product_brand":[],"product_cat":[45],"product_tag":[],"class_list":{"0":"post-2596","1":"product","2":"type-product","3":"status-publish","4":"has-post-thumbnail","6":"product_cat-pvc-free-plastisol-ink","8":"first","9":"instock","10":"shipping-taxable","11":"purchasable","12":"product-type-variable"},"tiered_pricing_type":"fixed","tiered_pricing_fixed_rules":[],"tiered_pricing_product_settings":{"layout":"default","base_unit_name":{"singular":null,"plural":null},"default_variation":null},"tiered_pricing_minimum_quantity":null,"tiered_pricing_roles_data":[],"tiered_pricing_percentage_rules":[],"tiered_pricing_maximum_quantity":null,"tiered_pricing_quantity_step":null,"_links":{"self":[{"href":"https:\/\/shaliteink.com\/es\/wp-json\/wp\/v2\/product\/2596","targetHints":{"allow":["GET"]}}],"collection":[{"href":"https:\/\/shaliteink.com\/es\/wp-json\/wp\/v2\/product"}],"about":[{"href":"https:\/\/shaliteink.com\/es\/wp-json\/wp\/v2\/types\/product"}],"replies":[{"embeddable":true,"href":"https:\/\/shaliteink.com\/es\/wp-json\/wp\/v2\/comments?post=2596"}],"version-history":[{"count":0,"href":"https:\/\/shaliteink.com\/es\/wp-json\/wp\/v2\/product\/2596\/revisions"}],"wp:featuredmedia":[{"embeddable":true,"href":"https:\/\/shaliteink.com\/es\/wp-json\/wp\/v2\/media\/2601"}],"wp:attachment":[{"href":"https:\/\/shaliteink.com\/es\/wp-json\/wp\/v2\/media?parent=2596"}],"wp:term":[{"taxonomy":"product_brand","embeddable":true,"href":"https:\/\/shaliteink.com\/es\/wp-json\/wp\/v2\/product_brand?post=2596"},{"taxonomy":"product_cat","embeddable":true,"href":"https:\/\/shaliteink.com\/es\/wp-json\/wp\/v2\/product_cat?post=2596"},{"taxonomy":"product_tag","embeddable":true,"href":"https:\/\/shaliteink.com\/es\/wp-json\/wp\/v2\/product_tag?post=2596"}],"curies":[{"name":"wp","href":"https:\/\/api.w.org\/{rel}","templated":true}]}}