{"id":2590,"date":"2025-08-05T08:24:11","date_gmt":"2025-08-05T08:24:11","guid":{"rendered":"https:\/\/shaliteink.com\/?post_type=product&#038;p=2590"},"modified":"2025-12-10T11:30:58","modified_gmt":"2025-12-10T11:30:58","slug":"tinta-plastisol-verde-sin-pvc","status":"publish","type":"product","link":"https:\/\/shaliteink.com\/es\/producto\/tinta-plastisol-verde-sin-pvc\/","title":{"rendered":"Tinta verde para serigraf\u00eda sin PVC \u2013 Comprar en l\u00ednea"},"content":{"rendered":"<p>Buscando un <strong><a href=\"https:\/\/shaliteink.com\/es\/categoria-producto\/tinta-plastisol-sin-pvc\/\">tinta plastisol sin PVC<\/a><\/strong> \u00bfBuscas una combinaci\u00f3n de colores vibrantes, un m\u00e9todo ecol\u00f3gico y una impresi\u00f3n profesional satisfactoria? Nuestra tinta plastisol verde sin PVC es la opci\u00f3n ideal para creadores que se preocupan por la eficiencia y el planeta. Dise\u00f1ada para serigrafistas de todos los niveles, desde aficionados a las manualidades hasta vendedores de Etsy y peque\u00f1as empresas de moda, esta tinta promete impresiones verdes vibrantes y de gran calidad con gran seguridad y durabilidad.<\/p>\n<p>Ya sea que personalice camisetas en casa o realice pedidos al por mayor para su tienda en l\u00ednea, esta tinta plastisol est\u00e1 dise\u00f1ada para satisfacer sus necesidades. Est\u00e1 formulada sin PVC ni ftalatos peligrosos, lo que la hace m\u00e1s segura para usar en espacios cerrados, aulas o peque\u00f1os estudios. Forma parte de nuestra colecci\u00f3n de tintas ecol\u00f3gicas para impresi\u00f3n de displays, en la que conf\u00edan especialistas y aficionados de todo el mundo.<\/p>\n<p><img decoding=\"async\" class=\"alignnone size-medium wp-image-3620\" src=\"https:\/\/shaliteink.com\/wp-content\/uploads\/2025\/08\/PVC-Free-Screen-Print-Ink-Green-289x300.jpeg\" alt=\"Tinta de serigraf\u00eda verde sin PVC\" width=\"289\" height=\"300\" srcset=\"https:\/\/shaliteink.com\/wp-content\/uploads\/2025\/08\/PVC-Free-Screen-Print-Ink-Green-289x300.jpeg 289w, https:\/\/shaliteink.com\/wp-content\/uploads\/2025\/08\/PVC-Free-Screen-Print-Ink-Green-988x1024.jpeg 988w, https:\/\/shaliteink.com\/wp-content\/uploads\/2025\/08\/PVC-Free-Screen-Print-Ink-Green-768x796.jpeg 768w, https:\/\/shaliteink.com\/wp-content\/uploads\/2025\/08\/PVC-Free-Screen-Print-Ink-Green-1482x1536.jpeg 1482w, https:\/\/shaliteink.com\/wp-content\/uploads\/2025\/08\/PVC-Free-Screen-Print-Ink-Green-12x12.jpeg 12w, https:\/\/shaliteink.com\/wp-content\/uploads\/2025\/08\/PVC-Free-Screen-Print-Ink-Green-1200x1244.jpeg 1200w, https:\/\/shaliteink.com\/wp-content\/uploads\/2025\/08\/PVC-Free-Screen-Print-Ink-Green-150x155.jpeg 150w, https:\/\/shaliteink.com\/wp-content\/uploads\/2025\/08\/PVC-Free-Screen-Print-Ink-Green.jpeg 1648w\" sizes=\"(max-width: 289px) 100vw, 289px\" \/><\/p>\n<h1>Caracter\u00edsticas principales:<\/h1>\n<ul>\n<li>Verde vibrante, no t\u00f3xico: proporciona resultados de impresi\u00f3n en verde opaco y uniforme con excelente elasticidad y suavidad.<\/li>\n<li>Sin PVC ni ftalatos: m\u00e1s adecuado para uso dom\u00e9stico, escuelas y fabricantes conscientes del medio ambiente.<\/li>\n<li>F\u00f3rmula de bajo olor: adecuada para uso en interiores sin olores qu\u00edmicos agresivos.<\/li>\n<li>Viscosidad media: f\u00e1cil de aplicar, adecuado tanto para principiantes como para impresores experimentados.<\/li>\n<li>Tiempo de flash corto: ideal para flujos de trabajo de ritmo r\u00e1pido y proyectos multicolores.<\/li>\n<\/ul>\n<p><img decoding=\"async\" class=\"alignnone size-medium wp-image-2744\" src=\"https:\/\/shaliteink.com\/wp-content\/uploads\/2025\/07\/PVC-Free-Screen-Print-Ink-Green-300x273.jpeg\" alt=\"Tinta de serigraf\u00eda verde sin PVC\" width=\"300\" height=\"273\" srcset=\"https:\/\/shaliteink.com\/wp-content\/uploads\/2025\/07\/PVC-Free-Screen-Print-Ink-Green-300x273.jpeg 300w, https:\/\/shaliteink.com\/wp-content\/uploads\/2025\/07\/PVC-Free-Screen-Print-Ink-Green-1024x932.jpeg 1024w, https:\/\/shaliteink.com\/wp-content\/uploads\/2025\/07\/PVC-Free-Screen-Print-Ink-Green-768x699.jpeg 768w, https:\/\/shaliteink.com\/wp-content\/uploads\/2025\/07\/PVC-Free-Screen-Print-Ink-Green-1536x1398.jpeg 1536w, https:\/\/shaliteink.com\/wp-content\/uploads\/2025\/07\/PVC-Free-Screen-Print-Ink-Green-2048x1865.jpeg 2048w, https:\/\/shaliteink.com\/wp-content\/uploads\/2025\/07\/PVC-Free-Screen-Print-Ink-Green-13x12.jpeg 13w, https:\/\/shaliteink.com\/wp-content\/uploads\/2025\/07\/PVC-Free-Screen-Print-Ink-Green-1200x1093.jpeg 1200w, https:\/\/shaliteink.com\/wp-content\/uploads\/2025\/07\/PVC-Free-Screen-Print-Ink-Green-150x137.jpeg 150w\" sizes=\"(max-width: 300px) 100vw, 300px\" \/><\/p>\n<h1>Instrucciones de curado:<\/h1>\n<p>Nuestra tinta plastisol suelta de PVC se cura a baja temperatura, de 132 \u00b0C a 160 \u00b0C (270 \u00b0F a 320 \u00b0F), y es compatible con pistolas de calor dom\u00e9sticas, secadoras flash o secadoras de t\u00fanel profesionales. El curado completo garantiza que la impresi\u00f3n se adhiera firmemente al material, mejorando la durabilidad del lavado y la solidez del color. Para obtener resultados de primera calidad, verifique su dispositivo y aseg\u00farese de que la tinta alcance la temperatura interna adecuada.<\/p>","protected":false},"excerpt":{"rendered":"<p>Tinta plastisol verde ecol\u00f3gica, sin PVC, para impresiones vibrantes. De bajo olor, no t\u00f3xica, f\u00e1cil de secar y limpiar. Perfecta para aficionados al bricolaje y vendedores de ropa. \u00a1C\u00f3mprala ya!<\/p>","protected":false},"featured_media":3621,"comment_status":"open","ping_status":"closed","template":"","meta":[],"product_brand":[],"product_cat":[45],"product_tag":[],"class_list":{"0":"post-2590","1":"product","2":"type-product","3":"status-publish","4":"has-post-thumbnail","6":"product_cat-pvc-free-plastisol-ink","8":"first","9":"instock","10":"shipping-taxable","11":"purchasable","12":"product-type-variable"},"tiered_pricing_type":"fixed","tiered_pricing_fixed_rules":[],"tiered_pricing_product_settings":{"layout":"default","base_unit_name":{"singular":null,"plural":null},"default_variation":null},"tiered_pricing_minimum_quantity":null,"tiered_pricing_roles_data":[],"tiered_pricing_percentage_rules":[],"tiered_pricing_maximum_quantity":null,"tiered_pricing_quantity_step":null,"_links":{"self":[{"href":"https:\/\/shaliteink.com\/es\/wp-json\/wp\/v2\/product\/2590","targetHints":{"allow":["GET"]}}],"collection":[{"href":"https:\/\/shaliteink.com\/es\/wp-json\/wp\/v2\/product"}],"about":[{"href":"https:\/\/shaliteink.com\/es\/wp-json\/wp\/v2\/types\/product"}],"replies":[{"embeddable":true,"href":"https:\/\/shaliteink.com\/es\/wp-json\/wp\/v2\/comments?post=2590"}],"version-history":[{"count":0,"href":"https:\/\/shaliteink.com\/es\/wp-json\/wp\/v2\/product\/2590\/revisions"}],"wp:featuredmedia":[{"embeddable":true,"href":"https:\/\/shaliteink.com\/es\/wp-json\/wp\/v2\/media\/3621"}],"wp:attachment":[{"href":"https:\/\/shaliteink.com\/es\/wp-json\/wp\/v2\/media?parent=2590"}],"wp:term":[{"taxonomy":"product_brand","embeddable":true,"href":"https:\/\/shaliteink.com\/es\/wp-json\/wp\/v2\/product_brand?post=2590"},{"taxonomy":"product_cat","embeddable":true,"href":"https:\/\/shaliteink.com\/es\/wp-json\/wp\/v2\/product_cat?post=2590"},{"taxonomy":"product_tag","embeddable":true,"href":"https:\/\/shaliteink.com\/es\/wp-json\/wp\/v2\/product_tag?post=2590"}],"curies":[{"name":"wp","href":"https:\/\/api.w.org\/{rel}","templated":true}]}}