{"id":2584,"date":"2025-08-05T08:12:07","date_gmt":"2025-08-05T08:12:07","guid":{"rendered":"https:\/\/shaliteink.com\/?post_type=product&#038;p=2584"},"modified":"2025-12-10T11:31:53","modified_gmt":"2025-12-10T11:31:53","slug":"tinta-plastisol-sin-pvc-tinta-extra-negra-comprar","status":"publish","type":"product","link":"https:\/\/shaliteink.com\/es\/producto\/tinta-plastisol-sin-pvc-tinta-extra-negra-comprar\/","title":{"rendered":"Tinta Plastisol Sin PVC Tinta Extra Negra | Comprar"},"content":{"rendered":"<p>Descubra la tinta negra ideal para una impresi\u00f3n impactante, segura y ecol\u00f3gica. Shaliteink&#039;s <strong><a href=\"https:\/\/shaliteink.com\/es\/categoria-producto\/tinta-plastisol-sin-pvc\/\">Tinta plastisol sin PVC<\/a><\/strong> Extra Black ofrece la rica opacidad y la suavidad al tacto de las tintas plastisol convencionales, sin PVC ni ftalatos nocivos. Dise\u00f1ada para aficionados a las manualidades, vendedores de Etsy, escuelas y peque\u00f1os fabricantes de ropa, esta tinta es la soluci\u00f3n ideal para impresiones en negro a todo color con resultados profesionales.<\/p>\n<p>Ya sea que personalice camisetas, bolsos o telas para la decoraci\u00f3n del hogar, esta tinta garantiza un negro intenso, una impresi\u00f3n suave y una gran resistencia al lavado. Formulada tanto para principiantes como para profesionales, nuestra tinta plastisol sin PVC elimina los riesgos para la salud y los inconvenientes ambientales de las tintas convencionales, sin comprometer su rendimiento.<\/p>\n<p><img decoding=\"async\" class=\"alignnone size-medium wp-image-3628\" src=\"https:\/\/shaliteink.com\/wp-content\/uploads\/2025\/08\/PVC-Free-Plastisol-Ink-Ink-Extra-Black-2-282x300.jpeg\" alt=\"Tinta Plastisol Sin PVC Tinta Extra Negra\" width=\"282\" height=\"300\" srcset=\"https:\/\/shaliteink.com\/wp-content\/uploads\/2025\/08\/PVC-Free-Plastisol-Ink-Ink-Extra-Black-2-282x300.jpeg 282w, https:\/\/shaliteink.com\/wp-content\/uploads\/2025\/08\/PVC-Free-Plastisol-Ink-Ink-Extra-Black-2-964x1024.jpeg 964w, https:\/\/shaliteink.com\/wp-content\/uploads\/2025\/08\/PVC-Free-Plastisol-Ink-Ink-Extra-Black-2-768x816.jpeg 768w, https:\/\/shaliteink.com\/wp-content\/uploads\/2025\/08\/PVC-Free-Plastisol-Ink-Ink-Extra-Black-2-1445x1536.jpeg 1445w, https:\/\/shaliteink.com\/wp-content\/uploads\/2025\/08\/PVC-Free-Plastisol-Ink-Ink-Extra-Black-2-1927x2048.jpeg 1927w, https:\/\/shaliteink.com\/wp-content\/uploads\/2025\/08\/PVC-Free-Plastisol-Ink-Ink-Extra-Black-2-11x12.jpeg 11w, https:\/\/shaliteink.com\/wp-content\/uploads\/2025\/08\/PVC-Free-Plastisol-Ink-Ink-Extra-Black-2-1200x1275.jpeg 1200w, https:\/\/shaliteink.com\/wp-content\/uploads\/2025\/08\/PVC-Free-Plastisol-Ink-Ink-Extra-Black-2-150x159.jpeg 150w\" sizes=\"(max-width: 282px) 100vw, 282px\" \/><\/p>\n<h1>Caracter\u00edsticas principales:<\/h1>\n<ul>\n<li>Tinta plastisol sin PVC: sin PVC, sin ftalatos, m\u00e1s segura para uso dom\u00e9stico y educativo.<\/li>\n<li>Negro ultra opaco: protecci\u00f3n intensa y densa que resalta en telas claras y oscuras.<\/li>\n<li>M\u00e9todo de bajo olor: ideal para espacios cerrados como estudios peque\u00f1os o aulas.<\/li>\n<li>Experiencia suave al tacto: deja una impresi\u00f3n flexible y c\u00f3moda despu\u00e9s del curado.<\/li>\n<li>Software suave: flotaci\u00f3n constante y sin obstrucciones, ideal para informaci\u00f3n de primera clase y rellenos grandes.<\/li>\n<li>Hecho para serigraf\u00eda: compatible con los recuentos de malla de moda (ciento diez a ciento sesenta).<\/li>\n<\/ul>\n<p><img decoding=\"async\" class=\"alignnone size-medium wp-image-3627\" src=\"https:\/\/shaliteink.com\/wp-content\/uploads\/2025\/08\/PVC-Free-Plastisol-Ink-Ink-Extra-Black-1-267x300.jpeg\" alt=\"Tinta Plastisol Sin PVC Tinta Extra Negra\" width=\"267\" height=\"300\" srcset=\"https:\/\/shaliteink.com\/wp-content\/uploads\/2025\/08\/PVC-Free-Plastisol-Ink-Ink-Extra-Black-1-267x300.jpeg 267w, https:\/\/shaliteink.com\/wp-content\/uploads\/2025\/08\/PVC-Free-Plastisol-Ink-Ink-Extra-Black-1-910x1024.jpeg 910w, https:\/\/shaliteink.com\/wp-content\/uploads\/2025\/08\/PVC-Free-Plastisol-Ink-Ink-Extra-Black-1-768x864.jpeg 768w, https:\/\/shaliteink.com\/wp-content\/uploads\/2025\/08\/PVC-Free-Plastisol-Ink-Ink-Extra-Black-1-1365x1536.jpeg 1365w, https:\/\/shaliteink.com\/wp-content\/uploads\/2025\/08\/PVC-Free-Plastisol-Ink-Ink-Extra-Black-1-1820x2048.jpeg 1820w, https:\/\/shaliteink.com\/wp-content\/uploads\/2025\/08\/PVC-Free-Plastisol-Ink-Ink-Extra-Black-1-11x12.jpeg 11w, https:\/\/shaliteink.com\/wp-content\/uploads\/2025\/08\/PVC-Free-Plastisol-Ink-Ink-Extra-Black-1-1200x1350.jpeg 1200w, https:\/\/shaliteink.com\/wp-content\/uploads\/2025\/08\/PVC-Free-Plastisol-Ink-Ink-Extra-Black-1-150x169.jpeg 150w\" sizes=\"(max-width: 267px) 100vw, 267px\" \/><\/p>\n<p>&nbsp;<\/p>\n<h1>Informaci\u00f3n de curado:<\/h1>\n<p>Este <a href=\"https:\/\/shaliteink.com\/es\/\"><strong>Tienda online de tintas plastisol sin PVC<\/strong><\/a>\u00a0Las opciones de tratamiento funcionan con \u00e9xito a temperaturas de 132 a 149 \u00b0C (270 a 300 \u00b0F), lo que permite ciclos de producci\u00f3n m\u00e1s r\u00e1pidos y compatibilidad con pistolas de calor dom\u00e9sticas de alta potencia, secadores instant\u00e1neos o peque\u00f1os secadores de t\u00fanel. Es ideal para instalaciones de baja temperatura, ya que reduce el consumo de energ\u00eda y conserva la integridad del tejido.<\/p>","protected":false},"excerpt":{"rendered":"<p>Descubra la tinta negra adecuada para una impresi\u00f3n audaz, segura y ecol\u00f3gica. La tinta plastisol extra negra sin PVC de shaliteink brinda una opacidad intensa y una suavidad excepcional.<\/p>","protected":false},"featured_media":3626,"comment_status":"open","ping_status":"closed","template":"","meta":[],"product_brand":[],"product_cat":[45,50],"product_tag":[],"class_list":{"0":"post-2584","1":"product","2":"type-product","3":"status-publish","4":"has-post-thumbnail","6":"product_cat-pvc-free-plastisol-ink","7":"product_cat-black-screen-printing-ink-plastisol","9":"first","10":"instock","11":"shipping-taxable","12":"purchasable","13":"product-type-variable"},"tiered_pricing_type":"fixed","tiered_pricing_fixed_rules":[],"tiered_pricing_product_settings":{"layout":"default","base_unit_name":{"singular":null,"plural":null},"default_variation":null},"tiered_pricing_minimum_quantity":null,"tiered_pricing_roles_data":[],"tiered_pricing_percentage_rules":[],"tiered_pricing_maximum_quantity":null,"tiered_pricing_quantity_step":null,"_links":{"self":[{"href":"https:\/\/shaliteink.com\/es\/wp-json\/wp\/v2\/product\/2584","targetHints":{"allow":["GET"]}}],"collection":[{"href":"https:\/\/shaliteink.com\/es\/wp-json\/wp\/v2\/product"}],"about":[{"href":"https:\/\/shaliteink.com\/es\/wp-json\/wp\/v2\/types\/product"}],"replies":[{"embeddable":true,"href":"https:\/\/shaliteink.com\/es\/wp-json\/wp\/v2\/comments?post=2584"}],"version-history":[{"count":0,"href":"https:\/\/shaliteink.com\/es\/wp-json\/wp\/v2\/product\/2584\/revisions"}],"wp:featuredmedia":[{"embeddable":true,"href":"https:\/\/shaliteink.com\/es\/wp-json\/wp\/v2\/media\/3626"}],"wp:attachment":[{"href":"https:\/\/shaliteink.com\/es\/wp-json\/wp\/v2\/media?parent=2584"}],"wp:term":[{"taxonomy":"product_brand","embeddable":true,"href":"https:\/\/shaliteink.com\/es\/wp-json\/wp\/v2\/product_brand?post=2584"},{"taxonomy":"product_cat","embeddable":true,"href":"https:\/\/shaliteink.com\/es\/wp-json\/wp\/v2\/product_cat?post=2584"},{"taxonomy":"product_tag","embeddable":true,"href":"https:\/\/shaliteink.com\/es\/wp-json\/wp\/v2\/product_tag?post=2584"}],"curies":[{"name":"wp","href":"https:\/\/api.w.org\/{rel}","templated":true}]}}