{"id":2578,"date":"2025-08-05T08:07:40","date_gmt":"2025-08-05T08:07:40","guid":{"rendered":"https:\/\/shaliteink.com\/?post_type=product&#038;p=2578"},"modified":"2025-12-10T11:29:57","modified_gmt":"2025-12-10T11:29:57","slug":"tinta-plastisol-verde-fluorescente-sin-pvc","status":"publish","type":"product","link":"https:\/\/shaliteink.com\/es\/producto\/tinta-plastisol-verde-fluorescente-sin-pvc\/","title":{"rendered":"Tinta plastisol verde fluorescente sin PVC | Comprar ahora"},"content":{"rendered":"<p>Dale vida a tus impresiones con nuestro <strong><a href=\"https:\/\/shaliteink.com\/es\/categoria-producto\/tinta-plastisol-sin-pvc\/\">Tinta plastisol sin PVC<\/a><\/strong> Verde Fluorescente, dise\u00f1ado para creadores con conciencia ecol\u00f3gica que no sacrifican el rendimiento ni la vitalidad. Ya sea que serigraf\u00ede fotos de blusas, bolsas de lona o ropa promocional, esta tinta de serigraf\u00eda de primera calidad le da un toque verde ne\u00f3n radiante con un acabado suave y sedoso.<\/p>\n<p>Fabricada con un sistema sin PVC, esta tinta satisface las necesidades de los creadores modernos: ofrece una gran opacidad, una elasticidad superior y una definici\u00f3n de impresi\u00f3n brillante, todo ello a la vez que cumple con los requisitos de seguridad ambiental, como OEKO-TEX. Ideal para artesanos, vendedores de Shopify y profesores.<\/p>\n<p><img decoding=\"async\" class=\"alignnone size-medium wp-image-3623\" src=\"https:\/\/shaliteink.com\/wp-content\/uploads\/2025\/08\/PVC-Free-Plastisol-Ink-Fluorescent-Green-282x300.jpeg\" alt=\"Tinta plastisol sin PVC verde fluorescente\" width=\"282\" height=\"300\" srcset=\"https:\/\/shaliteink.com\/wp-content\/uploads\/2025\/08\/PVC-Free-Plastisol-Ink-Fluorescent-Green-282x300.jpeg 282w, https:\/\/shaliteink.com\/wp-content\/uploads\/2025\/08\/PVC-Free-Plastisol-Ink-Fluorescent-Green-962x1024.jpeg 962w, https:\/\/shaliteink.com\/wp-content\/uploads\/2025\/08\/PVC-Free-Plastisol-Ink-Fluorescent-Green-768x817.jpeg 768w, https:\/\/shaliteink.com\/wp-content\/uploads\/2025\/08\/PVC-Free-Plastisol-Ink-Fluorescent-Green-1443x1536.jpeg 1443w, https:\/\/shaliteink.com\/wp-content\/uploads\/2025\/08\/PVC-Free-Plastisol-Ink-Fluorescent-Green-11x12.jpeg 11w, https:\/\/shaliteink.com\/wp-content\/uploads\/2025\/08\/PVC-Free-Plastisol-Ink-Fluorescent-Green-1200x1277.jpeg 1200w, https:\/\/shaliteink.com\/wp-content\/uploads\/2025\/08\/PVC-Free-Plastisol-Ink-Fluorescent-Green-150x160.jpeg 150w, https:\/\/shaliteink.com\/wp-content\/uploads\/2025\/08\/PVC-Free-Plastisol-Ink-Fluorescent-Green.jpeg 1676w\" sizes=\"(max-width: 282px) 100vw, 282px\" \/><\/p>\n<h1>Caracter\u00edsticas principales:<\/h1>\n<ul>\n<li>Verde fluorescente brillante: brillo extraordinariamente alto, perfecto para dise\u00f1os atractivos<\/li>\n<li>Libre de PVC y ftalatos: respetuoso con el medio ambiente, adecuado para aulas escolares, estudios y entornos dom\u00e9sticos.<\/li>\n<li>Sistema no t\u00f3xico y de bajo olor: adecuado para entornos de impresi\u00f3n en interiores.<\/li>\n<li>Adecuado para tejidos de algod\u00f3n y mezcla de algod\u00f3n: incre\u00edble adherencia y lavabilidad.<\/li>\n<li>Textura suave: f\u00e1cil de usar tanto para principiantes como para profesionales.<\/li>\n<\/ul>\n<p><img decoding=\"async\" class=\"alignnone size-medium wp-image-3624\" src=\"https:\/\/shaliteink.com\/wp-content\/uploads\/2025\/08\/PVC-Free-Plastisol-Ink-Fluorescent-Green-1-290x300.jpeg\" alt=\"Tinta plastisol sin PVC verde fluorescente\" width=\"290\" height=\"300\" srcset=\"https:\/\/shaliteink.com\/wp-content\/uploads\/2025\/08\/PVC-Free-Plastisol-Ink-Fluorescent-Green-1-290x300.jpeg 290w, https:\/\/shaliteink.com\/wp-content\/uploads\/2025\/08\/PVC-Free-Plastisol-Ink-Fluorescent-Green-1-992x1024.jpeg 992w, https:\/\/shaliteink.com\/wp-content\/uploads\/2025\/08\/PVC-Free-Plastisol-Ink-Fluorescent-Green-1-768x793.jpeg 768w, https:\/\/shaliteink.com\/wp-content\/uploads\/2025\/08\/PVC-Free-Plastisol-Ink-Fluorescent-Green-1-1487x1536.jpeg 1487w, https:\/\/shaliteink.com\/wp-content\/uploads\/2025\/08\/PVC-Free-Plastisol-Ink-Fluorescent-Green-1-1983x2048.jpeg 1983w, https:\/\/shaliteink.com\/wp-content\/uploads\/2025\/08\/PVC-Free-Plastisol-Ink-Fluorescent-Green-1-12x12.jpeg 12w, https:\/\/shaliteink.com\/wp-content\/uploads\/2025\/08\/PVC-Free-Plastisol-Ink-Fluorescent-Green-1-1200x1239.jpeg 1200w, https:\/\/shaliteink.com\/wp-content\/uploads\/2025\/08\/PVC-Free-Plastisol-Ink-Fluorescent-Green-1-150x155.jpeg 150w\" sizes=\"(max-width: 290px) 100vw, 290px\" \/><\/p>\n<h1>Informaci\u00f3n de curado:<\/h1>\n<p>Este <a href=\"https:\/\/shaliteink.com\/es\/\"><strong>Tienda online de tintas plastisol sin PVC <\/strong><\/a>Procedimientos de curaci\u00f3n a bajas temperaturas, generalmente de 132 \u00b0C a 160 \u00b0C (270 \u00b0F a 320 \u00b0F), lo que lo hace ideal para pistolas de calor dom\u00e9sticas, secadoras instant\u00e1neas y secadoras de cinta transportadora. Reduce el consumo de electricidad y minimiza el riesgo de que la tela se queme, especialmente en prendas sensibles al calor, como las mezclas de poli\u00e9ster y algod\u00f3n.<\/p>","protected":false},"excerpt":{"rendered":"<p>Brillante, ecol\u00f3gico <strong data-start=\"3598\" data-end=\"3642\">Tinta plastisol verde fluorescente sin PVC<\/strong>Resultados de impresi\u00f3n n\u00edtidos, de baja curaci\u00f3n y no t\u00f3xicos. Ideal para <strong data-start=\"3695\" data-end=\"3718\">Serigraf\u00eda DIY<\/strong> &amp; <strong data-start=\"3721\" data-end=\"3737\">estudios caseros<\/strong>.<\/p>","protected":false},"featured_media":2582,"comment_status":"open","ping_status":"closed","template":"","meta":[],"product_brand":[],"product_cat":[45],"product_tag":[],"class_list":{"0":"post-2578","1":"product","2":"type-product","3":"status-publish","4":"has-post-thumbnail","6":"product_cat-pvc-free-plastisol-ink","8":"first","9":"instock","10":"shipping-taxable","11":"purchasable","12":"product-type-variable"},"tiered_pricing_type":"fixed","tiered_pricing_fixed_rules":[],"tiered_pricing_product_settings":{"layout":"default","base_unit_name":{"singular":null,"plural":null},"default_variation":null},"tiered_pricing_minimum_quantity":null,"tiered_pricing_roles_data":[],"tiered_pricing_percentage_rules":[],"tiered_pricing_maximum_quantity":null,"tiered_pricing_quantity_step":null,"_links":{"self":[{"href":"https:\/\/shaliteink.com\/es\/wp-json\/wp\/v2\/product\/2578","targetHints":{"allow":["GET"]}}],"collection":[{"href":"https:\/\/shaliteink.com\/es\/wp-json\/wp\/v2\/product"}],"about":[{"href":"https:\/\/shaliteink.com\/es\/wp-json\/wp\/v2\/types\/product"}],"replies":[{"embeddable":true,"href":"https:\/\/shaliteink.com\/es\/wp-json\/wp\/v2\/comments?post=2578"}],"version-history":[{"count":0,"href":"https:\/\/shaliteink.com\/es\/wp-json\/wp\/v2\/product\/2578\/revisions"}],"wp:featuredmedia":[{"embeddable":true,"href":"https:\/\/shaliteink.com\/es\/wp-json\/wp\/v2\/media\/2582"}],"wp:attachment":[{"href":"https:\/\/shaliteink.com\/es\/wp-json\/wp\/v2\/media?parent=2578"}],"wp:term":[{"taxonomy":"product_brand","embeddable":true,"href":"https:\/\/shaliteink.com\/es\/wp-json\/wp\/v2\/product_brand?post=2578"},{"taxonomy":"product_cat","embeddable":true,"href":"https:\/\/shaliteink.com\/es\/wp-json\/wp\/v2\/product_cat?post=2578"},{"taxonomy":"product_tag","embeddable":true,"href":"https:\/\/shaliteink.com\/es\/wp-json\/wp\/v2\/product_tag?post=2578"}],"curies":[{"name":"wp","href":"https:\/\/api.w.org\/{rel}","templated":true}]}}