{"id":2570,"date":"2025-09-20T06:23:09","date_gmt":"2025-09-20T06:23:09","guid":{"rendered":"https:\/\/shaliteink.com\/?post_type=product&#038;p=2570"},"modified":"2025-12-10T11:31:03","modified_gmt":"2025-12-10T11:31:03","slug":"tinta-plastisol-roja-sin-pvc","status":"publish","type":"product","link":"https:\/\/shaliteink.com\/es\/producto\/tinta-plastisol-roja-sin-pvc\/","title":{"rendered":"Tinta plastisol roja sin PVC: compra online r\u00e1pidamente"},"content":{"rendered":"<p>Lleva tus dise\u00f1os m\u00e1s atrevidos a estilos de vida con <strong><a href=\"https:\/\/shaliteink.com\/es\/\">Shaliteink<\/a> Tinta plastisol roja sin PVC<\/strong>\u2014 una soluci\u00f3n vibrante y no t\u00f3xica para serigraf\u00eda sobre tela. Dise\u00f1ada para creadores que exigen alta precisi\u00f3n de color, tiempos de secado r\u00e1pidos y un entorno de trabajo seguro, esta tinta promete resultados profesionales sin contenido de PVC. Tanto si personaliza camisetas para su estudio en el garaje como si produce productos en lotes peque\u00f1os en su tienda online, nuestra <a href=\"https:\/\/shaliteink.com\/es\/categoria-producto\/tinta-plastisol-sin-pvc\/\"><strong>Tinta plastisol sin PVC<\/strong><\/a>\u00a0Mantiene el rendimiento general y la seguridad en el medio.<\/p>\n<p><img decoding=\"async\" class=\"alignnone size-medium wp-image-3630\" src=\"https:\/\/shaliteink.com\/wp-content\/uploads\/2025\/08\/PVC-Free-Plastisol-Ink-Red-5-300x290.jpeg\" alt=\"\" width=\"300\" height=\"290\" srcset=\"https:\/\/shaliteink.com\/wp-content\/uploads\/2025\/08\/PVC-Free-Plastisol-Ink-Red-5-300x290.jpeg 300w, https:\/\/shaliteink.com\/wp-content\/uploads\/2025\/08\/PVC-Free-Plastisol-Ink-Red-5-1024x989.jpeg 1024w, https:\/\/shaliteink.com\/wp-content\/uploads\/2025\/08\/PVC-Free-Plastisol-Ink-Red-5-768x742.jpeg 768w, https:\/\/shaliteink.com\/wp-content\/uploads\/2025\/08\/PVC-Free-Plastisol-Ink-Red-5-1536x1483.jpeg 1536w, https:\/\/shaliteink.com\/wp-content\/uploads\/2025\/08\/PVC-Free-Plastisol-Ink-Red-5-12x12.jpeg 12w, https:\/\/shaliteink.com\/wp-content\/uploads\/2025\/08\/PVC-Free-Plastisol-Ink-Red-5-1200x1159.jpeg 1200w, https:\/\/shaliteink.com\/wp-content\/uploads\/2025\/08\/PVC-Free-Plastisol-Ink-Red-5-150x145.jpeg 150w, https:\/\/shaliteink.com\/wp-content\/uploads\/2025\/08\/PVC-Free-Plastisol-Ink-Red-5.jpeg 1636w\" sizes=\"(max-width: 300px) 100vw, 300px\" \/><\/p>\n<h1>Caracter\u00edsticas del producto:<\/h1>\n<ul>\n<li>Pi brillante<span class=\"wrapper\">pigmento nk<\/span>aci\u00f3n <span class=\"wrapper\">para impresiones destacadas o<\/span>n ropa clara u oscura<\/li>\n<li>Sistema sin PVC 100%, ideal para escuelas, hogares e impresoras con conciencia ecol\u00f3gica<\/li>\n<li>Consistencia suave y opacidad avanzada.<span class=\"wrapper\">y para cris<\/span>p informaci\u00f3n<span class=\"wrapper\">n<\/span><\/li>\n<li><span class=\"wrapper\">Comp<\/span>Compatible con algod\u00f3n, mezclas de algod\u00f3n y poli\u00e9ster,<span class=\"wrapper\">y mayor<\/span><\/li>\n<li>Extremo suave<span class=\"wrapper\">con excepcional<\/span> elasticidad y durabilidad<\/li>\n<\/ul>\n<h1>Instrucciones de curado:<\/h1>\n<p>Esta tinta plastisol sin PVC se cura a baja temperatura, hasta 132 \u00b0C (270 \u00b0F), lo que reduce el consumo de electricidad y minimiza el calentamiento de la prenda. El tiempo de curado puede variar seg\u00fan el tipo de tela, la acumulaci\u00f3n de tinta y la configuraci\u00f3n de la secadora. Recomendamos realizar pruebas de lavado para garantizar un secado completo.<\/p>\n<p><img decoding=\"async\" class=\"alignnone size-medium wp-image-2573\" src=\"https:\/\/shaliteink.com\/wp-content\/uploads\/2025\/07\/PVC-Free-Red-Plastisol-Ink-2-283x300.jpeg\" alt=\"Tinta plastisol roja sin PVC\" width=\"283\" height=\"300\" srcset=\"https:\/\/shaliteink.com\/wp-content\/uploads\/2025\/07\/PVC-Free-Red-Plastisol-Ink-2-283x300.jpeg 283w, https:\/\/shaliteink.com\/wp-content\/uploads\/2025\/07\/PVC-Free-Red-Plastisol-Ink-2-965x1024.jpeg 965w, https:\/\/shaliteink.com\/wp-content\/uploads\/2025\/07\/PVC-Free-Red-Plastisol-Ink-2-768x815.jpeg 768w, https:\/\/shaliteink.com\/wp-content\/uploads\/2025\/07\/PVC-Free-Red-Plastisol-Ink-2-1447x1536.jpeg 1447w, https:\/\/shaliteink.com\/wp-content\/uploads\/2025\/07\/PVC-Free-Red-Plastisol-Ink-2-1930x2048.jpeg 1930w, https:\/\/shaliteink.com\/wp-content\/uploads\/2025\/07\/PVC-Free-Red-Plastisol-Ink-2-11x12.jpeg 11w, https:\/\/shaliteink.com\/wp-content\/uploads\/2025\/07\/PVC-Free-Red-Plastisol-Ink-2-1200x1274.jpeg 1200w, https:\/\/shaliteink.com\/wp-content\/uploads\/2025\/07\/PVC-Free-Red-Plastisol-Ink-2-150x159.jpeg 150w\" sizes=\"(max-width: 283px) 100vw, 283px\" \/><\/p>","protected":false},"excerpt":{"rendered":"<p><strong data-start=\"3426\" data-end=\"3452\">Tinta plastisol sin PVC<\/strong>, <strong data-start=\"3454\" data-end=\"3475\">tinta plastisol roja<\/strong>, <strong data-start=\"3477\" data-end=\"3500\">tinta de serigraf\u00eda<\/strong>, <strong data-start=\"3502\" data-end=\"3534\">serigraf\u00eda ecol\u00f3gica<\/strong>, <strong data-start=\"3536\" data-end=\"3557\">comprar tinta plastisol<\/strong>, <strong data-start=\"3559\" data-end=\"3576\">tinta de curado por calor<\/strong>, <strong data-start=\"3578\" data-end=\"3608\">plastisol para impresi\u00f3n casera<\/strong>, <strong data-start=\"3610\" data-end=\"3637\">tinta de plastisol no t\u00f3xica<\/strong><\/p>","protected":false},"featured_media":2572,"comment_status":"open","ping_status":"closed","template":"","meta":[],"product_brand":[],"product_cat":[45],"product_tag":[],"class_list":{"0":"post-2570","1":"product","2":"type-product","3":"status-publish","4":"has-post-thumbnail","6":"product_cat-pvc-free-plastisol-ink","8":"first","9":"instock","10":"shipping-taxable","11":"purchasable","12":"product-type-variable"},"tiered_pricing_type":"fixed","tiered_pricing_fixed_rules":[],"tiered_pricing_product_settings":{"layout":"default","base_unit_name":{"singular":null,"plural":null},"default_variation":null},"tiered_pricing_minimum_quantity":null,"tiered_pricing_roles_data":[],"tiered_pricing_percentage_rules":[],"tiered_pricing_maximum_quantity":null,"tiered_pricing_quantity_step":null,"_links":{"self":[{"href":"https:\/\/shaliteink.com\/es\/wp-json\/wp\/v2\/product\/2570","targetHints":{"allow":["GET"]}}],"collection":[{"href":"https:\/\/shaliteink.com\/es\/wp-json\/wp\/v2\/product"}],"about":[{"href":"https:\/\/shaliteink.com\/es\/wp-json\/wp\/v2\/types\/product"}],"replies":[{"embeddable":true,"href":"https:\/\/shaliteink.com\/es\/wp-json\/wp\/v2\/comments?post=2570"}],"version-history":[{"count":0,"href":"https:\/\/shaliteink.com\/es\/wp-json\/wp\/v2\/product\/2570\/revisions"}],"wp:featuredmedia":[{"embeddable":true,"href":"https:\/\/shaliteink.com\/es\/wp-json\/wp\/v2\/media\/2572"}],"wp:attachment":[{"href":"https:\/\/shaliteink.com\/es\/wp-json\/wp\/v2\/media?parent=2570"}],"wp:term":[{"taxonomy":"product_brand","embeddable":true,"href":"https:\/\/shaliteink.com\/es\/wp-json\/wp\/v2\/product_brand?post=2570"},{"taxonomy":"product_cat","embeddable":true,"href":"https:\/\/shaliteink.com\/es\/wp-json\/wp\/v2\/product_cat?post=2570"},{"taxonomy":"product_tag","embeddable":true,"href":"https:\/\/shaliteink.com\/es\/wp-json\/wp\/v2\/product_tag?post=2570"}],"curies":[{"name":"wp","href":"https:\/\/api.w.org\/{rel}","templated":true}]}}