{"id":2566,"date":"2025-10-15T08:15:48","date_gmt":"2025-10-15T08:15:48","guid":{"rendered":"https:\/\/shaliteink.com\/?post_type=product&#038;p=2566"},"modified":"2025-12-10T11:31:55","modified_gmt":"2025-12-10T11:31:55","slug":"tinta-plastisol-amarillo-limon-sin-pvc","status":"publish","type":"product","link":"https:\/\/shaliteink.com\/es\/producto\/tinta-plastisol-amarillo-limon-sin-pvc\/","title":{"rendered":"Tinta plastisol amarilla sin PVC \u2013 Tinta ecol\u00f3gica. \u00a1C\u00f3mprela ahora!"},"content":{"rendered":"<p>Este <a href=\"https:\/\/shaliteink.com\/es\/categoria-producto\/tinta-plastisol-sin-pvc\/\"><strong>tinta plastisol sin PVC<\/strong><\/a>\u00a0Combina un colorido pigmento amarillo lim\u00f3n con una textura suave y cremosa que se imprime f\u00e1cilmente en telas de algod\u00f3n y combinaciones de algod\u00f3n. Ya sea que personalice camisetas, bolsos o decoraci\u00f3n textil para el hogar, esta tinta garantiza una opacidad y una consistencia de color excepcionales, incluso en prendas oscuras.<\/p>\n<p>Formulada sin PVC, es ideal para entornos educativos, estudios dom\u00e9sticos o peque\u00f1as imprentas que buscan una opci\u00f3n m\u00e1s sostenible. Compatible con cualquier dispositivo de serigraf\u00eda manual o semiautom\u00e1tico, esta tinta est\u00e1 dise\u00f1ada para que la serigraf\u00eda sea segura, eficiente y accesible para todos.<\/p>\n<p><img decoding=\"async\" class=\"alignnone size-medium wp-image-2567\" src=\"https:\/\/shaliteink.com\/wp-content\/uploads\/2025\/07\/PVC-Free-Lemon-Yellow-Plastisol-Ink-300x283.jpeg\" alt=\"Tinta plastisol amarillo lim\u00f3n sin PVC\" width=\"300\" height=\"283\" srcset=\"https:\/\/shaliteink.com\/wp-content\/uploads\/2025\/07\/PVC-Free-Lemon-Yellow-Plastisol-Ink-300x283.jpeg 300w, https:\/\/shaliteink.com\/wp-content\/uploads\/2025\/07\/PVC-Free-Lemon-Yellow-Plastisol-Ink-1024x965.jpeg 1024w, https:\/\/shaliteink.com\/wp-content\/uploads\/2025\/07\/PVC-Free-Lemon-Yellow-Plastisol-Ink-768x723.jpeg 768w, https:\/\/shaliteink.com\/wp-content\/uploads\/2025\/07\/PVC-Free-Lemon-Yellow-Plastisol-Ink-1536x1447.jpeg 1536w, https:\/\/shaliteink.com\/wp-content\/uploads\/2025\/07\/PVC-Free-Lemon-Yellow-Plastisol-Ink-2048x1929.jpeg 2048w, https:\/\/shaliteink.com\/wp-content\/uploads\/2025\/07\/PVC-Free-Lemon-Yellow-Plastisol-Ink-13x12.jpeg 13w, https:\/\/shaliteink.com\/wp-content\/uploads\/2025\/07\/PVC-Free-Lemon-Yellow-Plastisol-Ink-1200x1130.jpeg 1200w, https:\/\/shaliteink.com\/wp-content\/uploads\/2025\/07\/PVC-Free-Lemon-Yellow-Plastisol-Ink-150x141.jpeg 150w\" sizes=\"(max-width: 300px) 100vw, 300px\" \/><\/p>\n<h1>Caracter\u00edsticas principales:<\/h1>\n<ul>\n<li>Libre de PVC y ftalatos<span class=\"wrapper\">:<\/span>Ecol\u00f3gico, no<span class=\"wrapper\">F\u00f3rmula t\u00f3xica\u2014segura para<\/span>r aulas, uso dom\u00e9stico y estudios.<\/li>\n<li>Color amarillo lim\u00f3n vibrante: f\u00f3rmula de alta opacidad que resalta<span class=\"wrapper\">otra luz<\/span>y prendas oscuras.<\/li>\n<li>Bajo <span class=\"wrapper\">Curaci\u00f3n temporal<\/span>e a 270\u00b0F \u2013 320\u00b0F (132\u00b0C)<span class=\"wrapper\">\u2013 160\u00b0C<\/span>): Funciona con pistolas de calor dom\u00e9sticas o secadores instant\u00e1neos; ideal para<span class=\"wrapper\">o usuarios de bricolaje o Etsy se<\/span>llers.<\/li>\n<li>Consistencia cremosa y suave<span class=\"wrapper\">ncy: F\u00e1cil<\/span> para imprimir con <span class=\"wrapper\">borde afilado<\/span>es <span class=\"wrapper\">y detalles limpios, v\u00edspera<\/span>n en pantallas de malla fina.<\/li>\n<li>C f\u00e1cil<span class=\"wrapper\">Inclinarse: W<\/span>Trabaja con limpiadores de tinta plastisol espec\u00edficos o desengrasantes ecol\u00f3gicos est\u00e1ndar: menos suciedad, menos esfuerzo.<\/li>\n<\/ul>\n<h1>Comprar ahora<\/h1>\n<p>Empieza tu pr\u00f3ximo proyecto con confianza. Ya sea que imprimas en casa o en un estudio, <a href=\"https:\/\/shaliteink.com\/es\/\"><strong>Shaliteink<\/strong>\u00a0<strong>Tinta plastisol sin PVC<\/strong><\/a> <strong>Amarillo lim\u00f3n<\/strong> Es tu camino a la perfecci\u00f3n para obtener resultados vibrantes, sostenibles y de calidad profesional. Compra ahora y disfruta de env\u00edo r\u00e1pido, atenci\u00f3n amable y satisfacci\u00f3n garantizada.<\/p>","protected":false},"excerpt":{"rendered":"<p><strong data-start=\"3411\" data-end=\"3450\">Tinta plastisol amarillo lim\u00f3n sin PVC<\/strong> <strong>para serigraf\u00eda<\/strong>. Un tinte brillante, ecol\u00f3gico y de secado a baja temperatura. Perfecto para proyectos de bricolaje, vendedores de Etsy y escuelas. <strong data-start=\"3551\" data-end=\"3562\"><a href=\"https:\/\/shaliteink.com\/es\/\">Comprar tinta plastisol<\/a> ahora<\/strong> Y imprime de forma m\u00e1s inteligente.<\/p>","protected":false},"featured_media":2568,"comment_status":"open","ping_status":"closed","template":"","meta":[],"product_brand":[],"product_cat":[45],"product_tag":[],"class_list":{"0":"post-2566","1":"product","2":"type-product","3":"status-publish","4":"has-post-thumbnail","6":"product_cat-pvc-free-plastisol-ink","8":"first","9":"instock","10":"shipping-taxable","11":"purchasable","12":"product-type-variable"},"tiered_pricing_type":"fixed","tiered_pricing_fixed_rules":[],"tiered_pricing_product_settings":{"layout":"default","base_unit_name":{"singular":null,"plural":null},"default_variation":null},"tiered_pricing_minimum_quantity":null,"tiered_pricing_roles_data":[],"tiered_pricing_percentage_rules":[],"tiered_pricing_maximum_quantity":null,"tiered_pricing_quantity_step":null,"_links":{"self":[{"href":"https:\/\/shaliteink.com\/es\/wp-json\/wp\/v2\/product\/2566","targetHints":{"allow":["GET"]}}],"collection":[{"href":"https:\/\/shaliteink.com\/es\/wp-json\/wp\/v2\/product"}],"about":[{"href":"https:\/\/shaliteink.com\/es\/wp-json\/wp\/v2\/types\/product"}],"replies":[{"embeddable":true,"href":"https:\/\/shaliteink.com\/es\/wp-json\/wp\/v2\/comments?post=2566"}],"version-history":[{"count":0,"href":"https:\/\/shaliteink.com\/es\/wp-json\/wp\/v2\/product\/2566\/revisions"}],"wp:featuredmedia":[{"embeddable":true,"href":"https:\/\/shaliteink.com\/es\/wp-json\/wp\/v2\/media\/2568"}],"wp:attachment":[{"href":"https:\/\/shaliteink.com\/es\/wp-json\/wp\/v2\/media?parent=2566"}],"wp:term":[{"taxonomy":"product_brand","embeddable":true,"href":"https:\/\/shaliteink.com\/es\/wp-json\/wp\/v2\/product_brand?post=2566"},{"taxonomy":"product_cat","embeddable":true,"href":"https:\/\/shaliteink.com\/es\/wp-json\/wp\/v2\/product_cat?post=2566"},{"taxonomy":"product_tag","embeddable":true,"href":"https:\/\/shaliteink.com\/es\/wp-json\/wp\/v2\/product_tag?post=2566"}],"curies":[{"name":"wp","href":"https:\/\/api.w.org\/{rel}","templated":true}]}}