{"id":2532,"date":"2025-08-16T02:39:26","date_gmt":"2025-08-16T02:39:26","guid":{"rendered":"https:\/\/shaliteink.com\/?post_type=product&#038;p=2532"},"modified":"2025-12-10T11:31:57","modified_gmt":"2025-12-10T11:31:57","slug":"tinta-plastisol-blanca-sin-pvc","status":"publish","type":"product","link":"https:\/\/shaliteink.com\/es\/producto\/tinta-plastisol-blanca-sin-pvc\/","title":{"rendered":"Tinta plastisol blanca sin PVC \u2013 Tacto suave, \u00a1Compra ahora!"},"content":{"rendered":"<p>\u00bfBuscas una tinta blanca ecol\u00f3gica que funcione como el plastisol convencional? Nuestra <a href=\"https:\/\/shaliteink.com\/es\/categoria-producto\/tinta-plastisol-sin-pvc\/\"><strong>Tinta plastisol sin PVC<\/strong><\/a> El blanco ofrece la misma opacidad y consistencia cremosa sin PVC ni ftalatos, lo que lo convierte en la opci\u00f3n predilecta para creadores con conciencia ambiental. Ya seas artesano, vendedor en Etsy o administrador de una tienda de ropa personalizada, esta tinta te ofrece impresiones blancas vibrantes y n\u00edtidas con un tacto suave y tranquilidad.<\/p>\n<p>Dise\u00f1ado para un rendimiento general en una gran variedad de superficies, este <strong>Tinta plastisol sin PVC<\/strong>\u00a0Es ideal para imprimir sobre algod\u00f3n 100% y mezclas de algod\u00f3n y poli\u00e9ster. Ofrece una cobertura superior incluso en prendas oscuras y aplica un blanco brillante y de alta opacidad con un m\u00ednimo de pasadas. Con su textura cremosa y un excelente equilibrio de color, est\u00e1 optimizada para peque\u00f1as tiendas, impresores dom\u00e9sticos y escuelas.<\/p>\n<p><img decoding=\"async\" class=\"alignnone size-medium wp-image-3639\" src=\"https:\/\/shaliteink.com\/wp-content\/uploads\/2025\/08\/PVC-Free-Plastisol-Ink-White-283x300.jpeg\" alt=\"Tinta plastisol blanca sin PVC\" width=\"283\" height=\"300\" srcset=\"https:\/\/shaliteink.com\/wp-content\/uploads\/2025\/08\/PVC-Free-Plastisol-Ink-White-283x300.jpeg 283w, https:\/\/shaliteink.com\/wp-content\/uploads\/2025\/08\/PVC-Free-Plastisol-Ink-White-965x1024.jpeg 965w, https:\/\/shaliteink.com\/wp-content\/uploads\/2025\/08\/PVC-Free-Plastisol-Ink-White-768x815.jpeg 768w, https:\/\/shaliteink.com\/wp-content\/uploads\/2025\/08\/PVC-Free-Plastisol-Ink-White-1447x1536.jpeg 1447w, https:\/\/shaliteink.com\/wp-content\/uploads\/2025\/08\/PVC-Free-Plastisol-Ink-White-11x12.jpeg 11w, https:\/\/shaliteink.com\/wp-content\/uploads\/2025\/08\/PVC-Free-Plastisol-Ink-White-1200x1274.jpeg 1200w, https:\/\/shaliteink.com\/wp-content\/uploads\/2025\/08\/PVC-Free-Plastisol-Ink-White-150x159.jpeg 150w, https:\/\/shaliteink.com\/wp-content\/uploads\/2025\/08\/PVC-Free-Plastisol-Ink-White.jpeg 1624w\" sizes=\"(max-width: 283px) 100vw, 283px\" \/><\/p>\n<h1>Caracter\u00edsticas principales:<\/h1>\n<ul>\n<li>Libre de PVC y ftalatos: adecuado para escuelas, hogares y entornos ecol\u00f3gicamente sensibles.<\/li>\n<li>Blanco opaco brillante: Dise\u00f1ado para un seguro notable, en particular sobre telas oscuras.<\/li>\n<li>Textura suave y cremosa: Extremadamente suave incluso cuando se utiliza en mallas de primera calidad.<\/li>\n<li>F\u00f3rmula de baja viscosidad: Adecuada para impresi\u00f3n multitono y alineaci\u00f3n breve.<\/li>\n<li>Excelente estabilidad en almacenamiento: no se seca mientras se utiliza en monitores durante intervalos prolongados.<\/li>\n<li>Sensaci\u00f3n suave: deja un acabado transpirable y flexible despu\u00e9s del curado.<\/li>\n<li>Bajo olor: adecuado para estudios dom\u00e9sticos y ambientes interiores.<\/li>\n<\/ul>\n<p><img decoding=\"async\" class=\"alignnone size-medium wp-image-2754\" src=\"https:\/\/shaliteink.com\/wp-content\/uploads\/2025\/07\/PVC-Free-Plastisol-Ink-White-1-300x117.jpeg\" alt=\"Tinta plastisol blanca sin PVC\" width=\"300\" height=\"117\" \/><\/p>\n<h1>Curado y compatibilidad:<\/h1>\n<p>Nuestro <strong>Tinta plastisol blanca sin PVC<\/strong> Cura a una temperatura de 149 \u00b0C a 160 \u00b0C (300 \u00b0F a 320 \u00b0F). Es compatible con secadoras instant\u00e1neas, prensas de calor o pistolas de calor dom\u00e9sticas, lo que la convierte en la soluci\u00f3n ideal para creadores de bricolaje y peque\u00f1as marcas de ropa. Pruebe siempre en el tipo de tela antes de la producci\u00f3n completa.<\/p>","protected":false},"excerpt":{"rendered":"<p>Ecol\u00f3gico <strong data-start=\"3705\" data-end=\"3737\">Tinta plastisol blanca sin PVC<\/strong> Para serigraf\u00eda. Blanco brillante y opaco, tacto suave, seguro y no t\u00f3xico. Compre ahora para proyectos de bricolaje, manualidades o impresi\u00f3n textil.<\/p>","protected":false},"featured_media":2554,"comment_status":"open","ping_status":"closed","template":"","meta":[],"product_brand":[],"product_cat":[45,49],"product_tag":[],"class_list":{"0":"post-2532","1":"product","2":"type-product","3":"status-publish","4":"has-post-thumbnail","6":"product_cat-pvc-free-plastisol-ink","7":"product_cat-white-screen-printing-ink-plastisol","9":"first","10":"instock","11":"shipping-taxable","12":"purchasable","13":"product-type-variable"},"tiered_pricing_type":"fixed","tiered_pricing_fixed_rules":[],"tiered_pricing_product_settings":{"layout":"default","base_unit_name":{"singular":null,"plural":null},"default_variation":null},"tiered_pricing_minimum_quantity":null,"tiered_pricing_roles_data":[],"tiered_pricing_percentage_rules":[],"tiered_pricing_maximum_quantity":null,"tiered_pricing_quantity_step":null,"_links":{"self":[{"href":"https:\/\/shaliteink.com\/es\/wp-json\/wp\/v2\/product\/2532","targetHints":{"allow":["GET"]}}],"collection":[{"href":"https:\/\/shaliteink.com\/es\/wp-json\/wp\/v2\/product"}],"about":[{"href":"https:\/\/shaliteink.com\/es\/wp-json\/wp\/v2\/types\/product"}],"replies":[{"embeddable":true,"href":"https:\/\/shaliteink.com\/es\/wp-json\/wp\/v2\/comments?post=2532"}],"version-history":[{"count":0,"href":"https:\/\/shaliteink.com\/es\/wp-json\/wp\/v2\/product\/2532\/revisions"}],"wp:featuredmedia":[{"embeddable":true,"href":"https:\/\/shaliteink.com\/es\/wp-json\/wp\/v2\/media\/2554"}],"wp:attachment":[{"href":"https:\/\/shaliteink.com\/es\/wp-json\/wp\/v2\/media?parent=2532"}],"wp:term":[{"taxonomy":"product_brand","embeddable":true,"href":"https:\/\/shaliteink.com\/es\/wp-json\/wp\/v2\/product_brand?post=2532"},{"taxonomy":"product_cat","embeddable":true,"href":"https:\/\/shaliteink.com\/es\/wp-json\/wp\/v2\/product_cat?post=2532"},{"taxonomy":"product_tag","embeddable":true,"href":"https:\/\/shaliteink.com\/es\/wp-json\/wp\/v2\/product_tag?post=2532"}],"curies":[{"name":"wp","href":"https:\/\/api.w.org\/{rel}","templated":true}]}}