{"id":2524,"date":"2025-08-16T02:27:32","date_gmt":"2025-08-16T02:27:32","guid":{"rendered":"https:\/\/shaliteink.com\/?post_type=product&#038;p=2524"},"modified":"2025-12-10T11:29:42","modified_gmt":"2025-12-10T11:29:42","slug":"tinta-plastisol-negra-sin-pvc","status":"publish","type":"product","link":"https:\/\/shaliteink.com\/es\/producto\/tinta-plastisol-negra-sin-pvc\/","title":{"rendered":"Tinta plastisol negra sin PVC para serigraf\u00eda | Comprar ahora"},"content":{"rendered":"<p>\u00bfBuscas una forma m\u00e1s segura y ecol\u00f3gica de imprimir dise\u00f1os llamativos en tela? Nuestra <strong><a href=\"https:\/\/shaliteink.com\/es\/categoria-producto\/tinta-plastisol-sin-pvc\/\">tinta plastisol sin PVC<\/a><\/strong> En negro intenso, es la soluci\u00f3n ideal para quienes se preocupan por la calidad y el impacto ambiental. Especialmente formulada para obtener resultados coloridos y duraderos, esta tinta es ideal para artesanos, fabricantes independientes, vendedores de Etsy y talleres educativos.<\/p>\n<p>Este <strong>Tinta plastisol negra sin PVC<\/strong>\u00a0Ofrece impresiones en negro intenso con una protecci\u00f3n uniforme y sencilla, ideal para prendas claras u oscuras. Tanto si imprime camisetas personalizadas en casa como si produce lotes peque\u00f1os de productos para su logotipo, este m\u00e9todo ecol\u00f3gico le ofrece resultados profesionales sin los peligrosos compuestos qu\u00edmicos presentes en las tintas tradicionales.<\/p>\n<p>A diferencia de los plastisoles convencionales, nuestro modelo negro sin PVC no contiene ftalatos y est\u00e1 formulado sin cloruro de polivinilo, lo que lo hace m\u00e1s seguro para su uso en escuelas, hogares y estudios. Es una excelente opci\u00f3n para quienes buscan tinta de serigraf\u00eda con poco olor, no t\u00f3xica y f\u00e1cil de manejar.<\/p>\n<p><img decoding=\"async\" class=\"alignnone size-medium wp-image-3632\" src=\"https:\/\/shaliteink.com\/wp-content\/uploads\/2025\/08\/PVC-Free-Black-Plastisol-Ink-292x300.jpeg\" alt=\"Tinta plastisol negra sin PVC\" width=\"292\" height=\"300\" srcset=\"https:\/\/shaliteink.com\/wp-content\/uploads\/2025\/08\/PVC-Free-Black-Plastisol-Ink-292x300.jpeg 292w, https:\/\/shaliteink.com\/wp-content\/uploads\/2025\/08\/PVC-Free-Black-Plastisol-Ink-996x1024.jpeg 996w, https:\/\/shaliteink.com\/wp-content\/uploads\/2025\/08\/PVC-Free-Black-Plastisol-Ink-768x789.jpeg 768w, https:\/\/shaliteink.com\/wp-content\/uploads\/2025\/08\/PVC-Free-Black-Plastisol-Ink-1494x1536.jpeg 1494w, https:\/\/shaliteink.com\/wp-content\/uploads\/2025\/08\/PVC-Free-Black-Plastisol-Ink-1992x2048.jpeg 1992w, https:\/\/shaliteink.com\/wp-content\/uploads\/2025\/08\/PVC-Free-Black-Plastisol-Ink-12x12.jpeg 12w, https:\/\/shaliteink.com\/wp-content\/uploads\/2025\/08\/PVC-Free-Black-Plastisol-Ink-1200x1234.jpeg 1200w, https:\/\/shaliteink.com\/wp-content\/uploads\/2025\/08\/PVC-Free-Black-Plastisol-Ink-150x154.jpeg 150w\" sizes=\"(max-width: 292px) 100vw, 292px\" \/><\/p>\n<h1>Caracter\u00edsticas principales:<\/h1>\n<ul>\n<li>M\u00e9todo sin PVC: m\u00e1s seguro para los clientes y el medio ambiente.<\/li>\n<li>Tono negro intenso y profundo: cobertura incre\u00edble tanto en tejidos claros como oscuros<\/li>\n<li>Bajo olor: adecuado para usarse en espacios reducidos. Cremoso.<\/li>\n<li>Textura f\u00e1cil: f\u00e1cil de imprimir, adecuada para principiantes y profesionales.<\/li>\n<li>Retarda el secado en la exhibici\u00f3n: reduce las obstrucciones y el desperdicio<\/li>\n<li>Con licencia OEKO-TEX: cumple con los est\u00e1ndares mundiales de seguridad textil<\/li>\n<\/ul>\n<p><img decoding=\"async\" class=\"alignnone size-medium wp-image-3633\" src=\"https:\/\/shaliteink.com\/wp-content\/uploads\/2025\/08\/PVC-Free-Black-Plastisol-Ink-1-295x300.jpeg\" alt=\"Tinta plastisol negra sin PVC\" width=\"295\" height=\"300\" srcset=\"https:\/\/shaliteink.com\/wp-content\/uploads\/2025\/08\/PVC-Free-Black-Plastisol-Ink-1-295x300.jpeg 295w, https:\/\/shaliteink.com\/wp-content\/uploads\/2025\/08\/PVC-Free-Black-Plastisol-Ink-1-1008x1024.jpeg 1008w, https:\/\/shaliteink.com\/wp-content\/uploads\/2025\/08\/PVC-Free-Black-Plastisol-Ink-1-768x781.jpeg 768w, https:\/\/shaliteink.com\/wp-content\/uploads\/2025\/08\/PVC-Free-Black-Plastisol-Ink-1-1511x1536.jpeg 1511w, https:\/\/shaliteink.com\/wp-content\/uploads\/2025\/08\/PVC-Free-Black-Plastisol-Ink-1-2015x2048.jpeg 2015w, https:\/\/shaliteink.com\/wp-content\/uploads\/2025\/08\/PVC-Free-Black-Plastisol-Ink-1-12x12.jpeg 12w, https:\/\/shaliteink.com\/wp-content\/uploads\/2025\/08\/PVC-Free-Black-Plastisol-Ink-1-1200x1220.jpeg 1200w, https:\/\/shaliteink.com\/wp-content\/uploads\/2025\/08\/PVC-Free-Black-Plastisol-Ink-1-150x152.jpeg 150w\" sizes=\"(max-width: 295px) 100vw, 295px\" \/><\/p>\n<h1>Pautas de curaci\u00f3n:<\/h1>\n<p>Nuestra tinta plastisol sin PVC se cura a una temperatura de entre 132 \u00b0C y 149 \u00b0C (270 \u00b0F y 300 \u00b0F), inferior a la de la tinta plastisol convencional, lo que la hace adecuada para pistolas de calor dom\u00e9sticas, secadoras flash o secadoras de cinta transportadora. Las temperaturas de curado m\u00e1s bajas reducen las tasas de resistencia y limitan la contracci\u00f3n en tejidos sensibles.<\/p>\n<p>Ordene hoy <span class=\"wrapper\">y toma tu<\/span> Proyectos de serigraf\u00eda al siguiente nivel con nuestro <strong><a href=\"https:\/\/shaliteink.com\/es\/\">Tienda online de tintas plastisol sin PVC<\/a><\/strong>\u2014 hecho para el creador<span class=\"wrapper\">s, hecho para r<\/span>resultados.<\/p>","protected":false},"excerpt":{"rendered":"<p>Tinta plastisol negra sin PVC para serigraf\u00eda. De bajo olor, ecol\u00f3gica y de f\u00e1cil secado. Ideal para proyectos DIY, vendedores de Etsy, escuelas y emprendimientos de moda. \u00a1Compra ahora!<\/p>","protected":false},"featured_media":2530,"comment_status":"open","ping_status":"closed","template":"","meta":[],"product_brand":[],"product_cat":[45,50],"product_tag":[],"class_list":{"0":"post-2524","1":"product","2":"type-product","3":"status-publish","4":"has-post-thumbnail","6":"product_cat-pvc-free-plastisol-ink","7":"product_cat-black-screen-printing-ink-plastisol","9":"first","10":"instock","11":"shipping-taxable","12":"purchasable","13":"product-type-variable"},"tiered_pricing_type":"fixed","tiered_pricing_fixed_rules":[],"tiered_pricing_product_settings":{"layout":"default","base_unit_name":{"singular":null,"plural":null},"default_variation":null},"tiered_pricing_minimum_quantity":null,"tiered_pricing_roles_data":[],"tiered_pricing_percentage_rules":[],"tiered_pricing_maximum_quantity":null,"tiered_pricing_quantity_step":null,"_links":{"self":[{"href":"https:\/\/shaliteink.com\/es\/wp-json\/wp\/v2\/product\/2524","targetHints":{"allow":["GET"]}}],"collection":[{"href":"https:\/\/shaliteink.com\/es\/wp-json\/wp\/v2\/product"}],"about":[{"href":"https:\/\/shaliteink.com\/es\/wp-json\/wp\/v2\/types\/product"}],"replies":[{"embeddable":true,"href":"https:\/\/shaliteink.com\/es\/wp-json\/wp\/v2\/comments?post=2524"}],"version-history":[{"count":0,"href":"https:\/\/shaliteink.com\/es\/wp-json\/wp\/v2\/product\/2524\/revisions"}],"wp:featuredmedia":[{"embeddable":true,"href":"https:\/\/shaliteink.com\/es\/wp-json\/wp\/v2\/media\/2530"}],"wp:attachment":[{"href":"https:\/\/shaliteink.com\/es\/wp-json\/wp\/v2\/media?parent=2524"}],"wp:term":[{"taxonomy":"product_brand","embeddable":true,"href":"https:\/\/shaliteink.com\/es\/wp-json\/wp\/v2\/product_brand?post=2524"},{"taxonomy":"product_cat","embeddable":true,"href":"https:\/\/shaliteink.com\/es\/wp-json\/wp\/v2\/product_cat?post=2524"},{"taxonomy":"product_tag","embeddable":true,"href":"https:\/\/shaliteink.com\/es\/wp-json\/wp\/v2\/product_tag?post=2524"}],"curies":[{"name":"wp","href":"https:\/\/api.w.org\/{rel}","templated":true}]}}