{"id":1637,"date":"2025-04-23T06:56:00","date_gmt":"2025-04-23T06:56:00","guid":{"rendered":"https:\/\/shaliteink.com\/?post_type=product&#038;p=1637"},"modified":"2025-12-10T11:31:38","modified_gmt":"2025-12-10T11:31:38","slug":"tinta-de-serigrafia-nb-azul-sin-pvc","status":"publish","type":"product","link":"https:\/\/shaliteink.com\/es\/producto\/tinta-de-serigrafia-nb-azul-sin-pvc\/","title":{"rendered":"Tinta de serigraf\u00eda NB azul sin PVC"},"content":{"rendered":"<p><strong class=\"ng-star-inserted\"><span class=\"ng-star-inserted\">\u00bfPor qu\u00e9 elegir Shaliteink?<\/span><\/strong><\/p>\n<p>Deja de pagar de m\u00e1s por los billetes de corretaje. Cuando compras con <strong><a href=\"https:\/\/shaliteink.com\/es\/\">Shalitink<\/a><\/strong>, Compra directamente del fabricante. Nuestra f\u00f3rmula patentada proporciona un equilibrio perfecto entre cremosidad y opacidad, lo que la convierte en una tinta de serigraf\u00eda ideal tanto para prensas manuales como mec\u00e1nicas.<\/p>\n<p><img decoding=\"async\" class=\"aligncenter wp-image-4268 size-full\" src=\"https:\/\/shaliteink.com\/wp-content\/uploads\/2025\/04\/Blue-PVC-Free-NB-Screen-Printing-Ink.png\" alt=\"Tinta de serigraf\u00eda NB azul sin PVC\" width=\"926\" height=\"951\" srcset=\"https:\/\/shaliteink.com\/wp-content\/uploads\/2025\/04\/Blue-PVC-Free-NB-Screen-Printing-Ink.png 926w, https:\/\/shaliteink.com\/wp-content\/uploads\/2025\/04\/Blue-PVC-Free-NB-Screen-Printing-Ink-292x300.png 292w, https:\/\/shaliteink.com\/wp-content\/uploads\/2025\/04\/Blue-PVC-Free-NB-Screen-Printing-Ink-768x789.png 768w, https:\/\/shaliteink.com\/wp-content\/uploads\/2025\/04\/Blue-PVC-Free-NB-Screen-Printing-Ink-12x12.png 12w, https:\/\/shaliteink.com\/wp-content\/uploads\/2025\/04\/Blue-PVC-Free-NB-Screen-Printing-Ink-150x154.png 150w\" sizes=\"(max-width: 926px) 100vw, 926px\" \/><\/p>\n<p><strong class=\"ng-star-inserted\"><span class=\"ng-star-inserted\">Tecnolog\u00eda \u201csin bloqueo\u201d de alto rendimiento<\/span><\/strong><\/p>\n<p>Una caracter\u00edstica destacada de esta tinta es su capacidad &quot;NB&quot; (antiadherente). \u00bfSabes qu\u00e9? A diferencia de las tintas convencionales, que pueden permanecer pegajosas despu\u00e9s del curado, la tinta Plastisol Azul NB se adhiere a una superficie antiadherente. En serio, esto significa que puedes apilar tu ropa directamente despu\u00e9s de la producci\u00f3n sin preocuparte de que se pegue. \u00bfSabes qu\u00e9? Tiene un cuerpo corto que se corta r\u00e1pidamente, lo que facilita su uso desde el primer momento.<\/p>\n<p><strong class=\"ng-star-inserted\"><span class=\"ng-star-inserted\">Vibrante y ecoconsciente<br \/>\n<\/span><\/strong><\/p>\n<p>Nota: La tinta Plastisol Azul es muy opaca y ofrece una cobertura de color intensa e intensa incluso en superficies oscuras. Para tiendas con conciencia ecol\u00f3gica, esta tinta no contiene PVC, lo que ofrece una alternativa m\u00e1s segura sin sacrificar la suavidad y la durabilidad que se esperan de la tinta plastisol de alta gama.<\/p>\n<h3 class=\"ng-star-inserted\"><span class=\"ng-star-inserted\">Caracter\u00edsticas principales<\/span><\/h3>\n<ul class=\"ng-star-inserted\">\n<li class=\"ng-star-inserted\">\n<p class=\"ng-star-inserted\"><span class=\"ng-star-inserted\">Valor directo de f\u00e1brica:<\/span><span class=\"ng-star-inserted\">\u00a0Obtenga el mejor retorno de la inversi\u00f3n en sus suministros con\u00a0<\/span><span class=\"ng-star-inserted\">Shaliteink<\/span><span class=\"ng-star-inserted\">.<\/span><\/p>\n<\/li>\n<li class=\"ng-star-inserted\">\n<p class=\"ng-star-inserted\"><span class=\"ng-star-inserted\">F\u00f3rmula sin bloque (NB):<\/span><span class=\"ng-star-inserted\">\u00a0Evita que las impresiones se peguen entre s\u00ed cuando se apilan.<\/span><\/p>\n<\/li>\n<li class=\"ng-star-inserted\">\n<p class=\"ng-star-inserted\"><span class=\"ng-star-inserted\">Alta opacidad:<\/span><span class=\"ng-star-inserted\">\u00a0Color azul vibrante que resalta sobre la tela.<\/span><\/p>\n<\/li>\n<li class=\"ng-star-inserted\">\n<p class=\"ng-star-inserted\"><span class=\"ng-star-inserted\">Textura cremosa:<\/span><span class=\"ng-star-inserted\">\u00a0F\u00e1cil de imprimir, listo para usar y reduce la fatiga durante tiradas largas.<\/span><\/p>\n<\/li>\n<li class=\"ng-star-inserted\">\n<p class=\"ng-star-inserted\"><span class=\"ng-star-inserted\">Libre de PVC:<\/span><span class=\"ng-star-inserted\">\u00a0Una soluci\u00f3n moderna y ecol\u00f3gica para\u00a0<\/span><span class=\"ng-star-inserted\">Tinta de serigraf\u00eda<\/span><span class=\"ng-star-inserted\">.<\/span><\/p>\n<\/li>\n<li><span class=\"ng-star-inserted\">Sensaci\u00f3n suave al tacto:<\/span><span class=\"ng-star-inserted\">\u00a0Las impresiones se sienten suaves al tacto, no como un parche de pl\u00e1stico pesado.<\/span><\/li>\n<\/ul>\n<h3 class=\"ng-star-inserted\"><span class=\"ng-star-inserted\">Instrucciones de curado y tapajuntas<\/span><\/h3>\n<p>El manejo adecuado es esencial para la durabilidad... A diferencia de las tintas de bajo curado que pueden sacrificar la estabilidad, las f\u00f3rmulas de Shalitink est\u00e1n dise\u00f1adas para funcionar bien a temperaturas profesionales est\u00e1ndar.<\/p>\n<p>Temperatura de secado: Seque la tinta entre 120 \u00b0C y 140 \u00b0C (248 \u00b0F \u2013 284 \u00b0F). Es importante que la tinta est\u00e9 seca al tacto antes de aplicar el siguiente color o el tratamiento final.<\/p>\n<p class=\"ng-star-inserted\"><strong class=\"ng-star-inserted\"><span class=\"ng-star-inserted\">Temperatura de curado:<\/span><\/strong><span class=\"ng-star-inserted\">\u00a0La tinta debe alcanzar una temperatura de curado completa de\u00a0<\/span><strong class=\"ng-star-inserted\"><span class=\"ng-star-inserted\">160\u00b0C<\/span><\/strong><span class=\"ng-star-inserted\">\u00a0(320\u00b0F).<\/span><\/p>\n<ul class=\"ng-star-inserted\">\n<li class=\"ng-star-inserted\">Consejo profesional: El curado ocurre cuando la temperatura de toda la capa de tinta alcanza los 160 \u00b0C de arriba a abajo. Recomendamos usar una sonda de donut para medir la temperatura real de la tinta en el secador, ya que las pistolas l\u00e1ser solo miden la temperatura superficial y pueden ser enga\u00f1osas.<\/li>\n<\/ul>\n<h3 class=\"ng-star-inserted\"><span class=\"ng-star-inserted\">Pautas de impresi\u00f3n y pruebas<\/span><\/h3>\n<blockquote>\n<ol>\n<li>Para un resultado profesional recomendamos lo siguiente:<\/li>\n<li>Base: Para obtener el azul m\u00e1s vivo en prendas oscuras, imprima primero la base blanca.<\/li>\n<li>Prueba de estiramiento: Realice una prueba de estiramiento antes de una tirada de producci\u00f3n grande. Extienda la impresi\u00f3n aproximadamente dos tercios de la camiseta. Si la impresi\u00f3n se agrieta y no se retrae, la tinta no se ha fijado correctamente.<\/li>\n<li>Prueba de lavado: generalmente se requieren de 5 a 10 lavados para probar completamente la durabilidad... Si la tinta no se endurece fuertemente, la impresi\u00f3n mostrar\u00e1 deterioro despu\u00e9s de 1 a 3 lavados.<\/li>\n<\/ol>\n<\/blockquote>\n<h3 class=\"ng-star-inserted\"><span class=\"ng-star-inserted\">Limpieza y almacenamiento<\/span><\/h3>\n<ul class=\"ng-star-inserted\">\n<li class=\"ng-star-inserted\">\n<p class=\"ng-star-inserted\"><strong class=\"ng-star-inserted\"><span class=\"ng-star-inserted\">Limpiar:<\/span><\/strong><span class=\"ng-star-inserted\">\u00a0Utilice un lavado de prensa est\u00e1ndar o un degradador de tinta dise\u00f1ado para\u00a0<\/span><strong class=\"ng-star-inserted\"><span class=\"ng-star-inserted\">tinta plastisol<\/span><\/strong><span class=\"ng-star-inserted\">.<\/span><\/p>\n<\/li>\n<li class=\"ng-star-inserted\">\n<p class=\"ng-star-inserted\"><strong class=\"ng-star-inserted\"><span class=\"ng-star-inserted\">Almacenamiento:<\/span><\/strong><span class=\"ng-star-inserted\">\u00a0Guarda tu\u00a0<\/span><strong><a href=\"https:\/\/shaliteink.com\/es\/categoria-producto\/tinta-de-serigrafia-nb-sin-pvc\/\"><span class=\"ng-star-inserted\">Tinta plastisol NB<\/span><\/a><\/strong><span class=\"ng-star-inserted\">\u00a0A temperatura ambiente (18-32 \u00b0C). Evite la luz solar directa y el calor extremo para evitar que la tinta se gelifique en el recipiente.<\/span><\/p>\n<\/li>\n<\/ul>\n<p>Ampl\u00ede su inventario hoy mismo. Compre nuestros Shalites y obtenga resultados profesionales que le ahorrar\u00e1n dinero.<\/p>\n<p><img decoding=\"async\" class=\"aligncenter wp-image-4269 size-large\" src=\"https:\/\/shaliteink.com\/wp-content\/uploads\/2025\/04\/Blue-PVC-Free-NB-Screen-Printing-Ink-1-872x1024.png\" alt=\"Tinta de serigraf\u00eda NB azul sin PVC\" width=\"872\" height=\"1024\" srcset=\"https:\/\/shaliteink.com\/wp-content\/uploads\/2025\/04\/Blue-PVC-Free-NB-Screen-Printing-Ink-1-872x1024.png 872w, https:\/\/shaliteink.com\/wp-content\/uploads\/2025\/04\/Blue-PVC-Free-NB-Screen-Printing-Ink-1-255x300.png 255w, https:\/\/shaliteink.com\/wp-content\/uploads\/2025\/04\/Blue-PVC-Free-NB-Screen-Printing-Ink-1-768x902.png 768w, https:\/\/shaliteink.com\/wp-content\/uploads\/2025\/04\/Blue-PVC-Free-NB-Screen-Printing-Ink-1-10x12.png 10w, https:\/\/shaliteink.com\/wp-content\/uploads\/2025\/04\/Blue-PVC-Free-NB-Screen-Printing-Ink-1-150x176.png 150w, https:\/\/shaliteink.com\/wp-content\/uploads\/2025\/04\/Blue-PVC-Free-NB-Screen-Printing-Ink-1.png 1048w\" sizes=\"(max-width: 872px) 100vw, 872px\" \/><\/p>","protected":false},"excerpt":{"rendered":"<p>Aumente la productividad de su prensa con Shalitein, el fabricante de tintas l\u00edder a nivel mundial. Con m\u00e1s de 20 a\u00f1os de experiencia y una estrecha colaboraci\u00f3n con marcas de renombre mundial, le ofrecemos calidad superior a precios de f\u00e1brica. La tinta Plastisol NB Azul sin PVC est\u00e1 especialmente dise\u00f1ada para serigraf\u00edas que requieren intensidad, durabilidad y una superficie lisa a un coste elevado.<\/p>","protected":false},"featured_media":1638,"comment_status":"open","ping_status":"closed","template":"","meta":[],"product_brand":[],"product_cat":[43],"product_tag":[],"class_list":{"0":"post-1637","1":"product","2":"type-product","3":"status-publish","4":"has-post-thumbnail","6":"product_cat-pvc-free-nb-screen-printing-ink","8":"first","9":"instock","10":"shipping-taxable","11":"purchasable","12":"product-type-variable"},"tiered_pricing_type":"fixed","tiered_pricing_fixed_rules":[],"tiered_pricing_product_settings":{"layout":"default","base_unit_name":{"singular":null,"plural":null},"default_variation":null},"tiered_pricing_minimum_quantity":null,"tiered_pricing_roles_data":[],"tiered_pricing_percentage_rules":[],"tiered_pricing_maximum_quantity":null,"tiered_pricing_quantity_step":null,"_links":{"self":[{"href":"https:\/\/shaliteink.com\/es\/wp-json\/wp\/v2\/product\/1637","targetHints":{"allow":["GET"]}}],"collection":[{"href":"https:\/\/shaliteink.com\/es\/wp-json\/wp\/v2\/product"}],"about":[{"href":"https:\/\/shaliteink.com\/es\/wp-json\/wp\/v2\/types\/product"}],"replies":[{"embeddable":true,"href":"https:\/\/shaliteink.com\/es\/wp-json\/wp\/v2\/comments?post=1637"}],"version-history":[{"count":0,"href":"https:\/\/shaliteink.com\/es\/wp-json\/wp\/v2\/product\/1637\/revisions"}],"wp:featuredmedia":[{"embeddable":true,"href":"https:\/\/shaliteink.com\/es\/wp-json\/wp\/v2\/media\/1638"}],"wp:attachment":[{"href":"https:\/\/shaliteink.com\/es\/wp-json\/wp\/v2\/media?parent=1637"}],"wp:term":[{"taxonomy":"product_brand","embeddable":true,"href":"https:\/\/shaliteink.com\/es\/wp-json\/wp\/v2\/product_brand?post=1637"},{"taxonomy":"product_cat","embeddable":true,"href":"https:\/\/shaliteink.com\/es\/wp-json\/wp\/v2\/product_cat?post=1637"},{"taxonomy":"product_tag","embeddable":true,"href":"https:\/\/shaliteink.com\/es\/wp-json\/wp\/v2\/product_tag?post=1637"}],"curies":[{"name":"wp","href":"https:\/\/api.w.org\/{rel}","templated":true}]}}