{"id":1633,"date":"2025-04-23T06:45:16","date_gmt":"2025-04-23T06:45:16","guid":{"rendered":"https:\/\/shaliteink.com\/?post_type=product&#038;p=1633"},"modified":"2025-12-10T11:28:22","modified_gmt":"2025-12-10T11:28:22","slug":"tinta-de-serigrafia-nb-sin-pvc-rosa","status":"publish","type":"product","link":"https:\/\/shaliteink.com\/es\/producto\/tinta-de-serigrafia-nb-sin-pvc-rosa\/","title":{"rendered":"Tinta de serigraf\u00eda NB sin PVC rosa"},"content":{"rendered":"<p><strong class=\"ng-star-inserted\"><span class=\"ng-star-inserted\">El <a href=\"https:\/\/shaliteink.com\/es\/\">Shaliteink<\/a> Diferencia: Tecnolog\u00eda sin bloque<\/span><\/strong><\/p>\n<p>Uno de los mayores desaf\u00edos de la serigraf\u00eda es la impresi\u00f3n granulada. Nuestra f\u00f3rmula especial &quot;Non-Blocked&quot; (NB) soluciona este problema. Esta tinta plastisol NB crea una superficie lisa y no pegajosa que permite apilar las prendas con seguridad despu\u00e9s del secado sin que se peguen. Su textura cremosa y de baja densidad es f\u00e1cil de cortar, lo que la convierte en una tinta de serigraf\u00eda ideal tanto para prensas manuales como para m\u00e1quinas de impresi\u00f3n.<\/p>\n<p><strong class=\"ng-star-inserted\"><span class=\"ng-star-inserted\">Colores vibrantes y rendimiento ecol\u00f3gico<\/span><\/strong><\/p>\n<p>Esta tinta Plastisol Rosa NB proporciona una saturaci\u00f3n de color intensa, intensa y altamente opaca, incluso en materiales oscuros. Entendemos que el mercado est\u00e1 cambiando hacia productos qu\u00edmicos m\u00e1s seguros, por lo que esta tinta no contiene PVC. Ofrece la suavidad y durabilidad del plastisol tradicional, sin PVC, lo que la convierte en la opci\u00f3n ideal para marcas modernas y respetuosas con el medio ambiente.<\/p>\n<p>Al elegir Shaliteink, elimina al intermediario e invierte en un producto que ha sido perfeccionado con dos d\u00e9cadas de experiencia.<\/p>\n<h3><img decoding=\"async\" class=\"aligncenter wp-image-4273 size-large\" src=\"https:\/\/shaliteink.com\/wp-content\/uploads\/2025\/04\/Pink-PVC-Free-NB-Screen-Printing-Ink-1-824x1024.png\" alt=\"Tinta de serigraf\u00eda NB sin PVC rosa\" width=\"824\" height=\"1024\" srcset=\"https:\/\/shaliteink.com\/wp-content\/uploads\/2025\/04\/Pink-PVC-Free-NB-Screen-Printing-Ink-1-824x1024.png 824w, https:\/\/shaliteink.com\/wp-content\/uploads\/2025\/04\/Pink-PVC-Free-NB-Screen-Printing-Ink-1-242x300.png 242w, https:\/\/shaliteink.com\/wp-content\/uploads\/2025\/04\/Pink-PVC-Free-NB-Screen-Printing-Ink-1-768x954.png 768w, https:\/\/shaliteink.com\/wp-content\/uploads\/2025\/04\/Pink-PVC-Free-NB-Screen-Printing-Ink-1-10x12.png 10w, https:\/\/shaliteink.com\/wp-content\/uploads\/2025\/04\/Pink-PVC-Free-NB-Screen-Printing-Ink-1-150x186.png 150w, https:\/\/shaliteink.com\/wp-content\/uploads\/2025\/04\/Pink-PVC-Free-NB-Screen-Printing-Ink-1.png 942w\" sizes=\"(max-width: 824px) 100vw, 824px\" \/><\/h3>\n<h3 class=\"ng-star-inserted\"><span class=\"ng-star-inserted\">Caracter\u00edsticas y beneficios clave<\/span><\/h3>\n<ul class=\"ng-star-inserted\">\n<li class=\"ng-star-inserted\">\n<p class=\"ng-star-inserted\"><strong class=\"ng-star-inserted\"><span class=\"ng-star-inserted\">Calidad directa de f\u00e1brica:<\/span><\/strong><span class=\"ng-star-inserted\">\u00a0Ahorre dinero sin sacrificar la calidad comprando directamente en\u00a0<\/span><span class=\"ng-star-inserted\">Shaliteink<\/span><span class=\"ng-star-inserted\">.<\/span><\/p>\n<\/li>\n<li class=\"ng-star-inserted\">\n<p class=\"ng-star-inserted\"><strong class=\"ng-star-inserted\"><span class=\"ng-star-inserted\">F\u00f3rmula NB (sin bloque):<\/span><\/strong><span class=\"ng-star-inserted\">\u00a0Elimina la pegajosidad despu\u00e9s del curado, lo que garantiza que las impresiones no se peguen al apilarse.<\/span><\/p>\n<\/li>\n<li class=\"ng-star-inserted\">\n<p class=\"ng-star-inserted\"><strong class=\"ng-star-inserted\"><span class=\"ng-star-inserted\">Alta opacidad:<\/span><\/strong><span class=\"ng-star-inserted\">\u00a0Nuestra Rosa\u00a0<\/span><strong><a href=\"https:\/\/shaliteink.com\/es\/categoria-producto\/tinta-de-serigrafia-nb-sin-pvc\/\"><span class=\"ng-star-inserted\">Tinta plastisol NB<\/span><\/a><\/strong><span class=\"ng-star-inserted\">\u00a0Proporciona una excelente cobertura y brillo, incluso en sustratos oscuros.<\/span><\/p>\n<\/li>\n<li class=\"ng-star-inserted\">\n<p class=\"ng-star-inserted\"><strong class=\"ng-star-inserted\"><span class=\"ng-star-inserted\">Libre de PVC:<\/span><\/strong><span class=\"ng-star-inserted\">\u00a0Un modelo m\u00e1s seguro y respetuoso con el medio ambiente\u00a0<\/span><span class=\"ng-star-inserted\">Tinta de serigraf\u00eda<\/span><span class=\"ng-star-inserted\">\u00a0opci\u00f3n.<\/span><\/p>\n<\/li>\n<li class=\"ng-star-inserted\">\n<p class=\"ng-star-inserted\"><strong class=\"ng-star-inserted\"><span class=\"ng-star-inserted\">Consistencia cremosa:<\/span><\/strong><span class=\"ng-star-inserted\">\u00a0Listo para usar directamente del balde; no se necesitan modificadores de viscosidad.<\/span><\/p>\n<\/li>\n<li class=\"ng-star-inserted\">\n<p class=\"ng-star-inserted\"><strong class=\"ng-star-inserted\"><span class=\"ng-star-inserted\">Sensaci\u00f3n suave al tacto:<\/span><\/strong><span class=\"ng-star-inserted\">\u00a0Las impresiones se curan hasta obtener un acabado duradero que se siente suave contra la piel.<\/span><\/p>\n<\/li>\n<\/ul>\n<h3 class=\"ng-star-inserted\"><span class=\"ng-star-inserted\">Pautas de curado y tapajuntas<\/span><\/h3>\n<p>Un tratamiento t\u00e9rmico adecuado es fundamental para garantizar la durabilidad de la impresi\u00f3n y la estabilidad del lavado. Por favor, respete las siguientes especificaciones para nuestros chalets:<\/p>\n<p><strong class=\"ng-star-inserted\"><span class=\"ng-star-inserted\">Temperatura de flash:<br \/>\n<\/span><\/strong><span class=\"ng-star-inserted\">Seque la tinta entre 120 \u00b0C y 140 \u00b0C (aprox. 248 \u00b0F \u2013 284 \u00b0F). La tinta debe estar seca al tacto antes de aplicar el siguiente color o el curado final. Esto evita las manchas y proporciona bordes definidos.<\/span><\/p>\n<p><strong class=\"ng-star-inserted\"><span class=\"ng-star-inserted\">Temperatura de curado:<br \/>\n<\/span><\/strong><\/p>\n<p class=\"ng-star-inserted\"><span class=\"ng-star-inserted\">Para un curado completo, la tinta debe alcanzar\u00a0<\/span><strong class=\"ng-star-inserted\"><span class=\"ng-star-inserted\">160\u00b0C<\/span><\/strong><span class=\"ng-star-inserted\">\u00a0(aprox. 320\u00b0F).<\/span><\/p>\n<ul class=\"ng-star-inserted\">\n<li class=\"ng-star-inserted\"><strong class=\"ng-star-inserted\"><span class=\"ng-star-inserted\">Importante<\/span><\/strong>La temperatura de curado debe alcanzarse en toda la capa de pintura, no solo en la superficie. Recomendamos usar una sonda de d\u00f3nut para medir la temperatura real de la tinta al pasar por el secador. Las pistolas l\u00e1ser de temperatura solo miden el calor superficial reflejado y pueden ser enga\u00f1osas, ya que a menudo muestran una temperatura del aire inferior a la real.<\/li>\n<\/ul>\n<h3 class=\"ng-star-inserted\"><span class=\"ng-star-inserted\">Aplicaci\u00f3n y pruebas<\/span><\/h3>\n<ul>\n<li>Sustrato: Para obtener mejores resultados de color rosa en prendas de algod\u00f3n negras, negras o oscuras, recomendamos imprimir primero sobre el sustrato blanco.<\/li>\n<li>Prueba de estiramiento: Realice siempre una prueba de estiramiento antes de comenzar la producci\u00f3n. Por ejemplo, estire la impresi\u00f3n hasta aproximadamente dos tercios del ancho de la camiseta. Si la tinta de serigraf\u00eda est\u00e1 agrietada y no se retrae, probablemente no qued\u00f3 bien.<\/li>\n<li>Prueba de lavado: La durabilidad es clave. \u00bfSabes qu\u00e9? Recomendamos hacer un lavado de prueba (5-10 ciclos) para asegurarnos de que la tinta se haya adherido mec\u00e1nicamente a las fibras de la tela.<\/li>\n<\/ul>\n<h3 class=\"ng-star-inserted\"><span class=\"ng-star-inserted\">Limpieza y almacenamiento<\/span><\/h3>\n<ul>\n<li>Limpieza: El exceso de tinta se puede eliminar de las pantallas Y las almohadillas con dispersantes de tinta plastisol est\u00e1ndar o lavadoras de alta presi\u00f3n.<\/li>\n<li><strong class=\"ng-star-inserted\"><span class=\"ng-star-inserted\">Almacenamiento<\/span><\/strong>Guarde la tinta plastisol NB a temperatura ambiente (18-32 \u00b0C). Evite la luz solar directa o el calor extremo (superior a 32 \u00b0C) para evitar que la tinta se cristalice en el tanque.<\/li>\n<\/ul>\n<p class=\"ng-star-inserted\"><strong class=\"ng-star-inserted\"><span class=\"ng-star-inserted\">Shaliteink<\/span><\/strong><span class=\"ng-star-inserted\">\u00a0se dedica a tu \u00e9xito. Compra nuestra colecci\u00f3n Pink\u00a0<\/span><span class=\"ng-star-inserted\">Tinta plastisol NB<\/span><span class=\"ng-star-inserted\">\u00a0hoy y experimente la diferencia de la excelencia directa de f\u00e1brica.<\/span><\/p>\n<p><img decoding=\"async\" class=\"aligncenter wp-image-4274 size-large\" src=\"https:\/\/shaliteink.com\/wp-content\/uploads\/2025\/04\/Pink-PVC-Free-NB-Screen-Printing-Ink-2-771x1024.png\" alt=\"Tinta de serigraf\u00eda NB sin PVC rosa\" width=\"771\" height=\"1024\" srcset=\"https:\/\/shaliteink.com\/wp-content\/uploads\/2025\/04\/Pink-PVC-Free-NB-Screen-Printing-Ink-2-771x1024.png 771w, https:\/\/shaliteink.com\/wp-content\/uploads\/2025\/04\/Pink-PVC-Free-NB-Screen-Printing-Ink-2-226x300.png 226w, https:\/\/shaliteink.com\/wp-content\/uploads\/2025\/04\/Pink-PVC-Free-NB-Screen-Printing-Ink-2-768x1020.png 768w, https:\/\/shaliteink.com\/wp-content\/uploads\/2025\/04\/Pink-PVC-Free-NB-Screen-Printing-Ink-2-9x12.png 9w, https:\/\/shaliteink.com\/wp-content\/uploads\/2025\/04\/Pink-PVC-Free-NB-Screen-Printing-Ink-2-150x199.png 150w, https:\/\/shaliteink.com\/wp-content\/uploads\/2025\/04\/Pink-PVC-Free-NB-Screen-Printing-Ink-2.png 837w\" sizes=\"(max-width: 771px) 100vw, 771px\" \/><\/p>","protected":false},"excerpt":{"rendered":"<p class=\"ng-star-inserted\">Transforme sus dise\u00f1os de ropa con Shalitein, el fabricante de tintas l\u00edder a nivel mundial. Con m\u00e1s de 20 a\u00f1os de experiencia en fabricaci\u00f3n y una estrecha colaboraci\u00f3n con marcas de renombre mundial, ofrecemos calidad profesional a precios directos de f\u00e1brica. La tinta Plastisol NB rosa sin PVC est\u00e1 especialmente dise\u00f1ada para serigraf\u00edas que requieren intensidad, respeto al medio ambiente y excelente procesabilidad.<\/p>","protected":false},"featured_media":1634,"comment_status":"open","ping_status":"closed","template":"","meta":[],"product_brand":[],"product_cat":[43],"product_tag":[],"class_list":{"0":"post-1633","1":"product","2":"type-product","3":"status-publish","4":"has-post-thumbnail","6":"product_cat-pvc-free-nb-screen-printing-ink","8":"first","9":"instock","10":"shipping-taxable","11":"purchasable","12":"product-type-variable"},"tiered_pricing_type":"fixed","tiered_pricing_fixed_rules":[],"tiered_pricing_product_settings":{"layout":"default","base_unit_name":{"singular":null,"plural":null},"default_variation":null},"tiered_pricing_minimum_quantity":null,"tiered_pricing_roles_data":[],"tiered_pricing_percentage_rules":[],"tiered_pricing_maximum_quantity":null,"tiered_pricing_quantity_step":null,"_links":{"self":[{"href":"https:\/\/shaliteink.com\/es\/wp-json\/wp\/v2\/product\/1633","targetHints":{"allow":["GET"]}}],"collection":[{"href":"https:\/\/shaliteink.com\/es\/wp-json\/wp\/v2\/product"}],"about":[{"href":"https:\/\/shaliteink.com\/es\/wp-json\/wp\/v2\/types\/product"}],"replies":[{"embeddable":true,"href":"https:\/\/shaliteink.com\/es\/wp-json\/wp\/v2\/comments?post=1633"}],"version-history":[{"count":0,"href":"https:\/\/shaliteink.com\/es\/wp-json\/wp\/v2\/product\/1633\/revisions"}],"wp:featuredmedia":[{"embeddable":true,"href":"https:\/\/shaliteink.com\/es\/wp-json\/wp\/v2\/media\/1634"}],"wp:attachment":[{"href":"https:\/\/shaliteink.com\/es\/wp-json\/wp\/v2\/media?parent=1633"}],"wp:term":[{"taxonomy":"product_brand","embeddable":true,"href":"https:\/\/shaliteink.com\/es\/wp-json\/wp\/v2\/product_brand?post=1633"},{"taxonomy":"product_cat","embeddable":true,"href":"https:\/\/shaliteink.com\/es\/wp-json\/wp\/v2\/product_cat?post=1633"},{"taxonomy":"product_tag","embeddable":true,"href":"https:\/\/shaliteink.com\/es\/wp-json\/wp\/v2\/product_tag?post=1633"}],"curies":[{"name":"wp","href":"https:\/\/api.w.org\/{rel}","templated":true}]}}