{"id":1629,"date":"2025-04-23T06:43:05","date_gmt":"2025-04-23T06:43:05","guid":{"rendered":"https:\/\/shaliteink.com\/?post_type=product&#038;p=1629"},"modified":"2025-12-10T11:31:24","modified_gmt":"2025-12-10T11:31:24","slug":"tinta-de-serigrafia-nb-violeta-sin-pvc","status":"publish","type":"product","link":"https:\/\/shaliteink.com\/es\/producto\/tinta-de-serigrafia-nb-violeta-sin-pvc\/","title":{"rendered":"Tinta de serigraf\u00eda NB sin PVC violeta"},"content":{"rendered":"<h3 class=\"ng-star-inserted\"><span class=\"ng-star-inserted\">Caracter\u00edsticas y beneficios clave<\/span><\/h3>\n<ul class=\"ng-star-inserted\">\n<li class=\"ng-star-inserted\"><span class=\"ng-star-inserted\">Alta opacidad y vitalidad:<\/span><span class=\"ng-star-inserted\"> Proporciona un color violeta intenso, vibrante y vibrante con una excelente cobertura, incluso sobre bases oscuras\u2026<\/span><\/li>\n<li><span class=\"ng-star-inserted\">Consistencia cremosa:<\/span><span class=\"ng-star-inserted\"> La estructura de cuerpo corto facilita el trabajo con tinta y reduce la fatiga durante operaciones de prensado prolongadas.<\/span><\/li>\n<li><span class=\"ng-star-inserted\">Tecnolog\u00eda sin bloqueo: nuestra f\u00f3rmula de tinta plastisol NB evita la pegajosidad no deseada, lo que garantiza un acabado suave.<\/span><\/li>\n<li><span class=\"ng-star-inserted\">Sin PVC: una opci\u00f3n m\u00e1s respetuosa con el medio ambiente para las imprentas modernas.<\/span><\/li>\n<li><span class=\"ng-star-inserted\">Sensaci\u00f3n suave al tacto: las impresiones est\u00e1n tratadas con una SUPERFICIE suave y duradera, lo que las hace universales para una variedad de telas...<\/span><\/li>\n<li><span class=\"ng-star-inserted\">Valor directo de f\u00e1brica: Obtenga el mejor retorno de la inversi\u00f3n en sus suministros comprando directamente de\u00a0<strong><a href=\"https:\/\/shaliteink.com\/es\/\">Shaliteink<\/a><\/strong><\/span><span class=\"ng-star-inserted\">.<\/span><\/li>\n<\/ul>\n<h3><img decoding=\"async\" class=\"aligncenter wp-image-4264 size-large\" src=\"https:\/\/shaliteink.com\/wp-content\/uploads\/2025\/04\/Violet-PVC-Free-NB-Screen-Printing-Ink-683x1024.png\" alt=\"Tinta de serigraf\u00eda NB sin PVC violeta\" width=\"683\" height=\"1024\" \/><\/h3>\n<h3 class=\"ng-star-inserted\"><span class=\"ng-star-inserted\">Pautas de aplicaci\u00f3n y curado<\/span><\/h3>\n<p>Para lograr los mejores resultados con la tinta de serigraf\u00eda, es esencial un curado adecuado. Si bien algunas tintas se endurecen a temperaturas m\u00e1s bajas, nuestra f\u00f3rmula est\u00e1 dise\u00f1ada para brindar m\u00e1xima durabilidad y estabilidad a temperaturas profesionales normales.<\/p>\n<p><span class=\"ng-star-inserted\">Brillante:<br \/>\nLa tinta se calienta entre 120 \u00b0C y 140 \u00b0C. \u00bfAdivina qu\u00e9? Esto garantiza que la tinta est\u00e9 seca al tacto antes de aplicar el siguiente color o el curado final, evitando manchas y bordes afilados.<\/span><\/p>\n<p><span class=\"ng-star-inserted\">Curaci\u00f3n:<br \/>\nLa tinta debe alcanzar una temperatura de curado total de 160 \u00b0C (aproximadamente 320 \u00b0F).<br \/>\nNota: Es importante que la temperatura de toda la capa de tinta (de arriba a abajo) alcance los 160 \u00b0C. Recomendamos usar una sonda tipo donut para comprobar la temperatura real del secador, ya que las pistolas l\u00e1ser solo miden la temperatura de la superficie.<\/span><\/p>\n<p><span class=\"ng-star-inserted\">Pruebas:<br \/>\nRealice siempre una prueba de estiramiento y una prueba de lavado antes de comenzar todo el proceso de fabricaci\u00f3n. Extienda la impresi\u00f3n aproximadamente dos tercios de la camiseta. Si la impresi\u00f3n se agrieta y no se retrae, es posible que se est\u00e9 secando poco. Aumente ligeramente el tiempo de residencia o la temperatura si la prueba falla.<\/span><\/p>\n<p><span class=\"ng-star-inserted\">Consejo profesional para prendas oscuras:<br \/>\nPara obtener resultados m\u00e1s V\u00cdVIDOS en algod\u00f3n negro u oscuro, recomendamos encarecidamente imprimir en blanco debajo de la base antes de usar, utilizando tinta Plastisol Violeta NB.<\/span><\/p>\n<h3 class=\"ng-star-inserted\"><span class=\"ng-star-inserted\">Limpieza y almacenamiento<\/span><\/h3>\n<ul class=\"ng-star-inserted\">\n<li class=\"ng-star-inserted\"><span class=\"ng-star-inserted\">Limpieza: Limpie f\u00e1cilmente las pantallas y las escobillas de goma utilizando un limpiador de prensa est\u00e1ndar o un degradante de tinta dise\u00f1ado para\u00a0<strong><a href=\"https:\/\/shaliteink.com\/es\/categoria-producto\/tinta-de-serigrafia-nb-sin-pvc\/\">Tinta plastisol NB<\/a><\/strong>.<\/span><\/li>\n<li><span class=\"ng-star-inserted\">Almacenamiento:<\/span><span class=\"ng-star-inserted\"> Conservar a temperatura ambiente. Evitar la luz solar directa y el calor extremo (superior a 32 \u00b0C) para evitar que la tinta se gelifique en el envase.<br \/>\n<\/span><\/li>\n<\/ul>\n<p>Ampl\u00ede su inventario hoy con Shaliteink, donde dos d\u00e9cadas de experiencia se combinan con la tecnolog\u00eda de tinta Plastisol NB de primera calidad.<\/p>\n<p><img decoding=\"async\" class=\"aligncenter wp-image-4265 size-large\" src=\"https:\/\/shaliteink.com\/wp-content\/uploads\/2025\/04\/Violet-PVC-Free-NB-Screen-Printing-Ink-1-797x1024.png\" alt=\"Tinta de serigraf\u00eda NB sin PVC violeta\" width=\"797\" height=\"1024\" srcset=\"https:\/\/shaliteink.com\/wp-content\/uploads\/2025\/04\/Violet-PVC-Free-NB-Screen-Printing-Ink-1-797x1024.png 797w, https:\/\/shaliteink.com\/wp-content\/uploads\/2025\/04\/Violet-PVC-Free-NB-Screen-Printing-Ink-1-234x300.png 234w, https:\/\/shaliteink.com\/wp-content\/uploads\/2025\/04\/Violet-PVC-Free-NB-Screen-Printing-Ink-1-768x987.png 768w, https:\/\/shaliteink.com\/wp-content\/uploads\/2025\/04\/Violet-PVC-Free-NB-Screen-Printing-Ink-1-9x12.png 9w, https:\/\/shaliteink.com\/wp-content\/uploads\/2025\/04\/Violet-PVC-Free-NB-Screen-Printing-Ink-1-150x193.png 150w, https:\/\/shaliteink.com\/wp-content\/uploads\/2025\/04\/Violet-PVC-Free-NB-Screen-Printing-Ink-1.png 1033w\" sizes=\"(max-width: 797px) 100vw, 797px\" \/><\/p>","protected":false},"excerpt":{"rendered":"<p>Obtenga resultados profesionales con Shalitein, el fabricante de tinta l\u00edder a nivel mundial. Con m\u00e1s de 20 a\u00f1os de experiencia en fabricaci\u00f3n y una estrecha colaboraci\u00f3n con marcas de renombre mundial, ofrecemos una calidad de f\u00e1brica que impulsa su negocio de impresi\u00f3n. La tinta p\u00farpura Plastisol NB sin PVC est\u00e1 dise\u00f1ada para serigraf\u00edas que requieren intensidad, durabilidad y facilidad de uso sin da\u00f1arla.<br \/>\nEsta tinta de serigraf\u00eda premium utiliza nuestra tecnolog\u00eda &quot;Non-Block&quot; (NB). A diferencia de las tintas convencionales, que pueden resultar pegajosas o dif\u00edciles de trabajar, la tinta Plastisol NB proporciona una textura cremosa y de baja densidad que fluye suavemente sobre la banda. Su alta opacidad garantiza que el intenso color p\u00farpura destaque en las prendas, tanto en telas claras como oscuras.<br \/>\nSabemos que la velocidad de producci\u00f3n, la rapidez y la fiabilidad son vitales. Por eso, Shalitink formul\u00f3 esta pintura para que est\u00e9 lista para usar desde el primer momento. Ofrece la textura suave que tanto aprecian los clientes, adem\u00e1s de la gran resistencia al lavado que requiere la ropa de alta calidad. Al elegir nuestra tinta Plastisol NB directamente de f\u00e1brica, obtendr\u00e1 el m\u00e1ximo rendimiento a un precio inmejorable.<\/p>","protected":false},"featured_media":1630,"comment_status":"open","ping_status":"closed","template":"","meta":[],"product_brand":[],"product_cat":[43],"product_tag":[],"class_list":{"0":"post-1629","1":"product","2":"type-product","3":"status-publish","4":"has-post-thumbnail","6":"product_cat-pvc-free-nb-screen-printing-ink","8":"first","9":"instock","10":"shipping-taxable","11":"purchasable","12":"product-type-variable"},"tiered_pricing_type":"fixed","tiered_pricing_fixed_rules":[],"tiered_pricing_product_settings":{"layout":"default","base_unit_name":{"singular":null,"plural":null},"default_variation":null},"tiered_pricing_minimum_quantity":null,"tiered_pricing_roles_data":[],"tiered_pricing_percentage_rules":[],"tiered_pricing_maximum_quantity":null,"tiered_pricing_quantity_step":null,"_links":{"self":[{"href":"https:\/\/shaliteink.com\/es\/wp-json\/wp\/v2\/product\/1629","targetHints":{"allow":["GET"]}}],"collection":[{"href":"https:\/\/shaliteink.com\/es\/wp-json\/wp\/v2\/product"}],"about":[{"href":"https:\/\/shaliteink.com\/es\/wp-json\/wp\/v2\/types\/product"}],"replies":[{"embeddable":true,"href":"https:\/\/shaliteink.com\/es\/wp-json\/wp\/v2\/comments?post=1629"}],"version-history":[{"count":0,"href":"https:\/\/shaliteink.com\/es\/wp-json\/wp\/v2\/product\/1629\/revisions"}],"wp:featuredmedia":[{"embeddable":true,"href":"https:\/\/shaliteink.com\/es\/wp-json\/wp\/v2\/media\/1630"}],"wp:attachment":[{"href":"https:\/\/shaliteink.com\/es\/wp-json\/wp\/v2\/media?parent=1629"}],"wp:term":[{"taxonomy":"product_brand","embeddable":true,"href":"https:\/\/shaliteink.com\/es\/wp-json\/wp\/v2\/product_brand?post=1629"},{"taxonomy":"product_cat","embeddable":true,"href":"https:\/\/shaliteink.com\/es\/wp-json\/wp\/v2\/product_cat?post=1629"},{"taxonomy":"product_tag","embeddable":true,"href":"https:\/\/shaliteink.com\/es\/wp-json\/wp\/v2\/product_tag?post=1629"}],"curies":[{"name":"wp","href":"https:\/\/api.w.org\/{rel}","templated":true}]}}