{"id":1624,"date":"2025-04-23T06:39:28","date_gmt":"2025-04-23T06:39:28","guid":{"rendered":"https:\/\/shaliteink.com\/?post_type=product&#038;p=1624"},"modified":"2025-12-10T11:29:06","modified_gmt":"2025-12-10T11:29:06","slug":"tinta-de-serigrafia-nb-sin-pvc-de-color-amarillo-anaranjado","status":"publish","type":"product","link":"https:\/\/shaliteink.com\/es\/producto\/tinta-de-serigrafia-nb-sin-pvc-de-color-amarillo-anaranjado\/","title":{"rendered":"Tinta de serigraf\u00eda NB sin PVC de color amarillo anaranjado"},"content":{"rendered":"<p class=\"ng-star-inserted\"><strong class=\"ng-star-inserted\"><span class=\"ng-star-inserted\">\u00bfPor qu\u00e9 elegir Shaliteink Naranja Amarillo?<\/span><\/strong><\/p>\n<p>Imprimir en amarillo puede ser muy dif\u00edcil, y a menudo se requieren m\u00faltiples pinceladas para lograr la opacidad. \u00bfSabes qu\u00e9? <strong><a href=\"https:\/\/shaliteink.com\/es\/\">Shalitein<\/a><\/strong>k resuelve este problema con una alta carga de pigmento que proporciona una excelente cobertura en ropa oscura. Y, por supuesto, la verdadera ventaja es nuestra tecnolog\u00eda &quot;NB&quot;. Al ser una tinta Plastisol NB premium, esta f\u00f3rmula es &quot;antiadherente&quot;. Esto significa que la tinta est\u00e1 dise\u00f1ada para brindar un acabado no pegajoso y evitar que la ropa se pegue al apilarla reci\u00e9n salida del tendedero, un problema com\u00fan en la producci\u00f3n en masa.<br \/>\nCreemos que la excelente calidad no deber\u00eda costar una fortuna... Y s\u00ed, al elegir la tinta de serigraf\u00eda Shalitink, eliminas al intermediario y obtienes un producto que compite con las marcas m\u00e1s caras del mercado. Y s\u00ed, esta tinta tiene una f\u00f3rmula cremosa y de baja densidad que se desliza f\u00e1cilmente por la malla, desde las densidades bajas para dep\u00f3sitos pesados hasta las densidades altas para detalles finos.<\/p>\n<p><img decoding=\"async\" class=\"aligncenter wp-image-4260 size-large\" src=\"https:\/\/shaliteink.com\/wp-content\/uploads\/2025\/04\/Orange-Yellow-PVC-Free-NB-Screen-Printing-Ink-899x1024.png\" alt=\"Tinta de serigraf\u00eda NB sin PVC de color amarillo anaranjado\" width=\"899\" height=\"1024\" srcset=\"https:\/\/shaliteink.com\/wp-content\/uploads\/2025\/04\/Orange-Yellow-PVC-Free-NB-Screen-Printing-Ink-899x1024.png 899w, https:\/\/shaliteink.com\/wp-content\/uploads\/2025\/04\/Orange-Yellow-PVC-Free-NB-Screen-Printing-Ink-263x300.png 263w, https:\/\/shaliteink.com\/wp-content\/uploads\/2025\/04\/Orange-Yellow-PVC-Free-NB-Screen-Printing-Ink-768x875.png 768w, https:\/\/shaliteink.com\/wp-content\/uploads\/2025\/04\/Orange-Yellow-PVC-Free-NB-Screen-Printing-Ink-11x12.png 11w, https:\/\/shaliteink.com\/wp-content\/uploads\/2025\/04\/Orange-Yellow-PVC-Free-NB-Screen-Printing-Ink-150x171.png 150w, https:\/\/shaliteink.com\/wp-content\/uploads\/2025\/04\/Orange-Yellow-PVC-Free-NB-Screen-Printing-Ink.png 1080w\" sizes=\"(max-width: 899px) 100vw, 899px\" \/><\/p>\n<p class=\"ng-star-inserted\"><strong class=\"ng-star-inserted\"><span class=\"ng-star-inserted\">Caracter\u00edsticas y beneficios clave:<\/span><\/strong><\/p>\n<ul class=\"ng-star-inserted\">\n<li class=\"ng-star-inserted\"><span class=\"ng-star-inserted\">Amarillo anaranjado vibrante:<\/span><span class=\"ng-star-inserted\"> Un color atrevido y soleado que destaca CONTRA cualquier material de color.<\/span><\/li>\n<li><span class=\"ng-star-inserted\">Tecnolog\u00eda sin bloqueo (NB):<\/span><span class=\"ng-star-inserted\"> Nuestro especial <strong><a href=\"https:\/\/shaliteink.com\/es\/categoria-producto\/tinta-de-serigrafia-nb-sin-pvc\/\">Tinta plastisol NB<\/a><\/strong> La composici\u00f3n elimina la contaminaci\u00f3n, lo que permite un apilamiento inmediato sin adhesi\u00f3n destructiva\u2026<\/span><\/li>\n<li><span class=\"ng-star-inserted\">Libre de PVC y ecol\u00f3gico: fabricado sin PVC ni ftalatos, cumple con los estrictos est\u00e1ndares ambientales y de seguridad de las marcas globales.<\/span><\/li>\n<li><span class=\"ng-star-inserted\">Alta opacidad: Excelente cobertura que reduce la necesidad de realizar trazos de impresi\u00f3n excesivos.<\/span><\/li>\n<li><span class=\"ng-star-inserted\">Ahorro directo de f\u00e1brica: obtenga el mejor rendimiento de su negocio comprando directamente del fabricante.<\/span><\/li>\n<li><span class=\"ng-star-inserted\">Imprimibilidad suave:<\/span><span class=\"ng-star-inserted\"> Tiene una textura cremosa y cremosa reci\u00e9n salido del balde, reduce la fatiga al imprimir a mano y fluye suavemente en las prensas autom\u00e1ticas.<\/span><\/li>\n<\/ul>\n<p class=\"ng-star-inserted\"><strong class=\"ng-star-inserted\"><span class=\"ng-star-inserted\">Especificaciones t\u00e9cnicas y aplicaci\u00f3n<br \/>\n<\/span><\/strong><span class=\"ng-star-inserted\">Para garantizar una uni\u00f3n mec\u00e1nica duradera y durabilidad al lavado, siga nuestras instrucciones de procesamiento de shaliteink.<\/span><strong class=\"ng-star-inserted\"><span class=\"ng-star-inserted\"><br \/>\n<\/span><\/strong><\/p>\n<p><strong class=\"ng-star-inserted\"><span class=\"ng-star-inserted\">Instrucciones de flasheo:<br \/>\nLa tinta se seca entre 120 \u00b0C y 140 \u00b0C (248 \u00b0F \u2013 284 \u00b0F). La tinta debe estar seca al tacto; t\u00f3quela antes de la siguiente aplicaci\u00f3n en la pantalla. \u00bfSabe qu\u00e9? No se seque demasiado, ya que esto puede causar problemas de adhesi\u00f3n entre capas.<\/span><\/strong><\/p>\n<p><strong class=\"ng-star-inserted\"><span class=\"ng-star-inserted\">Instrucciones de curado:<br \/>\n<\/span><\/strong><\/p>\n<p class=\"ng-star-inserted\"><span class=\"ng-star-inserted\">Esta tinta requiere una temperatura de curado est\u00e1ndar para garantizar la solidez del lavado.<\/span><\/p>\n<ul class=\"ng-star-inserted\">\n<li class=\"ng-star-inserted\">\n<p class=\"ng-star-inserted\"><span class=\"ng-star-inserted\">Temperatura de curado:<\/span><span class=\"ng-star-inserted\">\u00a0<\/span><span class=\"ng-star-inserted\">160\u00b0C<\/span><span class=\"ng-star-inserted\">\u00a0(320\u00b0F).<\/span><\/p>\n<\/li>\n<li class=\"ng-star-inserted\">Nota importante: La temperatura de toda la capa de tinta debe alcanzar los 160 \u00b0C de arriba a abajo. Adem\u00e1s, usar una pistola l\u00e1ser solo mide la temperatura de la superficie, lo cual puede ser enga\u00f1oso. Recomendamos usar una sonda de donut para asegurar que la tinta alcance la temperatura de curado completa en la tela.<\/li>\n<\/ul>\n<p><strong class=\"ng-star-inserted\"><span class=\"ng-star-inserted\">Pruebas y mejores pr\u00e1cticas:<\/span><\/strong><\/p>\n<p><span class=\"ng-star-inserted\">Recomendamos realizar una prueba de estiramiento antes de comenzar el proceso de fabricaci\u00f3n. Estire la impresi\u00f3n procesada hasta aproximadamente dos tercios del ancho de la camiseta. \u00bfSabe qu\u00e9? Si la impresi\u00f3n se agrieta y no recupera su forma original, significa que no se ha procesado correctamente. Ajuste la velocidad o la temperatura de la secadora hasta que la tinta supere las pruebas de estiramiento y lavado.<\/span><\/p>\n<p><strong class=\"ng-star-inserted\"><span class=\"ng-star-inserted\">Limpieza y almacenamiento:<\/span><\/strong><\/p>\n<p>Es f\u00e1cil de limpiar con limpiadores de alta presi\u00f3n est\u00e1ndar dise\u00f1ados para tinta plastisol o desintegrantes de tinta. Para mantener una viscosidad \u00f3ptima, guarde los tanques de tinta en un lugar fresco (entre 18 y 32 \u00b0C), alejados de la luz solar directa.<\/p>\n<p>Compre hoy tintas profesionales Shaliteink que le ahorrar\u00e1n dinero y mejorar\u00e1n su calidad de impresi\u00f3n.<\/p>\n<p><img decoding=\"async\" class=\"aligncenter wp-image-4261 size-large\" src=\"https:\/\/shaliteink.com\/wp-content\/uploads\/2025\/04\/Orange-Yellow-PVC-Free-NB-Screen-Printing-Ink-1-896x1024.png\" alt=\"Tinta de serigraf\u00eda NB sin PVC de color amarillo anaranjado\" width=\"896\" height=\"1024\" srcset=\"https:\/\/shaliteink.com\/wp-content\/uploads\/2025\/04\/Orange-Yellow-PVC-Free-NB-Screen-Printing-Ink-1-896x1024.png 896w, https:\/\/shaliteink.com\/wp-content\/uploads\/2025\/04\/Orange-Yellow-PVC-Free-NB-Screen-Printing-Ink-1-263x300.png 263w, https:\/\/shaliteink.com\/wp-content\/uploads\/2025\/04\/Orange-Yellow-PVC-Free-NB-Screen-Printing-Ink-1-768x877.png 768w, https:\/\/shaliteink.com\/wp-content\/uploads\/2025\/04\/Orange-Yellow-PVC-Free-NB-Screen-Printing-Ink-1-11x12.png 11w, https:\/\/shaliteink.com\/wp-content\/uploads\/2025\/04\/Orange-Yellow-PVC-Free-NB-Screen-Printing-Ink-1-150x171.png 150w, https:\/\/shaliteink.com\/wp-content\/uploads\/2025\/04\/Orange-Yellow-PVC-Free-NB-Screen-Printing-Ink-1.png 919w\" sizes=\"(max-width: 896px) 100vw, 896px\" \/><\/p>","protected":false},"excerpt":{"rendered":"<p>A\u00f1ada vitalidad y durabilidad inigualables a sus dise\u00f1os con Shalitink, una marca de confianza en la impresi\u00f3n textil global. Gracias a nuestros m\u00e1s de cincuenta a\u00f1os de experiencia en fabricaci\u00f3n y a nuestra estrecha colaboraci\u00f3n con marcas de renombre mundial, ofrecemos tinta de serigraf\u00eda premium a precio de f\u00e1brica. \u00bfAdivina qu\u00e9? La tinta de serigraf\u00eda NB naranja y amarilla, sin PVC, est\u00e1 dise\u00f1ada para impresoras que requieren alta opacidad, un funcionamiento suave y uniforme, y productos respetuosos con el medio ambiente.<\/p>","protected":false},"featured_media":1625,"comment_status":"open","ping_status":"closed","template":"","meta":[],"product_brand":[],"product_cat":[43],"product_tag":[],"class_list":{"0":"post-1624","1":"product","2":"type-product","3":"status-publish","4":"has-post-thumbnail","6":"product_cat-pvc-free-nb-screen-printing-ink","8":"first","9":"instock","10":"shipping-taxable","11":"purchasable","12":"product-type-variable"},"tiered_pricing_type":"fixed","tiered_pricing_fixed_rules":[],"tiered_pricing_product_settings":{"layout":"default","base_unit_name":{"singular":null,"plural":null},"default_variation":null},"tiered_pricing_minimum_quantity":null,"tiered_pricing_roles_data":[],"tiered_pricing_percentage_rules":[],"tiered_pricing_maximum_quantity":null,"tiered_pricing_quantity_step":null,"_links":{"self":[{"href":"https:\/\/shaliteink.com\/es\/wp-json\/wp\/v2\/product\/1624","targetHints":{"allow":["GET"]}}],"collection":[{"href":"https:\/\/shaliteink.com\/es\/wp-json\/wp\/v2\/product"}],"about":[{"href":"https:\/\/shaliteink.com\/es\/wp-json\/wp\/v2\/types\/product"}],"replies":[{"embeddable":true,"href":"https:\/\/shaliteink.com\/es\/wp-json\/wp\/v2\/comments?post=1624"}],"version-history":[{"count":0,"href":"https:\/\/shaliteink.com\/es\/wp-json\/wp\/v2\/product\/1624\/revisions"}],"wp:featuredmedia":[{"embeddable":true,"href":"https:\/\/shaliteink.com\/es\/wp-json\/wp\/v2\/media\/1625"}],"wp:attachment":[{"href":"https:\/\/shaliteink.com\/es\/wp-json\/wp\/v2\/media?parent=1624"}],"wp:term":[{"taxonomy":"product_brand","embeddable":true,"href":"https:\/\/shaliteink.com\/es\/wp-json\/wp\/v2\/product_brand?post=1624"},{"taxonomy":"product_cat","embeddable":true,"href":"https:\/\/shaliteink.com\/es\/wp-json\/wp\/v2\/product_cat?post=1624"},{"taxonomy":"product_tag","embeddable":true,"href":"https:\/\/shaliteink.com\/es\/wp-json\/wp\/v2\/product_tag?post=1624"}],"curies":[{"name":"wp","href":"https:\/\/api.w.org\/{rel}","templated":true}]}}