{"id":1620,"date":"2025-04-23T06:35:56","date_gmt":"2025-04-23T06:35:56","guid":{"rendered":"https:\/\/shaliteink.com\/?post_type=product&#038;p=1620"},"modified":"2025-12-10T11:27:18","modified_gmt":"2025-12-10T11:27:18","slug":"tinta-de-serigrafia-nb-roja-sin-pvc","status":"publish","type":"product","link":"https:\/\/shaliteink.com\/es\/producto\/tinta-de-serigrafia-nb-roja-sin-pvc\/","title":{"rendered":"Tinta de serigraf\u00eda NB libre de PVC roja"},"content":{"rendered":"<p class=\"ng-star-inserted\"><strong class=\"ng-star-inserted\"><span class=\"ng-star-inserted\">\u00bfPor qu\u00e9 elegir? <a href=\"https:\/\/shaliteink.com\/es\/\">Shaliteink<\/a> \u00bfRojo NB?<\/span><\/strong><\/p>\n<p>No es solo tinta est\u00e1ndar; es una tinta de alto rendimiento. <strong><a href=\"https:\/\/shaliteink.com\/es\/categoria-producto\/tinta-de-serigrafia-nb-sin-pvc\/\">Tinta plastisol NB<\/a><\/strong>. &quot;NB&quot; significa antiadherente, una caracter\u00edstica importante de la producci\u00f3n en masa. A diferencia de las tintas tradicionales, que pueden quedar pegajosas y adherirse al apilar las camisetas en caliente, nuestra tecnolog\u00eda de tinta Plastisol NB proporciona un acabado suave y antiadherente. Esto reduce significativamente la cantidad de prendas da\u00f1adas durante la fase de enfriamiento.<\/p>\n<p>Como f\u00f3rmula libre de PVC, este producto cumple con los est\u00e1ndares ambientales y de seguridad modernos, lo que lo convierte en una excelente opci\u00f3n para las marcas que buscan soluciones respetuosas con el medio ambiente... Aunque no contiene PVC, conserva la textura cremosa y el f\u00e1cil manejo de la tinta plastisol cl\u00e1sica, por lo que garantiza una f\u00e1cil limpieza de la pantalla incluso con presi\u00f3n manual y mec\u00e1nica.<\/p>\n<p><img decoding=\"async\" class=\"aligncenter wp-image-4252 size-large\" src=\"https:\/\/shaliteink.com\/wp-content\/uploads\/2025\/04\/Red-PVC-Free-NB-Screen-Printing-Ink-857x1024.png\" alt=\"Tinta de serigraf\u00eda NB libre de PVC roja\" width=\"857\" height=\"1024\" srcset=\"https:\/\/shaliteink.com\/wp-content\/uploads\/2025\/04\/Red-PVC-Free-NB-Screen-Printing-Ink-857x1024.png 857w, https:\/\/shaliteink.com\/wp-content\/uploads\/2025\/04\/Red-PVC-Free-NB-Screen-Printing-Ink-251x300.png 251w, https:\/\/shaliteink.com\/wp-content\/uploads\/2025\/04\/Red-PVC-Free-NB-Screen-Printing-Ink-768x917.png 768w, https:\/\/shaliteink.com\/wp-content\/uploads\/2025\/04\/Red-PVC-Free-NB-Screen-Printing-Ink-10x12.png 10w, https:\/\/shaliteink.com\/wp-content\/uploads\/2025\/04\/Red-PVC-Free-NB-Screen-Printing-Ink-150x179.png 150w, https:\/\/shaliteink.com\/wp-content\/uploads\/2025\/04\/Red-PVC-Free-NB-Screen-Printing-Ink.png 992w\" sizes=\"(max-width: 857px) 100vw, 857px\" \/><\/p>\n<p class=\"ng-star-inserted\"><strong class=\"ng-star-inserted\"><span class=\"ng-star-inserted\">Caracter\u00edsticas y beneficios clave:<\/span><\/strong><\/p>\n<ul class=\"ng-star-inserted\">\n<li class=\"ng-star-inserted\"><span class=\"ng-star-inserted\">Vibrante y opaco: proporciona un color rojo intenso y atrevido, color que proporciona una excelente cobertura incluso en telas oscuras (recomendado para ropa OSCURA debajo de la base)\u2026<\/span><\/li>\n<li><span class=\"ng-star-inserted\">F\u00f3rmula sin bloqueo (NB): est\u00e1 dise\u00f1ada espec\u00edficamente para evitar que las impresiones se peguen entre s\u00ed en la pila.<\/span><\/li>\n<li><span class=\"ng-star-inserted\">Ecol\u00f3gico:<\/span><span class=\"ng-star-inserted\"> 100% Libre de PVC, seguro para los usuarios y compatible con los est\u00e1ndares de exportaci\u00f3n globales.<\/span><\/li>\n<li><span class=\"ng-star-inserted\">Valor directo de f\u00e1brica:<\/span><span class=\"ng-star-inserted\"> Compre tinta de serigraf\u00eda directamente del fabricante y elimine al intermediario.<\/span><\/li>\n<li><span class=\"ng-star-inserted\">Consistencia f\u00e1cil de usar: es cremosa reci\u00e9n salida del envase y requiere una preparaci\u00f3n m\u00ednima.<\/span><\/li>\n<li><span class=\"ng-star-inserted\">Acabado duradero: con el cuidado adecuado, puede soportar m\u00faltiples lavados sin agrietarse ni decolorarse.<\/span><\/li>\n<\/ul>\n<p class=\"ng-star-inserted\"><strong class=\"ng-star-inserted\"><span class=\"ng-star-inserted\">Especificaciones t\u00e9cnicas y pautas de curado<\/span><\/strong><\/p>\n<p>Para lograr los mejores resultados y garantizar la longevidad de la impresi\u00f3n, cumpla estrictamente con nuestros est\u00e1ndares de procesamiento Shaliteink.<\/p>\n<p><strong class=\"ng-star-inserted\"><span class=\"ng-star-inserted\">Instrucciones de flasheo:<\/span><\/strong><\/p>\n<p>La tinta se seca entre 120 \u00b0C y 140 \u00b0C (248 \u00b0F \u2013 284 \u00b0F). La tinta debe estar seca al tacto (t\u00f3quela antes de aplicar el siguiente color o estaci\u00f3n), pero no completamente.<\/p>\n<p><strong class=\"ng-star-inserted\"><span class=\"ng-star-inserted\">Instrucciones de curado:<\/span><\/strong><\/p>\n<p>Un curado adecuado es vital para la uni\u00f3n mec\u00e1nica. Esta tinta cura a 160 \u00b0C (320 \u00b0F).<\/p>\n<p><span class=\"ng-star-inserted\">Curado est\u00e1ndar: aseg\u00farese de que toda la capa de tinta alcance los 160 \u00b0C.<\/span><\/p>\n<p><span class=\"ng-star-inserted\">Monitoreo de temperatura: Recomendamos usar una sonda de rosquilla en lugar de una pistola l\u00e1ser. Las pistolas l\u00e1ser solo miden la temperatura de la superficie, lo cual puede ser enga\u00f1oso. Por ejemplo, para un lavado r\u00e1pido, la tinta debe alcanzar los 160 \u00b0C para llegar a la parte frontal de la tela.<\/span><\/p>\n<p><strong class=\"ng-star-inserted\"><span class=\"ng-star-inserted\">Pruebas y mejores pr\u00e1cticas:<br \/>\n<\/span><\/strong>Siempre realice una prueba de estiramiento antes de comenzar una producci\u00f3n completa. Extienda la impresi\u00f3n aproximadamente dos tercios del ancho total de la camiseta. \u00bfSabe qu\u00e9? Si la impresi\u00f3n se agrieta y no se retrae, la tinta no se ha fijado correctamente. Tambi\u00e9n recomendamos realizar una prueba de lavado (5-10 ciclos) para comprobar la durabilidad.<\/p>\n<p><strong class=\"ng-star-inserted\"><span class=\"ng-star-inserted\">Limpieza y almacenamiento:<br \/>\n<\/span><\/strong><span class=\"ng-star-inserted\">La limpieza es f\u00e1cil con hidrolimpiadoras o analizadores de tinta compatibles con plastisol. \u00bfSabes qu\u00e9? Guarda la tinta en un lugar fresco y seco, lejos de la luz solar directa, para prolongar su vida \u00fatil.<\/span><\/p>\n<p>\u00bfListo para actualizar tus impresiones? Compra nuestra Shalite hoy mismo y disfruta de cincuenta a\u00f1os de excelencia en fabricaci\u00f3n.<\/p>\n<p><img decoding=\"async\" class=\"aligncenter wp-image-4254 size-full\" src=\"https:\/\/shaliteink.com\/wp-content\/uploads\/2025\/04\/Red-PVC-Free-NB-Screen-Printing-Ink-2.png\" alt=\"Tinta de serigraf\u00eda NB libre de PVC roja\" width=\"839\" height=\"1011\" srcset=\"https:\/\/shaliteink.com\/wp-content\/uploads\/2025\/04\/Red-PVC-Free-NB-Screen-Printing-Ink-2.png 839w, https:\/\/shaliteink.com\/wp-content\/uploads\/2025\/04\/Red-PVC-Free-NB-Screen-Printing-Ink-2-249x300.png 249w, https:\/\/shaliteink.com\/wp-content\/uploads\/2025\/04\/Red-PVC-Free-NB-Screen-Printing-Ink-2-768x925.png 768w, https:\/\/shaliteink.com\/wp-content\/uploads\/2025\/04\/Red-PVC-Free-NB-Screen-Printing-Ink-2-10x12.png 10w, https:\/\/shaliteink.com\/wp-content\/uploads\/2025\/04\/Red-PVC-Free-NB-Screen-Printing-Ink-2-150x181.png 150w\" sizes=\"(max-width: 839px) 100vw, 839px\" \/><\/p>","protected":false},"excerpt":{"rendered":"<p>Mejore la producci\u00f3n de su prensa con Shalitein, l\u00edder mundial en la industria de la impresi\u00f3n textil. Con m\u00e1s de 20 a\u00f1os de experiencia en fabricaci\u00f3n y una trayectoria comprobada trabajando con marcas de renombre mundial, le ofrecemos calidad superior a precios de f\u00e1brica. Nota: La tinta de serigraf\u00eda roja sin PVC est\u00e1 especialmente dise\u00f1ada para serigrafistas profesionales que requieren colores vibrantes, compatibilidad ambiental y excelente procesabilidad a un precio accesible.<\/p>","protected":false},"featured_media":1621,"comment_status":"open","ping_status":"closed","template":"","meta":[],"product_brand":[],"product_cat":[43],"product_tag":[],"class_list":{"0":"post-1620","1":"product","2":"type-product","3":"status-publish","4":"has-post-thumbnail","6":"product_cat-pvc-free-nb-screen-printing-ink","8":"first","9":"instock","10":"shipping-taxable","11":"purchasable","12":"product-type-variable"},"tiered_pricing_type":"fixed","tiered_pricing_fixed_rules":[],"tiered_pricing_product_settings":{"layout":"default","base_unit_name":{"singular":null,"plural":null},"default_variation":null},"tiered_pricing_minimum_quantity":null,"tiered_pricing_roles_data":[],"tiered_pricing_percentage_rules":[],"tiered_pricing_maximum_quantity":null,"tiered_pricing_quantity_step":null,"_links":{"self":[{"href":"https:\/\/shaliteink.com\/es\/wp-json\/wp\/v2\/product\/1620","targetHints":{"allow":["GET"]}}],"collection":[{"href":"https:\/\/shaliteink.com\/es\/wp-json\/wp\/v2\/product"}],"about":[{"href":"https:\/\/shaliteink.com\/es\/wp-json\/wp\/v2\/types\/product"}],"replies":[{"embeddable":true,"href":"https:\/\/shaliteink.com\/es\/wp-json\/wp\/v2\/comments?post=1620"}],"version-history":[{"count":0,"href":"https:\/\/shaliteink.com\/es\/wp-json\/wp\/v2\/product\/1620\/revisions"}],"wp:featuredmedia":[{"embeddable":true,"href":"https:\/\/shaliteink.com\/es\/wp-json\/wp\/v2\/media\/1621"}],"wp:attachment":[{"href":"https:\/\/shaliteink.com\/es\/wp-json\/wp\/v2\/media?parent=1620"}],"wp:term":[{"taxonomy":"product_brand","embeddable":true,"href":"https:\/\/shaliteink.com\/es\/wp-json\/wp\/v2\/product_brand?post=1620"},{"taxonomy":"product_cat","embeddable":true,"href":"https:\/\/shaliteink.com\/es\/wp-json\/wp\/v2\/product_cat?post=1620"},{"taxonomy":"product_tag","embeddable":true,"href":"https:\/\/shaliteink.com\/es\/wp-json\/wp\/v2\/product_tag?post=1620"}],"curies":[{"name":"wp","href":"https:\/\/api.w.org\/{rel}","templated":true}]}}