{"id":1616,"date":"2025-04-23T06:32:25","date_gmt":"2025-04-23T06:32:25","guid":{"rendered":"https:\/\/shaliteink.com\/?post_type=product&#038;p=1616"},"modified":"2025-12-10T11:30:54","modified_gmt":"2025-12-10T11:30:54","slug":"tinta-de-serigrafia-nb-amarilla-sin-pvc","status":"publish","type":"product","link":"https:\/\/shaliteink.com\/es\/producto\/tinta-de-serigrafia-nb-amarilla-sin-pvc\/","title":{"rendered":"Tinta de serigraf\u00eda NB amarilla sin PVC"},"content":{"rendered":"<p class=\"ng-star-inserted\"><strong class=\"ng-star-inserted\"><span class=\"ng-star-inserted\">\u00bfPor qu\u00e9 elegir la tinta plastisol NB amarilla Shaliteink?<\/span><\/strong><\/p>\n<p>Esta no es una tinta amarilla cualquiera; es una tinta de serigraf\u00eda premium, dise\u00f1ada para solucionar problemas comunes de producci\u00f3n. Y, por supuesto, est\u00e1 hecha con una tinta Plastisol NB especial (no aglomerante), lo que permite apilar las prendas terminadas en los entornos de producci\u00f3n m\u00e1s calurosos sin que las impresiones se adhieran.<br \/>\nNuestra f\u00f3rmula sin PVC cumple con los estrictos est\u00e1ndares ambientales de las marcas de moda modernas, a la vez que conserva los dise\u00f1os cremosos y de cuerpo corto que tanto te gustan. Ya sea que imprimas sobre algod\u00f3n o mezclas, esta tinta ofrece una cobertura intensa, brillante y definida. Al comprar directamente de f\u00e1brica, obtienes una excelente calidad a un precio inmejorable.<\/p>\n<p><img decoding=\"async\" class=\"aligncenter wp-image-4277 size-full\" src=\"https:\/\/shaliteink.com\/wp-content\/uploads\/2025\/04\/Yellow-PVC-Free-NB-Screen-Printing-Ink.png\" alt=\"Tinta de serigraf\u00eda NB amarilla sin PVC\" width=\"988\" height=\"981\" srcset=\"https:\/\/shaliteink.com\/wp-content\/uploads\/2025\/04\/Yellow-PVC-Free-NB-Screen-Printing-Ink.png 988w, https:\/\/shaliteink.com\/wp-content\/uploads\/2025\/04\/Yellow-PVC-Free-NB-Screen-Printing-Ink-300x298.png 300w, https:\/\/shaliteink.com\/wp-content\/uploads\/2025\/04\/Yellow-PVC-Free-NB-Screen-Printing-Ink-150x149.png 150w, https:\/\/shaliteink.com\/wp-content\/uploads\/2025\/04\/Yellow-PVC-Free-NB-Screen-Printing-Ink-768x763.png 768w, https:\/\/shaliteink.com\/wp-content\/uploads\/2025\/04\/Yellow-PVC-Free-NB-Screen-Printing-Ink-12x12.png 12w\" sizes=\"(max-width: 988px) 100vw, 988px\" \/><\/p>\n<p class=\"ng-star-inserted\"><strong class=\"ng-star-inserted\"><span class=\"ng-star-inserted\">Caracter\u00edsticas y beneficios clave:<\/span><\/strong><\/p>\n<ul class=\"ng-star-inserted\">\n<li class=\"ng-star-inserted\">\n<p class=\"ng-star-inserted\"><strong class=\"ng-star-inserted\"><span class=\"ng-star-inserted\">F\u00f3rmula ecol\u00f3gica:<\/span><\/strong><span class=\"ng-star-inserted\">\u00a0100% Libre de PVC, lo que lo hace seguro para los usuarios y compatible con los principales est\u00e1ndares de las marcas.<\/span><\/p>\n<\/li>\n<li class=\"ng-star-inserted\">\n<p class=\"ng-star-inserted\"><strong class=\"ng-star-inserted\"><span class=\"ng-star-inserted\">Tecnolog\u00eda sin bloqueo:<\/span><\/strong><span class=\"ng-star-inserted\">\u00a0El avanzado\u00a0<\/span><span class=\"ng-star-inserted\">Tinta plastisol NB<\/span><span class=\"ng-star-inserted\">\u00a0La f\u00f3rmula evita impresiones pegajosas, lo que permite apilar y empacar con mayor facilidad.<\/span><\/p>\n<\/li>\n<li class=\"ng-star-inserted\">\n<p class=\"ng-star-inserted\"><strong class=\"ng-star-inserted\"><span class=\"ng-star-inserted\">Alta opacidad:<\/span><\/strong><span class=\"ng-star-inserted\">\u00a0La carga de pigmento especializada garantiza una cobertura de color amarillo brillante, incluso en sustratos m\u00e1s oscuros (se recomienda una base para prendas negras).<\/span><\/p>\n<\/li>\n<li class=\"ng-star-inserted\">\n<p class=\"ng-star-inserted\"><strong class=\"ng-star-inserted\"><span class=\"ng-star-inserted\">Consistencia cremosa:<\/span><\/strong><span class=\"ng-star-inserted\">\u00a0Listo para usar nada m\u00e1s sacarlo del envase.<\/span><\/p>\n<\/li>\n<li class=\"ng-star-inserted\">\n<p class=\"ng-star-inserted\"><strong class=\"ng-star-inserted\"><span class=\"ng-star-inserted\">Sensaci\u00f3n suave al tacto:<\/span><\/strong><span class=\"ng-star-inserted\">\u00a0Las impresiones se asientan suavemente sobre la tela para lograr un acabado minorista profesional.<\/span><\/p>\n<\/li>\n<li class=\"ng-star-inserted\">\n<p class=\"ng-star-inserted\"><strong class=\"ng-star-inserted\"><span class=\"ng-star-inserted\">Valor directo de f\u00e1brica:<\/span><\/strong><span class=\"ng-star-inserted\">\u00a0Obtenga el mejor retorno de la inversi\u00f3n para su tienda eliminando al intermediario.<\/span><\/p>\n<\/li>\n<\/ul>\n<p class=\"ng-star-inserted\"><strong class=\"ng-star-inserted\"><span class=\"ng-star-inserted\">Pautas de curado<\/span><\/strong><\/p>\n<p class=\"ng-star-inserted\"><span class=\"ng-star-inserted\">Un curado adecuado es esencial para la durabilidad y la resistencia al lavado. A diferencia de las tintas inestables de curado lento, nuestras\u00a0<\/span><a href=\"https:\/\/shaliteink.com\/es\/categoria-producto\/tinta-de-serigrafia-nb-sin-pvc\/\"><strong><span class=\"ng-star-inserted\">Tinta plastisol NB<\/span><\/strong><\/a><span class=\"ng-star-inserted\">\u00a0Est\u00e1 dise\u00f1ado para un curado est\u00e1ndar y robusto que se adhiere mec\u00e1nicamente a las fibras de la tela.<\/span><\/p>\n<ul class=\"ng-star-inserted\">\n<li class=\"ng-star-inserted\">Punto de inflamaci\u00f3n: 120\u00b0C a 140\u00b0C (aprox. 248\u00b0F a 284\u00b0F).<\/li>\n<li class=\"ng-star-inserted\">Temperatura de curado: 160\u00b0C (aprox. 320\u00b0F).<\/li>\n<li class=\"ng-star-inserted\">Nota: La temperatura de toda la capa de tinta debe alcanzar los 160 \u00b0C para un curado completo.<\/li>\n<\/ul>\n<p class=\"ng-star-inserted\"><strong class=\"ng-star-inserted\"><span class=\"ng-star-inserted\">Consejos profesionales para el \u00e9xito:<\/span><\/strong><\/p>\n<ol>\n<li>Prueba de estiramiento: Despu\u00e9s del procesamiento, estire la impresi\u00f3n aproximadamente dos tercios de la camiseta. Si la tinta se agrieta y no se retrae, no se adherir\u00e1. Aumente el tiempo de residencia o la temperatura.<\/li>\n<li>En serio, prueba de lavado: recomendamos que hagas una prueba de lavado (5 a 10 ciclos) antes de la producci\u00f3n completa para asegurarte de que la tinta de serigraf\u00eda est\u00e9 completamente seca.<\/li>\n<li>Tiempo de destello: Mantenga el tiempo de destello corto para evitar sobrecalentar los cilindros.<\/li>\n<\/ol>\n<p class=\"ng-star-inserted\"><strong class=\"ng-star-inserted\"><span class=\"ng-star-inserted\">Limpieza y almacenamiento<\/span><\/strong><\/p>\n<ul>\n<li>Limpieza: Use un removedor de tinta est\u00e1ndar, un removedor de tinta o un lavado a presi\u00f3n. Por ejemplo, la tinta Plastisol NB es f\u00e1cil de quitar de las pantallas y las toallitas.<\/li>\n<li>Almacenamiento: Conservar en un lugar fresco y seco, entre 18 \u00b0C y 32 \u00b0C (65 \u00b0F y 90 \u00b0F). Para conservar su vida \u00fatil, evite la luz solar directa.<\/li>\n<\/ul>\n<p class=\"ng-star-inserted\"><strong class=\"ng-star-inserted\"><span class=\"ng-star-inserted\">Comprar<\/span><\/strong><span class=\"ng-star-inserted\">\u00a0el mejor\u00a0<\/span><strong class=\"ng-star-inserted\"><span class=\"ng-star-inserted\">Tinta de serigraf\u00eda<\/span><\/strong><span class=\"ng-star-inserted\">\u00a0Hoy y experimente la\u00a0<\/span><strong><a href=\"https:\/\/shaliteink.com\/es\/\"><span class=\"ng-star-inserted\">Shaliteink<\/span><\/a><\/strong><span class=\"ng-star-inserted\">\u00a0\u00a1diferencia!<\/span><\/p>\n<p><img decoding=\"async\" class=\"aligncenter wp-image-4278 size-large\" src=\"https:\/\/shaliteink.com\/wp-content\/uploads\/2025\/04\/Yellow-PVC-Free-NB-Screen-Printing-Ink-1-810x1024.png\" alt=\"Tinta de serigraf\u00eda NB amarilla sin PVC\" width=\"810\" height=\"1024\" srcset=\"https:\/\/shaliteink.com\/wp-content\/uploads\/2025\/04\/Yellow-PVC-Free-NB-Screen-Printing-Ink-1-810x1024.png 810w, https:\/\/shaliteink.com\/wp-content\/uploads\/2025\/04\/Yellow-PVC-Free-NB-Screen-Printing-Ink-1-237x300.png 237w, https:\/\/shaliteink.com\/wp-content\/uploads\/2025\/04\/Yellow-PVC-Free-NB-Screen-Printing-Ink-1-768x971.png 768w, https:\/\/shaliteink.com\/wp-content\/uploads\/2025\/04\/Yellow-PVC-Free-NB-Screen-Printing-Ink-1-9x12.png 9w, https:\/\/shaliteink.com\/wp-content\/uploads\/2025\/04\/Yellow-PVC-Free-NB-Screen-Printing-Ink-1-150x190.png 150w, https:\/\/shaliteink.com\/wp-content\/uploads\/2025\/04\/Yellow-PVC-Free-NB-Screen-Printing-Ink-1.png 1024w\" sizes=\"(max-width: 810px) 100vw, 810px\" \/><\/p>\n<hr class=\"ng-star-inserted\" \/>","protected":false},"excerpt":{"rendered":"<p>Libere una excelente vitalidad y un rendimiento ecol\u00f3gico con nuestras Shalites\u2026 Como l\u00edder mundial con m\u00e1s de 20 a\u00f1os de experiencia en fabricaci\u00f3n, le ofrecemos soluciones directas de f\u00e1brica en las que conf\u00edan marcas de renombre mundial. La tinta Plastisol NB Amarillo sin PVC est\u00e1 especialmente dise\u00f1ada para serigraf\u00eda que requiere alta opacidad, cumplimiento ambiental y facilidad de uso sin grandes gastos.<\/p>","protected":false},"featured_media":1617,"comment_status":"open","ping_status":"closed","template":"","meta":[],"product_brand":[],"product_cat":[43],"product_tag":[],"class_list":{"0":"post-1616","1":"product","2":"type-product","3":"status-publish","4":"has-post-thumbnail","6":"product_cat-pvc-free-nb-screen-printing-ink","8":"first","9":"instock","10":"shipping-taxable","11":"purchasable","12":"product-type-variable"},"tiered_pricing_type":"fixed","tiered_pricing_fixed_rules":[],"tiered_pricing_product_settings":{"layout":"default","base_unit_name":{"singular":null,"plural":null},"default_variation":null},"tiered_pricing_minimum_quantity":null,"tiered_pricing_roles_data":[],"tiered_pricing_percentage_rules":[],"tiered_pricing_maximum_quantity":null,"tiered_pricing_quantity_step":null,"_links":{"self":[{"href":"https:\/\/shaliteink.com\/es\/wp-json\/wp\/v2\/product\/1616","targetHints":{"allow":["GET"]}}],"collection":[{"href":"https:\/\/shaliteink.com\/es\/wp-json\/wp\/v2\/product"}],"about":[{"href":"https:\/\/shaliteink.com\/es\/wp-json\/wp\/v2\/types\/product"}],"replies":[{"embeddable":true,"href":"https:\/\/shaliteink.com\/es\/wp-json\/wp\/v2\/comments?post=1616"}],"version-history":[{"count":0,"href":"https:\/\/shaliteink.com\/es\/wp-json\/wp\/v2\/product\/1616\/revisions"}],"wp:featuredmedia":[{"embeddable":true,"href":"https:\/\/shaliteink.com\/es\/wp-json\/wp\/v2\/media\/1617"}],"wp:attachment":[{"href":"https:\/\/shaliteink.com\/es\/wp-json\/wp\/v2\/media?parent=1616"}],"wp:term":[{"taxonomy":"product_brand","embeddable":true,"href":"https:\/\/shaliteink.com\/es\/wp-json\/wp\/v2\/product_brand?post=1616"},{"taxonomy":"product_cat","embeddable":true,"href":"https:\/\/shaliteink.com\/es\/wp-json\/wp\/v2\/product_cat?post=1616"},{"taxonomy":"product_tag","embeddable":true,"href":"https:\/\/shaliteink.com\/es\/wp-json\/wp\/v2\/product_tag?post=1616"}],"curies":[{"name":"wp","href":"https:\/\/api.w.org\/{rel}","templated":true}]}}