{"id":1612,"date":"2025-04-23T06:29:51","date_gmt":"2025-04-23T06:29:51","guid":{"rendered":"https:\/\/shaliteink.com\/?post_type=product&#038;p=1612"},"modified":"2025-12-10T11:31:31","modified_gmt":"2025-12-10T11:31:31","slug":"tinta-de-serigrafia-nb-sin-pvc-de-color-amarillo-limon","status":"publish","type":"product","link":"https:\/\/shaliteink.com\/es\/producto\/tinta-de-serigrafia-nb-sin-pvc-de-color-amarillo-limon\/","title":{"rendered":"Tinta de serigraf\u00eda NB sin PVC de color amarillo lim\u00f3n"},"content":{"rendered":"<p>\u00bfPor qu\u00e9 elegir Lemon Yellow? <strong><a href=\"https:\/\/shaliteink.com\/es\/\">Shalitnik<\/a><\/strong>?<br \/>\nEsta no es una tinta amarilla cualquiera; es una tinta Plastisol NB premium dise\u00f1ada para solucionar problemas comunes de impresi\u00f3n. &quot;NB&quot; significa &quot;no bloqueante&quot;, lo que significa que esta tinta est\u00e1 dise\u00f1ada para evitar que las impresiones se peguen al apilarse, un problema com\u00fan en la producci\u00f3n de alto volumen. Tanto si se trata de un gran fabricante como de una peque\u00f1a tienda, esta tinta de serigraf\u00eda ofrece una textura cremosa, f\u00e1cil de trabajar y que se desliza con suavidad sobre una gran cantidad de pantallas.<br \/>\nGracias a su f\u00f3rmula sin PVC, este producto cumple con las normas ambientales modernas, lo que lo hace seguro para los usuarios y el planeta, a la vez que mantiene la durabilidad y la lavabilidad que se esperan de la tinta plastisol profesional. El pigmento amarillo lim\u00f3n es muy opaco, proporcionando una excelente cobertura incluso en prendas oscuras con la base adecuada.<\/p>\n<p><img decoding=\"async\" class=\"aligncenter wp-image-4249 size-full\" src=\"https:\/\/shaliteink.com\/wp-content\/uploads\/2025\/04\/Lemon-Yellow-PVC-Free-NB-Screen-Printing-Ink-1.png\" alt=\"Tinta de serigraf\u00eda NB sin PVC de color amarillo lim\u00f3n\" width=\"874\" height=\"971\" srcset=\"https:\/\/shaliteink.com\/wp-content\/uploads\/2025\/04\/Lemon-Yellow-PVC-Free-NB-Screen-Printing-Ink-1.png 874w, https:\/\/shaliteink.com\/wp-content\/uploads\/2025\/04\/Lemon-Yellow-PVC-Free-NB-Screen-Printing-Ink-1-270x300.png 270w, https:\/\/shaliteink.com\/wp-content\/uploads\/2025\/04\/Lemon-Yellow-PVC-Free-NB-Screen-Printing-Ink-1-768x853.png 768w, https:\/\/shaliteink.com\/wp-content\/uploads\/2025\/04\/Lemon-Yellow-PVC-Free-NB-Screen-Printing-Ink-1-11x12.png 11w, https:\/\/shaliteink.com\/wp-content\/uploads\/2025\/04\/Lemon-Yellow-PVC-Free-NB-Screen-Printing-Ink-1-150x167.png 150w\" sizes=\"(max-width: 874px) 100vw, 874px\" \/><\/p>\n<p class=\"ng-star-inserted\"><strong class=\"ng-star-inserted\"><span class=\"ng-star-inserted\">Caracter\u00edsticas y beneficios clave:<\/span><\/strong><\/p>\n<ul class=\"ng-star-inserted\">\n<li class=\"ng-star-inserted\"><span class=\"ng-star-inserted\">Vibrante y opaco: proporciona un color amarillo lim\u00f3n intenso y brillante que se nota en la tela.<\/span><\/li>\n<li><span class=\"ng-star-inserted\">Tecnolog\u00eda sin bloqueo: Nuestra tecnolog\u00eda especializada\u00a0<strong><a href=\"https:\/\/shaliteink.com\/es\/categoria-producto\/tinta-de-serigrafia-nb-sin-pvc\/\">Tinta plastisol NB<\/a><\/strong>\u00a0La f\u00f3rmula evita que se pegue y quede pegajosa en la pila.<\/span><\/li>\n<li><span class=\"ng-star-inserted\">Ecol\u00f3gico: 100% libre de PVC, compatible con los est\u00e1ndares de seguridad globales.<\/span><\/li>\n<li><span class=\"ng-star-inserted\">Valor directo de f\u00e1brica: compre tinta de serigraf\u00eda directamente de la fuente y ahorre dinero.<\/span><\/li>\n<li><span class=\"ng-star-inserted\">Viscosidad f\u00e1cil de usar: Textura cremosa directamente del envase, ideal para prensado manual o autom\u00e1tico.<\/span><\/li>\n<li><span class=\"ng-star-inserted\">Sensaci\u00f3n suave al tacto: proporciona una impresi\u00f3n duradera y suave al tacto, no como una mancha de pl\u00e1stico pesada.<\/span><\/li>\n<\/ul>\n<p class=\"ng-star-inserted\"><strong class=\"ng-star-inserted\"><span class=\"ng-star-inserted\">Especificaciones t\u00e9cnicas y aplicaci\u00f3n<\/span><\/strong><\/p>\n<p>Para garantizar los mejores resultados y la mayor longevidad de sus impresiones, siga los par\u00e1metros de procesamiento recomendados por Shaliteink.<\/p>\n<p><span class=\"ng-star-inserted\">Instrucciones de flasheo:<br \/>\nLa tinta se calienta entre 120 \u00b0C y 140 \u00b0C (248 \u00b0F \u2013 284 \u00b0F). La tinta debe estar seca al tacto antes de la siguiente parada, pero no completamente seca.<br \/>\nInstrucciones de curado:<br \/>\nEl manejo adecuado es esencial para su durabilidad. Esta tinta cura a 160 \u00b0C (320 \u00b0F).<br \/>\n<\/span><\/p>\n<ul>\n<li><span class=\"ng-star-inserted\">Importante: La temperatura de toda la capa de tinta (de arriba a abajo) debe alcanzar los 160\u00b0C para asegurar una uni\u00f3n mec\u00e1nica completa con el tejido.<br class=\"ng-star-inserted\" \/><\/span><\/li>\n<li><span class=\"ng-star-inserted\">Consejo profesional:<\/span><span class=\"ng-star-inserted\"> Utilice una sonda tipo donut para medir la temperatura a nivel del tejido, ya que las pistolas l\u00e1ser solo miden la temperatura de la superficie.<\/span><\/li>\n<\/ul>\n<p><strong class=\"ng-star-inserted\"><span class=\"ng-star-inserted\">Limpieza:<\/span><\/strong><\/p>\n<p>La limpieza es muy sencilla... Puede usar cualquier hidrolimpiadora o removedor de tinta est\u00e1ndar dise\u00f1ado para tinta plastisol. Para prolongar la vida \u00fatil de su red, limpie bien las pantallas.<\/p>\n<p><strong class=\"ng-star-inserted\"><span class=\"ng-star-inserted\">Descargo de responsabilidad:<br \/>\n<\/span><\/strong><span class=\"ng-star-inserted\">Aunque Shaliteink garantiza la calidad de nuestras tintas Plastisol NB, siempre recomendamos realizar una prueba de estiramiento y una prueba de lavado antes de comenzar un trabajo de producci\u00f3n completo. \u00bfSabe qu\u00e9? Extienda la impresi\u00f3n aproximadamente dos tercios de la camiseta; si la impresi\u00f3n est\u00e1 agrietada, no se terminar\u00e1. Aumente el tiempo de residencia o la temperatura seg\u00fan corresponda.<\/span><\/p>\n<p>Haga su pedido hoy y experimente nuestra diferencia Shalite: calidad superior, precios directos de f\u00e1brica y soporte de clase mundial.<\/p>\n<p><img decoding=\"async\" class=\"aligncenter wp-image-4248 size-full\" src=\"https:\/\/shaliteink.com\/wp-content\/uploads\/2025\/04\/Lemon-Yellow-PVC-Free-NB-Screen-Printing-Ink.png\" alt=\"Tinta de serigraf\u00eda NB sin PVC de color amarillo lim\u00f3n\" width=\"759\" height=\"995\" srcset=\"https:\/\/shaliteink.com\/wp-content\/uploads\/2025\/04\/Lemon-Yellow-PVC-Free-NB-Screen-Printing-Ink.png 759w, https:\/\/shaliteink.com\/wp-content\/uploads\/2025\/04\/Lemon-Yellow-PVC-Free-NB-Screen-Printing-Ink-229x300.png 229w, https:\/\/shaliteink.com\/wp-content\/uploads\/2025\/04\/Lemon-Yellow-PVC-Free-NB-Screen-Printing-Ink-9x12.png 9w, https:\/\/shaliteink.com\/wp-content\/uploads\/2025\/04\/Lemon-Yellow-PVC-Free-NB-Screen-Printing-Ink-150x197.png 150w\" sizes=\"(max-width: 759px) 100vw, 759px\" \/><\/p>","protected":false},"excerpt":{"rendered":"<p>Libere el potencial de su prensa de impresi\u00f3n con Shalitein, l\u00edder mundial en soluciones de impresi\u00f3n textil. Con m\u00e1s de 20 a\u00f1os de experiencia en fabricaci\u00f3n y una estrecha colaboraci\u00f3n con marcas de renombre mundial, le ofrecemos calidad directa de f\u00e1brica a precios inmejorables. La tinta de serigraf\u00eda NB Amarillo Lim\u00f3n sin PVC est\u00e1 especialmente dise\u00f1ada para serigraf\u00edas que requieren alta opacidad, colores vibrantes y una formulaci\u00f3n ecol\u00f3gica a un precio accesible.<\/p>","protected":false},"featured_media":1613,"comment_status":"open","ping_status":"closed","template":"","meta":[],"product_brand":[],"product_cat":[43],"product_tag":[],"class_list":{"0":"post-1612","1":"product","2":"type-product","3":"status-publish","4":"has-post-thumbnail","6":"product_cat-pvc-free-nb-screen-printing-ink","8":"first","9":"instock","10":"shipping-taxable","11":"purchasable","12":"product-type-variable"},"tiered_pricing_type":"fixed","tiered_pricing_fixed_rules":[],"tiered_pricing_product_settings":{"layout":"default","base_unit_name":{"singular":null,"plural":null},"default_variation":null},"tiered_pricing_minimum_quantity":null,"tiered_pricing_roles_data":[],"tiered_pricing_percentage_rules":[],"tiered_pricing_maximum_quantity":null,"tiered_pricing_quantity_step":null,"_links":{"self":[{"href":"https:\/\/shaliteink.com\/es\/wp-json\/wp\/v2\/product\/1612","targetHints":{"allow":["GET"]}}],"collection":[{"href":"https:\/\/shaliteink.com\/es\/wp-json\/wp\/v2\/product"}],"about":[{"href":"https:\/\/shaliteink.com\/es\/wp-json\/wp\/v2\/types\/product"}],"replies":[{"embeddable":true,"href":"https:\/\/shaliteink.com\/es\/wp-json\/wp\/v2\/comments?post=1612"}],"version-history":[{"count":0,"href":"https:\/\/shaliteink.com\/es\/wp-json\/wp\/v2\/product\/1612\/revisions"}],"wp:featuredmedia":[{"embeddable":true,"href":"https:\/\/shaliteink.com\/es\/wp-json\/wp\/v2\/media\/1613"}],"wp:attachment":[{"href":"https:\/\/shaliteink.com\/es\/wp-json\/wp\/v2\/media?parent=1612"}],"wp:term":[{"taxonomy":"product_brand","embeddable":true,"href":"https:\/\/shaliteink.com\/es\/wp-json\/wp\/v2\/product_brand?post=1612"},{"taxonomy":"product_cat","embeddable":true,"href":"https:\/\/shaliteink.com\/es\/wp-json\/wp\/v2\/product_cat?post=1612"},{"taxonomy":"product_tag","embeddable":true,"href":"https:\/\/shaliteink.com\/es\/wp-json\/wp\/v2\/product_tag?post=1612"}],"curies":[{"name":"wp","href":"https:\/\/api.w.org\/{rel}","templated":true}]}}