{"id":1608,"date":"2025-04-23T06:13:14","date_gmt":"2025-04-23T06:13:14","guid":{"rendered":"https:\/\/shaliteink.com\/?post_type=product&#038;p=1608"},"modified":"2025-12-10T11:26:53","modified_gmt":"2025-12-10T11:26:53","slug":"tinta-de-serigrafia-nb-blanca-sin-pvc","status":"publish","type":"product","link":"https:\/\/shaliteink.com\/es\/producto\/tinta-de-serigrafia-nb-blanca-sin-pvc\/","title":{"rendered":"Tinta de serigraf\u00eda NB blanca sin PVC"},"content":{"rendered":"<p class=\"ng-star-inserted\"><strong class=\"ng-star-inserted\"><span class=\"ng-star-inserted\">\u00bfPor qu\u00e9 elegir?<\/span><\/strong><strong><span class=\"ng-star-inserted\"><a href=\"https:\/\/shaliteink.com\/es\/\"> Shaliteink<\/a><\/span><\/strong><strong class=\"ng-star-inserted\"><span class=\"ng-star-inserted\">?<\/span><\/strong><\/p>\n<p>Encontrar una tinta blanca que equilibre la opacidad y la imprimibilidad es la clave para cualquier impresor. Hemos resuelto este problema. Al eliminar intermediarios y con precios directos de f\u00e1brica, ofrecemos la mejor tinta de serigraf\u00eda anti-marca. Ya sea con impresoras manuales o m\u00e1quinas autom\u00e1ticas de alta velocidad, esta tinta est\u00e1 dise\u00f1ada para aumentar la velocidad de producci\u00f3n y la calidad de impresi\u00f3n.<\/p>\n<p><img decoding=\"async\" class=\"aligncenter wp-image-4243 size-full\" src=\"https:\/\/shaliteink.com\/wp-content\/uploads\/2025\/04\/White-PVC-Free-NB-Screen-Printing-Ink.png\" alt=\"Tinta de serigraf\u00eda NB blanca sin PVC\" width=\"857\" height=\"821\" srcset=\"https:\/\/shaliteink.com\/wp-content\/uploads\/2025\/04\/White-PVC-Free-NB-Screen-Printing-Ink.png 857w, https:\/\/shaliteink.com\/wp-content\/uploads\/2025\/04\/White-PVC-Free-NB-Screen-Printing-Ink-300x287.png 300w, https:\/\/shaliteink.com\/wp-content\/uploads\/2025\/04\/White-PVC-Free-NB-Screen-Printing-Ink-768x736.png 768w, https:\/\/shaliteink.com\/wp-content\/uploads\/2025\/04\/White-PVC-Free-NB-Screen-Printing-Ink-13x12.png 13w, https:\/\/shaliteink.com\/wp-content\/uploads\/2025\/04\/White-PVC-Free-NB-Screen-Printing-Ink-150x144.png 150w\" sizes=\"(max-width: 857px) 100vw, 857px\" \/><\/p>\n<p class=\"ng-star-inserted\"><strong class=\"ng-star-inserted\"><span class=\"ng-star-inserted\">Caracter\u00edsticas y beneficios clave:<\/span><\/strong><\/p>\n<ul class=\"ng-star-inserted\">\n<li class=\"ng-star-inserted\"><span class=\"ng-star-inserted\">Libre de PVC y ecol\u00f3gico: fabricado teniendo en cuenta las normas de seguridad y medioambientales, proporciona tranquilidad sin sacrificar el rendimiento.<\/span><\/li>\n<li><span class=\"ng-star-inserted\">Alta opacidad: Proporciona una excelente cobertura en prendas oscuras. Homogeneiza eficazmente las fibras para crear un blanco s\u00f3lido y brillante, ya sea base o blanco puro.<\/span><\/li>\n<li><span class=\"ng-star-inserted\">Consistencia cremosa: El cuerpo corto de nuestra tinta Plastisol NB hace que sea f\u00e1cil sacarla e imprimirla directamente del balde... Se cortan r\u00e1pidamente y requieren menos esfuerzo f\u00edsico cuando se presionan con la mano.<\/span><\/li>\n<li><span class=\"ng-star-inserted\">Tecnolog\u00eda sin bloqueo (NB): dise\u00f1ada para evitar que las impresiones se peguen entre s\u00ed (bloqueen) cuando se apilan en caliente, lo que garantiza que su flujo de trabajo se mantenga sin interrupciones.<\/span><\/li>\n<li><span class=\"ng-star-inserted\">Sensaci\u00f3n suave al tacto:<\/span><span class=\"ng-star-inserted\"> A pesar de su alta cobertura, la tinta se adhiere a una superficie lisa que no parece una pesada armadura de pl\u00e1stico en una camisa.<\/span><\/li>\n<\/ul>\n<p class=\"ng-star-inserted\"><strong class=\"ng-star-inserted\"><span class=\"ng-star-inserted\">Instrucciones de aplicaci\u00f3n y curado:<\/span><\/strong><\/p>\n<p>Un manejo adecuado es clave para la durabilidad. A diferencia de las tintas de bajo curado que pueden comprometer la lavabilidad, nuestra f\u00f3rmula es resistente y duradera.<\/p>\n<ul>\n<li><span class=\"ng-star-inserted\">Temperatura de secado: Tinta de secado r\u00e1pido: 120 \u00b0C \u2013 140 \u00b0C (248 \u00b0F \u2013 284 \u00b0F). \u00bfAdivina qu\u00e9? Quieres que la tinta est\u00e9 seca al tacto, pero no completamente fijada antes de aplicar el siguiente color.<br \/>\n<\/span><\/li>\n<li><span class=\"ng-star-inserted\">Temperatura de curado: La tinta debe alcanzar una temperatura de curado completa de 160 \u00b0C (320 \u00b0F).<br \/>\n<\/span><\/li>\n<\/ul>\n<ul>\n<li style=\"list-style-type: none;\">\n<ul class=\"ng-star-inserted\">\n<li class=\"ng-star-inserted\">\n<p class=\"ng-star-inserted\"><span class=\"ng-star-inserted\">Importante:<\/span><span class=\"ng-star-inserted\">\u00a0Esta temperatura debe alcanzarse durante todo el\u00a0<\/span><span class=\"ng-star-inserted\">toda la capa de tinta<\/span><span class=\"ng-star-inserted\">, No solo la superficie. Recomendamos usar una sonda de temperatura tipo donut o tiras de temperatura para verificar la configuraci\u00f3n de la secadora.<\/span><\/p>\n<\/li>\n<\/ul>\n<\/li>\n<\/ul>\n<p class=\"ng-star-inserted\"><strong class=\"ng-star-inserted\"><span class=\"ng-star-inserted\">Pruebas generales y consejos profesionales:<\/span><\/strong><\/p>\n<p>Antes de comenzar cualquier producci\u00f3n grande, recomendamos encarecidamente realizar una prueba de estiramiento y una prueba de lavado. Si la impresi\u00f3n se agrieta al estirarse o se deteriora despu\u00e9s del lavado, es probable que la tinta no haya alcanzado la temperatura deseada de 160 \u00b0C.<\/p>\n<ul>\n<li><span class=\"ng-star-inserted\">Recuento de malla: los mejores resultados se obtienen con , con cuadr\u00edculas entre 110 y 230 seg\u00fan los detalles del dise\u00f1o.<\/span><\/li>\n<li><span class=\"ng-star-inserted\">Limpieza: Use una hidrolavadora est\u00e1ndar o diluyente de tinta. La tinta se elimina f\u00e1cilmente de las pantallas y las almohadillas de goma.<\/span><\/li>\n<\/ul>\n<p class=\"ng-star-inserted\"><strong><span class=\"ng-star-inserted\">Informaci\u00f3n de almacenamiento:<\/span><\/strong><\/p>\n<p>Conserve la tinta Plastisol NB a temperatura ambiente (evite temperaturas superiores a 32 \u00b0C). Mantenga la tapa bien cerrada para conservar su textura cremosa.<\/p>\n<p>\u00bfListo para elevar la calidad de tu negocio? Compra tinta Shaliteink blanca sin PVC. <a href=\"https:\/\/shaliteink.com\/es\/categoria-producto\/tinta-de-serigrafia-nb-sin-pvc\/\"><strong>Tinta plastisol NB<\/strong><\/a> hoy y experimente la diferencia de dos d\u00e9cadas de experiencia en fabricaci\u00f3n.<\/p>\n<p><img decoding=\"async\" class=\"aligncenter wp-image-4257 size-full\" src=\"https:\/\/shaliteink.com\/wp-content\/uploads\/2025\/04\/White-PVC-Free-NB-Screen-Printing-Ink-1.png\" alt=\"Tinta de serigraf\u00eda NB blanca sin PVC\" width=\"839\" height=\"1011\" srcset=\"https:\/\/shaliteink.com\/wp-content\/uploads\/2025\/04\/White-PVC-Free-NB-Screen-Printing-Ink-1.png 839w, https:\/\/shaliteink.com\/wp-content\/uploads\/2025\/04\/White-PVC-Free-NB-Screen-Printing-Ink-1-249x300.png 249w, https:\/\/shaliteink.com\/wp-content\/uploads\/2025\/04\/White-PVC-Free-NB-Screen-Printing-Ink-1-768x925.png 768w, https:\/\/shaliteink.com\/wp-content\/uploads\/2025\/04\/White-PVC-Free-NB-Screen-Printing-Ink-1-10x12.png 10w, https:\/\/shaliteink.com\/wp-content\/uploads\/2025\/04\/White-PVC-Free-NB-Screen-Printing-Ink-1-150x181.png 150w\" sizes=\"(max-width: 839px) 100vw, 839px\" \/><\/p>","protected":false},"excerpt":{"rendered":"<p>Obtenga resultados profesionales con Shalitein, l\u00edder mundial en la industria de la impresi\u00f3n textil... \u00bfSabe qu\u00e9? Con m\u00e1s de 20 a\u00f1os de experiencia en fabricaci\u00f3n y una estrecha colaboraci\u00f3n con marcas de renombre mundial, le ofrecemos calidad premium directamente de f\u00e1brica. La tinta Plastisol NB White sin PVC est\u00e1 especialmente formulada para serigraf\u00edas que requieren alta opacidad, un funcionamiento fluido y una relaci\u00f3n calidad-precio inmejorable.<\/p>","protected":false},"featured_media":1609,"comment_status":"open","ping_status":"closed","template":"","meta":[],"product_brand":[],"product_cat":[43,49],"product_tag":[],"class_list":{"0":"post-1608","1":"product","2":"type-product","3":"status-publish","4":"has-post-thumbnail","6":"product_cat-pvc-free-nb-screen-printing-ink","7":"product_cat-white-screen-printing-ink-plastisol","9":"first","10":"instock","11":"shipping-taxable","12":"purchasable","13":"product-type-variable"},"tiered_pricing_type":"fixed","tiered_pricing_fixed_rules":[],"tiered_pricing_product_settings":{"layout":"default","base_unit_name":{"singular":null,"plural":null},"default_variation":null},"tiered_pricing_minimum_quantity":null,"tiered_pricing_roles_data":[],"tiered_pricing_percentage_rules":[],"tiered_pricing_maximum_quantity":null,"tiered_pricing_quantity_step":null,"_links":{"self":[{"href":"https:\/\/shaliteink.com\/es\/wp-json\/wp\/v2\/product\/1608","targetHints":{"allow":["GET"]}}],"collection":[{"href":"https:\/\/shaliteink.com\/es\/wp-json\/wp\/v2\/product"}],"about":[{"href":"https:\/\/shaliteink.com\/es\/wp-json\/wp\/v2\/types\/product"}],"replies":[{"embeddable":true,"href":"https:\/\/shaliteink.com\/es\/wp-json\/wp\/v2\/comments?post=1608"}],"version-history":[{"count":0,"href":"https:\/\/shaliteink.com\/es\/wp-json\/wp\/v2\/product\/1608\/revisions"}],"wp:featuredmedia":[{"embeddable":true,"href":"https:\/\/shaliteink.com\/es\/wp-json\/wp\/v2\/media\/1609"}],"wp:attachment":[{"href":"https:\/\/shaliteink.com\/es\/wp-json\/wp\/v2\/media?parent=1608"}],"wp:term":[{"taxonomy":"product_brand","embeddable":true,"href":"https:\/\/shaliteink.com\/es\/wp-json\/wp\/v2\/product_brand?post=1608"},{"taxonomy":"product_cat","embeddable":true,"href":"https:\/\/shaliteink.com\/es\/wp-json\/wp\/v2\/product_cat?post=1608"},{"taxonomy":"product_tag","embeddable":true,"href":"https:\/\/shaliteink.com\/es\/wp-json\/wp\/v2\/product_tag?post=1608"}],"curies":[{"name":"wp","href":"https:\/\/api.w.org\/{rel}","templated":true}]}}