{"id":1573,"date":"2025-04-22T08:08:20","date_gmt":"2025-04-22T08:08:20","guid":{"rendered":"https:\/\/shaliteink.com\/?post_type=product&#038;p=1573"},"modified":"2025-12-10T11:31:37","modified_gmt":"2025-12-10T11:31:37","slug":"compre-tinta-plastisol-nb-amarillo-dorado-shaliteink-para-vibran","status":"publish","type":"product","link":"https:\/\/shaliteink.com\/es\/producto\/compre-tinta-plastisol-nb-amarillo-dorado-shaliteink-para-vibran\/","title":{"rendered":"Tinta de serigraf\u00eda NB sin PVC de color amarillo dorado"},"content":{"rendered":"<p class=\"ng-star-inserted\"><strong class=\"ng-star-inserted\"><span class=\"ng-star-inserted\">Caracter\u00edsticas y beneficios clave:<\/span><\/strong><\/p>\n<ul class=\"ng-star-inserted\">\n<li class=\"ng-star-inserted\">Calidad directa de f\u00e1brica: Fue formulado por <strong><a href=\"https:\/\/shaliteink.com\/es\/\">Shaliteink<\/a><\/strong> expertos, que tienen dos d\u00e9cadas, d\u00e9cadas de experiencia en este campo.<\/li>\n<li><span class=\"ng-star-inserted\">F\u00f3rmula ecol\u00f3gica: la tinta de serigraf\u00eda 100% no contiene PVC para un \u00e1rea de trabajo m\u00e1s segura y una mejor protecci\u00f3n del medio ambiente.<\/span><\/li>\n<li><span class=\"ng-star-inserted\">Sin bloqueo (NB): nuestra tecnolog\u00eda especial de tinta Plastisol NB evita que se pegue, por lo que sus impresiones ser\u00e1n suaves y profesionales.<\/span><\/li>\n<li><span class=\"ng-star-inserted\">Alta opacidad:<\/span><span class=\"ng-star-inserted\"> Proporciona una cobertura de oro amarillo vibrante con menos resistencia.<\/span><\/li>\n<li><span class=\"ng-star-inserted\">Consistencia cremosa:Listo para usar directamente del envase; f\u00e1cil de cambiar en la pantalla.<\/span><\/li>\n<li><span class=\"ng-star-inserted\">Curado duradero: dise\u00f1ado para soportar un lavado riguroso CUANDO se trata a la temperatura correcta.<\/span><\/li>\n<\/ul>\n<p><img decoding=\"async\" class=\"wp-image-4239 size-full aligncenter\" src=\"https:\/\/shaliteink.com\/wp-content\/uploads\/2025\/04\/Golden-Yellow-PVC-Free-NB-Screen-Printing-Ink.png\" alt=\"Tinta de serigraf\u00eda NB sin PVC de color amarillo dorado\" width=\"973\" height=\"864\" srcset=\"https:\/\/shaliteink.com\/wp-content\/uploads\/2025\/04\/Golden-Yellow-PVC-Free-NB-Screen-Printing-Ink.png 973w, https:\/\/shaliteink.com\/wp-content\/uploads\/2025\/04\/Golden-Yellow-PVC-Free-NB-Screen-Printing-Ink-300x266.png 300w, https:\/\/shaliteink.com\/wp-content\/uploads\/2025\/04\/Golden-Yellow-PVC-Free-NB-Screen-Printing-Ink-768x682.png 768w, https:\/\/shaliteink.com\/wp-content\/uploads\/2025\/04\/Golden-Yellow-PVC-Free-NB-Screen-Printing-Ink-14x12.png 14w, https:\/\/shaliteink.com\/wp-content\/uploads\/2025\/04\/Golden-Yellow-PVC-Free-NB-Screen-Printing-Ink-150x133.png 150w\" sizes=\"(max-width: 973px) 100vw, 973px\" \/><\/p>\n<p class=\"ng-star-inserted\"><strong class=\"ng-star-inserted\"><span class=\"ng-star-inserted\">Pautas de curado y tapajuntas:<\/span><\/strong><\/p>\n<p>Para garantizar una larga vida \u00fatil de la impresi\u00f3n y una mezcla adecuada con la tela, es esencial seguir las pautas de temperatura espec\u00edficas para esto. <strong><a href=\"https:\/\/shaliteink.com\/es\/categoria-producto\/tinta-de-serigrafia-nb-sin-pvc\/\">Tinta plastisol NB<\/a><\/strong>. A diferencia de las tintas de bajo curado, esta f\u00f3rmula requiere un calor de fraguado normal para lograr m\u00e1xima durabilidad y lavabilidad.<\/p>\n<ul class=\"ng-star-inserted\">\n<li class=\"ng-star-inserted\">\n<p class=\"ng-star-inserted\"><span class=\"ng-star-inserted\">Temperatura de flash:<\/span><span class=\"ng-star-inserted\"> 120-140 \u00b0C (248-284 \u00b0F). Dejar secar durante 3-5 segundos o hasta que la superficie se sienta seca al tacto.<\/span><\/p>\n<\/li>\n<li class=\"ng-star-inserted\">\n<p class=\"ng-star-inserted\"><span class=\"ng-star-inserted\">Temperatura de curado:<\/span>160\u00b0C (320\u00b0F).<\/p>\n<\/li>\n<li class=\"ng-star-inserted\">Importante: La temperatura de la capa de tinta debe alcanzar los 160 \u00b0C en todo su espesor, no solo en la superficie. Para una prueba precisa, recomendamos una sonda de d\u00f3nut, especialmente para dep\u00f3sitos de tinta m\u00e1s gruesos.<\/li>\n<\/ul>\n<p class=\"ng-star-inserted\"><strong class=\"ng-star-inserted\"><span class=\"ng-star-inserted\">Consejos de impresi\u00f3n:<\/span><\/strong><\/p>\n<ul>\n<li style=\"list-style-type: none;\">\n<ul class=\"ng-star-inserted\">\n<li class=\"ng-star-inserted\"><span class=\"ng-star-inserted\">Recuento de malla: para tinta plastisol NB con alto contenido de s\u00f3lidos, recomendamos utilizar n\u00fameros de malla, n\u00fameros entre 110 y 160 para obtener EL mejor equilibrio entre opacidad y detalle.<\/span><\/li>\n<li><span class=\"ng-star-inserted\">Base: Para obtener el color dorado m\u00e1s vibrante en ropa negra u oscura, imprima primero una base blanca y luego el color DORADO encima.<\/span><\/li>\n<li><span class=\"ng-star-inserted\">Pruebas: Realice siempre pruebas de estiramiento y de lavado antes de la producci\u00f3n completa. Y, por supuesto, si la impresi\u00f3n se agrieta considerablemente al estirarse o se decolora despu\u00e9s de 1 a 3 lavados, es probable que la tinta no tenga un buen acabado. Aumente el tiempo de secado o la temperatura para alcanzar los 160 \u00b0C.<\/span><\/li>\n<\/ul>\n<\/li>\n<\/ul>\n<p class=\"ng-star-inserted\"><strong class=\"ng-star-inserted\"><span class=\"ng-star-inserted\">Limpieza y almacenamiento:<\/span><\/strong><\/p>\n<ul>\n<li style=\"list-style-type: none;\">\n<ul>\n<li style=\"list-style-type: none;\">\n<ul class=\"ng-star-inserted\">\n<li class=\"ng-star-inserted\"><span class=\"ng-star-inserted\">Limpiar:<\/span><span class=\"ng-star-inserted\"> Utilice un disolvente de tinta de serigraf\u00eda est\u00e1ndar o un lavado a presi\u00f3n para limpiar las pantallas y las almohadillas.<\/span><\/li>\n<li><span class=\"ng-star-inserted\">Almacenamiento: Almacene los productos Shalitink en un lugar fresco y seco ENTRE 18\u00b0C \u200b\u200by 32\u00b0C (65\u00b0F \u2013 90\u00b0F)\u2026 Mant\u00e9ngalo alejado de la luz solar directa para evitar una cristalizaci\u00f3n prematura.<\/span><\/li>\n<\/ul>\n<\/li>\n<\/ul>\n<\/li>\n<\/ul>\n<p><img decoding=\"async\" class=\"aligncenter wp-image-4240 size-full\" src=\"https:\/\/shaliteink.com\/wp-content\/uploads\/2025\/04\/Golden-Yellow-PVC-Free-NB-Screen-Printing-Ink-1.png\" alt=\"Tinta de serigraf\u00eda NB sin PVC de color amarillo dorado\" width=\"822\" height=\"966\" srcset=\"https:\/\/shaliteink.com\/wp-content\/uploads\/2025\/04\/Golden-Yellow-PVC-Free-NB-Screen-Printing-Ink-1.png 822w, https:\/\/shaliteink.com\/wp-content\/uploads\/2025\/04\/Golden-Yellow-PVC-Free-NB-Screen-Printing-Ink-1-255x300.png 255w, https:\/\/shaliteink.com\/wp-content\/uploads\/2025\/04\/Golden-Yellow-PVC-Free-NB-Screen-Printing-Ink-1-768x903.png 768w, https:\/\/shaliteink.com\/wp-content\/uploads\/2025\/04\/Golden-Yellow-PVC-Free-NB-Screen-Printing-Ink-1-10x12.png 10w, https:\/\/shaliteink.com\/wp-content\/uploads\/2025\/04\/Golden-Yellow-PVC-Free-NB-Screen-Printing-Ink-1-150x176.png 150w\" sizes=\"(max-width: 822px) 100vw, 822px\" \/><\/p>","protected":false},"excerpt":{"rendered":"<p>Consiga resultados profesionales vibrantes con Shaliteink Golden, Golden Yellow, una excelente opci\u00f3n para serigrafistas que exigen calidad y consistencia. Como l\u00edder mundial con m\u00e1s de 20 a\u00f1os de experiencia en fabricaci\u00f3n, Shaliteink ofrece precios directos de f\u00e1brica sin sacrificar el rendimiento. Trabajamos en estrecha colaboraci\u00f3n con marcas de renombre mundial para desarrollar soluciones \u00fanicas de tinta para serigraf\u00eda, y este color amarillo dorado no es la excepci\u00f3n.<br \/>\nDise\u00f1ada para ofrecer versatilidad y facilidad de uso, esta tinta es Plastisol NB (no bloqueante) de alto rendimiento. A diferencia de las tintas convencionales, que pueden resultar pegajosas o dif\u00edciles de manipular, la f\u00f3rmula de la tinta Plastisol NB proporciona una superficie lisa que es f\u00e1cil de apilar y rellenar una vez fraguada. Adem\u00e1s, esta tinta no contiene PVC, lo que la convierte en una excelente opci\u00f3n para tiendas ecol\u00f3gicas que buscan reducir su impacto ambiental, manteniendo la durabilidad y la lavabilidad que se esperan de un plastisol de alta calidad.<br \/>\nTanto si utiliza una impresora manual como una autom\u00e1tica, la textura cremosa y de baja densidad de la tinta Plastisol NB permite un escaneo suave a trav\u00e9s de la cuadr\u00edcula. Ofrece alta opacidad y crea tonos dorados vibrantes e intensos incluso en telas muy oscuras.<\/p>","protected":false},"featured_media":1574,"comment_status":"open","ping_status":"closed","template":"","meta":[],"product_brand":[],"product_cat":[43],"product_tag":[],"class_list":{"0":"post-1573","1":"product","2":"type-product","3":"status-publish","4":"has-post-thumbnail","6":"product_cat-pvc-free-nb-screen-printing-ink","8":"first","9":"instock","10":"shipping-taxable","11":"purchasable","12":"product-type-variable"},"tiered_pricing_type":"fixed","tiered_pricing_fixed_rules":[],"tiered_pricing_product_settings":{"layout":"default","base_unit_name":{"singular":null,"plural":null},"default_variation":null},"tiered_pricing_minimum_quantity":null,"tiered_pricing_roles_data":[],"tiered_pricing_percentage_rules":[],"tiered_pricing_maximum_quantity":null,"tiered_pricing_quantity_step":null,"_links":{"self":[{"href":"https:\/\/shaliteink.com\/es\/wp-json\/wp\/v2\/product\/1573","targetHints":{"allow":["GET"]}}],"collection":[{"href":"https:\/\/shaliteink.com\/es\/wp-json\/wp\/v2\/product"}],"about":[{"href":"https:\/\/shaliteink.com\/es\/wp-json\/wp\/v2\/types\/product"}],"replies":[{"embeddable":true,"href":"https:\/\/shaliteink.com\/es\/wp-json\/wp\/v2\/comments?post=1573"}],"version-history":[{"count":0,"href":"https:\/\/shaliteink.com\/es\/wp-json\/wp\/v2\/product\/1573\/revisions"}],"wp:featuredmedia":[{"embeddable":true,"href":"https:\/\/shaliteink.com\/es\/wp-json\/wp\/v2\/media\/1574"}],"wp:attachment":[{"href":"https:\/\/shaliteink.com\/es\/wp-json\/wp\/v2\/media?parent=1573"}],"wp:term":[{"taxonomy":"product_brand","embeddable":true,"href":"https:\/\/shaliteink.com\/es\/wp-json\/wp\/v2\/product_brand?post=1573"},{"taxonomy":"product_cat","embeddable":true,"href":"https:\/\/shaliteink.com\/es\/wp-json\/wp\/v2\/product_cat?post=1573"},{"taxonomy":"product_tag","embeddable":true,"href":"https:\/\/shaliteink.com\/es\/wp-json\/wp\/v2\/product_tag?post=1573"}],"curies":[{"name":"wp","href":"https:\/\/api.w.org\/{rel}","templated":true}]}}