{"id":1569,"date":"2025-04-22T08:07:07","date_gmt":"2025-04-22T08:07:07","guid":{"rendered":"https:\/\/shaliteink.com\/?post_type=product&#038;p=1569"},"modified":"2025-12-10T11:31:04","modified_gmt":"2025-12-10T11:31:04","slug":"compre-tinta-plastisol-nb-premium-extra-verde-sin-pvc-en-shaliteink","status":"publish","type":"product","link":"https:\/\/shaliteink.com\/es\/producto\/compre-tinta-plastisol-nb-premium-extra-verde-sin-pvc-en-shaliteink\/","title":{"rendered":"Tinta de serigraf\u00eda NB extra verde sin PVC"},"content":{"rendered":"<p class=\"ng-star-inserted\"><strong class=\"ng-star-inserted\"><span class=\"ng-star-inserted\">CARACTER\u00cdSTICAS Y BENEFICIOS CLAVE:<\/span><\/strong><\/p>\n<ul class=\"ng-star-inserted\">\n<li class=\"ng-star-inserted\"><span class=\"ng-star-inserted\">Calidad directa de f\u00e1brica: el mejor retorno de la inversi\u00f3n con tinta premium directamente de nuestra <strong><a href=\"https:\/\/shaliteink.com\/es\/\">Shaliteink<\/a><\/strong> planta de fabricaci\u00f3n.<\/span><\/li>\n<li><span class=\"ng-star-inserted\">F\u00f3rmula sin bloqueo (NB): nuestra exclusiva tinta Plastisol NB evita que las impresiones se peguen entre s\u00ed (bloqueen) cuando se apilan en caliente, lo que reduce las roturas.<\/span><\/li>\n<li><span class=\"ng-star-inserted\">Ecol\u00f3gico y libre de PVC: est\u00e1 dise\u00f1ado para ser \u201cultra ecol\u00f3gico\u201d, ofreciendo una alternativa m\u00e1s segura para su negocio y el medio ambiente\u2026<\/span><\/li>\n<li><span class=\"ng-star-inserted\">Alta opacidad: crea impresiones claras y s\u00f3lidas que se ven en telas oscuras\u2026<\/span><\/li>\n<li><span class=\"ng-star-inserted\">Sensaci\u00f3n suave al tacto: a pesar de su alta cobertura, la tinta produce una superficie suave y duradera.<\/span><\/li>\n<li><span class=\"ng-star-inserted\">F\u00e1cil de usar: la textura cremosa fluye f\u00e1cilmente a trav\u00e9s de las pantallas superiores de malla.<\/span><\/li>\n<\/ul>\n<p><img decoding=\"async\" class=\"aligncenter wp-image-4235 size-large\" src=\"https:\/\/shaliteink.com\/wp-content\/uploads\/2025\/04\/Extra-Green-PVC-Free-NB-Screen-Printing-Ink-756x1024.png\" alt=\"Tinta de serigraf\u00eda NB extra verde sin PVC\" width=\"756\" height=\"1024\" srcset=\"https:\/\/shaliteink.com\/wp-content\/uploads\/2025\/04\/Extra-Green-PVC-Free-NB-Screen-Printing-Ink-756x1024.png 756w, https:\/\/shaliteink.com\/wp-content\/uploads\/2025\/04\/Extra-Green-PVC-Free-NB-Screen-Printing-Ink-222x300.png 222w, https:\/\/shaliteink.com\/wp-content\/uploads\/2025\/04\/Extra-Green-PVC-Free-NB-Screen-Printing-Ink-768x1040.png 768w, https:\/\/shaliteink.com\/wp-content\/uploads\/2025\/04\/Extra-Green-PVC-Free-NB-Screen-Printing-Ink-9x12.png 9w, https:\/\/shaliteink.com\/wp-content\/uploads\/2025\/04\/Extra-Green-PVC-Free-NB-Screen-Printing-Ink-150x203.png 150w, https:\/\/shaliteink.com\/wp-content\/uploads\/2025\/04\/Extra-Green-PVC-Free-NB-Screen-Printing-Ink.png 936w\" sizes=\"(max-width: 756px) 100vw, 756px\" \/><\/p>\n<p class=\"ng-star-inserted\"><strong class=\"ng-star-inserted\"><span class=\"ng-star-inserted\">DATOS T\u00c9CNICOS E INSTRUCCIONES DE CURADO:<\/span><\/strong><\/p>\n<p>Un manejo adecuado es esencial para la durabilidad. \u00bfSabes qu\u00e9? A diferencia de las tintas de bajo curado que pueden sacrificar la estabilidad, Shaliteink est\u00e1 dise\u00f1ada para una adhesi\u00f3n resistente y duradera a temperaturas est\u00e1ndar de la industria.<\/p>\n<ul>\n<li><span class=\"ng-star-inserted\">Temperatura de secado: Seque la tinta a una temperatura de 120 \u00b0C a 140 \u00b0C (248 \u00b0F a 284 \u00b0F). Aseg\u00farese de que la superficie no est\u00e9 pegajosa antes de aplicar el siguiente color.<br \/>\n<\/span><\/li>\n<li><span class=\"ng-star-inserted\">Temperatura de curado: La temperatura de la tinta debe alcanzar 160 \u00b0C (320 \u00b0F) en toda la capa de tinta para un curado completo.<br \/>\n<\/span><\/li>\n<li><span class=\"ng-star-inserted\">Pruebas: Recomendamos encarecidamente realizar una prueba de lavado (5-10 ciclos) y una prueba de estiramiento antes de la producci\u00f3n completa... Por ejemplo, si la impresi\u00f3n se agrieta notablemente cuando se expande, significa que la tinta no ha alcanzado la temperatura requerida de 160 \u00b0C.<\/span><\/li>\n<\/ul>\n<p class=\"ng-star-inserted\"><strong class=\"ng-star-inserted\"><span class=\"ng-star-inserted\">CONSEJOS DE IMPRESI\u00d3N:<\/span><\/strong><\/p>\n<p>Para obtener mejores resultados con , con <strong><a href=\"https:\/\/shaliteink.com\/es\/categoria-producto\/tinta-de-serigrafia-nb-sin-pvc\/\">Tinta de impresi\u00f3n NB<\/a><\/strong>, Recomendamos imprimir en algod\u00f3n tipo fifty% o una mezcla de alta calidad. Para prendas oscuras, el uso de un subtono blanco realza los matices.<\/p>\n<p class=\"ng-star-inserted\"><strong class=\"ng-star-inserted\"><span class=\"ng-star-inserted\">LIMPIEZA Y ALMACENAMIENTO:<\/span><\/strong><\/p>\n<ul class=\"ng-star-inserted\">\n<li class=\"ng-star-inserted\">Limpieza: Utilice una hidrolavadora est\u00e1ndar o un removedor de tinta para limpiar, limpiar las pantallas y las almohadillas de goma.<\/li>\n<li>Almacenamiento: Guarde los productos Shalitink en un lugar fresco y seco, protegidos de la luz solar directa. Y, por supuesto, mantenga los envases cerrados cuando no los use para conservar la viscosidad cremosa de la tinta.<br \/>\n<img decoding=\"async\" class=\"aligncenter wp-image-4236 size-full\" src=\"https:\/\/shaliteink.com\/wp-content\/uploads\/2025\/04\/Extra-Green-PVC-Free-NB-Screen-Printing-Ink-1.png\" alt=\"Tinta de serigraf\u00eda NB extra verde sin PVC\" width=\"720\" height=\"932\" srcset=\"https:\/\/shaliteink.com\/wp-content\/uploads\/2025\/04\/Extra-Green-PVC-Free-NB-Screen-Printing-Ink-1.png 720w, https:\/\/shaliteink.com\/wp-content\/uploads\/2025\/04\/Extra-Green-PVC-Free-NB-Screen-Printing-Ink-1-232x300.png 232w, https:\/\/shaliteink.com\/wp-content\/uploads\/2025\/04\/Extra-Green-PVC-Free-NB-Screen-Printing-Ink-1-9x12.png 9w, https:\/\/shaliteink.com\/wp-content\/uploads\/2025\/04\/Extra-Green-PVC-Free-NB-Screen-Printing-Ink-1-150x194.png 150w\" sizes=\"(max-width: 720px) 100vw, 720px\" \/><\/li>\n<\/ul>","protected":false},"excerpt":{"rendered":"<p>Bienvenido a Shaliteink, el fabricante de tinta l\u00edder a nivel mundial con m\u00e1s de 20 a\u00f1os de experiencia. Hemos seleccionado al intermediario para ofrecer tinta de serigraf\u00eda premium a precios directos de f\u00e1brica. Nuestros productos m\u00e1s recientes, encargados por marcas de renombre mundial, est\u00e1n dise\u00f1ados para impresores profesionales que buscan soluciones ecol\u00f3gicas sin sacrificar la calidad.<br \/>\nLa tinta serigr\u00e1fica NB extra verde, sin PVC, es una innovaci\u00f3n para tiendas de gran volumen y creativos independientes. Si busca una tinta fiable que solucione los problemas de adhesi\u00f3n m\u00e1s comunes, esta tinta Plastisol NB (antiadherente) es la mejor opci\u00f3n. A diferencia de las tintas tradicionales, que permanecen pegajosas, nuestra tecnolog\u00eda antiadherente proporciona una superficie lisa y seca, lo que facilita la aplicaci\u00f3n de capas de prendas despu\u00e9s del enfriamiento.<br \/>\nEntendemos la importancia de la opacidad. Esta tinta de serigraf\u00eda proporciona colores vibrantes e intensos que ofrecen una excelente cobertura incluso en prendas oscuras de algod\u00f3n o poli\u00e9ster. Ya sea que utilice una prensa manual o una m\u00e1quina autom\u00e1tica, la tinta Shaliteink para m\u00e1quina proporciona una textura cremosa y f\u00e1cil de trabajar, lo que reduce la fatiga durante largas tiradas de producci\u00f3n.<\/p>","protected":false},"featured_media":1894,"comment_status":"open","ping_status":"closed","template":"","meta":[],"product_brand":[],"product_cat":[43],"product_tag":[],"class_list":{"0":"post-1569","1":"product","2":"type-product","3":"status-publish","4":"has-post-thumbnail","6":"product_cat-pvc-free-nb-screen-printing-ink","8":"first","9":"instock","10":"shipping-taxable","11":"purchasable","12":"product-type-variable"},"tiered_pricing_type":"fixed","tiered_pricing_fixed_rules":[],"tiered_pricing_product_settings":{"layout":"default","base_unit_name":{"singular":null,"plural":null},"default_variation":null},"tiered_pricing_minimum_quantity":null,"tiered_pricing_roles_data":[],"tiered_pricing_percentage_rules":[],"tiered_pricing_maximum_quantity":null,"tiered_pricing_quantity_step":null,"_links":{"self":[{"href":"https:\/\/shaliteink.com\/es\/wp-json\/wp\/v2\/product\/1569","targetHints":{"allow":["GET"]}}],"collection":[{"href":"https:\/\/shaliteink.com\/es\/wp-json\/wp\/v2\/product"}],"about":[{"href":"https:\/\/shaliteink.com\/es\/wp-json\/wp\/v2\/types\/product"}],"replies":[{"embeddable":true,"href":"https:\/\/shaliteink.com\/es\/wp-json\/wp\/v2\/comments?post=1569"}],"version-history":[{"count":0,"href":"https:\/\/shaliteink.com\/es\/wp-json\/wp\/v2\/product\/1569\/revisions"}],"wp:featuredmedia":[{"embeddable":true,"href":"https:\/\/shaliteink.com\/es\/wp-json\/wp\/v2\/media\/1894"}],"wp:attachment":[{"href":"https:\/\/shaliteink.com\/es\/wp-json\/wp\/v2\/media?parent=1569"}],"wp:term":[{"taxonomy":"product_brand","embeddable":true,"href":"https:\/\/shaliteink.com\/es\/wp-json\/wp\/v2\/product_brand?post=1569"},{"taxonomy":"product_cat","embeddable":true,"href":"https:\/\/shaliteink.com\/es\/wp-json\/wp\/v2\/product_cat?post=1569"},{"taxonomy":"product_tag","embeddable":true,"href":"https:\/\/shaliteink.com\/es\/wp-json\/wp\/v2\/product_tag?post=1569"}],"curies":[{"name":"wp","href":"https:\/\/api.w.org\/{rel}","templated":true}]}}